{"id":8611,"date":"2026-03-10T16:13:16","date_gmt":"2026-03-10T15:13:16","guid":{"rendered":"https:\/\/urbanproof.nl\/product\/urban-proof-knox-bande-reflechissante-pour-gifles-lot-de-2\/"},"modified":"2026-03-10T16:13:16","modified_gmt":"2026-03-10T15:13:16","slug":"urban-proof-knox-bande-reflechissante-pour-gifles-lot-de-2","status":"publish","type":"product","link":"https:\/\/urbanproof.nl\/fr\/product\/urban-proof-knox-bande-reflechissante-pour-gifles-lot-de-2\/","title":{"rendered":"URBAN PROOF KNOX Bande r\u00e9fl\u00e9chissante pour gifles &#8211; Lot de 2"},"content":{"rendered":"<p>Soyez vu. Faites-vous remarquer et faites-le avec style.<br \/>\nLes bracelets KNOX sont votre outil de visibilit\u00e9 par excellence lors de vos d\u00e9placements. Fabriqu\u00e9es dans un mat\u00e9riau enti\u00e8rement r\u00e9fl\u00e9chissant avec une finition mate \u00e9l\u00e9gante, elles vous permettent de toujours vous d\u00e9marquer. Parfaites pour le V\u00e9lo, la course \u00e0 pied ou la randonn\u00e9e. Et le plus beau, c&rsquo;est que vous pouvez les plier autour de votre bras ou de votre jambe. Vous pouvez les plier autour de votre bras ou de votre jambe en un instant.<br \/>\nDu polyester recycl\u00e9 (RPET) aux coutures soud\u00e9es imperm\u00e9ables, chaque d\u00e9tail compte.<br \/>\nAvec les gants de protection URBAN PROOF, vous serez pr\u00eat pour n&rsquo;importe quelle sortie nocturne.     <\/p>\n","protected":false},"excerpt":{"rendered":"<p>&#8211; Fabriqu\u00e9 en mat\u00e9riau enti\u00e8rement r\u00e9fl\u00e9chissant avec finition mate<br \/>\n&#8211; Coutures soud\u00e9es imperm\u00e9ables<br \/>\n&#8211; Fabriqu\u00e9 en polyester recycl\u00e9 (RPET)<br \/>\n&#8211; Convient aux bras et aux jambes<br \/>\n&#8211; Facile \u00e0 mettre et \u00e0 enlever<\/p>\n","protected":false},"featured_media":8655,"template":"","meta":[],"product_brand":[],"product_cat":[401],"product_tag":[864,681],"class_list":{"0":"post-8611","1":"product","2":"type-product","3":"status-publish","4":"has-post-thumbnail","6":"product_cat-accessoires-pour-velos","7":"product_tag-la-collection-de-gifles-knox","8":"product_tag-nouveau","9":"pa_afmetinglbh-34cm-x-3cm","10":"pa_collectie-collection-knox","11":"pa_gewicht-60-g","12":"pa_kleur-noir","13":"pa_materiaal-polyester-recycle-rpet","14":"pa_reflectie-oui","15":"pa_type-product-enveloppe-de-la-gifle","16":"pa_waterbestendig-oui","18":"first","19":"instock","20":"taxable","21":"shipping-taxable","22":"purchasable","23":"product-type-simple"},"yoast_head":"<!-- This site is optimized with the Yoast SEO plugin v27.1.1 - https:\/\/yoast.com\/product\/yoast-seo-wordpress\/ -->\n<title>URBAN PROOF KNOX Bande r\u00e9fl\u00e9chissante pour gifles - Lot de 2 - Urban Proof<\/title>\n<meta name=\"robots\" content=\"index, follow, max-snippet:-1, max-image-preview:large, max-video-preview:-1\" \/>\n<link rel=\"canonical\" href=\"https:\/\/urbanproof.nl\/fr\/product\/urban-proof-knox-bande-reflechissante-pour-gifles-lot-de-2\/\" \/>\n<meta property=\"og:locale\" content=\"fr_FR\" \/>\n<meta property=\"og:type\" content=\"article\" \/>\n<meta property=\"og:title\" content=\"URBAN PROOF KNOX Bande r\u00e9fl\u00e9chissante pour gifles - Lot de 2 - Urban Proof\" \/>\n<meta property=\"og:description\" content=\"- Fabriqu\u00e9 en mat\u00e9riau enti\u00e8rement r\u00e9fl\u00e9chissant avec finition mate - Coutures soud\u00e9es imperm\u00e9ables - Fabriqu\u00e9 en polyester recycl\u00e9 (RPET) - Convient aux bras et aux jambes - Facile \u00e0 mettre et \u00e0 enlever\" \/>\n<meta property=\"og:url\" content=\"https:\/\/urbanproof.nl\/fr\/product\/urban-proof-knox-bande-reflechissante-pour-gifles-lot-de-2\/\" \/>\n<meta property=\"og:site_name\" content=\"Urban Proof\" \/>\n<meta property=\"og:image\" content=\"https:\/\/urbanproof.nl\/wp-content\/uploads\/2026\/03\/400794UP_1.jpg\" \/>\n\t<meta property=\"og:image:width\" content=\"2047\" \/>\n\t<meta property=\"og:image:height\" content=\"2047\" \/>\n\t<meta property=\"og:image:type\" content=\"image\/jpeg\" \/>\n<meta name=\"twitter:card\" content=\"summary_large_image\" \/>\n<meta name=\"twitter:label1\" content=\"Dur\u00e9e de lecture estim\u00e9e\" \/>\n\t<meta name=\"twitter:data1\" content=\"1 minute\" \/>\n<script type=\"application\/ld+json\" class=\"yoast-schema-graph\">{\"@context\":\"https:\/\/schema.org\",\"@graph\":[{\"@type\":\"WebPage\",\"@id\":\"https:\/\/urbanproof.nl\/fr\/product\/urban-proof-knox-bande-reflechissante-pour-gifles-lot-de-2\/\",\"url\":\"https:\/\/urbanproof.nl\/fr\/product\/urban-proof-knox-bande-reflechissante-pour-gifles-lot-de-2\/\",\"name\":\"URBAN PROOF KNOX Bande r\u00e9fl\u00e9chissante pour gifles - Lot de 2 - Urban Proof\",\"isPartOf\":{\"@id\":\"https:\/\/urbanproof.nl\/fr\/#website\"},\"primaryImageOfPage\":{\"@id\":\"https:\/\/urbanproof.nl\/fr\/product\/urban-proof-knox-bande-reflechissante-pour-gifles-lot-de-2\/#primaryimage\"},\"image\":{\"@id\":\"https:\/\/urbanproof.nl\/fr\/product\/urban-proof-knox-bande-reflechissante-pour-gifles-lot-de-2\/#primaryimage\"},\"thumbnailUrl\":\"https:\/\/urbanproof.nl\/wp-content\/uploads\/2026\/03\/400794UP_1.jpg\",\"datePublished\":\"2026-03-10T15:13:16+00:00\",\"breadcrumb\":{\"@id\":\"https:\/\/urbanproof.nl\/fr\/product\/urban-proof-knox-bande-reflechissante-pour-gifles-lot-de-2\/#breadcrumb\"},\"inLanguage\":\"fr-FR\",\"potentialAction\":[{\"@type\":\"ReadAction\",\"target\":[\"https:\/\/urbanproof.nl\/fr\/product\/urban-proof-knox-bande-reflechissante-pour-gifles-lot-de-2\/\"]}]},{\"@type\":\"ImageObject\",\"inLanguage\":\"fr-FR\",\"@id\":\"https:\/\/urbanproof.nl\/fr\/product\/urban-proof-knox-bande-reflechissante-pour-gifles-lot-de-2\/#primaryimage\",\"url\":\"https:\/\/urbanproof.nl\/wp-content\/uploads\/2026\/03\/400794UP_1.jpg\",\"contentUrl\":\"https:\/\/urbanproof.nl\/wp-content\/uploads\/2026\/03\/400794UP_1.jpg\",\"width\":2047,\"height\":2047},{\"@type\":\"BreadcrumbList\",\"@id\":\"https:\/\/urbanproof.nl\/fr\/product\/urban-proof-knox-bande-reflechissante-pour-gifles-lot-de-2\/#breadcrumb\",\"itemListElement\":[{\"@type\":\"ListItem\",\"position\":1,\"name\":\"Accueil\",\"item\":\"https:\/\/urbanproof.nl\/fr\/\"},{\"@type\":\"ListItem\",\"position\":2,\"name\":\"Collection\",\"item\":\"https:\/\/urbanproof.nl\/assortiment\/\"},{\"@type\":\"ListItem\",\"position\":3,\"name\":\"URBAN PROOF KNOX Bande r\u00e9fl\u00e9chissante pour gifles &#8211; Lot de 2\"}]},{\"@type\":\"WebSite\",\"@id\":\"https:\/\/urbanproof.nl\/fr\/#website\",\"url\":\"https:\/\/urbanproof.nl\/fr\/\",\"name\":\"Urban Proof\",\"description\":\"La durabilit\u00e9 en mouvement\",\"publisher\":{\"@id\":\"https:\/\/urbanproof.nl\/fr\/#organization\"},\"potentialAction\":[{\"@type\":\"SearchAction\",\"target\":{\"@type\":\"EntryPoint\",\"urlTemplate\":\"https:\/\/urbanproof.nl\/fr\/?s={search_term_string}\"},\"query-input\":{\"@type\":\"PropertyValueSpecification\",\"valueRequired\":true,\"valueName\":\"search_term_string\"}}],\"inLanguage\":\"fr-FR\"},{\"@type\":\"Organization\",\"@id\":\"https:\/\/urbanproof.nl\/fr\/#organization\",\"name\":\"Urban Proof\",\"url\":\"https:\/\/urbanproof.nl\/fr\/\",\"logo\":{\"@type\":\"ImageObject\",\"inLanguage\":\"fr-FR\",\"@id\":\"https:\/\/urbanproof.nl\/fr\/#\/schema\/logo\/image\/\",\"url\":\"https:\/\/urbanproof.nl\/wp-content\/uploads\/2025\/04\/UBP_Logo_2022_ZWART.svg\",\"contentUrl\":\"https:\/\/urbanproof.nl\/wp-content\/uploads\/2025\/04\/UBP_Logo_2022_ZWART.svg\",\"caption\":\"Urban Proof\"},\"image\":{\"@id\":\"https:\/\/urbanproof.nl\/fr\/#\/schema\/logo\/image\/\"},\"sameAs\":[\"https:\/\/www.instagram.com\/urbanproof_sustainable\/\",\"https:\/\/www.linkedin.com\/company\/urban-proof\"]}]}<\/script>\n<!-- \/ Yoast SEO plugin. -->","yoast_head_json":{"title":"URBAN PROOF KNOX Bande r\u00e9fl\u00e9chissante pour gifles - Lot de 2 - Urban Proof","robots":{"index":"index","follow":"follow","max-snippet":"max-snippet:-1","max-image-preview":"max-image-preview:large","max-video-preview":"max-video-preview:-1"},"canonical":"https:\/\/urbanproof.nl\/fr\/product\/urban-proof-knox-bande-reflechissante-pour-gifles-lot-de-2\/","og_locale":"fr_FR","og_type":"article","og_title":"URBAN PROOF KNOX Bande r\u00e9fl\u00e9chissante pour gifles - Lot de 2 - Urban Proof","og_description":"- Fabriqu\u00e9 en mat\u00e9riau enti\u00e8rement r\u00e9fl\u00e9chissant avec finition mate - Coutures soud\u00e9es imperm\u00e9ables - Fabriqu\u00e9 en polyester recycl\u00e9 (RPET) - Convient aux bras et aux jambes - Facile \u00e0 mettre et \u00e0 enlever","og_url":"https:\/\/urbanproof.nl\/fr\/product\/urban-proof-knox-bande-reflechissante-pour-gifles-lot-de-2\/","og_site_name":"Urban Proof","og_image":[{"width":2047,"height":2047,"url":"https:\/\/urbanproof.nl\/wp-content\/uploads\/2026\/03\/400794UP_1.jpg","type":"image\/jpeg"}],"twitter_card":"summary_large_image","twitter_misc":{"Dur\u00e9e de lecture estim\u00e9e":"1 minute"},"schema":{"@context":"https:\/\/schema.org","@graph":[{"@type":"WebPage","@id":"https:\/\/urbanproof.nl\/fr\/product\/urban-proof-knox-bande-reflechissante-pour-gifles-lot-de-2\/","url":"https:\/\/urbanproof.nl\/fr\/product\/urban-proof-knox-bande-reflechissante-pour-gifles-lot-de-2\/","name":"URBAN PROOF KNOX Bande r\u00e9fl\u00e9chissante pour gifles - Lot de 2 - Urban Proof","isPartOf":{"@id":"https:\/\/urbanproof.nl\/fr\/#website"},"primaryImageOfPage":{"@id":"https:\/\/urbanproof.nl\/fr\/product\/urban-proof-knox-bande-reflechissante-pour-gifles-lot-de-2\/#primaryimage"},"image":{"@id":"https:\/\/urbanproof.nl\/fr\/product\/urban-proof-knox-bande-reflechissante-pour-gifles-lot-de-2\/#primaryimage"},"thumbnailUrl":"https:\/\/urbanproof.nl\/wp-content\/uploads\/2026\/03\/400794UP_1.jpg","datePublished":"2026-03-10T15:13:16+00:00","breadcrumb":{"@id":"https:\/\/urbanproof.nl\/fr\/product\/urban-proof-knox-bande-reflechissante-pour-gifles-lot-de-2\/#breadcrumb"},"inLanguage":"fr-FR","potentialAction":[{"@type":"ReadAction","target":["https:\/\/urbanproof.nl\/fr\/product\/urban-proof-knox-bande-reflechissante-pour-gifles-lot-de-2\/"]}]},{"@type":"ImageObject","inLanguage":"fr-FR","@id":"https:\/\/urbanproof.nl\/fr\/product\/urban-proof-knox-bande-reflechissante-pour-gifles-lot-de-2\/#primaryimage","url":"https:\/\/urbanproof.nl\/wp-content\/uploads\/2026\/03\/400794UP_1.jpg","contentUrl":"https:\/\/urbanproof.nl\/wp-content\/uploads\/2026\/03\/400794UP_1.jpg","width":2047,"height":2047},{"@type":"BreadcrumbList","@id":"https:\/\/urbanproof.nl\/fr\/product\/urban-proof-knox-bande-reflechissante-pour-gifles-lot-de-2\/#breadcrumb","itemListElement":[{"@type":"ListItem","position":1,"name":"Accueil","item":"https:\/\/urbanproof.nl\/fr\/"},{"@type":"ListItem","position":2,"name":"Collection","item":"https:\/\/urbanproof.nl\/assortiment\/"},{"@type":"ListItem","position":3,"name":"URBAN PROOF KNOX Bande r\u00e9fl\u00e9chissante pour gifles &#8211; Lot de 2"}]},{"@type":"WebSite","@id":"https:\/\/urbanproof.nl\/fr\/#website","url":"https:\/\/urbanproof.nl\/fr\/","name":"Urban Proof","description":"La durabilit\u00e9 en mouvement","publisher":{"@id":"https:\/\/urbanproof.nl\/fr\/#organization"},"potentialAction":[{"@type":"SearchAction","target":{"@type":"EntryPoint","urlTemplate":"https:\/\/urbanproof.nl\/fr\/?s={search_term_string}"},"query-input":{"@type":"PropertyValueSpecification","valueRequired":true,"valueName":"search_term_string"}}],"inLanguage":"fr-FR"},{"@type":"Organization","@id":"https:\/\/urbanproof.nl\/fr\/#organization","name":"Urban Proof","url":"https:\/\/urbanproof.nl\/fr\/","logo":{"@type":"ImageObject","inLanguage":"fr-FR","@id":"https:\/\/urbanproof.nl\/fr\/#\/schema\/logo\/image\/","url":"https:\/\/urbanproof.nl\/wp-content\/uploads\/2025\/04\/UBP_Logo_2022_ZWART.svg","contentUrl":"https:\/\/urbanproof.nl\/wp-content\/uploads\/2025\/04\/UBP_Logo_2022_ZWART.svg","caption":"Urban Proof"},"image":{"@id":"https:\/\/urbanproof.nl\/fr\/#\/schema\/logo\/image\/"},"sameAs":["https:\/\/www.instagram.com\/urbanproof_sustainable\/","https:\/\/www.linkedin.com\/company\/urban-proof"]}]}},"_links":{"self":[{"href":"https:\/\/urbanproof.nl\/fr\/wp-json\/wp\/v2\/product\/8611","targetHints":{"allow":["GET"]}}],"collection":[{"href":"https:\/\/urbanproof.nl\/fr\/wp-json\/wp\/v2\/product"}],"about":[{"href":"https:\/\/urbanproof.nl\/fr\/wp-json\/wp\/v2\/types\/product"}],"version-history":[{"count":0,"href":"https:\/\/urbanproof.nl\/fr\/wp-json\/wp\/v2\/product\/8611\/revisions"}],"wp:featuredmedia":[{"embeddable":true,"href":"https:\/\/urbanproof.nl\/fr\/wp-json\/wp\/v2\/media\/8655"}],"wp:attachment":[{"href":"https:\/\/urbanproof.nl\/fr\/wp-json\/wp\/v2\/media?parent=8611"}],"wp:term":[{"taxonomy":"product_brand","embeddable":true,"href":"https:\/\/urbanproof.nl\/fr\/wp-json\/wp\/v2\/product_brand?post=8611"},{"taxonomy":"product_cat","embeddable":true,"href":"https:\/\/urbanproof.nl\/fr\/wp-json\/wp\/v2\/product_cat?post=8611"},{"taxonomy":"product_tag","embeddable":true,"href":"https:\/\/urbanproof.nl\/fr\/wp-json\/wp\/v2\/product_tag?post=8611"}],"curies":[{"name":"wp","href":"https:\/\/api.w.org\/{rel}","templated":true}]}}