{"id":8463,"date":"2026-03-10T16:13:12","date_gmt":"2026-03-10T15:13:12","guid":{"rendered":"https:\/\/urbanproof.nl\/product\/urban-proof-panier-a-velo-recycle-knox-20l\/"},"modified":"2026-04-14T15:32:10","modified_gmt":"2026-04-14T14:32:10","slug":"urban-proof-panier-a-velo-recycle-knox-20l","status":"publish","type":"product","link":"https:\/\/urbanproof.nl\/fr\/product\/urban-proof-panier-a-velo-recycle-knox-20l\/","title":{"rendered":"URBAN PROOF KNOX Recycled Fietstas 22L"},"content":{"rendered":"<p>D\u00e9couvrez la collection KNOX, ce Panier \u00e0 v\u00e9lo prouve que la visibilit\u00e9, le style et la durabilit\u00e9 vont de pair. Fabriqu\u00e9e en polyester recycl\u00e9 (RPET) et dot\u00e9e d&rsquo;un mat\u00e9riau enti\u00e8rement r\u00e9fl\u00e9chissant avec finition mate, vous \u00eates s\u00fbr de vous distinguer dans la circulation.<br \/>\nLes coutures soud\u00e9es et la fermeture \u00e9clair \u00e9tanche gardent vos affaires au sec, quel que soit le temps. Gr\u00e2ce \u00e0 l&rsquo;astucieux syst\u00e8me de crochets, la sacoche est sur votre V\u00e9lo en un rien de temps et peut \u00eatre retir\u00e9e tout aussi rapidement. \u00c0 l&rsquo;int\u00e9rieur, vous trouverez un compartiment rembourr\u00e9 pour ordinateur portable qui gardera vos appareils en s\u00e9curit\u00e9 pendant votre voyage.<br \/>\nVous pr\u00e9f\u00e9rez le porter sur le dos ? Pas de probl\u00e8me. Les bretelles amovibles le transforment en sac \u00e0 dos en un rien de temps. Adapt\u00e9 aux v\u00e9los \u00e9lectriques, il est pr\u00eat pour tous les trajets.      <\/p>\n","protected":false},"excerpt":{"rendered":"<p>&#8211; Sac en mat\u00e9riau enti\u00e8rement r\u00e9fl\u00e9chissant avec finition mate<br \/>\n&#8211; Enti\u00e8rement \u00e9tanche gr\u00e2ce aux coutures soud\u00e9es<br \/>\n&#8211; Fermeture \u00e9clair \u00e9tanche avec poche frontale<br \/>\n&#8211; Fabriqu\u00e9 en polyester recycl\u00e9 (RPET)<br \/>\n&#8211; Mod\u00e8le sac \u00e0 dos avec bretelles \u00e0 cliquer<br \/>\n&#8211; Compartiment int\u00e9rieur rembourr\u00e9 pour ordinateur portable<br \/>\n&#8211; Syst\u00e8me d&rsquo;accroche rapide et facile pour monter et descendre du V\u00e9lo<br \/>\n&#8211; Convient aux v\u00e9los \u00e9lectriques.<\/p>\n","protected":false},"featured_media":8473,"template":"","meta":[],"product_brand":[],"product_cat":[341,344],"product_tag":[833,681],"class_list":{"0":"post-8463","1":"product","2":"type-product","3":"status-publish","4":"has-post-thumbnail","6":"product_cat-sacoches","7":"product_cat-sacoches-simples","8":"product_tag-collection-knox","9":"product_tag-nouveau","10":"pa_afmetinglbh-29cm-x-17cm-x-34cm","11":"pa_collectie-collection-knox","12":"pa_e-bike-ready-oui","13":"pa_gewicht-1030-grammes","14":"pa_inhoud-22-litres","15":"pa_kleur-noir","16":"pa_materiaal-polyester-recycle-rpet","17":"pa_reflectie-oui","18":"pa_type-product-sacoche-simple","19":"pa_volume-20l-fr","20":"pa_waterbestendig-oui","22":"first","23":"instock","24":"featured","25":"taxable","26":"shipping-taxable","27":"purchasable","28":"product-type-simple"},"yoast_head":"<!-- This site is optimized with the Yoast SEO plugin v27.1.1 - https:\/\/yoast.com\/product\/yoast-seo-wordpress\/ -->\n<title>URBAN PROOF KNOX Recycled Fietstas 22L - Urban Proof<\/title>\n<meta name=\"robots\" content=\"index, follow, max-snippet:-1, max-image-preview:large, max-video-preview:-1\" \/>\n<link rel=\"canonical\" href=\"https:\/\/urbanproof.nl\/fr\/product\/urban-proof-panier-a-velo-recycle-knox-20l\/\" \/>\n<meta property=\"og:locale\" content=\"fr_FR\" \/>\n<meta property=\"og:type\" content=\"article\" \/>\n<meta property=\"og:title\" content=\"URBAN PROOF KNOX Recycled Fietstas 22L - Urban Proof\" \/>\n<meta property=\"og:description\" content=\"- Sac en mat\u00e9riau enti\u00e8rement r\u00e9fl\u00e9chissant avec finition mate - Enti\u00e8rement \u00e9tanche gr\u00e2ce aux coutures soud\u00e9es - Fermeture \u00e9clair \u00e9tanche avec poche frontale - Fabriqu\u00e9 en polyester recycl\u00e9 (RPET) - Mod\u00e8le sac \u00e0 dos avec bretelles \u00e0 cliquer - Compartiment int\u00e9rieur rembourr\u00e9 pour ordinateur portable - Syst\u00e8me d&#039;accroche rapide et facile pour monter et descendre du V\u00e9lo - Convient aux v\u00e9los \u00e9lectriques.\" \/>\n<meta property=\"og:url\" content=\"https:\/\/urbanproof.nl\/fr\/product\/urban-proof-panier-a-velo-recycle-knox-20l\/\" \/>\n<meta property=\"og:site_name\" content=\"Urban Proof\" \/>\n<meta property=\"article:modified_time\" content=\"2026-04-14T14:32:10+00:00\" \/>\n<meta property=\"og:image\" content=\"https:\/\/urbanproof.nl\/wp-content\/uploads\/2026\/03\/400790UP_1.jpg\" \/>\n\t<meta property=\"og:image:width\" content=\"2047\" \/>\n\t<meta property=\"og:image:height\" content=\"2047\" \/>\n\t<meta property=\"og:image:type\" content=\"image\/jpeg\" \/>\n<meta name=\"twitter:card\" content=\"summary_large_image\" \/>\n<meta name=\"twitter:label1\" content=\"Dur\u00e9e de lecture estim\u00e9e\" \/>\n\t<meta name=\"twitter:data1\" content=\"1 minute\" \/>\n<script type=\"application\/ld+json\" class=\"yoast-schema-graph\">{\"@context\":\"https:\/\/schema.org\",\"@graph\":[{\"@type\":\"WebPage\",\"@id\":\"https:\/\/urbanproof.nl\/fr\/product\/urban-proof-panier-a-velo-recycle-knox-20l\/\",\"url\":\"https:\/\/urbanproof.nl\/fr\/product\/urban-proof-panier-a-velo-recycle-knox-20l\/\",\"name\":\"URBAN PROOF KNOX Recycled Fietstas 22L - Urban Proof\",\"isPartOf\":{\"@id\":\"https:\/\/urbanproof.nl\/fr\/#website\"},\"primaryImageOfPage\":{\"@id\":\"https:\/\/urbanproof.nl\/fr\/product\/urban-proof-panier-a-velo-recycle-knox-20l\/#primaryimage\"},\"image\":{\"@id\":\"https:\/\/urbanproof.nl\/fr\/product\/urban-proof-panier-a-velo-recycle-knox-20l\/#primaryimage\"},\"thumbnailUrl\":\"https:\/\/urbanproof.nl\/wp-content\/uploads\/2026\/03\/400790UP_1.jpg\",\"datePublished\":\"2026-03-10T15:13:12+00:00\",\"dateModified\":\"2026-04-14T14:32:10+00:00\",\"breadcrumb\":{\"@id\":\"https:\/\/urbanproof.nl\/fr\/product\/urban-proof-panier-a-velo-recycle-knox-20l\/#breadcrumb\"},\"inLanguage\":\"fr-FR\",\"potentialAction\":[{\"@type\":\"ReadAction\",\"target\":[\"https:\/\/urbanproof.nl\/fr\/product\/urban-proof-panier-a-velo-recycle-knox-20l\/\"]}]},{\"@type\":\"ImageObject\",\"inLanguage\":\"fr-FR\",\"@id\":\"https:\/\/urbanproof.nl\/fr\/product\/urban-proof-panier-a-velo-recycle-knox-20l\/#primaryimage\",\"url\":\"https:\/\/urbanproof.nl\/wp-content\/uploads\/2026\/03\/400790UP_1.jpg\",\"contentUrl\":\"https:\/\/urbanproof.nl\/wp-content\/uploads\/2026\/03\/400790UP_1.jpg\",\"width\":2047,\"height\":2047},{\"@type\":\"BreadcrumbList\",\"@id\":\"https:\/\/urbanproof.nl\/fr\/product\/urban-proof-panier-a-velo-recycle-knox-20l\/#breadcrumb\",\"itemListElement\":[{\"@type\":\"ListItem\",\"position\":1,\"name\":\"Accueil\",\"item\":\"https:\/\/urbanproof.nl\/fr\/\"},{\"@type\":\"ListItem\",\"position\":2,\"name\":\"Collection\",\"item\":\"https:\/\/urbanproof.nl\/assortiment\/\"},{\"@type\":\"ListItem\",\"position\":3,\"name\":\"URBAN PROOF KNOX Recycled Fietstas 22L\"}]},{\"@type\":\"WebSite\",\"@id\":\"https:\/\/urbanproof.nl\/fr\/#website\",\"url\":\"https:\/\/urbanproof.nl\/fr\/\",\"name\":\"Urban Proof\",\"description\":\"La durabilit\u00e9 en mouvement\",\"publisher\":{\"@id\":\"https:\/\/urbanproof.nl\/fr\/#organization\"},\"potentialAction\":[{\"@type\":\"SearchAction\",\"target\":{\"@type\":\"EntryPoint\",\"urlTemplate\":\"https:\/\/urbanproof.nl\/fr\/?s={search_term_string}\"},\"query-input\":{\"@type\":\"PropertyValueSpecification\",\"valueRequired\":true,\"valueName\":\"search_term_string\"}}],\"inLanguage\":\"fr-FR\"},{\"@type\":\"Organization\",\"@id\":\"https:\/\/urbanproof.nl\/fr\/#organization\",\"name\":\"Urban Proof\",\"url\":\"https:\/\/urbanproof.nl\/fr\/\",\"logo\":{\"@type\":\"ImageObject\",\"inLanguage\":\"fr-FR\",\"@id\":\"https:\/\/urbanproof.nl\/fr\/#\/schema\/logo\/image\/\",\"url\":\"https:\/\/urbanproof.nl\/wp-content\/uploads\/2025\/04\/UBP_Logo_2022_ZWART.svg\",\"contentUrl\":\"https:\/\/urbanproof.nl\/wp-content\/uploads\/2025\/04\/UBP_Logo_2022_ZWART.svg\",\"caption\":\"Urban Proof\"},\"image\":{\"@id\":\"https:\/\/urbanproof.nl\/fr\/#\/schema\/logo\/image\/\"},\"sameAs\":[\"https:\/\/www.instagram.com\/urbanproof_sustainable\/\",\"https:\/\/www.linkedin.com\/company\/urban-proof\"]}]}<\/script>\n<!-- \/ Yoast SEO plugin. -->","yoast_head_json":{"title":"URBAN PROOF KNOX Recycled Fietstas 22L - Urban Proof","robots":{"index":"index","follow":"follow","max-snippet":"max-snippet:-1","max-image-preview":"max-image-preview:large","max-video-preview":"max-video-preview:-1"},"canonical":"https:\/\/urbanproof.nl\/fr\/product\/urban-proof-panier-a-velo-recycle-knox-20l\/","og_locale":"fr_FR","og_type":"article","og_title":"URBAN PROOF KNOX Recycled Fietstas 22L - Urban Proof","og_description":"- Sac en mat\u00e9riau enti\u00e8rement r\u00e9fl\u00e9chissant avec finition mate - Enti\u00e8rement \u00e9tanche gr\u00e2ce aux coutures soud\u00e9es - Fermeture \u00e9clair \u00e9tanche avec poche frontale - Fabriqu\u00e9 en polyester recycl\u00e9 (RPET) - Mod\u00e8le sac \u00e0 dos avec bretelles \u00e0 cliquer - Compartiment int\u00e9rieur rembourr\u00e9 pour ordinateur portable - Syst\u00e8me d'accroche rapide et facile pour monter et descendre du V\u00e9lo - Convient aux v\u00e9los \u00e9lectriques.","og_url":"https:\/\/urbanproof.nl\/fr\/product\/urban-proof-panier-a-velo-recycle-knox-20l\/","og_site_name":"Urban Proof","article_modified_time":"2026-04-14T14:32:10+00:00","og_image":[{"width":2047,"height":2047,"url":"https:\/\/urbanproof.nl\/wp-content\/uploads\/2026\/03\/400790UP_1.jpg","type":"image\/jpeg"}],"twitter_card":"summary_large_image","twitter_misc":{"Dur\u00e9e de lecture estim\u00e9e":"1 minute"},"schema":{"@context":"https:\/\/schema.org","@graph":[{"@type":"WebPage","@id":"https:\/\/urbanproof.nl\/fr\/product\/urban-proof-panier-a-velo-recycle-knox-20l\/","url":"https:\/\/urbanproof.nl\/fr\/product\/urban-proof-panier-a-velo-recycle-knox-20l\/","name":"URBAN PROOF KNOX Recycled Fietstas 22L - Urban Proof","isPartOf":{"@id":"https:\/\/urbanproof.nl\/fr\/#website"},"primaryImageOfPage":{"@id":"https:\/\/urbanproof.nl\/fr\/product\/urban-proof-panier-a-velo-recycle-knox-20l\/#primaryimage"},"image":{"@id":"https:\/\/urbanproof.nl\/fr\/product\/urban-proof-panier-a-velo-recycle-knox-20l\/#primaryimage"},"thumbnailUrl":"https:\/\/urbanproof.nl\/wp-content\/uploads\/2026\/03\/400790UP_1.jpg","datePublished":"2026-03-10T15:13:12+00:00","dateModified":"2026-04-14T14:32:10+00:00","breadcrumb":{"@id":"https:\/\/urbanproof.nl\/fr\/product\/urban-proof-panier-a-velo-recycle-knox-20l\/#breadcrumb"},"inLanguage":"fr-FR","potentialAction":[{"@type":"ReadAction","target":["https:\/\/urbanproof.nl\/fr\/product\/urban-proof-panier-a-velo-recycle-knox-20l\/"]}]},{"@type":"ImageObject","inLanguage":"fr-FR","@id":"https:\/\/urbanproof.nl\/fr\/product\/urban-proof-panier-a-velo-recycle-knox-20l\/#primaryimage","url":"https:\/\/urbanproof.nl\/wp-content\/uploads\/2026\/03\/400790UP_1.jpg","contentUrl":"https:\/\/urbanproof.nl\/wp-content\/uploads\/2026\/03\/400790UP_1.jpg","width":2047,"height":2047},{"@type":"BreadcrumbList","@id":"https:\/\/urbanproof.nl\/fr\/product\/urban-proof-panier-a-velo-recycle-knox-20l\/#breadcrumb","itemListElement":[{"@type":"ListItem","position":1,"name":"Accueil","item":"https:\/\/urbanproof.nl\/fr\/"},{"@type":"ListItem","position":2,"name":"Collection","item":"https:\/\/urbanproof.nl\/assortiment\/"},{"@type":"ListItem","position":3,"name":"URBAN PROOF KNOX Recycled Fietstas 22L"}]},{"@type":"WebSite","@id":"https:\/\/urbanproof.nl\/fr\/#website","url":"https:\/\/urbanproof.nl\/fr\/","name":"Urban Proof","description":"La durabilit\u00e9 en mouvement","publisher":{"@id":"https:\/\/urbanproof.nl\/fr\/#organization"},"potentialAction":[{"@type":"SearchAction","target":{"@type":"EntryPoint","urlTemplate":"https:\/\/urbanproof.nl\/fr\/?s={search_term_string}"},"query-input":{"@type":"PropertyValueSpecification","valueRequired":true,"valueName":"search_term_string"}}],"inLanguage":"fr-FR"},{"@type":"Organization","@id":"https:\/\/urbanproof.nl\/fr\/#organization","name":"Urban Proof","url":"https:\/\/urbanproof.nl\/fr\/","logo":{"@type":"ImageObject","inLanguage":"fr-FR","@id":"https:\/\/urbanproof.nl\/fr\/#\/schema\/logo\/image\/","url":"https:\/\/urbanproof.nl\/wp-content\/uploads\/2025\/04\/UBP_Logo_2022_ZWART.svg","contentUrl":"https:\/\/urbanproof.nl\/wp-content\/uploads\/2025\/04\/UBP_Logo_2022_ZWART.svg","caption":"Urban Proof"},"image":{"@id":"https:\/\/urbanproof.nl\/fr\/#\/schema\/logo\/image\/"},"sameAs":["https:\/\/www.instagram.com\/urbanproof_sustainable\/","https:\/\/www.linkedin.com\/company\/urban-proof"]}]}},"_links":{"self":[{"href":"https:\/\/urbanproof.nl\/fr\/wp-json\/wp\/v2\/product\/8463","targetHints":{"allow":["GET"]}}],"collection":[{"href":"https:\/\/urbanproof.nl\/fr\/wp-json\/wp\/v2\/product"}],"about":[{"href":"https:\/\/urbanproof.nl\/fr\/wp-json\/wp\/v2\/types\/product"}],"version-history":[{"count":1,"href":"https:\/\/urbanproof.nl\/fr\/wp-json\/wp\/v2\/product\/8463\/revisions"}],"predecessor-version":[{"id":8854,"href":"https:\/\/urbanproof.nl\/fr\/wp-json\/wp\/v2\/product\/8463\/revisions\/8854"}],"wp:featuredmedia":[{"embeddable":true,"href":"https:\/\/urbanproof.nl\/fr\/wp-json\/wp\/v2\/media\/8473"}],"wp:attachment":[{"href":"https:\/\/urbanproof.nl\/fr\/wp-json\/wp\/v2\/media?parent=8463"}],"wp:term":[{"taxonomy":"product_brand","embeddable":true,"href":"https:\/\/urbanproof.nl\/fr\/wp-json\/wp\/v2\/product_brand?post=8463"},{"taxonomy":"product_cat","embeddable":true,"href":"https:\/\/urbanproof.nl\/fr\/wp-json\/wp\/v2\/product_cat?post=8463"},{"taxonomy":"product_tag","embeddable":true,"href":"https:\/\/urbanproof.nl\/fr\/wp-json\/wp\/v2\/product_tag?post=8463"}],"curies":[{"name":"wp","href":"https:\/\/api.w.org\/{rel}","templated":true}]}}