{"id":8369,"date":"2026-03-10T16:13:11","date_gmt":"2026-03-10T15:13:11","guid":{"rendered":"https:\/\/urbanproof.nl\/product\/urban-proof-storm-panier-a-velo-recycle-20l-2\/"},"modified":"2026-03-10T16:13:11","modified_gmt":"2026-03-10T15:13:11","slug":"urban-proof-storm-panier-a-velo-recycle-20l-2","status":"publish","type":"product","link":"https:\/\/urbanproof.nl\/fr\/product\/urban-proof-storm-panier-a-velo-recycle-20l-2\/","title":{"rendered":"URBAN PROOF STORM Panier \u00e0 v\u00e9lo recycl\u00e9 20L"},"content":{"rendered":"<p>Il pleut ? Pas de probl\u00e8me. Le Panier \u00e0 v\u00e9lo STORM est totalement \u00e9tanche gr\u00e2ce \u00e0 des coutures soud\u00e9es et \u00e0 une fermeture \u00e9clair imperm\u00e9able, pour que vous arriviez au sec, quel que soit le temps.<br \/>\nAvec 20 litres d&rsquo;espace, un compartiment pratique pour vos accessoires et un clip pour porte-cl\u00e9s, vous serez toujours bien organis\u00e9 sur la route. La fermeture magn\u00e9tique et la sangle d&rsquo;\u00e9paule \u00e0 cliquer le rendent super rapide et facile \u00e0 utiliser, tandis que le syst\u00e8me de crochet r\u00e9glable permet d&rsquo;installer et de retirer le sac de votre V\u00e9lo en un rien de temps. Convient \u00e9galement aux porte-v\u00e9los \u00e9lectriques !<br \/>\nEt le meilleur de tous ? Le sac est fabriqu\u00e9 en polyester recycl\u00e9 (RPET). Ainsi, chacune de vos sorties est un pas vers un monde plus durable. Les reflets sur les deux c\u00f4t\u00e9s vous permettent de rester visible dans l&rsquo;obscurit\u00e9, et le porte-cl\u00e9s n\u00e9on URBAN PROOF rend votre sac STORM instantan\u00e9ment reconnaissable.<br \/>\n\u00c9l\u00e9gant, durable et pr\u00eat pour vos d\u00e9placements.   <\/p>\n","protected":false},"excerpt":{"rendered":"<p>&#8211; Enti\u00e8rement imperm\u00e9able gr\u00e2ce aux coutures soud\u00e9es<br \/>\n&#8211; Fermeture \u00e9clair imperm\u00e9able avec poche frontale<br \/>\n&#8211; Poche int\u00e9rieure pour accessoires et clip porte-cl\u00e9s<br \/>\n&#8211; Fabriqu\u00e9 en polyester recycl\u00e9 (RPET)<br \/>\n&#8211; Avec fermeture magn\u00e9tique pour une utilisation facile<br \/>\n&#8211; Avec bandouli\u00e8re facile \u00e0 cliquer<br \/>\n&#8211; Syst\u00e8me de crochet r\u00e9glable rapide et facile pour monter et descendre du v\u00e9lo<br \/>\n&#8211; Convient aux v\u00e9los \u00e9lectriques<br \/>\n&#8211; R\u00e9flexions sur les deux c\u00f4t\u00e9s du sac<br \/>\n&#8211; Comprend un porte-cl\u00e9s Urban Proof en couleur n\u00e9on<\/p>\n","protected":false},"featured_media":8039,"template":"","meta":[],"product_brand":[],"product_cat":[341,344],"product_tag":[819,681],"class_list":{"0":"post-8369","1":"product","2":"type-product","3":"status-publish","4":"has-post-thumbnail","6":"product_cat-sacoches","7":"product_cat-sacoches-simples","8":"product_tag-collection-storm","9":"product_tag-nouveau","10":"pa_afmetinglbh-35cm-x-14cm-x-40cm","11":"pa_collectie-collection-tempete","12":"pa_e-bike-ready-oui","13":"pa_gewicht-1020-grammes","14":"pa_inhoud-20-litres","15":"pa_kleur-sable","16":"pa_materiaal-polyester-recycle-rpet","17":"pa_reflectie-oui","18":"pa_type-product-sacoche-simple","19":"pa_volume-20l-fr","20":"pa_waterbestendig-oui","22":"first","23":"instock","24":"featured","25":"taxable","26":"shipping-taxable","27":"purchasable","28":"product-type-simple"},"yoast_head":"<!-- This site is optimized with the Yoast SEO plugin v27.1.1 - https:\/\/yoast.com\/product\/yoast-seo-wordpress\/ -->\n<title>URBAN PROOF STORM Panier \u00e0 v\u00e9lo recycl\u00e9 20L - Urban Proof<\/title>\n<meta name=\"robots\" content=\"index, follow, max-snippet:-1, max-image-preview:large, max-video-preview:-1\" \/>\n<link rel=\"canonical\" href=\"https:\/\/urbanproof.nl\/fr\/product\/urban-proof-storm-panier-a-velo-recycle-20l-2\/\" \/>\n<meta property=\"og:locale\" content=\"fr_FR\" \/>\n<meta property=\"og:type\" content=\"article\" \/>\n<meta property=\"og:title\" content=\"URBAN PROOF STORM Panier \u00e0 v\u00e9lo recycl\u00e9 20L - Urban Proof\" \/>\n<meta property=\"og:description\" content=\"- Enti\u00e8rement imperm\u00e9able gr\u00e2ce aux coutures soud\u00e9es - Fermeture \u00e9clair imperm\u00e9able avec poche frontale - Poche int\u00e9rieure pour accessoires et clip porte-cl\u00e9s - Fabriqu\u00e9 en polyester recycl\u00e9 (RPET) - Avec fermeture magn\u00e9tique pour une utilisation facile - Avec bandouli\u00e8re facile \u00e0 cliquer - Syst\u00e8me de crochet r\u00e9glable rapide et facile pour monter et descendre du v\u00e9lo - Convient aux v\u00e9los \u00e9lectriques - R\u00e9flexions sur les deux c\u00f4t\u00e9s du sac - Comprend un porte-cl\u00e9s Urban Proof en couleur n\u00e9on\" \/>\n<meta property=\"og:url\" content=\"https:\/\/urbanproof.nl\/fr\/product\/urban-proof-storm-panier-a-velo-recycle-20l-2\/\" \/>\n<meta property=\"og:site_name\" content=\"Urban Proof\" \/>\n<meta property=\"og:image\" content=\"https:\/\/urbanproof.nl\/wp-content\/uploads\/2026\/03\/400787UP_-1.jpg\" \/>\n\t<meta property=\"og:image:width\" content=\"2047\" \/>\n\t<meta property=\"og:image:height\" content=\"2047\" \/>\n\t<meta property=\"og:image:type\" content=\"image\/jpeg\" \/>\n<meta name=\"twitter:card\" content=\"summary_large_image\" \/>\n<meta name=\"twitter:label1\" content=\"Dur\u00e9e de lecture estim\u00e9e\" \/>\n\t<meta name=\"twitter:data1\" content=\"1 minute\" \/>\n<script type=\"application\/ld+json\" class=\"yoast-schema-graph\">{\"@context\":\"https:\/\/schema.org\",\"@graph\":[{\"@type\":\"WebPage\",\"@id\":\"https:\/\/urbanproof.nl\/fr\/product\/urban-proof-storm-panier-a-velo-recycle-20l-2\/\",\"url\":\"https:\/\/urbanproof.nl\/fr\/product\/urban-proof-storm-panier-a-velo-recycle-20l-2\/\",\"name\":\"URBAN PROOF STORM Panier \u00e0 v\u00e9lo recycl\u00e9 20L - Urban Proof\",\"isPartOf\":{\"@id\":\"https:\/\/urbanproof.nl\/fr\/#website\"},\"primaryImageOfPage\":{\"@id\":\"https:\/\/urbanproof.nl\/fr\/product\/urban-proof-storm-panier-a-velo-recycle-20l-2\/#primaryimage\"},\"image\":{\"@id\":\"https:\/\/urbanproof.nl\/fr\/product\/urban-proof-storm-panier-a-velo-recycle-20l-2\/#primaryimage\"},\"thumbnailUrl\":\"https:\/\/urbanproof.nl\/wp-content\/uploads\/2026\/03\/400787UP_-1.jpg\",\"datePublished\":\"2026-03-10T15:13:11+00:00\",\"breadcrumb\":{\"@id\":\"https:\/\/urbanproof.nl\/fr\/product\/urban-proof-storm-panier-a-velo-recycle-20l-2\/#breadcrumb\"},\"inLanguage\":\"fr-FR\",\"potentialAction\":[{\"@type\":\"ReadAction\",\"target\":[\"https:\/\/urbanproof.nl\/fr\/product\/urban-proof-storm-panier-a-velo-recycle-20l-2\/\"]}]},{\"@type\":\"ImageObject\",\"inLanguage\":\"fr-FR\",\"@id\":\"https:\/\/urbanproof.nl\/fr\/product\/urban-proof-storm-panier-a-velo-recycle-20l-2\/#primaryimage\",\"url\":\"https:\/\/urbanproof.nl\/wp-content\/uploads\/2026\/03\/400787UP_-1.jpg\",\"contentUrl\":\"https:\/\/urbanproof.nl\/wp-content\/uploads\/2026\/03\/400787UP_-1.jpg\",\"width\":2047,\"height\":2047},{\"@type\":\"BreadcrumbList\",\"@id\":\"https:\/\/urbanproof.nl\/fr\/product\/urban-proof-storm-panier-a-velo-recycle-20l-2\/#breadcrumb\",\"itemListElement\":[{\"@type\":\"ListItem\",\"position\":1,\"name\":\"Accueil\",\"item\":\"https:\/\/urbanproof.nl\/fr\/\"},{\"@type\":\"ListItem\",\"position\":2,\"name\":\"Collection\",\"item\":\"https:\/\/urbanproof.nl\/assortiment\/\"},{\"@type\":\"ListItem\",\"position\":3,\"name\":\"URBAN PROOF STORM Panier \u00e0 v\u00e9lo recycl\u00e9 20L\"}]},{\"@type\":\"WebSite\",\"@id\":\"https:\/\/urbanproof.nl\/fr\/#website\",\"url\":\"https:\/\/urbanproof.nl\/fr\/\",\"name\":\"Urban Proof\",\"description\":\"La durabilit\u00e9 en mouvement\",\"publisher\":{\"@id\":\"https:\/\/urbanproof.nl\/fr\/#organization\"},\"potentialAction\":[{\"@type\":\"SearchAction\",\"target\":{\"@type\":\"EntryPoint\",\"urlTemplate\":\"https:\/\/urbanproof.nl\/fr\/?s={search_term_string}\"},\"query-input\":{\"@type\":\"PropertyValueSpecification\",\"valueRequired\":true,\"valueName\":\"search_term_string\"}}],\"inLanguage\":\"fr-FR\"},{\"@type\":\"Organization\",\"@id\":\"https:\/\/urbanproof.nl\/fr\/#organization\",\"name\":\"Urban Proof\",\"url\":\"https:\/\/urbanproof.nl\/fr\/\",\"logo\":{\"@type\":\"ImageObject\",\"inLanguage\":\"fr-FR\",\"@id\":\"https:\/\/urbanproof.nl\/fr\/#\/schema\/logo\/image\/\",\"url\":\"https:\/\/urbanproof.nl\/wp-content\/uploads\/2025\/04\/UBP_Logo_2022_ZWART.svg\",\"contentUrl\":\"https:\/\/urbanproof.nl\/wp-content\/uploads\/2025\/04\/UBP_Logo_2022_ZWART.svg\",\"caption\":\"Urban Proof\"},\"image\":{\"@id\":\"https:\/\/urbanproof.nl\/fr\/#\/schema\/logo\/image\/\"},\"sameAs\":[\"https:\/\/www.instagram.com\/urbanproof_sustainable\/\",\"https:\/\/www.linkedin.com\/company\/urban-proof\"]}]}<\/script>\n<!-- \/ Yoast SEO plugin. -->","yoast_head_json":{"title":"URBAN PROOF STORM Panier \u00e0 v\u00e9lo recycl\u00e9 20L - Urban Proof","robots":{"index":"index","follow":"follow","max-snippet":"max-snippet:-1","max-image-preview":"max-image-preview:large","max-video-preview":"max-video-preview:-1"},"canonical":"https:\/\/urbanproof.nl\/fr\/product\/urban-proof-storm-panier-a-velo-recycle-20l-2\/","og_locale":"fr_FR","og_type":"article","og_title":"URBAN PROOF STORM Panier \u00e0 v\u00e9lo recycl\u00e9 20L - Urban Proof","og_description":"- Enti\u00e8rement imperm\u00e9able gr\u00e2ce aux coutures soud\u00e9es - Fermeture \u00e9clair imperm\u00e9able avec poche frontale - Poche int\u00e9rieure pour accessoires et clip porte-cl\u00e9s - Fabriqu\u00e9 en polyester recycl\u00e9 (RPET) - Avec fermeture magn\u00e9tique pour une utilisation facile - Avec bandouli\u00e8re facile \u00e0 cliquer - Syst\u00e8me de crochet r\u00e9glable rapide et facile pour monter et descendre du v\u00e9lo - Convient aux v\u00e9los \u00e9lectriques - R\u00e9flexions sur les deux c\u00f4t\u00e9s du sac - Comprend un porte-cl\u00e9s Urban Proof en couleur n\u00e9on","og_url":"https:\/\/urbanproof.nl\/fr\/product\/urban-proof-storm-panier-a-velo-recycle-20l-2\/","og_site_name":"Urban Proof","og_image":[{"width":2047,"height":2047,"url":"https:\/\/urbanproof.nl\/wp-content\/uploads\/2026\/03\/400787UP_-1.jpg","type":"image\/jpeg"}],"twitter_card":"summary_large_image","twitter_misc":{"Dur\u00e9e de lecture estim\u00e9e":"1 minute"},"schema":{"@context":"https:\/\/schema.org","@graph":[{"@type":"WebPage","@id":"https:\/\/urbanproof.nl\/fr\/product\/urban-proof-storm-panier-a-velo-recycle-20l-2\/","url":"https:\/\/urbanproof.nl\/fr\/product\/urban-proof-storm-panier-a-velo-recycle-20l-2\/","name":"URBAN PROOF STORM Panier \u00e0 v\u00e9lo recycl\u00e9 20L - Urban Proof","isPartOf":{"@id":"https:\/\/urbanproof.nl\/fr\/#website"},"primaryImageOfPage":{"@id":"https:\/\/urbanproof.nl\/fr\/product\/urban-proof-storm-panier-a-velo-recycle-20l-2\/#primaryimage"},"image":{"@id":"https:\/\/urbanproof.nl\/fr\/product\/urban-proof-storm-panier-a-velo-recycle-20l-2\/#primaryimage"},"thumbnailUrl":"https:\/\/urbanproof.nl\/wp-content\/uploads\/2026\/03\/400787UP_-1.jpg","datePublished":"2026-03-10T15:13:11+00:00","breadcrumb":{"@id":"https:\/\/urbanproof.nl\/fr\/product\/urban-proof-storm-panier-a-velo-recycle-20l-2\/#breadcrumb"},"inLanguage":"fr-FR","potentialAction":[{"@type":"ReadAction","target":["https:\/\/urbanproof.nl\/fr\/product\/urban-proof-storm-panier-a-velo-recycle-20l-2\/"]}]},{"@type":"ImageObject","inLanguage":"fr-FR","@id":"https:\/\/urbanproof.nl\/fr\/product\/urban-proof-storm-panier-a-velo-recycle-20l-2\/#primaryimage","url":"https:\/\/urbanproof.nl\/wp-content\/uploads\/2026\/03\/400787UP_-1.jpg","contentUrl":"https:\/\/urbanproof.nl\/wp-content\/uploads\/2026\/03\/400787UP_-1.jpg","width":2047,"height":2047},{"@type":"BreadcrumbList","@id":"https:\/\/urbanproof.nl\/fr\/product\/urban-proof-storm-panier-a-velo-recycle-20l-2\/#breadcrumb","itemListElement":[{"@type":"ListItem","position":1,"name":"Accueil","item":"https:\/\/urbanproof.nl\/fr\/"},{"@type":"ListItem","position":2,"name":"Collection","item":"https:\/\/urbanproof.nl\/assortiment\/"},{"@type":"ListItem","position":3,"name":"URBAN PROOF STORM Panier \u00e0 v\u00e9lo recycl\u00e9 20L"}]},{"@type":"WebSite","@id":"https:\/\/urbanproof.nl\/fr\/#website","url":"https:\/\/urbanproof.nl\/fr\/","name":"Urban Proof","description":"La durabilit\u00e9 en mouvement","publisher":{"@id":"https:\/\/urbanproof.nl\/fr\/#organization"},"potentialAction":[{"@type":"SearchAction","target":{"@type":"EntryPoint","urlTemplate":"https:\/\/urbanproof.nl\/fr\/?s={search_term_string}"},"query-input":{"@type":"PropertyValueSpecification","valueRequired":true,"valueName":"search_term_string"}}],"inLanguage":"fr-FR"},{"@type":"Organization","@id":"https:\/\/urbanproof.nl\/fr\/#organization","name":"Urban Proof","url":"https:\/\/urbanproof.nl\/fr\/","logo":{"@type":"ImageObject","inLanguage":"fr-FR","@id":"https:\/\/urbanproof.nl\/fr\/#\/schema\/logo\/image\/","url":"https:\/\/urbanproof.nl\/wp-content\/uploads\/2025\/04\/UBP_Logo_2022_ZWART.svg","contentUrl":"https:\/\/urbanproof.nl\/wp-content\/uploads\/2025\/04\/UBP_Logo_2022_ZWART.svg","caption":"Urban Proof"},"image":{"@id":"https:\/\/urbanproof.nl\/fr\/#\/schema\/logo\/image\/"},"sameAs":["https:\/\/www.instagram.com\/urbanproof_sustainable\/","https:\/\/www.linkedin.com\/company\/urban-proof"]}]}},"_links":{"self":[{"href":"https:\/\/urbanproof.nl\/fr\/wp-json\/wp\/v2\/product\/8369","targetHints":{"allow":["GET"]}}],"collection":[{"href":"https:\/\/urbanproof.nl\/fr\/wp-json\/wp\/v2\/product"}],"about":[{"href":"https:\/\/urbanproof.nl\/fr\/wp-json\/wp\/v2\/types\/product"}],"version-history":[{"count":0,"href":"https:\/\/urbanproof.nl\/fr\/wp-json\/wp\/v2\/product\/8369\/revisions"}],"wp:featuredmedia":[{"embeddable":true,"href":"https:\/\/urbanproof.nl\/fr\/wp-json\/wp\/v2\/media\/8039"}],"wp:attachment":[{"href":"https:\/\/urbanproof.nl\/fr\/wp-json\/wp\/v2\/media?parent=8369"}],"wp:term":[{"taxonomy":"product_brand","embeddable":true,"href":"https:\/\/urbanproof.nl\/fr\/wp-json\/wp\/v2\/product_brand?post=8369"},{"taxonomy":"product_cat","embeddable":true,"href":"https:\/\/urbanproof.nl\/fr\/wp-json\/wp\/v2\/product_cat?post=8369"},{"taxonomy":"product_tag","embeddable":true,"href":"https:\/\/urbanproof.nl\/fr\/wp-json\/wp\/v2\/product_tag?post=8369"}],"curies":[{"name":"wp","href":"https:\/\/api.w.org\/{rel}","templated":true}]}}