{"id":8271,"date":"2026-03-10T16:13:03","date_gmt":"2026-03-10T15:13:03","guid":{"rendered":"https:\/\/urbanproof.nl\/product\/urban-proof-district-panier-a-velo-recycle-20l-2\/"},"modified":"2026-03-10T16:13:03","modified_gmt":"2026-03-10T15:13:03","slug":"urban-proof-district-panier-a-velo-recycle-20l-2","status":"publish","type":"product","link":"https:\/\/urbanproof.nl\/fr\/product\/urban-proof-district-panier-a-velo-recycle-20l-2\/","title":{"rendered":"URBAN PROOF DISTRICT Panier \u00e0 v\u00e9lo recycl\u00e9 20L"},"content":{"rendered":"<p>D\u00e9couvrez l&rsquo;\u00e9l\u00e9gante collection DISTRICT. Ce Panier \u00e0 v\u00e9lo 20L est votre fid\u00e8le compagnon de voyage pour toutes vos sorties en ville. Fabriqu\u00e9e en polyester recycl\u00e9 (RPET), parce qu&rsquo;une bonne conduite commence par de bons choix. Gr\u00e2ce \u00e0 des coutures soud\u00e9es et \u00e0 une fermeture \u00e9clair \u00e9tanche, le sac est totalement imperm\u00e9able, de sorte que tout ce que vous emportez avec vous, de votre ordinateur portable \u00e0 votre d\u00e9jeuner, reste au sec et en s\u00e9curit\u00e9.<br \/>\n\u00c0 l&rsquo;int\u00e9rieur, vous trouverez une poche pratique pour vos accessoires et un clip pour porte-cl\u00e9s, de sorte que vous puissiez toujours acc\u00e9der rapidement \u00e0 vos affaires. Le syst\u00e8me de crochets r\u00e9glables permet de mettre facilement le sac sur votre V\u00e9lo, m\u00eame sur votre v\u00e9lo \u00e9lectrique, et la sangle d&rsquo;\u00e9paule cliquable le rend tout aussi facile \u00e0 transporter lorsque vous descendez de votre v\u00e9lo.<br \/>\nEt lorsque le soleil se couche t\u00f4t ? Les bandes r\u00e9fl\u00e9chissantes des deux c\u00f4t\u00e9s vous permettent d&rsquo;\u00eatre vu. \u00c9l\u00e9gant, intelligent et durable. Voil\u00e0 ce que devrait \u00eatre le v\u00e9lo urbain.       <\/p>\n","protected":false},"excerpt":{"rendered":"<p>&#8211; Enti\u00e8rement imperm\u00e9able gr\u00e2ce aux coutures soud\u00e9es<br \/>\n&#8211; Fermeture \u00e9clair imperm\u00e9able avec poche frontale<br \/>\n&#8211; A l&rsquo;int\u00e9rieur une poche pour accessoires et clip porte-cl\u00e9s<br \/>\n&#8211; Fabriqu\u00e9 en polyester recycl\u00e9 (RPET)<br \/>\n&#8211; Avec bandouli\u00e8re facile \u00e0 cliquer<br \/>\n&#8211; Syst\u00e8me de crochet r\u00e9glable rapide et facile pour monter et descendre du V\u00e9lo<br \/>\n&#8211; Convient aux E-bikes<br \/>\n&#8211; R\u00e9flexion sur les deux c\u00f4t\u00e9s du sac<\/p>\n","protected":false},"featured_media":8054,"template":"","meta":[],"product_brand":[],"product_cat":[341,344],"product_tag":[810,681],"class_list":{"0":"post-8271","1":"product","2":"type-product","3":"status-publish","4":"has-post-thumbnail","6":"product_cat-sacoches","7":"product_cat-sacoches-simples","8":"product_tag-collection-district","9":"product_tag-nouveau","10":"pa_afmetinglbh-35cm-x-14-5cm-x-40cm","11":"pa_collectie-collection-de-districts","12":"pa_e-bike-ready-oui","13":"pa_gewicht-940-g","14":"pa_inhoud-20-litres","15":"pa_kleur-noir","16":"pa_materiaal-polyester-recycle-rpet","17":"pa_reflectie-oui","18":"pa_type-product-sacoche-simple","19":"pa_volume-20l-fr","20":"pa_waterbestendig-oui","22":"first","23":"instock","24":"featured","25":"taxable","26":"shipping-taxable","27":"purchasable","28":"product-type-simple"},"yoast_head":"<!-- This site is optimized with the Yoast SEO plugin v27.1.1 - https:\/\/yoast.com\/product\/yoast-seo-wordpress\/ -->\n<title>URBAN PROOF DISTRICT Panier \u00e0 v\u00e9lo recycl\u00e9 20L - Urban Proof<\/title>\n<meta name=\"robots\" content=\"index, follow, max-snippet:-1, max-image-preview:large, max-video-preview:-1\" \/>\n<link rel=\"canonical\" href=\"https:\/\/urbanproof.nl\/fr\/product\/urban-proof-district-panier-a-velo-recycle-20l-2\/\" \/>\n<meta property=\"og:locale\" content=\"fr_FR\" \/>\n<meta property=\"og:type\" content=\"article\" \/>\n<meta property=\"og:title\" content=\"URBAN PROOF DISTRICT Panier \u00e0 v\u00e9lo recycl\u00e9 20L - Urban Proof\" \/>\n<meta property=\"og:description\" content=\"- Enti\u00e8rement imperm\u00e9able gr\u00e2ce aux coutures soud\u00e9es - Fermeture \u00e9clair imperm\u00e9able avec poche frontale - A l&#039;int\u00e9rieur une poche pour accessoires et clip porte-cl\u00e9s - Fabriqu\u00e9 en polyester recycl\u00e9 (RPET) - Avec bandouli\u00e8re facile \u00e0 cliquer - Syst\u00e8me de crochet r\u00e9glable rapide et facile pour monter et descendre du V\u00e9lo - Convient aux E-bikes - R\u00e9flexion sur les deux c\u00f4t\u00e9s du sac\" \/>\n<meta property=\"og:url\" content=\"https:\/\/urbanproof.nl\/fr\/product\/urban-proof-district-panier-a-velo-recycle-20l-2\/\" \/>\n<meta property=\"og:site_name\" content=\"Urban Proof\" \/>\n<meta property=\"og:image\" content=\"https:\/\/urbanproof.nl\/wp-content\/uploads\/2026\/03\/400788UP_1.jpg\" \/>\n\t<meta property=\"og:image:width\" content=\"2047\" \/>\n\t<meta property=\"og:image:height\" content=\"2047\" \/>\n\t<meta property=\"og:image:type\" content=\"image\/jpeg\" \/>\n<meta name=\"twitter:card\" content=\"summary_large_image\" \/>\n<meta name=\"twitter:label1\" content=\"Dur\u00e9e de lecture estim\u00e9e\" \/>\n\t<meta name=\"twitter:data1\" content=\"1 minute\" \/>\n<script type=\"application\/ld+json\" class=\"yoast-schema-graph\">{\"@context\":\"https:\/\/schema.org\",\"@graph\":[{\"@type\":\"WebPage\",\"@id\":\"https:\/\/urbanproof.nl\/fr\/product\/urban-proof-district-panier-a-velo-recycle-20l-2\/\",\"url\":\"https:\/\/urbanproof.nl\/fr\/product\/urban-proof-district-panier-a-velo-recycle-20l-2\/\",\"name\":\"URBAN PROOF DISTRICT Panier \u00e0 v\u00e9lo recycl\u00e9 20L - Urban Proof\",\"isPartOf\":{\"@id\":\"https:\/\/urbanproof.nl\/fr\/#website\"},\"primaryImageOfPage\":{\"@id\":\"https:\/\/urbanproof.nl\/fr\/product\/urban-proof-district-panier-a-velo-recycle-20l-2\/#primaryimage\"},\"image\":{\"@id\":\"https:\/\/urbanproof.nl\/fr\/product\/urban-proof-district-panier-a-velo-recycle-20l-2\/#primaryimage\"},\"thumbnailUrl\":\"https:\/\/urbanproof.nl\/wp-content\/uploads\/2026\/03\/400788UP_1.jpg\",\"datePublished\":\"2026-03-10T15:13:03+00:00\",\"breadcrumb\":{\"@id\":\"https:\/\/urbanproof.nl\/fr\/product\/urban-proof-district-panier-a-velo-recycle-20l-2\/#breadcrumb\"},\"inLanguage\":\"fr-FR\",\"potentialAction\":[{\"@type\":\"ReadAction\",\"target\":[\"https:\/\/urbanproof.nl\/fr\/product\/urban-proof-district-panier-a-velo-recycle-20l-2\/\"]}]},{\"@type\":\"ImageObject\",\"inLanguage\":\"fr-FR\",\"@id\":\"https:\/\/urbanproof.nl\/fr\/product\/urban-proof-district-panier-a-velo-recycle-20l-2\/#primaryimage\",\"url\":\"https:\/\/urbanproof.nl\/wp-content\/uploads\/2026\/03\/400788UP_1.jpg\",\"contentUrl\":\"https:\/\/urbanproof.nl\/wp-content\/uploads\/2026\/03\/400788UP_1.jpg\",\"width\":2047,\"height\":2047},{\"@type\":\"BreadcrumbList\",\"@id\":\"https:\/\/urbanproof.nl\/fr\/product\/urban-proof-district-panier-a-velo-recycle-20l-2\/#breadcrumb\",\"itemListElement\":[{\"@type\":\"ListItem\",\"position\":1,\"name\":\"Accueil\",\"item\":\"https:\/\/urbanproof.nl\/fr\/\"},{\"@type\":\"ListItem\",\"position\":2,\"name\":\"Collection\",\"item\":\"https:\/\/urbanproof.nl\/assortiment\/\"},{\"@type\":\"ListItem\",\"position\":3,\"name\":\"URBAN PROOF DISTRICT Panier \u00e0 v\u00e9lo recycl\u00e9 20L\"}]},{\"@type\":\"WebSite\",\"@id\":\"https:\/\/urbanproof.nl\/fr\/#website\",\"url\":\"https:\/\/urbanproof.nl\/fr\/\",\"name\":\"Urban Proof\",\"description\":\"La durabilit\u00e9 en mouvement\",\"publisher\":{\"@id\":\"https:\/\/urbanproof.nl\/fr\/#organization\"},\"potentialAction\":[{\"@type\":\"SearchAction\",\"target\":{\"@type\":\"EntryPoint\",\"urlTemplate\":\"https:\/\/urbanproof.nl\/fr\/?s={search_term_string}\"},\"query-input\":{\"@type\":\"PropertyValueSpecification\",\"valueRequired\":true,\"valueName\":\"search_term_string\"}}],\"inLanguage\":\"fr-FR\"},{\"@type\":\"Organization\",\"@id\":\"https:\/\/urbanproof.nl\/fr\/#organization\",\"name\":\"Urban Proof\",\"url\":\"https:\/\/urbanproof.nl\/fr\/\",\"logo\":{\"@type\":\"ImageObject\",\"inLanguage\":\"fr-FR\",\"@id\":\"https:\/\/urbanproof.nl\/fr\/#\/schema\/logo\/image\/\",\"url\":\"https:\/\/urbanproof.nl\/wp-content\/uploads\/2025\/04\/UBP_Logo_2022_ZWART.svg\",\"contentUrl\":\"https:\/\/urbanproof.nl\/wp-content\/uploads\/2025\/04\/UBP_Logo_2022_ZWART.svg\",\"caption\":\"Urban Proof\"},\"image\":{\"@id\":\"https:\/\/urbanproof.nl\/fr\/#\/schema\/logo\/image\/\"},\"sameAs\":[\"https:\/\/www.instagram.com\/urbanproof_sustainable\/\",\"https:\/\/www.linkedin.com\/company\/urban-proof\"]}]}<\/script>\n<!-- \/ Yoast SEO plugin. -->","yoast_head_json":{"title":"URBAN PROOF DISTRICT Panier \u00e0 v\u00e9lo recycl\u00e9 20L - Urban Proof","robots":{"index":"index","follow":"follow","max-snippet":"max-snippet:-1","max-image-preview":"max-image-preview:large","max-video-preview":"max-video-preview:-1"},"canonical":"https:\/\/urbanproof.nl\/fr\/product\/urban-proof-district-panier-a-velo-recycle-20l-2\/","og_locale":"fr_FR","og_type":"article","og_title":"URBAN PROOF DISTRICT Panier \u00e0 v\u00e9lo recycl\u00e9 20L - Urban Proof","og_description":"- Enti\u00e8rement imperm\u00e9able gr\u00e2ce aux coutures soud\u00e9es - Fermeture \u00e9clair imperm\u00e9able avec poche frontale - A l'int\u00e9rieur une poche pour accessoires et clip porte-cl\u00e9s - Fabriqu\u00e9 en polyester recycl\u00e9 (RPET) - Avec bandouli\u00e8re facile \u00e0 cliquer - Syst\u00e8me de crochet r\u00e9glable rapide et facile pour monter et descendre du V\u00e9lo - Convient aux E-bikes - R\u00e9flexion sur les deux c\u00f4t\u00e9s du sac","og_url":"https:\/\/urbanproof.nl\/fr\/product\/urban-proof-district-panier-a-velo-recycle-20l-2\/","og_site_name":"Urban Proof","og_image":[{"width":2047,"height":2047,"url":"https:\/\/urbanproof.nl\/wp-content\/uploads\/2026\/03\/400788UP_1.jpg","type":"image\/jpeg"}],"twitter_card":"summary_large_image","twitter_misc":{"Dur\u00e9e de lecture estim\u00e9e":"1 minute"},"schema":{"@context":"https:\/\/schema.org","@graph":[{"@type":"WebPage","@id":"https:\/\/urbanproof.nl\/fr\/product\/urban-proof-district-panier-a-velo-recycle-20l-2\/","url":"https:\/\/urbanproof.nl\/fr\/product\/urban-proof-district-panier-a-velo-recycle-20l-2\/","name":"URBAN PROOF DISTRICT Panier \u00e0 v\u00e9lo recycl\u00e9 20L - Urban Proof","isPartOf":{"@id":"https:\/\/urbanproof.nl\/fr\/#website"},"primaryImageOfPage":{"@id":"https:\/\/urbanproof.nl\/fr\/product\/urban-proof-district-panier-a-velo-recycle-20l-2\/#primaryimage"},"image":{"@id":"https:\/\/urbanproof.nl\/fr\/product\/urban-proof-district-panier-a-velo-recycle-20l-2\/#primaryimage"},"thumbnailUrl":"https:\/\/urbanproof.nl\/wp-content\/uploads\/2026\/03\/400788UP_1.jpg","datePublished":"2026-03-10T15:13:03+00:00","breadcrumb":{"@id":"https:\/\/urbanproof.nl\/fr\/product\/urban-proof-district-panier-a-velo-recycle-20l-2\/#breadcrumb"},"inLanguage":"fr-FR","potentialAction":[{"@type":"ReadAction","target":["https:\/\/urbanproof.nl\/fr\/product\/urban-proof-district-panier-a-velo-recycle-20l-2\/"]}]},{"@type":"ImageObject","inLanguage":"fr-FR","@id":"https:\/\/urbanproof.nl\/fr\/product\/urban-proof-district-panier-a-velo-recycle-20l-2\/#primaryimage","url":"https:\/\/urbanproof.nl\/wp-content\/uploads\/2026\/03\/400788UP_1.jpg","contentUrl":"https:\/\/urbanproof.nl\/wp-content\/uploads\/2026\/03\/400788UP_1.jpg","width":2047,"height":2047},{"@type":"BreadcrumbList","@id":"https:\/\/urbanproof.nl\/fr\/product\/urban-proof-district-panier-a-velo-recycle-20l-2\/#breadcrumb","itemListElement":[{"@type":"ListItem","position":1,"name":"Accueil","item":"https:\/\/urbanproof.nl\/fr\/"},{"@type":"ListItem","position":2,"name":"Collection","item":"https:\/\/urbanproof.nl\/assortiment\/"},{"@type":"ListItem","position":3,"name":"URBAN PROOF DISTRICT Panier \u00e0 v\u00e9lo recycl\u00e9 20L"}]},{"@type":"WebSite","@id":"https:\/\/urbanproof.nl\/fr\/#website","url":"https:\/\/urbanproof.nl\/fr\/","name":"Urban Proof","description":"La durabilit\u00e9 en mouvement","publisher":{"@id":"https:\/\/urbanproof.nl\/fr\/#organization"},"potentialAction":[{"@type":"SearchAction","target":{"@type":"EntryPoint","urlTemplate":"https:\/\/urbanproof.nl\/fr\/?s={search_term_string}"},"query-input":{"@type":"PropertyValueSpecification","valueRequired":true,"valueName":"search_term_string"}}],"inLanguage":"fr-FR"},{"@type":"Organization","@id":"https:\/\/urbanproof.nl\/fr\/#organization","name":"Urban Proof","url":"https:\/\/urbanproof.nl\/fr\/","logo":{"@type":"ImageObject","inLanguage":"fr-FR","@id":"https:\/\/urbanproof.nl\/fr\/#\/schema\/logo\/image\/","url":"https:\/\/urbanproof.nl\/wp-content\/uploads\/2025\/04\/UBP_Logo_2022_ZWART.svg","contentUrl":"https:\/\/urbanproof.nl\/wp-content\/uploads\/2025\/04\/UBP_Logo_2022_ZWART.svg","caption":"Urban Proof"},"image":{"@id":"https:\/\/urbanproof.nl\/fr\/#\/schema\/logo\/image\/"},"sameAs":["https:\/\/www.instagram.com\/urbanproof_sustainable\/","https:\/\/www.linkedin.com\/company\/urban-proof"]}]}},"_links":{"self":[{"href":"https:\/\/urbanproof.nl\/fr\/wp-json\/wp\/v2\/product\/8271","targetHints":{"allow":["GET"]}}],"collection":[{"href":"https:\/\/urbanproof.nl\/fr\/wp-json\/wp\/v2\/product"}],"about":[{"href":"https:\/\/urbanproof.nl\/fr\/wp-json\/wp\/v2\/types\/product"}],"version-history":[{"count":0,"href":"https:\/\/urbanproof.nl\/fr\/wp-json\/wp\/v2\/product\/8271\/revisions"}],"wp:featuredmedia":[{"embeddable":true,"href":"https:\/\/urbanproof.nl\/fr\/wp-json\/wp\/v2\/media\/8054"}],"wp:attachment":[{"href":"https:\/\/urbanproof.nl\/fr\/wp-json\/wp\/v2\/media?parent=8271"}],"wp:term":[{"taxonomy":"product_brand","embeddable":true,"href":"https:\/\/urbanproof.nl\/fr\/wp-json\/wp\/v2\/product_brand?post=8271"},{"taxonomy":"product_cat","embeddable":true,"href":"https:\/\/urbanproof.nl\/fr\/wp-json\/wp\/v2\/product_cat?post=8271"},{"taxonomy":"product_tag","embeddable":true,"href":"https:\/\/urbanproof.nl\/fr\/wp-json\/wp\/v2\/product_tag?post=8271"}],"curies":[{"name":"wp","href":"https:\/\/api.w.org\/{rel}","templated":true}]}}