{"id":7056,"date":"2025-06-02T15:56:42","date_gmt":"2025-06-02T13:56:42","guid":{"rendered":"https:\/\/urbanproof.nl\/product\/urban-proof-chambre-a-air-45degree-valve-20-x-4-00-1-piece\/"},"modified":"2025-12-03T12:42:43","modified_gmt":"2025-12-03T10:42:43","slug":"urban-proof-chambre-a-air-45degree-valve-20-x-4-00-1-piece","status":"publish","type":"product","link":"https:\/\/urbanproof.nl\/fr\/product\/urban-proof-chambre-a-air-45degree-valve-20-x-4-00-1-piece\/","title":{"rendered":"URBAN PROOF Chambre \u00e0 air 45DEGREE VALVE &#8211; 20 x 4.00 &#8211; 1 pi\u00e8ce"},"content":{"rendered":"<p>Chambre \u00e0 air Urban Proof Fat Bike de taille 20 x 4.00 pouces. La chambre \u00e0 air est \u00e9quip\u00e9e d&rsquo;une valve de voiture (Schr\u00e4der) courb\u00e9e \u00e0 45\u00b0 degr\u00e9s.<br \/>\nCet article contient 1 chambre \u00e0 air.<\/p>\n","protected":false},"excerpt":{"rendered":"<p>  &#8211; 20 x 4.00 pouces<br \/>\n&#8211; Easy fit<br \/>\n&#8211; Valve automatique \u00e0 45\u00b0 degr\u00e9s (Schr\u00e4der)<br \/>\n&#8211; Convient aux pneus Fat Bike<\/p>\n","protected":false},"featured_media":4029,"template":"","meta":[],"product_brand":[],"product_cat":[328,327],"product_tag":[749],"class_list":{"0":"post-7056","1":"product","2":"type-product","3":"status-publish","4":"has-post-thumbnail","6":"product_cat-chambres-a-air","7":"product_cat-pneus-de-bicyclettes","8":"product_tag-chambres-a-air-45valve","9":"pa_afmetinglbh-20-x-4-00-pouces","10":"pa_collectie-collection-de-pneus","11":"pa_inch-20-fr","12":"pa_kleur-noir","13":"pa_type-product-chambre-a-air-de-velo","15":"first","16":"instock","17":"taxable","18":"shipping-taxable","19":"purchasable","20":"product-type-simple"},"yoast_head":"<!-- This site is optimized with the Yoast SEO plugin v27.1.1 - https:\/\/yoast.com\/product\/yoast-seo-wordpress\/ -->\n<title>URBAN PROOF Chambre \u00e0 air 45DEGREE VALVE - 20 x 4.00 - 1 pi\u00e8ce - Urban Proof<\/title>\n<meta name=\"robots\" content=\"index, follow, max-snippet:-1, max-image-preview:large, max-video-preview:-1\" \/>\n<link rel=\"canonical\" href=\"https:\/\/urbanproof.nl\/fr\/product\/urban-proof-chambre-a-air-45degree-valve-20-x-4-00-1-piece\/\" \/>\n<meta property=\"og:locale\" content=\"fr_FR\" \/>\n<meta property=\"og:type\" content=\"article\" \/>\n<meta property=\"og:title\" content=\"URBAN PROOF Chambre \u00e0 air 45DEGREE VALVE - 20 x 4.00 - 1 pi\u00e8ce - Urban Proof\" \/>\n<meta property=\"og:description\" content=\"- 20 x 4.00 pouces - Easy fit - Valve automatique \u00e0 45\u00b0 degr\u00e9s (Schr\u00e4der) - Convient aux pneus Fat Bike\" \/>\n<meta property=\"og:url\" content=\"https:\/\/urbanproof.nl\/fr\/product\/urban-proof-chambre-a-air-45degree-valve-20-x-4-00-1-piece\/\" \/>\n<meta property=\"og:site_name\" content=\"Urban Proof\" \/>\n<meta property=\"article:modified_time\" content=\"2025-12-03T10:42:43+00:00\" \/>\n<meta property=\"og:image\" content=\"https:\/\/urbanproof.nl\/wp-content\/uploads\/2025\/06\/607AM-45D_1-1.jpg\" \/>\n\t<meta property=\"og:image:width\" content=\"2047\" \/>\n\t<meta property=\"og:image:height\" content=\"2047\" \/>\n\t<meta property=\"og:image:type\" content=\"image\/jpeg\" \/>\n<meta name=\"twitter:card\" content=\"summary_large_image\" \/>\n<script type=\"application\/ld+json\" class=\"yoast-schema-graph\">{\"@context\":\"https:\/\/schema.org\",\"@graph\":[{\"@type\":\"WebPage\",\"@id\":\"https:\/\/urbanproof.nl\/fr\/product\/urban-proof-chambre-a-air-45degree-valve-20-x-4-00-1-piece\/\",\"url\":\"https:\/\/urbanproof.nl\/fr\/product\/urban-proof-chambre-a-air-45degree-valve-20-x-4-00-1-piece\/\",\"name\":\"URBAN PROOF Chambre \u00e0 air 45DEGREE VALVE - 20 x 4.00 - 1 pi\u00e8ce - Urban Proof\",\"isPartOf\":{\"@id\":\"https:\/\/urbanproof.nl\/fr\/#website\"},\"primaryImageOfPage\":{\"@id\":\"https:\/\/urbanproof.nl\/fr\/product\/urban-proof-chambre-a-air-45degree-valve-20-x-4-00-1-piece\/#primaryimage\"},\"image\":{\"@id\":\"https:\/\/urbanproof.nl\/fr\/product\/urban-proof-chambre-a-air-45degree-valve-20-x-4-00-1-piece\/#primaryimage\"},\"thumbnailUrl\":\"https:\/\/urbanproof.nl\/wp-content\/uploads\/2025\/06\/607AM-45D_1-1.jpg\",\"datePublished\":\"2025-06-02T13:56:42+00:00\",\"dateModified\":\"2025-12-03T10:42:43+00:00\",\"breadcrumb\":{\"@id\":\"https:\/\/urbanproof.nl\/fr\/product\/urban-proof-chambre-a-air-45degree-valve-20-x-4-00-1-piece\/#breadcrumb\"},\"inLanguage\":\"fr-FR\",\"potentialAction\":[{\"@type\":\"ReadAction\",\"target\":[\"https:\/\/urbanproof.nl\/fr\/product\/urban-proof-chambre-a-air-45degree-valve-20-x-4-00-1-piece\/\"]}]},{\"@type\":\"ImageObject\",\"inLanguage\":\"fr-FR\",\"@id\":\"https:\/\/urbanproof.nl\/fr\/product\/urban-proof-chambre-a-air-45degree-valve-20-x-4-00-1-piece\/#primaryimage\",\"url\":\"https:\/\/urbanproof.nl\/wp-content\/uploads\/2025\/06\/607AM-45D_1-1.jpg\",\"contentUrl\":\"https:\/\/urbanproof.nl\/wp-content\/uploads\/2025\/06\/607AM-45D_1-1.jpg\",\"width\":2047,\"height\":2047},{\"@type\":\"BreadcrumbList\",\"@id\":\"https:\/\/urbanproof.nl\/fr\/product\/urban-proof-chambre-a-air-45degree-valve-20-x-4-00-1-piece\/#breadcrumb\",\"itemListElement\":[{\"@type\":\"ListItem\",\"position\":1,\"name\":\"Accueil\",\"item\":\"https:\/\/urbanproof.nl\/fr\/\"},{\"@type\":\"ListItem\",\"position\":2,\"name\":\"Collection\",\"item\":\"https:\/\/urbanproof.nl\/assortiment\/\"},{\"@type\":\"ListItem\",\"position\":3,\"name\":\"URBAN PROOF Chambre \u00e0 air 45DEGREE VALVE &#8211; 20 x 4.00 &#8211; 1 pi\u00e8ce\"}]},{\"@type\":\"WebSite\",\"@id\":\"https:\/\/urbanproof.nl\/fr\/#website\",\"url\":\"https:\/\/urbanproof.nl\/fr\/\",\"name\":\"Urban Proof\",\"description\":\"La durabilit\u00e9 en mouvement\",\"publisher\":{\"@id\":\"https:\/\/urbanproof.nl\/fr\/#organization\"},\"potentialAction\":[{\"@type\":\"SearchAction\",\"target\":{\"@type\":\"EntryPoint\",\"urlTemplate\":\"https:\/\/urbanproof.nl\/fr\/?s={search_term_string}\"},\"query-input\":{\"@type\":\"PropertyValueSpecification\",\"valueRequired\":true,\"valueName\":\"search_term_string\"}}],\"inLanguage\":\"fr-FR\"},{\"@type\":\"Organization\",\"@id\":\"https:\/\/urbanproof.nl\/fr\/#organization\",\"name\":\"Urban Proof\",\"url\":\"https:\/\/urbanproof.nl\/fr\/\",\"logo\":{\"@type\":\"ImageObject\",\"inLanguage\":\"fr-FR\",\"@id\":\"https:\/\/urbanproof.nl\/fr\/#\/schema\/logo\/image\/\",\"url\":\"https:\/\/urbanproof.nl\/wp-content\/uploads\/2025\/04\/UBP_Logo_2022_ZWART.svg\",\"contentUrl\":\"https:\/\/urbanproof.nl\/wp-content\/uploads\/2025\/04\/UBP_Logo_2022_ZWART.svg\",\"caption\":\"Urban Proof\"},\"image\":{\"@id\":\"https:\/\/urbanproof.nl\/fr\/#\/schema\/logo\/image\/\"},\"sameAs\":[\"https:\/\/www.instagram.com\/urbanproof_sustainable\/\",\"https:\/\/www.linkedin.com\/company\/urban-proof\"]}]}<\/script>\n<!-- \/ Yoast SEO plugin. -->","yoast_head_json":{"title":"URBAN PROOF Chambre \u00e0 air 45DEGREE VALVE - 20 x 4.00 - 1 pi\u00e8ce - Urban Proof","robots":{"index":"index","follow":"follow","max-snippet":"max-snippet:-1","max-image-preview":"max-image-preview:large","max-video-preview":"max-video-preview:-1"},"canonical":"https:\/\/urbanproof.nl\/fr\/product\/urban-proof-chambre-a-air-45degree-valve-20-x-4-00-1-piece\/","og_locale":"fr_FR","og_type":"article","og_title":"URBAN PROOF Chambre \u00e0 air 45DEGREE VALVE - 20 x 4.00 - 1 pi\u00e8ce - Urban Proof","og_description":"- 20 x 4.00 pouces - Easy fit - Valve automatique \u00e0 45\u00b0 degr\u00e9s (Schr\u00e4der) - Convient aux pneus Fat Bike","og_url":"https:\/\/urbanproof.nl\/fr\/product\/urban-proof-chambre-a-air-45degree-valve-20-x-4-00-1-piece\/","og_site_name":"Urban Proof","article_modified_time":"2025-12-03T10:42:43+00:00","og_image":[{"width":2047,"height":2047,"url":"https:\/\/urbanproof.nl\/wp-content\/uploads\/2025\/06\/607AM-45D_1-1.jpg","type":"image\/jpeg"}],"twitter_card":"summary_large_image","schema":{"@context":"https:\/\/schema.org","@graph":[{"@type":"WebPage","@id":"https:\/\/urbanproof.nl\/fr\/product\/urban-proof-chambre-a-air-45degree-valve-20-x-4-00-1-piece\/","url":"https:\/\/urbanproof.nl\/fr\/product\/urban-proof-chambre-a-air-45degree-valve-20-x-4-00-1-piece\/","name":"URBAN PROOF Chambre \u00e0 air 45DEGREE VALVE - 20 x 4.00 - 1 pi\u00e8ce - Urban Proof","isPartOf":{"@id":"https:\/\/urbanproof.nl\/fr\/#website"},"primaryImageOfPage":{"@id":"https:\/\/urbanproof.nl\/fr\/product\/urban-proof-chambre-a-air-45degree-valve-20-x-4-00-1-piece\/#primaryimage"},"image":{"@id":"https:\/\/urbanproof.nl\/fr\/product\/urban-proof-chambre-a-air-45degree-valve-20-x-4-00-1-piece\/#primaryimage"},"thumbnailUrl":"https:\/\/urbanproof.nl\/wp-content\/uploads\/2025\/06\/607AM-45D_1-1.jpg","datePublished":"2025-06-02T13:56:42+00:00","dateModified":"2025-12-03T10:42:43+00:00","breadcrumb":{"@id":"https:\/\/urbanproof.nl\/fr\/product\/urban-proof-chambre-a-air-45degree-valve-20-x-4-00-1-piece\/#breadcrumb"},"inLanguage":"fr-FR","potentialAction":[{"@type":"ReadAction","target":["https:\/\/urbanproof.nl\/fr\/product\/urban-proof-chambre-a-air-45degree-valve-20-x-4-00-1-piece\/"]}]},{"@type":"ImageObject","inLanguage":"fr-FR","@id":"https:\/\/urbanproof.nl\/fr\/product\/urban-proof-chambre-a-air-45degree-valve-20-x-4-00-1-piece\/#primaryimage","url":"https:\/\/urbanproof.nl\/wp-content\/uploads\/2025\/06\/607AM-45D_1-1.jpg","contentUrl":"https:\/\/urbanproof.nl\/wp-content\/uploads\/2025\/06\/607AM-45D_1-1.jpg","width":2047,"height":2047},{"@type":"BreadcrumbList","@id":"https:\/\/urbanproof.nl\/fr\/product\/urban-proof-chambre-a-air-45degree-valve-20-x-4-00-1-piece\/#breadcrumb","itemListElement":[{"@type":"ListItem","position":1,"name":"Accueil","item":"https:\/\/urbanproof.nl\/fr\/"},{"@type":"ListItem","position":2,"name":"Collection","item":"https:\/\/urbanproof.nl\/assortiment\/"},{"@type":"ListItem","position":3,"name":"URBAN PROOF Chambre \u00e0 air 45DEGREE VALVE &#8211; 20 x 4.00 &#8211; 1 pi\u00e8ce"}]},{"@type":"WebSite","@id":"https:\/\/urbanproof.nl\/fr\/#website","url":"https:\/\/urbanproof.nl\/fr\/","name":"Urban Proof","description":"La durabilit\u00e9 en mouvement","publisher":{"@id":"https:\/\/urbanproof.nl\/fr\/#organization"},"potentialAction":[{"@type":"SearchAction","target":{"@type":"EntryPoint","urlTemplate":"https:\/\/urbanproof.nl\/fr\/?s={search_term_string}"},"query-input":{"@type":"PropertyValueSpecification","valueRequired":true,"valueName":"search_term_string"}}],"inLanguage":"fr-FR"},{"@type":"Organization","@id":"https:\/\/urbanproof.nl\/fr\/#organization","name":"Urban Proof","url":"https:\/\/urbanproof.nl\/fr\/","logo":{"@type":"ImageObject","inLanguage":"fr-FR","@id":"https:\/\/urbanproof.nl\/fr\/#\/schema\/logo\/image\/","url":"https:\/\/urbanproof.nl\/wp-content\/uploads\/2025\/04\/UBP_Logo_2022_ZWART.svg","contentUrl":"https:\/\/urbanproof.nl\/wp-content\/uploads\/2025\/04\/UBP_Logo_2022_ZWART.svg","caption":"Urban Proof"},"image":{"@id":"https:\/\/urbanproof.nl\/fr\/#\/schema\/logo\/image\/"},"sameAs":["https:\/\/www.instagram.com\/urbanproof_sustainable\/","https:\/\/www.linkedin.com\/company\/urban-proof"]}]}},"_links":{"self":[{"href":"https:\/\/urbanproof.nl\/fr\/wp-json\/wp\/v2\/product\/7056","targetHints":{"allow":["GET"]}}],"collection":[{"href":"https:\/\/urbanproof.nl\/fr\/wp-json\/wp\/v2\/product"}],"about":[{"href":"https:\/\/urbanproof.nl\/fr\/wp-json\/wp\/v2\/types\/product"}],"version-history":[{"count":1,"href":"https:\/\/urbanproof.nl\/fr\/wp-json\/wp\/v2\/product\/7056\/revisions"}],"predecessor-version":[{"id":7058,"href":"https:\/\/urbanproof.nl\/fr\/wp-json\/wp\/v2\/product\/7056\/revisions\/7058"}],"wp:featuredmedia":[{"embeddable":true,"href":"https:\/\/urbanproof.nl\/fr\/wp-json\/wp\/v2\/media\/4029"}],"wp:attachment":[{"href":"https:\/\/urbanproof.nl\/fr\/wp-json\/wp\/v2\/media?parent=7056"}],"wp:term":[{"taxonomy":"product_brand","embeddable":true,"href":"https:\/\/urbanproof.nl\/fr\/wp-json\/wp\/v2\/product_brand?post=7056"},{"taxonomy":"product_cat","embeddable":true,"href":"https:\/\/urbanproof.nl\/fr\/wp-json\/wp\/v2\/product_cat?post=7056"},{"taxonomy":"product_tag","embeddable":true,"href":"https:\/\/urbanproof.nl\/fr\/wp-json\/wp\/v2\/product_tag?post=7056"}],"curies":[{"name":"wp","href":"https:\/\/api.w.org\/{rel}","templated":true}]}}