{"id":2852,"date":"2025-04-14T15:48:05","date_gmt":"2025-04-14T13:48:05","guid":{"rendered":"https:\/\/urbanproof.nl\/assortiment\/non%20class\u00e9\/urban-proof-double-cargo-bicycle-bag-marron\/"},"modified":"2025-12-03T12:41:28","modified_gmt":"2025-12-03T10:41:28","slug":"urban-proof-double-cargo-bicycle-bag-marron","status":"publish","type":"product","link":"https:\/\/urbanproof.nl\/fr\/product\/urban-proof-double-cargo-bicycle-bag-marron\/","title":{"rendered":"URBAN PROOF Panier \u00e0 v\u00e9lo double pour le transport de marchandises"},"content":{"rendered":"<p>Le Double Cargo Bag est bien plus qu&rsquo;un simple panier \u00e0 v\u00e9lo. Il s&rsquo;agit d&rsquo;une solution de volume moderne et \u00e9l\u00e9gante au look authentique. Pourquoi vous encombrer d&rsquo;un poids suppl\u00e9mentaire quand vous pouvez facilement l&rsquo;attacher \u00e0 votre V\u00e9lo ? La grande poche frontale vous permet d&rsquo;acc\u00e9der rapidement \u00e0 vos objets essentiels, tandis que la fermeture \u00e0 boucle vous assure que tout reste bien rang\u00e9.   <\/p>\n<p>Ce sac est con\u00e7u pour ceux qui recherchent des moyens \u00e9l\u00e9gants et pratiques de se d\u00e9placer sans faire de compromis sur le design. De plus, le sac est fabriqu\u00e9 \u00e0 partir de 62 bouteilles PET recycl\u00e9es (500 ml), ce qui vous permet de prendre davantage soin de la plan\u00e8te sans rien sacrifier. Prenez la route avec le Double Cargo Bag et montrez que fonctionnalit\u00e9 et design peuvent aller de pair.  <\/p>\n","protected":false},"excerpt":{"rendered":"<p>  &#8211; Convient aux v\u00e9los \u00e9lectriques<br \/>\n &#8211; Syst\u00e8me de fixation universel<br \/>\n &#8211; R\u00e9sistant \u00e0 l&rsquo;eau<br \/>\n &#8211; Poche frontale facile d&rsquo;acc\u00e8s<br \/>\n &#8211; R\u00e9flexion sur le dos<\/p>\n","protected":false},"featured_media":1639,"template":"","meta":[],"product_brand":[],"product_cat":[368,341],"product_tag":[664],"class_list":{"0":"post-2852","1":"product","2":"type-product","3":"status-publish","4":"has-post-thumbnail","6":"product_cat-double-sacoche","7":"product_cat-sacoches","8":"product_tag-collection-core-de-doubles-sacoches-de-velo","9":"pa_afmetinglbh-30cm-x-15cm-x-42cm-fr","10":"pa_collectie-collection-de-base","11":"pa_e-bike-ready-oui","12":"pa_gewicht-1760-grammes","13":"pa_inhoud-38-litres","14":"pa_kleur-marron","15":"pa_materiaal-bisonyl-recycle","16":"pa_reflectie-oui","17":"pa_type-product-sacoche-double-pour-velo","18":"pa_volume-38l-fr","19":"pa_waterbestendig-oui","21":"first","22":"instock","23":"taxable","24":"shipping-taxable","25":"purchasable","26":"product-type-simple"},"yoast_head":"<!-- This site is optimized with the Yoast SEO plugin v27.1.1 - https:\/\/yoast.com\/product\/yoast-seo-wordpress\/ -->\n<title>URBAN PROOF Panier \u00e0 v\u00e9lo double pour le transport de marchandises - Urban Proof<\/title>\n<meta name=\"robots\" content=\"index, follow, max-snippet:-1, max-image-preview:large, max-video-preview:-1\" \/>\n<link rel=\"canonical\" href=\"https:\/\/urbanproof.nl\/fr\/product\/urban-proof-double-cargo-bicycle-bag-marron\/\" \/>\n<meta property=\"og:locale\" content=\"fr_FR\" \/>\n<meta property=\"og:type\" content=\"article\" \/>\n<meta property=\"og:title\" content=\"URBAN PROOF Panier \u00e0 v\u00e9lo double pour le transport de marchandises - Urban Proof\" \/>\n<meta property=\"og:description\" content=\"- Convient aux v\u00e9los \u00e9lectriques - Syst\u00e8me de fixation universel - R\u00e9sistant \u00e0 l&#039;eau - Poche frontale facile d&#039;acc\u00e8s - R\u00e9flexion sur le dos\" \/>\n<meta property=\"og:url\" content=\"https:\/\/urbanproof.nl\/fr\/product\/urban-proof-double-cargo-bicycle-bag-marron\/\" \/>\n<meta property=\"og:site_name\" content=\"Urban Proof\" \/>\n<meta property=\"article:modified_time\" content=\"2025-12-03T10:41:28+00:00\" \/>\n<meta property=\"og:image\" content=\"https:\/\/urbanproof.nl\/wp-content\/uploads\/2025\/04\/400725UP_1.jpg\" \/>\n\t<meta property=\"og:image:width\" content=\"2047\" \/>\n\t<meta property=\"og:image:height\" content=\"2047\" \/>\n\t<meta property=\"og:image:type\" content=\"image\/jpeg\" \/>\n<meta name=\"twitter:card\" content=\"summary_large_image\" \/>\n<meta name=\"twitter:label1\" content=\"Dur\u00e9e de lecture estim\u00e9e\" \/>\n\t<meta name=\"twitter:data1\" content=\"1 minute\" \/>\n<script type=\"application\/ld+json\" class=\"yoast-schema-graph\">{\"@context\":\"https:\/\/schema.org\",\"@graph\":[{\"@type\":\"WebPage\",\"@id\":\"https:\/\/urbanproof.nl\/fr\/product\/urban-proof-double-cargo-bicycle-bag-marron\/\",\"url\":\"https:\/\/urbanproof.nl\/fr\/product\/urban-proof-double-cargo-bicycle-bag-marron\/\",\"name\":\"URBAN PROOF Panier \u00e0 v\u00e9lo double pour le transport de marchandises - Urban Proof\",\"isPartOf\":{\"@id\":\"https:\/\/urbanproof.nl\/fr\/#website\"},\"primaryImageOfPage\":{\"@id\":\"https:\/\/urbanproof.nl\/fr\/product\/urban-proof-double-cargo-bicycle-bag-marron\/#primaryimage\"},\"image\":{\"@id\":\"https:\/\/urbanproof.nl\/fr\/product\/urban-proof-double-cargo-bicycle-bag-marron\/#primaryimage\"},\"thumbnailUrl\":\"https:\/\/urbanproof.nl\/wp-content\/uploads\/2025\/04\/400725UP_1.jpg\",\"datePublished\":\"2025-04-14T13:48:05+00:00\",\"dateModified\":\"2025-12-03T10:41:28+00:00\",\"breadcrumb\":{\"@id\":\"https:\/\/urbanproof.nl\/fr\/product\/urban-proof-double-cargo-bicycle-bag-marron\/#breadcrumb\"},\"inLanguage\":\"fr-FR\",\"potentialAction\":[{\"@type\":\"ReadAction\",\"target\":[\"https:\/\/urbanproof.nl\/fr\/product\/urban-proof-double-cargo-bicycle-bag-marron\/\"]}]},{\"@type\":\"ImageObject\",\"inLanguage\":\"fr-FR\",\"@id\":\"https:\/\/urbanproof.nl\/fr\/product\/urban-proof-double-cargo-bicycle-bag-marron\/#primaryimage\",\"url\":\"https:\/\/urbanproof.nl\/wp-content\/uploads\/2025\/04\/400725UP_1.jpg\",\"contentUrl\":\"https:\/\/urbanproof.nl\/wp-content\/uploads\/2025\/04\/400725UP_1.jpg\",\"width\":2047,\"height\":2047},{\"@type\":\"BreadcrumbList\",\"@id\":\"https:\/\/urbanproof.nl\/fr\/product\/urban-proof-double-cargo-bicycle-bag-marron\/#breadcrumb\",\"itemListElement\":[{\"@type\":\"ListItem\",\"position\":1,\"name\":\"Accueil\",\"item\":\"https:\/\/urbanproof.nl\/fr\/\"},{\"@type\":\"ListItem\",\"position\":2,\"name\":\"Collection\",\"item\":\"https:\/\/urbanproof.nl\/assortiment\/\"},{\"@type\":\"ListItem\",\"position\":3,\"name\":\"URBAN PROOF Panier \u00e0 v\u00e9lo double pour le transport de marchandises\"}]},{\"@type\":\"WebSite\",\"@id\":\"https:\/\/urbanproof.nl\/fr\/#website\",\"url\":\"https:\/\/urbanproof.nl\/fr\/\",\"name\":\"Urban Proof\",\"description\":\"La durabilit\u00e9 en mouvement\",\"publisher\":{\"@id\":\"https:\/\/urbanproof.nl\/fr\/#organization\"},\"potentialAction\":[{\"@type\":\"SearchAction\",\"target\":{\"@type\":\"EntryPoint\",\"urlTemplate\":\"https:\/\/urbanproof.nl\/fr\/?s={search_term_string}\"},\"query-input\":{\"@type\":\"PropertyValueSpecification\",\"valueRequired\":true,\"valueName\":\"search_term_string\"}}],\"inLanguage\":\"fr-FR\"},{\"@type\":\"Organization\",\"@id\":\"https:\/\/urbanproof.nl\/fr\/#organization\",\"name\":\"Urban Proof\",\"url\":\"https:\/\/urbanproof.nl\/fr\/\",\"logo\":{\"@type\":\"ImageObject\",\"inLanguage\":\"fr-FR\",\"@id\":\"https:\/\/urbanproof.nl\/fr\/#\/schema\/logo\/image\/\",\"url\":\"https:\/\/urbanproof.nl\/wp-content\/uploads\/2025\/04\/UBP_Logo_2022_ZWART.svg\",\"contentUrl\":\"https:\/\/urbanproof.nl\/wp-content\/uploads\/2025\/04\/UBP_Logo_2022_ZWART.svg\",\"caption\":\"Urban Proof\"},\"image\":{\"@id\":\"https:\/\/urbanproof.nl\/fr\/#\/schema\/logo\/image\/\"},\"sameAs\":[\"https:\/\/www.instagram.com\/urbanproof_sustainable\/\",\"https:\/\/www.linkedin.com\/company\/urban-proof\"]}]}<\/script>\n<!-- \/ Yoast SEO plugin. -->","yoast_head_json":{"title":"URBAN PROOF Panier \u00e0 v\u00e9lo double pour le transport de marchandises - Urban Proof","robots":{"index":"index","follow":"follow","max-snippet":"max-snippet:-1","max-image-preview":"max-image-preview:large","max-video-preview":"max-video-preview:-1"},"canonical":"https:\/\/urbanproof.nl\/fr\/product\/urban-proof-double-cargo-bicycle-bag-marron\/","og_locale":"fr_FR","og_type":"article","og_title":"URBAN PROOF Panier \u00e0 v\u00e9lo double pour le transport de marchandises - Urban Proof","og_description":"- Convient aux v\u00e9los \u00e9lectriques - Syst\u00e8me de fixation universel - R\u00e9sistant \u00e0 l'eau - Poche frontale facile d'acc\u00e8s - R\u00e9flexion sur le dos","og_url":"https:\/\/urbanproof.nl\/fr\/product\/urban-proof-double-cargo-bicycle-bag-marron\/","og_site_name":"Urban Proof","article_modified_time":"2025-12-03T10:41:28+00:00","og_image":[{"width":2047,"height":2047,"url":"https:\/\/urbanproof.nl\/wp-content\/uploads\/2025\/04\/400725UP_1.jpg","type":"image\/jpeg"}],"twitter_card":"summary_large_image","twitter_misc":{"Dur\u00e9e de lecture estim\u00e9e":"1 minute"},"schema":{"@context":"https:\/\/schema.org","@graph":[{"@type":"WebPage","@id":"https:\/\/urbanproof.nl\/fr\/product\/urban-proof-double-cargo-bicycle-bag-marron\/","url":"https:\/\/urbanproof.nl\/fr\/product\/urban-proof-double-cargo-bicycle-bag-marron\/","name":"URBAN PROOF Panier \u00e0 v\u00e9lo double pour le transport de marchandises - Urban Proof","isPartOf":{"@id":"https:\/\/urbanproof.nl\/fr\/#website"},"primaryImageOfPage":{"@id":"https:\/\/urbanproof.nl\/fr\/product\/urban-proof-double-cargo-bicycle-bag-marron\/#primaryimage"},"image":{"@id":"https:\/\/urbanproof.nl\/fr\/product\/urban-proof-double-cargo-bicycle-bag-marron\/#primaryimage"},"thumbnailUrl":"https:\/\/urbanproof.nl\/wp-content\/uploads\/2025\/04\/400725UP_1.jpg","datePublished":"2025-04-14T13:48:05+00:00","dateModified":"2025-12-03T10:41:28+00:00","breadcrumb":{"@id":"https:\/\/urbanproof.nl\/fr\/product\/urban-proof-double-cargo-bicycle-bag-marron\/#breadcrumb"},"inLanguage":"fr-FR","potentialAction":[{"@type":"ReadAction","target":["https:\/\/urbanproof.nl\/fr\/product\/urban-proof-double-cargo-bicycle-bag-marron\/"]}]},{"@type":"ImageObject","inLanguage":"fr-FR","@id":"https:\/\/urbanproof.nl\/fr\/product\/urban-proof-double-cargo-bicycle-bag-marron\/#primaryimage","url":"https:\/\/urbanproof.nl\/wp-content\/uploads\/2025\/04\/400725UP_1.jpg","contentUrl":"https:\/\/urbanproof.nl\/wp-content\/uploads\/2025\/04\/400725UP_1.jpg","width":2047,"height":2047},{"@type":"BreadcrumbList","@id":"https:\/\/urbanproof.nl\/fr\/product\/urban-proof-double-cargo-bicycle-bag-marron\/#breadcrumb","itemListElement":[{"@type":"ListItem","position":1,"name":"Accueil","item":"https:\/\/urbanproof.nl\/fr\/"},{"@type":"ListItem","position":2,"name":"Collection","item":"https:\/\/urbanproof.nl\/assortiment\/"},{"@type":"ListItem","position":3,"name":"URBAN PROOF Panier \u00e0 v\u00e9lo double pour le transport de marchandises"}]},{"@type":"WebSite","@id":"https:\/\/urbanproof.nl\/fr\/#website","url":"https:\/\/urbanproof.nl\/fr\/","name":"Urban Proof","description":"La durabilit\u00e9 en mouvement","publisher":{"@id":"https:\/\/urbanproof.nl\/fr\/#organization"},"potentialAction":[{"@type":"SearchAction","target":{"@type":"EntryPoint","urlTemplate":"https:\/\/urbanproof.nl\/fr\/?s={search_term_string}"},"query-input":{"@type":"PropertyValueSpecification","valueRequired":true,"valueName":"search_term_string"}}],"inLanguage":"fr-FR"},{"@type":"Organization","@id":"https:\/\/urbanproof.nl\/fr\/#organization","name":"Urban Proof","url":"https:\/\/urbanproof.nl\/fr\/","logo":{"@type":"ImageObject","inLanguage":"fr-FR","@id":"https:\/\/urbanproof.nl\/fr\/#\/schema\/logo\/image\/","url":"https:\/\/urbanproof.nl\/wp-content\/uploads\/2025\/04\/UBP_Logo_2022_ZWART.svg","contentUrl":"https:\/\/urbanproof.nl\/wp-content\/uploads\/2025\/04\/UBP_Logo_2022_ZWART.svg","caption":"Urban Proof"},"image":{"@id":"https:\/\/urbanproof.nl\/fr\/#\/schema\/logo\/image\/"},"sameAs":["https:\/\/www.instagram.com\/urbanproof_sustainable\/","https:\/\/www.linkedin.com\/company\/urban-proof"]}]}},"_links":{"self":[{"href":"https:\/\/urbanproof.nl\/fr\/wp-json\/wp\/v2\/product\/2852","targetHints":{"allow":["GET"]}}],"collection":[{"href":"https:\/\/urbanproof.nl\/fr\/wp-json\/wp\/v2\/product"}],"about":[{"href":"https:\/\/urbanproof.nl\/fr\/wp-json\/wp\/v2\/types\/product"}],"version-history":[{"count":1,"href":"https:\/\/urbanproof.nl\/fr\/wp-json\/wp\/v2\/product\/2852\/revisions"}],"predecessor-version":[{"id":6935,"href":"https:\/\/urbanproof.nl\/fr\/wp-json\/wp\/v2\/product\/2852\/revisions\/6935"}],"wp:featuredmedia":[{"embeddable":true,"href":"https:\/\/urbanproof.nl\/fr\/wp-json\/wp\/v2\/media\/1639"}],"wp:attachment":[{"href":"https:\/\/urbanproof.nl\/fr\/wp-json\/wp\/v2\/media?parent=2852"}],"wp:term":[{"taxonomy":"product_brand","embeddable":true,"href":"https:\/\/urbanproof.nl\/fr\/wp-json\/wp\/v2\/product_brand?post=2852"},{"taxonomy":"product_cat","embeddable":true,"href":"https:\/\/urbanproof.nl\/fr\/wp-json\/wp\/v2\/product_cat?post=2852"},{"taxonomy":"product_tag","embeddable":true,"href":"https:\/\/urbanproof.nl\/fr\/wp-json\/wp\/v2\/product_tag?post=2852"}],"curies":[{"name":"wp","href":"https:\/\/api.w.org\/{rel}","templated":true}]}}