{"id":2843,"date":"2025-04-14T15:47:51","date_gmt":"2025-04-14T13:47:51","guid":{"rendered":"https:\/\/urbanproof.nl\/assortiment\/non%20class\u00e9\/urban-proof-sac-a-velo-double-recycle-40l-vert\/"},"modified":"2025-12-03T12:41:22","modified_gmt":"2025-12-03T10:41:22","slug":"urban-proof-sac-a-velo-double-recycle-40l-vert","status":"publish","type":"product","link":"https:\/\/urbanproof.nl\/fr\/product\/urban-proof-sac-a-velo-double-recycle-40l-vert\/","title":{"rendered":"URBAN PROOF Panier \u00e0 v\u00e9lo double recycl\u00e9 40L"},"content":{"rendered":"<p>Avec le Panier \u00e0 v\u00e9lo double recycl\u00e9, vous disposez d&rsquo;une sacoche spacieuse de 40 litres avec une touche de fra\u00eecheur. Facile \u00e0 attacher \u00e0 votre porte-bagages \u00e0 l&rsquo;aide des sangles, mais notez qu&rsquo;elle s&rsquo;adapte \u00e9galement aux porte-bagages habituels. La solide fermeture \u00e0 crochet permet de tout garder en s\u00e9curit\u00e9. Saviez-vous que nous avons utilis\u00e9 pas moins de 68 bouteilles recycl\u00e9es pour fabriquer ce sac ? Le mat\u00e9riau est r\u00e9sistant aux intemp\u00e9ries et super durable &#8211; parfait pour vous accompagner tout au long de la journ\u00e9e !    <\/p>\n","protected":false},"excerpt":{"rendered":"<p>  &#8211; Convient aux v\u00e9los \u00e9lectriques<br \/>\n &#8211; Syst\u00e8me d&rsquo;attache universel<br \/>\n &#8211; Imperm\u00e9able<br \/>\n &#8211; Fermeture r\u00e9glable avec crochet<br \/>\n &#8211; Fermeture parachute \u00e0 l&rsquo;int\u00e9rieur<br \/>\n &#8211; R\u00e9flexion sur le c\u00f4t\u00e9<\/p>\n","protected":false},"featured_media":1315,"template":"","meta":[],"product_brand":[],"product_cat":[368,341],"product_tag":[647],"class_list":{"0":"post-2843","1":"product","2":"type-product","3":"status-publish","4":"has-post-thumbnail","6":"product_cat-double-sacoche","7":"product_cat-sacoches","8":"product_tag-panier-a-velo-double-recycle","9":"pa_afmetinglbh-39cm-x-15cm-x-31cm-fr","10":"pa_collectie-collection-recyclee","11":"pa_gewicht-2180-grammes","12":"pa_inhoud-40-litres","13":"pa_kleur-gris","14":"pa_kleur-vert","15":"pa_materiaal-pet-recycle-rpet-1200d","16":"pa_reflectie-oui","17":"pa_type-product-sacoche-double-pour-velo","18":"pa_volume-40l-fr","19":"pa_waterbestendig-oui","21":"first","22":"instock","23":"taxable","24":"shipping-taxable","25":"purchasable","26":"product-type-simple"},"yoast_head":"<!-- This site is optimized with the Yoast SEO plugin v27.1.1 - https:\/\/yoast.com\/product\/yoast-seo-wordpress\/ -->\n<title>URBAN PROOF Panier \u00e0 v\u00e9lo double recycl\u00e9 40L - Urban Proof<\/title>\n<meta name=\"robots\" content=\"index, follow, max-snippet:-1, max-image-preview:large, max-video-preview:-1\" \/>\n<link rel=\"canonical\" href=\"https:\/\/urbanproof.nl\/fr\/product\/urban-proof-sac-a-velo-double-recycle-40l-vert\/\" \/>\n<meta property=\"og:locale\" content=\"fr_FR\" \/>\n<meta property=\"og:type\" content=\"article\" \/>\n<meta property=\"og:title\" content=\"URBAN PROOF Panier \u00e0 v\u00e9lo double recycl\u00e9 40L - Urban Proof\" \/>\n<meta property=\"og:description\" content=\"- Convient aux v\u00e9los \u00e9lectriques - Syst\u00e8me d&#039;attache universel - Imperm\u00e9able - Fermeture r\u00e9glable avec crochet - Fermeture parachute \u00e0 l&#039;int\u00e9rieur - R\u00e9flexion sur le c\u00f4t\u00e9\" \/>\n<meta property=\"og:url\" content=\"https:\/\/urbanproof.nl\/fr\/product\/urban-proof-sac-a-velo-double-recycle-40l-vert\/\" \/>\n<meta property=\"og:site_name\" content=\"Urban Proof\" \/>\n<meta property=\"article:modified_time\" content=\"2025-12-03T10:41:22+00:00\" \/>\n<meta property=\"og:image\" content=\"https:\/\/urbanproof.nl\/wp-content\/uploads\/2025\/04\/400693UP_1.jpg\" \/>\n\t<meta property=\"og:image:width\" content=\"2047\" \/>\n\t<meta property=\"og:image:height\" content=\"2047\" \/>\n\t<meta property=\"og:image:type\" content=\"image\/jpeg\" \/>\n<meta name=\"twitter:card\" content=\"summary_large_image\" \/>\n<script type=\"application\/ld+json\" class=\"yoast-schema-graph\">{\"@context\":\"https:\/\/schema.org\",\"@graph\":[{\"@type\":\"WebPage\",\"@id\":\"https:\/\/urbanproof.nl\/fr\/product\/urban-proof-sac-a-velo-double-recycle-40l-vert\/\",\"url\":\"https:\/\/urbanproof.nl\/fr\/product\/urban-proof-sac-a-velo-double-recycle-40l-vert\/\",\"name\":\"URBAN PROOF Panier \u00e0 v\u00e9lo double recycl\u00e9 40L - Urban Proof\",\"isPartOf\":{\"@id\":\"https:\/\/urbanproof.nl\/fr\/#website\"},\"primaryImageOfPage\":{\"@id\":\"https:\/\/urbanproof.nl\/fr\/product\/urban-proof-sac-a-velo-double-recycle-40l-vert\/#primaryimage\"},\"image\":{\"@id\":\"https:\/\/urbanproof.nl\/fr\/product\/urban-proof-sac-a-velo-double-recycle-40l-vert\/#primaryimage\"},\"thumbnailUrl\":\"https:\/\/urbanproof.nl\/wp-content\/uploads\/2025\/04\/400693UP_1.jpg\",\"datePublished\":\"2025-04-14T13:47:51+00:00\",\"dateModified\":\"2025-12-03T10:41:22+00:00\",\"breadcrumb\":{\"@id\":\"https:\/\/urbanproof.nl\/fr\/product\/urban-proof-sac-a-velo-double-recycle-40l-vert\/#breadcrumb\"},\"inLanguage\":\"fr-FR\",\"potentialAction\":[{\"@type\":\"ReadAction\",\"target\":[\"https:\/\/urbanproof.nl\/fr\/product\/urban-proof-sac-a-velo-double-recycle-40l-vert\/\"]}]},{\"@type\":\"ImageObject\",\"inLanguage\":\"fr-FR\",\"@id\":\"https:\/\/urbanproof.nl\/fr\/product\/urban-proof-sac-a-velo-double-recycle-40l-vert\/#primaryimage\",\"url\":\"https:\/\/urbanproof.nl\/wp-content\/uploads\/2025\/04\/400693UP_1.jpg\",\"contentUrl\":\"https:\/\/urbanproof.nl\/wp-content\/uploads\/2025\/04\/400693UP_1.jpg\",\"width\":2047,\"height\":2047},{\"@type\":\"BreadcrumbList\",\"@id\":\"https:\/\/urbanproof.nl\/fr\/product\/urban-proof-sac-a-velo-double-recycle-40l-vert\/#breadcrumb\",\"itemListElement\":[{\"@type\":\"ListItem\",\"position\":1,\"name\":\"Accueil\",\"item\":\"https:\/\/urbanproof.nl\/fr\/\"},{\"@type\":\"ListItem\",\"position\":2,\"name\":\"Collection\",\"item\":\"https:\/\/urbanproof.nl\/assortiment\/\"},{\"@type\":\"ListItem\",\"position\":3,\"name\":\"URBAN PROOF Panier \u00e0 v\u00e9lo double recycl\u00e9 40L\"}]},{\"@type\":\"WebSite\",\"@id\":\"https:\/\/urbanproof.nl\/fr\/#website\",\"url\":\"https:\/\/urbanproof.nl\/fr\/\",\"name\":\"Urban Proof\",\"description\":\"La durabilit\u00e9 en mouvement\",\"publisher\":{\"@id\":\"https:\/\/urbanproof.nl\/fr\/#organization\"},\"potentialAction\":[{\"@type\":\"SearchAction\",\"target\":{\"@type\":\"EntryPoint\",\"urlTemplate\":\"https:\/\/urbanproof.nl\/fr\/?s={search_term_string}\"},\"query-input\":{\"@type\":\"PropertyValueSpecification\",\"valueRequired\":true,\"valueName\":\"search_term_string\"}}],\"inLanguage\":\"fr-FR\"},{\"@type\":\"Organization\",\"@id\":\"https:\/\/urbanproof.nl\/fr\/#organization\",\"name\":\"Urban Proof\",\"url\":\"https:\/\/urbanproof.nl\/fr\/\",\"logo\":{\"@type\":\"ImageObject\",\"inLanguage\":\"fr-FR\",\"@id\":\"https:\/\/urbanproof.nl\/fr\/#\/schema\/logo\/image\/\",\"url\":\"https:\/\/urbanproof.nl\/wp-content\/uploads\/2025\/04\/UBP_Logo_2022_ZWART.svg\",\"contentUrl\":\"https:\/\/urbanproof.nl\/wp-content\/uploads\/2025\/04\/UBP_Logo_2022_ZWART.svg\",\"caption\":\"Urban Proof\"},\"image\":{\"@id\":\"https:\/\/urbanproof.nl\/fr\/#\/schema\/logo\/image\/\"},\"sameAs\":[\"https:\/\/www.instagram.com\/urbanproof_sustainable\/\",\"https:\/\/www.linkedin.com\/company\/urban-proof\"]}]}<\/script>\n<!-- \/ Yoast SEO plugin. -->","yoast_head_json":{"title":"URBAN PROOF Panier \u00e0 v\u00e9lo double recycl\u00e9 40L - Urban Proof","robots":{"index":"index","follow":"follow","max-snippet":"max-snippet:-1","max-image-preview":"max-image-preview:large","max-video-preview":"max-video-preview:-1"},"canonical":"https:\/\/urbanproof.nl\/fr\/product\/urban-proof-sac-a-velo-double-recycle-40l-vert\/","og_locale":"fr_FR","og_type":"article","og_title":"URBAN PROOF Panier \u00e0 v\u00e9lo double recycl\u00e9 40L - Urban Proof","og_description":"- Convient aux v\u00e9los \u00e9lectriques - Syst\u00e8me d'attache universel - Imperm\u00e9able - Fermeture r\u00e9glable avec crochet - Fermeture parachute \u00e0 l'int\u00e9rieur - R\u00e9flexion sur le c\u00f4t\u00e9","og_url":"https:\/\/urbanproof.nl\/fr\/product\/urban-proof-sac-a-velo-double-recycle-40l-vert\/","og_site_name":"Urban Proof","article_modified_time":"2025-12-03T10:41:22+00:00","og_image":[{"width":2047,"height":2047,"url":"https:\/\/urbanproof.nl\/wp-content\/uploads\/2025\/04\/400693UP_1.jpg","type":"image\/jpeg"}],"twitter_card":"summary_large_image","schema":{"@context":"https:\/\/schema.org","@graph":[{"@type":"WebPage","@id":"https:\/\/urbanproof.nl\/fr\/product\/urban-proof-sac-a-velo-double-recycle-40l-vert\/","url":"https:\/\/urbanproof.nl\/fr\/product\/urban-proof-sac-a-velo-double-recycle-40l-vert\/","name":"URBAN PROOF Panier \u00e0 v\u00e9lo double recycl\u00e9 40L - Urban Proof","isPartOf":{"@id":"https:\/\/urbanproof.nl\/fr\/#website"},"primaryImageOfPage":{"@id":"https:\/\/urbanproof.nl\/fr\/product\/urban-proof-sac-a-velo-double-recycle-40l-vert\/#primaryimage"},"image":{"@id":"https:\/\/urbanproof.nl\/fr\/product\/urban-proof-sac-a-velo-double-recycle-40l-vert\/#primaryimage"},"thumbnailUrl":"https:\/\/urbanproof.nl\/wp-content\/uploads\/2025\/04\/400693UP_1.jpg","datePublished":"2025-04-14T13:47:51+00:00","dateModified":"2025-12-03T10:41:22+00:00","breadcrumb":{"@id":"https:\/\/urbanproof.nl\/fr\/product\/urban-proof-sac-a-velo-double-recycle-40l-vert\/#breadcrumb"},"inLanguage":"fr-FR","potentialAction":[{"@type":"ReadAction","target":["https:\/\/urbanproof.nl\/fr\/product\/urban-proof-sac-a-velo-double-recycle-40l-vert\/"]}]},{"@type":"ImageObject","inLanguage":"fr-FR","@id":"https:\/\/urbanproof.nl\/fr\/product\/urban-proof-sac-a-velo-double-recycle-40l-vert\/#primaryimage","url":"https:\/\/urbanproof.nl\/wp-content\/uploads\/2025\/04\/400693UP_1.jpg","contentUrl":"https:\/\/urbanproof.nl\/wp-content\/uploads\/2025\/04\/400693UP_1.jpg","width":2047,"height":2047},{"@type":"BreadcrumbList","@id":"https:\/\/urbanproof.nl\/fr\/product\/urban-proof-sac-a-velo-double-recycle-40l-vert\/#breadcrumb","itemListElement":[{"@type":"ListItem","position":1,"name":"Accueil","item":"https:\/\/urbanproof.nl\/fr\/"},{"@type":"ListItem","position":2,"name":"Collection","item":"https:\/\/urbanproof.nl\/assortiment\/"},{"@type":"ListItem","position":3,"name":"URBAN PROOF Panier \u00e0 v\u00e9lo double recycl\u00e9 40L"}]},{"@type":"WebSite","@id":"https:\/\/urbanproof.nl\/fr\/#website","url":"https:\/\/urbanproof.nl\/fr\/","name":"Urban Proof","description":"La durabilit\u00e9 en mouvement","publisher":{"@id":"https:\/\/urbanproof.nl\/fr\/#organization"},"potentialAction":[{"@type":"SearchAction","target":{"@type":"EntryPoint","urlTemplate":"https:\/\/urbanproof.nl\/fr\/?s={search_term_string}"},"query-input":{"@type":"PropertyValueSpecification","valueRequired":true,"valueName":"search_term_string"}}],"inLanguage":"fr-FR"},{"@type":"Organization","@id":"https:\/\/urbanproof.nl\/fr\/#organization","name":"Urban Proof","url":"https:\/\/urbanproof.nl\/fr\/","logo":{"@type":"ImageObject","inLanguage":"fr-FR","@id":"https:\/\/urbanproof.nl\/fr\/#\/schema\/logo\/image\/","url":"https:\/\/urbanproof.nl\/wp-content\/uploads\/2025\/04\/UBP_Logo_2022_ZWART.svg","contentUrl":"https:\/\/urbanproof.nl\/wp-content\/uploads\/2025\/04\/UBP_Logo_2022_ZWART.svg","caption":"Urban Proof"},"image":{"@id":"https:\/\/urbanproof.nl\/fr\/#\/schema\/logo\/image\/"},"sameAs":["https:\/\/www.instagram.com\/urbanproof_sustainable\/","https:\/\/www.linkedin.com\/company\/urban-proof"]}]}},"_links":{"self":[{"href":"https:\/\/urbanproof.nl\/fr\/wp-json\/wp\/v2\/product\/2843","targetHints":{"allow":["GET"]}}],"collection":[{"href":"https:\/\/urbanproof.nl\/fr\/wp-json\/wp\/v2\/product"}],"about":[{"href":"https:\/\/urbanproof.nl\/fr\/wp-json\/wp\/v2\/types\/product"}],"version-history":[{"count":1,"href":"https:\/\/urbanproof.nl\/fr\/wp-json\/wp\/v2\/product\/2843\/revisions"}],"predecessor-version":[{"id":6925,"href":"https:\/\/urbanproof.nl\/fr\/wp-json\/wp\/v2\/product\/2843\/revisions\/6925"}],"wp:featuredmedia":[{"embeddable":true,"href":"https:\/\/urbanproof.nl\/fr\/wp-json\/wp\/v2\/media\/1315"}],"wp:attachment":[{"href":"https:\/\/urbanproof.nl\/fr\/wp-json\/wp\/v2\/media?parent=2843"}],"wp:term":[{"taxonomy":"product_brand","embeddable":true,"href":"https:\/\/urbanproof.nl\/fr\/wp-json\/wp\/v2\/product_brand?post=2843"},{"taxonomy":"product_cat","embeddable":true,"href":"https:\/\/urbanproof.nl\/fr\/wp-json\/wp\/v2\/product_cat?post=2843"},{"taxonomy":"product_tag","embeddable":true,"href":"https:\/\/urbanproof.nl\/fr\/wp-json\/wp\/v2\/product_tag?post=2843"}],"curies":[{"name":"wp","href":"https:\/\/api.w.org\/{rel}","templated":true}]}}