{"id":2838,"date":"2025-04-14T15:47:55","date_gmt":"2025-04-14T13:47:55","guid":{"rendered":"https:\/\/urbanproof.nl\/assortiment\/non%20class\u00e9\/sac-a-dos-a-roulettes-urban-proof-noir\/"},"modified":"2025-12-03T12:45:15","modified_gmt":"2025-12-03T10:45:15","slug":"sac-a-dos-a-roulettes-urban-proof-noir","status":"publish","type":"product","link":"https:\/\/urbanproof.nl\/fr\/product\/sac-a-dos-a-roulettes-urban-proof-noir\/","title":{"rendered":"URBAN PROOF Panier \u00e0 v\u00e9lo \u00e0 roulettes"},"content":{"rendered":"<p>La sacoche Rolltop Back : la sacoche ultime pour le porteur moderne et conscient. Avec une fermeture roul\u00e9e et un volume permettant de transporter toutes vos affaires. Fini les maux de dos gr\u00e2ce au rembourrage confortable, et vous pouvez m\u00eame l&rsquo;attacher facilement \u00e0 votre V\u00e9lo. Vous n&rsquo;aurez plus \u00e0 vous battre pour trouver vos cl\u00e9s &#8211; gr\u00e2ce aux deux poches frontales pratiques, tout est \u00e0 port\u00e9e de main. Mais ne vous inqui\u00e9tez pas pour votre portefeuille, il est en s\u00e9curit\u00e9 dans la poche arri\u00e8re zipp\u00e9e cach\u00e9e. Le plus beau dans ce sac ? Il est fabriqu\u00e9 \u00e0 partir de 47 bouteilles PET recycl\u00e9es. Vous optez donc non seulement pour un beau design, mais aussi pour la plan\u00e8te. Pour les vrais navetteurs qui sortent avec style et de mani\u00e8re responsable.       <\/p>\n","protected":false},"excerpt":{"rendered":"<p>&#8211; Crochets \u00e0 v\u00e9lo r\u00e9glables<br \/>\n&#8211; Convient aux v\u00e9los \u00e9lectriques<br \/>\n&#8211; Syst\u00e8me de fixation universel<br \/>\n&#8211; R\u00e9sistant \u00e0 l&rsquo;eau<br \/>\n&#8211; Compartiment pour ordinateur portable 17&Prime; doubl\u00e9<br \/>\n&#8211; Poches avant faciles d&rsquo;acc\u00e8s<br \/>\n&#8211; R\u00e9flexion sur les sangles de fermeture<br \/>\n&#8211; Poche arri\u00e8re zipp\u00e9e dissimul\u00e9e<br \/>\n&#8211; Housse de pluie pour le rembourrage du dos<\/p>\n","protected":false},"featured_media":1402,"template":"","meta":[],"product_brand":[],"product_cat":[341,344],"product_tag":[751],"class_list":{"0":"post-2838","1":"product","2":"type-product","3":"status-publish","4":"has-post-thumbnail","6":"product_cat-sacoches","7":"product_cat-sacoches-simples","8":"product_tag-sacs-a-dos-pour-velo-de-la-collection-core","9":"pa_afmetinglbh-34cm-x-13cm-x-46cm-fr","10":"pa_collectie-collection-de-base","11":"pa_e-bike-ready-oui","12":"pa_gewicht-1430-grammes","13":"pa_inhoud-20-litres","14":"pa_kleur-noir","15":"pa_materiaal-bisonyl-recycle","16":"pa_reflectie-oui","17":"pa_type-product-sacoche-simple","18":"pa_volume-20l-fr","19":"pa_waterbestendig-oui","21":"first","22":"instock","23":"taxable","24":"shipping-taxable","25":"purchasable","26":"product-type-simple"},"yoast_head":"<!-- This site is optimized with the Yoast SEO plugin v27.1.1 - https:\/\/yoast.com\/product\/yoast-seo-wordpress\/ -->\n<title>URBAN PROOF Panier \u00e0 v\u00e9lo \u00e0 roulettes - Urban Proof<\/title>\n<meta name=\"robots\" content=\"index, follow, max-snippet:-1, max-image-preview:large, max-video-preview:-1\" \/>\n<link rel=\"canonical\" href=\"https:\/\/urbanproof.nl\/fr\/product\/sac-a-dos-a-roulettes-urban-proof-noir\/\" \/>\n<meta property=\"og:locale\" content=\"fr_FR\" \/>\n<meta property=\"og:type\" content=\"article\" \/>\n<meta property=\"og:title\" content=\"URBAN PROOF Panier \u00e0 v\u00e9lo \u00e0 roulettes - Urban Proof\" \/>\n<meta property=\"og:description\" content=\"- Crochets \u00e0 v\u00e9lo r\u00e9glables - Convient aux v\u00e9los \u00e9lectriques - Syst\u00e8me de fixation universel - R\u00e9sistant \u00e0 l&#039;eau - Compartiment pour ordinateur portable 17&quot; doubl\u00e9 - Poches avant faciles d&#039;acc\u00e8s - R\u00e9flexion sur les sangles de fermeture - Poche arri\u00e8re zipp\u00e9e dissimul\u00e9e - Housse de pluie pour le rembourrage du dos\" \/>\n<meta property=\"og:url\" content=\"https:\/\/urbanproof.nl\/fr\/product\/sac-a-dos-a-roulettes-urban-proof-noir\/\" \/>\n<meta property=\"og:site_name\" content=\"Urban Proof\" \/>\n<meta property=\"article:modified_time\" content=\"2025-12-03T10:45:15+00:00\" \/>\n<meta property=\"og:image\" content=\"https:\/\/urbanproof.nl\/wp-content\/uploads\/2025\/04\/400718UP_1.jpg\" \/>\n\t<meta property=\"og:image:width\" content=\"2047\" \/>\n\t<meta property=\"og:image:height\" content=\"2047\" \/>\n\t<meta property=\"og:image:type\" content=\"image\/jpeg\" \/>\n<meta name=\"twitter:card\" content=\"summary_large_image\" \/>\n<meta name=\"twitter:label1\" content=\"Dur\u00e9e de lecture estim\u00e9e\" \/>\n\t<meta name=\"twitter:data1\" content=\"1 minute\" \/>\n<script type=\"application\/ld+json\" class=\"yoast-schema-graph\">{\"@context\":\"https:\/\/schema.org\",\"@graph\":[{\"@type\":\"WebPage\",\"@id\":\"https:\/\/urbanproof.nl\/fr\/product\/sac-a-dos-a-roulettes-urban-proof-noir\/\",\"url\":\"https:\/\/urbanproof.nl\/fr\/product\/sac-a-dos-a-roulettes-urban-proof-noir\/\",\"name\":\"URBAN PROOF Panier \u00e0 v\u00e9lo \u00e0 roulettes - Urban Proof\",\"isPartOf\":{\"@id\":\"https:\/\/urbanproof.nl\/fr\/#website\"},\"primaryImageOfPage\":{\"@id\":\"https:\/\/urbanproof.nl\/fr\/product\/sac-a-dos-a-roulettes-urban-proof-noir\/#primaryimage\"},\"image\":{\"@id\":\"https:\/\/urbanproof.nl\/fr\/product\/sac-a-dos-a-roulettes-urban-proof-noir\/#primaryimage\"},\"thumbnailUrl\":\"https:\/\/urbanproof.nl\/wp-content\/uploads\/2025\/04\/400718UP_1.jpg\",\"datePublished\":\"2025-04-14T13:47:55+00:00\",\"dateModified\":\"2025-12-03T10:45:15+00:00\",\"breadcrumb\":{\"@id\":\"https:\/\/urbanproof.nl\/fr\/product\/sac-a-dos-a-roulettes-urban-proof-noir\/#breadcrumb\"},\"inLanguage\":\"fr-FR\",\"potentialAction\":[{\"@type\":\"ReadAction\",\"target\":[\"https:\/\/urbanproof.nl\/fr\/product\/sac-a-dos-a-roulettes-urban-proof-noir\/\"]}]},{\"@type\":\"ImageObject\",\"inLanguage\":\"fr-FR\",\"@id\":\"https:\/\/urbanproof.nl\/fr\/product\/sac-a-dos-a-roulettes-urban-proof-noir\/#primaryimage\",\"url\":\"https:\/\/urbanproof.nl\/wp-content\/uploads\/2025\/04\/400718UP_1.jpg\",\"contentUrl\":\"https:\/\/urbanproof.nl\/wp-content\/uploads\/2025\/04\/400718UP_1.jpg\",\"width\":2047,\"height\":2047},{\"@type\":\"BreadcrumbList\",\"@id\":\"https:\/\/urbanproof.nl\/fr\/product\/sac-a-dos-a-roulettes-urban-proof-noir\/#breadcrumb\",\"itemListElement\":[{\"@type\":\"ListItem\",\"position\":1,\"name\":\"Accueil\",\"item\":\"https:\/\/urbanproof.nl\/fr\/\"},{\"@type\":\"ListItem\",\"position\":2,\"name\":\"Collection\",\"item\":\"https:\/\/urbanproof.nl\/assortiment\/\"},{\"@type\":\"ListItem\",\"position\":3,\"name\":\"URBAN PROOF Panier \u00e0 v\u00e9lo \u00e0 roulettes\"}]},{\"@type\":\"WebSite\",\"@id\":\"https:\/\/urbanproof.nl\/fr\/#website\",\"url\":\"https:\/\/urbanproof.nl\/fr\/\",\"name\":\"Urban Proof\",\"description\":\"La durabilit\u00e9 en mouvement\",\"publisher\":{\"@id\":\"https:\/\/urbanproof.nl\/fr\/#organization\"},\"potentialAction\":[{\"@type\":\"SearchAction\",\"target\":{\"@type\":\"EntryPoint\",\"urlTemplate\":\"https:\/\/urbanproof.nl\/fr\/?s={search_term_string}\"},\"query-input\":{\"@type\":\"PropertyValueSpecification\",\"valueRequired\":true,\"valueName\":\"search_term_string\"}}],\"inLanguage\":\"fr-FR\"},{\"@type\":\"Organization\",\"@id\":\"https:\/\/urbanproof.nl\/fr\/#organization\",\"name\":\"Urban Proof\",\"url\":\"https:\/\/urbanproof.nl\/fr\/\",\"logo\":{\"@type\":\"ImageObject\",\"inLanguage\":\"fr-FR\",\"@id\":\"https:\/\/urbanproof.nl\/fr\/#\/schema\/logo\/image\/\",\"url\":\"https:\/\/urbanproof.nl\/wp-content\/uploads\/2025\/04\/UBP_Logo_2022_ZWART.svg\",\"contentUrl\":\"https:\/\/urbanproof.nl\/wp-content\/uploads\/2025\/04\/UBP_Logo_2022_ZWART.svg\",\"caption\":\"Urban Proof\"},\"image\":{\"@id\":\"https:\/\/urbanproof.nl\/fr\/#\/schema\/logo\/image\/\"},\"sameAs\":[\"https:\/\/www.instagram.com\/urbanproof_sustainable\/\",\"https:\/\/www.linkedin.com\/company\/urban-proof\"]}]}<\/script>\n<!-- \/ Yoast SEO plugin. -->","yoast_head_json":{"title":"URBAN PROOF Panier \u00e0 v\u00e9lo \u00e0 roulettes - Urban Proof","robots":{"index":"index","follow":"follow","max-snippet":"max-snippet:-1","max-image-preview":"max-image-preview:large","max-video-preview":"max-video-preview:-1"},"canonical":"https:\/\/urbanproof.nl\/fr\/product\/sac-a-dos-a-roulettes-urban-proof-noir\/","og_locale":"fr_FR","og_type":"article","og_title":"URBAN PROOF Panier \u00e0 v\u00e9lo \u00e0 roulettes - Urban Proof","og_description":"- Crochets \u00e0 v\u00e9lo r\u00e9glables - Convient aux v\u00e9los \u00e9lectriques - Syst\u00e8me de fixation universel - R\u00e9sistant \u00e0 l'eau - Compartiment pour ordinateur portable 17\" doubl\u00e9 - Poches avant faciles d'acc\u00e8s - R\u00e9flexion sur les sangles de fermeture - Poche arri\u00e8re zipp\u00e9e dissimul\u00e9e - Housse de pluie pour le rembourrage du dos","og_url":"https:\/\/urbanproof.nl\/fr\/product\/sac-a-dos-a-roulettes-urban-proof-noir\/","og_site_name":"Urban Proof","article_modified_time":"2025-12-03T10:45:15+00:00","og_image":[{"width":2047,"height":2047,"url":"https:\/\/urbanproof.nl\/wp-content\/uploads\/2025\/04\/400718UP_1.jpg","type":"image\/jpeg"}],"twitter_card":"summary_large_image","twitter_misc":{"Dur\u00e9e de lecture estim\u00e9e":"1 minute"},"schema":{"@context":"https:\/\/schema.org","@graph":[{"@type":"WebPage","@id":"https:\/\/urbanproof.nl\/fr\/product\/sac-a-dos-a-roulettes-urban-proof-noir\/","url":"https:\/\/urbanproof.nl\/fr\/product\/sac-a-dos-a-roulettes-urban-proof-noir\/","name":"URBAN PROOF Panier \u00e0 v\u00e9lo \u00e0 roulettes - Urban Proof","isPartOf":{"@id":"https:\/\/urbanproof.nl\/fr\/#website"},"primaryImageOfPage":{"@id":"https:\/\/urbanproof.nl\/fr\/product\/sac-a-dos-a-roulettes-urban-proof-noir\/#primaryimage"},"image":{"@id":"https:\/\/urbanproof.nl\/fr\/product\/sac-a-dos-a-roulettes-urban-proof-noir\/#primaryimage"},"thumbnailUrl":"https:\/\/urbanproof.nl\/wp-content\/uploads\/2025\/04\/400718UP_1.jpg","datePublished":"2025-04-14T13:47:55+00:00","dateModified":"2025-12-03T10:45:15+00:00","breadcrumb":{"@id":"https:\/\/urbanproof.nl\/fr\/product\/sac-a-dos-a-roulettes-urban-proof-noir\/#breadcrumb"},"inLanguage":"fr-FR","potentialAction":[{"@type":"ReadAction","target":["https:\/\/urbanproof.nl\/fr\/product\/sac-a-dos-a-roulettes-urban-proof-noir\/"]}]},{"@type":"ImageObject","inLanguage":"fr-FR","@id":"https:\/\/urbanproof.nl\/fr\/product\/sac-a-dos-a-roulettes-urban-proof-noir\/#primaryimage","url":"https:\/\/urbanproof.nl\/wp-content\/uploads\/2025\/04\/400718UP_1.jpg","contentUrl":"https:\/\/urbanproof.nl\/wp-content\/uploads\/2025\/04\/400718UP_1.jpg","width":2047,"height":2047},{"@type":"BreadcrumbList","@id":"https:\/\/urbanproof.nl\/fr\/product\/sac-a-dos-a-roulettes-urban-proof-noir\/#breadcrumb","itemListElement":[{"@type":"ListItem","position":1,"name":"Accueil","item":"https:\/\/urbanproof.nl\/fr\/"},{"@type":"ListItem","position":2,"name":"Collection","item":"https:\/\/urbanproof.nl\/assortiment\/"},{"@type":"ListItem","position":3,"name":"URBAN PROOF Panier \u00e0 v\u00e9lo \u00e0 roulettes"}]},{"@type":"WebSite","@id":"https:\/\/urbanproof.nl\/fr\/#website","url":"https:\/\/urbanproof.nl\/fr\/","name":"Urban Proof","description":"La durabilit\u00e9 en mouvement","publisher":{"@id":"https:\/\/urbanproof.nl\/fr\/#organization"},"potentialAction":[{"@type":"SearchAction","target":{"@type":"EntryPoint","urlTemplate":"https:\/\/urbanproof.nl\/fr\/?s={search_term_string}"},"query-input":{"@type":"PropertyValueSpecification","valueRequired":true,"valueName":"search_term_string"}}],"inLanguage":"fr-FR"},{"@type":"Organization","@id":"https:\/\/urbanproof.nl\/fr\/#organization","name":"Urban Proof","url":"https:\/\/urbanproof.nl\/fr\/","logo":{"@type":"ImageObject","inLanguage":"fr-FR","@id":"https:\/\/urbanproof.nl\/fr\/#\/schema\/logo\/image\/","url":"https:\/\/urbanproof.nl\/wp-content\/uploads\/2025\/04\/UBP_Logo_2022_ZWART.svg","contentUrl":"https:\/\/urbanproof.nl\/wp-content\/uploads\/2025\/04\/UBP_Logo_2022_ZWART.svg","caption":"Urban Proof"},"image":{"@id":"https:\/\/urbanproof.nl\/fr\/#\/schema\/logo\/image\/"},"sameAs":["https:\/\/www.instagram.com\/urbanproof_sustainable\/","https:\/\/www.linkedin.com\/company\/urban-proof"]}]}},"_links":{"self":[{"href":"https:\/\/urbanproof.nl\/fr\/wp-json\/wp\/v2\/product\/2838","targetHints":{"allow":["GET"]}}],"collection":[{"href":"https:\/\/urbanproof.nl\/fr\/wp-json\/wp\/v2\/product"}],"about":[{"href":"https:\/\/urbanproof.nl\/fr\/wp-json\/wp\/v2\/types\/product"}],"version-history":[{"count":1,"href":"https:\/\/urbanproof.nl\/fr\/wp-json\/wp\/v2\/product\/2838\/revisions"}],"predecessor-version":[{"id":7079,"href":"https:\/\/urbanproof.nl\/fr\/wp-json\/wp\/v2\/product\/2838\/revisions\/7079"}],"wp:featuredmedia":[{"embeddable":true,"href":"https:\/\/urbanproof.nl\/fr\/wp-json\/wp\/v2\/media\/1402"}],"wp:attachment":[{"href":"https:\/\/urbanproof.nl\/fr\/wp-json\/wp\/v2\/media?parent=2838"}],"wp:term":[{"taxonomy":"product_brand","embeddable":true,"href":"https:\/\/urbanproof.nl\/fr\/wp-json\/wp\/v2\/product_brand?post=2838"},{"taxonomy":"product_cat","embeddable":true,"href":"https:\/\/urbanproof.nl\/fr\/wp-json\/wp\/v2\/product_cat?post=2838"},{"taxonomy":"product_tag","embeddable":true,"href":"https:\/\/urbanproof.nl\/fr\/wp-json\/wp\/v2\/product_tag?post=2838"}],"curies":[{"name":"wp","href":"https:\/\/api.w.org\/{rel}","templated":true}]}}