{"id":2836,"date":"2025-04-14T15:47:53","date_gmt":"2025-04-14T13:47:53","guid":{"rendered":"https:\/\/urbanproof.nl\/assortiment\/non%20class\u00e9\/urban-proof-sac-a-dos-pour-velo\/"},"modified":"2025-12-03T12:45:06","modified_gmt":"2025-12-03T10:45:06","slug":"urban-proof-sac-a-dos-pour-velo","status":"publish","type":"product","link":"https:\/\/urbanproof.nl\/fr\/product\/urban-proof-sac-a-dos-pour-velo\/","title":{"rendered":"URBAN PROOF Panier \u00e0 v\u00e9lo City Back"},"content":{"rendered":"<p>La sacoche City Back, fabriqu\u00e9e en coton recycl\u00e9, est la solution parfaite pour vos essentiels quotidiens. Avec un compartiment rembourr\u00e9 pour votre ordinateur portable et la possibilit\u00e9 de l&rsquo;attacher \u00e0 votre dos ou \u00e0 votre V\u00e9lo, vous pouvez \u00eatre s\u00fbr qu&rsquo;elle est en s\u00e9curit\u00e9. Les bretelles se fixent facilement \u00e0 l&rsquo;avant, sans perturber votre trajet. Non seulement son design \u00e9pur\u00e9 s&rsquo;adapte \u00e0 tous les looks, mais vous contribuez \u00e9galement \u00e0 une meilleure plan\u00e8te, puisque le sac est fabriqu\u00e9 \u00e0 partir de toile de coton 100 % recycl\u00e9e.   <\/p>\n","protected":false},"excerpt":{"rendered":"<p>&#8211; Crochets \u00e0 v\u00e9lo r\u00e9glables<br \/>\n&#8211; Convient aux v\u00e9los \u00e9lectriques<br \/>\n&#8211; Syst\u00e8me de fixation universel<br \/>\n&#8211; R\u00e9sistant \u00e0 l&rsquo;eau<br \/>\n&#8211; Compartiment pour ordinateur portable de 17 pouces doubl\u00e9<br \/>\n&#8211; Fixation de la bandouli\u00e8re \u00e0 l&rsquo;avant<br \/>\n&#8211; Fermeture parachute \u00e0 l&rsquo;int\u00e9rieur<\/p>\n","protected":false},"featured_media":1363,"template":"","meta":[],"product_brand":[],"product_cat":[341,344],"product_tag":[753],"class_list":{"0":"post-2836","1":"product","2":"type-product","3":"status-publish","4":"has-post-thumbnail","6":"product_cat-sacoches","7":"product_cat-sacoches-simples","8":"product_tag-collection-city","9":"pa_afmetinglbh-32cm-x-45cm-x-11cm-fr","10":"pa_collectie-collection-de-base","11":"pa_e-bike-ready-oui","12":"pa_gewicht-1050-grammes","13":"pa_inhoud-15-litres","14":"pa_kleur-noir","15":"pa_materiaal-coton-recycle","16":"pa_reflectie-non","17":"pa_type-product-sacoche-simple","18":"pa_volume-15l-fr","19":"pa_waterbestendig-oui","21":"first","22":"instock","23":"taxable","24":"shipping-taxable","25":"purchasable","26":"product-type-simple"},"yoast_head":"<!-- This site is optimized with the Yoast SEO plugin v27.1.1 - https:\/\/yoast.com\/product\/yoast-seo-wordpress\/ -->\n<title>URBAN PROOF Panier \u00e0 v\u00e9lo City Back - Urban Proof<\/title>\n<meta name=\"robots\" content=\"index, follow, max-snippet:-1, max-image-preview:large, max-video-preview:-1\" \/>\n<link rel=\"canonical\" href=\"https:\/\/urbanproof.nl\/fr\/product\/urban-proof-sac-a-dos-pour-velo\/\" \/>\n<meta property=\"og:locale\" content=\"fr_FR\" \/>\n<meta property=\"og:type\" content=\"article\" \/>\n<meta property=\"og:title\" content=\"URBAN PROOF Panier \u00e0 v\u00e9lo City Back - Urban Proof\" \/>\n<meta property=\"og:description\" content=\"- Crochets \u00e0 v\u00e9lo r\u00e9glables - Convient aux v\u00e9los \u00e9lectriques - Syst\u00e8me de fixation universel - R\u00e9sistant \u00e0 l&#039;eau - Compartiment pour ordinateur portable de 17 pouces doubl\u00e9 - Fixation de la bandouli\u00e8re \u00e0 l&#039;avant - Fermeture parachute \u00e0 l&#039;int\u00e9rieur\" \/>\n<meta property=\"og:url\" content=\"https:\/\/urbanproof.nl\/fr\/product\/urban-proof-sac-a-dos-pour-velo\/\" \/>\n<meta property=\"og:site_name\" content=\"Urban Proof\" \/>\n<meta property=\"article:modified_time\" content=\"2025-12-03T10:45:06+00:00\" \/>\n<meta property=\"og:image\" content=\"https:\/\/urbanproof.nl\/wp-content\/uploads\/2025\/04\/400708UP_1.jpg\" \/>\n\t<meta property=\"og:image:width\" content=\"2047\" \/>\n\t<meta property=\"og:image:height\" content=\"2047\" \/>\n\t<meta property=\"og:image:type\" content=\"image\/jpeg\" \/>\n<meta name=\"twitter:card\" content=\"summary_large_image\" \/>\n<script type=\"application\/ld+json\" class=\"yoast-schema-graph\">{\"@context\":\"https:\/\/schema.org\",\"@graph\":[{\"@type\":\"WebPage\",\"@id\":\"https:\/\/urbanproof.nl\/fr\/product\/urban-proof-sac-a-dos-pour-velo\/\",\"url\":\"https:\/\/urbanproof.nl\/fr\/product\/urban-proof-sac-a-dos-pour-velo\/\",\"name\":\"URBAN PROOF Panier \u00e0 v\u00e9lo City Back - Urban Proof\",\"isPartOf\":{\"@id\":\"https:\/\/urbanproof.nl\/fr\/#website\"},\"primaryImageOfPage\":{\"@id\":\"https:\/\/urbanproof.nl\/fr\/product\/urban-proof-sac-a-dos-pour-velo\/#primaryimage\"},\"image\":{\"@id\":\"https:\/\/urbanproof.nl\/fr\/product\/urban-proof-sac-a-dos-pour-velo\/#primaryimage\"},\"thumbnailUrl\":\"https:\/\/urbanproof.nl\/wp-content\/uploads\/2025\/04\/400708UP_1.jpg\",\"datePublished\":\"2025-04-14T13:47:53+00:00\",\"dateModified\":\"2025-12-03T10:45:06+00:00\",\"breadcrumb\":{\"@id\":\"https:\/\/urbanproof.nl\/fr\/product\/urban-proof-sac-a-dos-pour-velo\/#breadcrumb\"},\"inLanguage\":\"fr-FR\",\"potentialAction\":[{\"@type\":\"ReadAction\",\"target\":[\"https:\/\/urbanproof.nl\/fr\/product\/urban-proof-sac-a-dos-pour-velo\/\"]}]},{\"@type\":\"ImageObject\",\"inLanguage\":\"fr-FR\",\"@id\":\"https:\/\/urbanproof.nl\/fr\/product\/urban-proof-sac-a-dos-pour-velo\/#primaryimage\",\"url\":\"https:\/\/urbanproof.nl\/wp-content\/uploads\/2025\/04\/400708UP_1.jpg\",\"contentUrl\":\"https:\/\/urbanproof.nl\/wp-content\/uploads\/2025\/04\/400708UP_1.jpg\",\"width\":2047,\"height\":2047},{\"@type\":\"BreadcrumbList\",\"@id\":\"https:\/\/urbanproof.nl\/fr\/product\/urban-proof-sac-a-dos-pour-velo\/#breadcrumb\",\"itemListElement\":[{\"@type\":\"ListItem\",\"position\":1,\"name\":\"Accueil\",\"item\":\"https:\/\/urbanproof.nl\/fr\/\"},{\"@type\":\"ListItem\",\"position\":2,\"name\":\"Collection\",\"item\":\"https:\/\/urbanproof.nl\/assortiment\/\"},{\"@type\":\"ListItem\",\"position\":3,\"name\":\"URBAN PROOF Panier \u00e0 v\u00e9lo City Back\"}]},{\"@type\":\"WebSite\",\"@id\":\"https:\/\/urbanproof.nl\/fr\/#website\",\"url\":\"https:\/\/urbanproof.nl\/fr\/\",\"name\":\"Urban Proof\",\"description\":\"La durabilit\u00e9 en mouvement\",\"publisher\":{\"@id\":\"https:\/\/urbanproof.nl\/fr\/#organization\"},\"potentialAction\":[{\"@type\":\"SearchAction\",\"target\":{\"@type\":\"EntryPoint\",\"urlTemplate\":\"https:\/\/urbanproof.nl\/fr\/?s={search_term_string}\"},\"query-input\":{\"@type\":\"PropertyValueSpecification\",\"valueRequired\":true,\"valueName\":\"search_term_string\"}}],\"inLanguage\":\"fr-FR\"},{\"@type\":\"Organization\",\"@id\":\"https:\/\/urbanproof.nl\/fr\/#organization\",\"name\":\"Urban Proof\",\"url\":\"https:\/\/urbanproof.nl\/fr\/\",\"logo\":{\"@type\":\"ImageObject\",\"inLanguage\":\"fr-FR\",\"@id\":\"https:\/\/urbanproof.nl\/fr\/#\/schema\/logo\/image\/\",\"url\":\"https:\/\/urbanproof.nl\/wp-content\/uploads\/2025\/04\/UBP_Logo_2022_ZWART.svg\",\"contentUrl\":\"https:\/\/urbanproof.nl\/wp-content\/uploads\/2025\/04\/UBP_Logo_2022_ZWART.svg\",\"caption\":\"Urban Proof\"},\"image\":{\"@id\":\"https:\/\/urbanproof.nl\/fr\/#\/schema\/logo\/image\/\"},\"sameAs\":[\"https:\/\/www.instagram.com\/urbanproof_sustainable\/\",\"https:\/\/www.linkedin.com\/company\/urban-proof\"]}]}<\/script>\n<!-- \/ Yoast SEO plugin. -->","yoast_head_json":{"title":"URBAN PROOF Panier \u00e0 v\u00e9lo City Back - Urban Proof","robots":{"index":"index","follow":"follow","max-snippet":"max-snippet:-1","max-image-preview":"max-image-preview:large","max-video-preview":"max-video-preview:-1"},"canonical":"https:\/\/urbanproof.nl\/fr\/product\/urban-proof-sac-a-dos-pour-velo\/","og_locale":"fr_FR","og_type":"article","og_title":"URBAN PROOF Panier \u00e0 v\u00e9lo City Back - Urban Proof","og_description":"- Crochets \u00e0 v\u00e9lo r\u00e9glables - Convient aux v\u00e9los \u00e9lectriques - Syst\u00e8me de fixation universel - R\u00e9sistant \u00e0 l'eau - Compartiment pour ordinateur portable de 17 pouces doubl\u00e9 - Fixation de la bandouli\u00e8re \u00e0 l'avant - Fermeture parachute \u00e0 l'int\u00e9rieur","og_url":"https:\/\/urbanproof.nl\/fr\/product\/urban-proof-sac-a-dos-pour-velo\/","og_site_name":"Urban Proof","article_modified_time":"2025-12-03T10:45:06+00:00","og_image":[{"width":2047,"height":2047,"url":"https:\/\/urbanproof.nl\/wp-content\/uploads\/2025\/04\/400708UP_1.jpg","type":"image\/jpeg"}],"twitter_card":"summary_large_image","schema":{"@context":"https:\/\/schema.org","@graph":[{"@type":"WebPage","@id":"https:\/\/urbanproof.nl\/fr\/product\/urban-proof-sac-a-dos-pour-velo\/","url":"https:\/\/urbanproof.nl\/fr\/product\/urban-proof-sac-a-dos-pour-velo\/","name":"URBAN PROOF Panier \u00e0 v\u00e9lo City Back - Urban Proof","isPartOf":{"@id":"https:\/\/urbanproof.nl\/fr\/#website"},"primaryImageOfPage":{"@id":"https:\/\/urbanproof.nl\/fr\/product\/urban-proof-sac-a-dos-pour-velo\/#primaryimage"},"image":{"@id":"https:\/\/urbanproof.nl\/fr\/product\/urban-proof-sac-a-dos-pour-velo\/#primaryimage"},"thumbnailUrl":"https:\/\/urbanproof.nl\/wp-content\/uploads\/2025\/04\/400708UP_1.jpg","datePublished":"2025-04-14T13:47:53+00:00","dateModified":"2025-12-03T10:45:06+00:00","breadcrumb":{"@id":"https:\/\/urbanproof.nl\/fr\/product\/urban-proof-sac-a-dos-pour-velo\/#breadcrumb"},"inLanguage":"fr-FR","potentialAction":[{"@type":"ReadAction","target":["https:\/\/urbanproof.nl\/fr\/product\/urban-proof-sac-a-dos-pour-velo\/"]}]},{"@type":"ImageObject","inLanguage":"fr-FR","@id":"https:\/\/urbanproof.nl\/fr\/product\/urban-proof-sac-a-dos-pour-velo\/#primaryimage","url":"https:\/\/urbanproof.nl\/wp-content\/uploads\/2025\/04\/400708UP_1.jpg","contentUrl":"https:\/\/urbanproof.nl\/wp-content\/uploads\/2025\/04\/400708UP_1.jpg","width":2047,"height":2047},{"@type":"BreadcrumbList","@id":"https:\/\/urbanproof.nl\/fr\/product\/urban-proof-sac-a-dos-pour-velo\/#breadcrumb","itemListElement":[{"@type":"ListItem","position":1,"name":"Accueil","item":"https:\/\/urbanproof.nl\/fr\/"},{"@type":"ListItem","position":2,"name":"Collection","item":"https:\/\/urbanproof.nl\/assortiment\/"},{"@type":"ListItem","position":3,"name":"URBAN PROOF Panier \u00e0 v\u00e9lo City Back"}]},{"@type":"WebSite","@id":"https:\/\/urbanproof.nl\/fr\/#website","url":"https:\/\/urbanproof.nl\/fr\/","name":"Urban Proof","description":"La durabilit\u00e9 en mouvement","publisher":{"@id":"https:\/\/urbanproof.nl\/fr\/#organization"},"potentialAction":[{"@type":"SearchAction","target":{"@type":"EntryPoint","urlTemplate":"https:\/\/urbanproof.nl\/fr\/?s={search_term_string}"},"query-input":{"@type":"PropertyValueSpecification","valueRequired":true,"valueName":"search_term_string"}}],"inLanguage":"fr-FR"},{"@type":"Organization","@id":"https:\/\/urbanproof.nl\/fr\/#organization","name":"Urban Proof","url":"https:\/\/urbanproof.nl\/fr\/","logo":{"@type":"ImageObject","inLanguage":"fr-FR","@id":"https:\/\/urbanproof.nl\/fr\/#\/schema\/logo\/image\/","url":"https:\/\/urbanproof.nl\/wp-content\/uploads\/2025\/04\/UBP_Logo_2022_ZWART.svg","contentUrl":"https:\/\/urbanproof.nl\/wp-content\/uploads\/2025\/04\/UBP_Logo_2022_ZWART.svg","caption":"Urban Proof"},"image":{"@id":"https:\/\/urbanproof.nl\/fr\/#\/schema\/logo\/image\/"},"sameAs":["https:\/\/www.instagram.com\/urbanproof_sustainable\/","https:\/\/www.linkedin.com\/company\/urban-proof"]}]}},"_links":{"self":[{"href":"https:\/\/urbanproof.nl\/fr\/wp-json\/wp\/v2\/product\/2836","targetHints":{"allow":["GET"]}}],"collection":[{"href":"https:\/\/urbanproof.nl\/fr\/wp-json\/wp\/v2\/product"}],"about":[{"href":"https:\/\/urbanproof.nl\/fr\/wp-json\/wp\/v2\/types\/product"}],"version-history":[{"count":1,"href":"https:\/\/urbanproof.nl\/fr\/wp-json\/wp\/v2\/product\/2836\/revisions"}],"predecessor-version":[{"id":7071,"href":"https:\/\/urbanproof.nl\/fr\/wp-json\/wp\/v2\/product\/2836\/revisions\/7071"}],"wp:featuredmedia":[{"embeddable":true,"href":"https:\/\/urbanproof.nl\/fr\/wp-json\/wp\/v2\/media\/1363"}],"wp:attachment":[{"href":"https:\/\/urbanproof.nl\/fr\/wp-json\/wp\/v2\/media?parent=2836"}],"wp:term":[{"taxonomy":"product_brand","embeddable":true,"href":"https:\/\/urbanproof.nl\/fr\/wp-json\/wp\/v2\/product_brand?post=2836"},{"taxonomy":"product_cat","embeddable":true,"href":"https:\/\/urbanproof.nl\/fr\/wp-json\/wp\/v2\/product_cat?post=2836"},{"taxonomy":"product_tag","embeddable":true,"href":"https:\/\/urbanproof.nl\/fr\/wp-json\/wp\/v2\/product_tag?post=2836"}],"curies":[{"name":"wp","href":"https:\/\/api.w.org\/{rel}","templated":true}]}}