{"id":2835,"date":"2025-04-14T15:47:48","date_gmt":"2025-04-14T13:47:48","guid":{"rendered":"https:\/\/urbanproof.nl\/assortiment\/non%20class\u00e9\/urban-proof-phare-electrique-rechargeable-pour-velo\/"},"modified":"2025-12-03T12:48:00","modified_gmt":"2025-12-03T10:48:00","slug":"urban-proof-phare-electrique-rechargeable-pour-velo","status":"publish","type":"product","link":"https:\/\/urbanproof.nl\/fr\/product\/urban-proof-phare-electrique-rechargeable-pour-velo\/","title":{"rendered":"URBAN PROOF Phare \u00e9lectrique rechargeable pour V\u00e9lo"},"content":{"rendered":"<p>URBAN PROOF aime le d\u00e9veloppement durable. C&rsquo;est pourquoi nos feux de v\u00e9lo sont rechargeables et durables. Vous avez le choix : choisissez parmi diff\u00e9rents mod\u00e8les et luminosit\u00e9s pour une visibilit\u00e9 optimale. Que vous p\u00e9daliez en ville ou sur des chemins non \u00e9clair\u00e9s, nous vous couvrons. Faites un choix conscient pour la durabilit\u00e9 et la s\u00e9curit\u00e9 et optez pour nos lumi\u00e8res rechargeables.    <\/p>\n","protected":false},"excerpt":{"rendered":"<p>  &#8211; Lampe LED<br \/>\n &#8211; Connecteur micro USB<br \/>\n &#8211; R\u00e9sistance \u00e0 l&rsquo;eau IPX4<br \/>\n &#8211; Indicateur de batterie faible<br \/>\n &#8211; Mat\u00e9riau : ABS\/AS\/ Aluminium<\/p>\n","protected":false},"featured_media":1285,"template":"","meta":[],"product_brand":[],"product_cat":[401,416],"product_tag":[760],"class_list":{"0":"post-2835","1":"product","2":"type-product","3":"status-publish","4":"has-post-thumbnail","6":"product_cat-accessoires-pour-velos","7":"product_cat-eclairage-des-bicyclettes","8":"product_tag-feux-de-velo-rechargeables","9":"pa_afmetinglbh-75mm-x-172mm-x-50mm-fr","10":"pa_collectie-collection-lumiere-et-vision","11":"pa_gebruiksduur-4-heures","12":"pa_gewicht-146-g","13":"pa_kleur-noir","14":"pa_kleur-licht-blanc","15":"pa_laadtijd-3-heures","16":"pa_lumen-320-fr","17":"pa_materiaal-abs-fr","18":"pa_materiaal-aluminium-fr","19":"pa_materiaal-as-fr","20":"pa_type-product-feu-avant-velo","22":"first","23":"instock","24":"taxable","25":"shipping-taxable","26":"purchasable","27":"product-type-simple"},"yoast_head":"<!-- This site is optimized with the Yoast SEO plugin v27.1.1 - https:\/\/yoast.com\/product\/yoast-seo-wordpress\/ -->\n<title>URBAN PROOF Phare \u00e9lectrique rechargeable pour V\u00e9lo - Urban Proof<\/title>\n<meta name=\"robots\" content=\"index, follow, max-snippet:-1, max-image-preview:large, max-video-preview:-1\" \/>\n<link rel=\"canonical\" href=\"https:\/\/urbanproof.nl\/fr\/product\/urban-proof-phare-electrique-rechargeable-pour-velo\/\" \/>\n<meta property=\"og:locale\" content=\"fr_FR\" \/>\n<meta property=\"og:type\" content=\"article\" \/>\n<meta property=\"og:title\" content=\"URBAN PROOF Phare \u00e9lectrique rechargeable pour V\u00e9lo - Urban Proof\" \/>\n<meta property=\"og:description\" content=\"- Lampe LED - Connecteur micro USB - R\u00e9sistance \u00e0 l&#039;eau IPX4 - Indicateur de batterie faible - Mat\u00e9riau : ABS\/AS\/ Aluminium\" \/>\n<meta property=\"og:url\" content=\"https:\/\/urbanproof.nl\/fr\/product\/urban-proof-phare-electrique-rechargeable-pour-velo\/\" \/>\n<meta property=\"og:site_name\" content=\"Urban Proof\" \/>\n<meta property=\"article:modified_time\" content=\"2025-12-03T10:48:00+00:00\" \/>\n<meta property=\"og:image\" content=\"https:\/\/urbanproof.nl\/wp-content\/uploads\/2025\/04\/400672UP_1.jpg\" \/>\n\t<meta property=\"og:image:width\" content=\"2047\" \/>\n\t<meta property=\"og:image:height\" content=\"2047\" \/>\n\t<meta property=\"og:image:type\" content=\"image\/jpeg\" \/>\n<meta name=\"twitter:card\" content=\"summary_large_image\" \/>\n<script type=\"application\/ld+json\" class=\"yoast-schema-graph\">{\"@context\":\"https:\/\/schema.org\",\"@graph\":[{\"@type\":\"WebPage\",\"@id\":\"https:\/\/urbanproof.nl\/fr\/product\/urban-proof-phare-electrique-rechargeable-pour-velo\/\",\"url\":\"https:\/\/urbanproof.nl\/fr\/product\/urban-proof-phare-electrique-rechargeable-pour-velo\/\",\"name\":\"URBAN PROOF Phare \u00e9lectrique rechargeable pour V\u00e9lo - Urban Proof\",\"isPartOf\":{\"@id\":\"https:\/\/urbanproof.nl\/fr\/#website\"},\"primaryImageOfPage\":{\"@id\":\"https:\/\/urbanproof.nl\/fr\/product\/urban-proof-phare-electrique-rechargeable-pour-velo\/#primaryimage\"},\"image\":{\"@id\":\"https:\/\/urbanproof.nl\/fr\/product\/urban-proof-phare-electrique-rechargeable-pour-velo\/#primaryimage\"},\"thumbnailUrl\":\"https:\/\/urbanproof.nl\/wp-content\/uploads\/2025\/04\/400672UP_1.jpg\",\"datePublished\":\"2025-04-14T13:47:48+00:00\",\"dateModified\":\"2025-12-03T10:48:00+00:00\",\"breadcrumb\":{\"@id\":\"https:\/\/urbanproof.nl\/fr\/product\/urban-proof-phare-electrique-rechargeable-pour-velo\/#breadcrumb\"},\"inLanguage\":\"fr-FR\",\"potentialAction\":[{\"@type\":\"ReadAction\",\"target\":[\"https:\/\/urbanproof.nl\/fr\/product\/urban-proof-phare-electrique-rechargeable-pour-velo\/\"]}]},{\"@type\":\"ImageObject\",\"inLanguage\":\"fr-FR\",\"@id\":\"https:\/\/urbanproof.nl\/fr\/product\/urban-proof-phare-electrique-rechargeable-pour-velo\/#primaryimage\",\"url\":\"https:\/\/urbanproof.nl\/wp-content\/uploads\/2025\/04\/400672UP_1.jpg\",\"contentUrl\":\"https:\/\/urbanproof.nl\/wp-content\/uploads\/2025\/04\/400672UP_1.jpg\",\"width\":2047,\"height\":2047},{\"@type\":\"BreadcrumbList\",\"@id\":\"https:\/\/urbanproof.nl\/fr\/product\/urban-proof-phare-electrique-rechargeable-pour-velo\/#breadcrumb\",\"itemListElement\":[{\"@type\":\"ListItem\",\"position\":1,\"name\":\"Accueil\",\"item\":\"https:\/\/urbanproof.nl\/fr\/\"},{\"@type\":\"ListItem\",\"position\":2,\"name\":\"Collection\",\"item\":\"https:\/\/urbanproof.nl\/assortiment\/\"},{\"@type\":\"ListItem\",\"position\":3,\"name\":\"URBAN PROOF Phare \u00e9lectrique rechargeable pour V\u00e9lo\"}]},{\"@type\":\"WebSite\",\"@id\":\"https:\/\/urbanproof.nl\/fr\/#website\",\"url\":\"https:\/\/urbanproof.nl\/fr\/\",\"name\":\"Urban Proof\",\"description\":\"La durabilit\u00e9 en mouvement\",\"publisher\":{\"@id\":\"https:\/\/urbanproof.nl\/fr\/#organization\"},\"potentialAction\":[{\"@type\":\"SearchAction\",\"target\":{\"@type\":\"EntryPoint\",\"urlTemplate\":\"https:\/\/urbanproof.nl\/fr\/?s={search_term_string}\"},\"query-input\":{\"@type\":\"PropertyValueSpecification\",\"valueRequired\":true,\"valueName\":\"search_term_string\"}}],\"inLanguage\":\"fr-FR\"},{\"@type\":\"Organization\",\"@id\":\"https:\/\/urbanproof.nl\/fr\/#organization\",\"name\":\"Urban Proof\",\"url\":\"https:\/\/urbanproof.nl\/fr\/\",\"logo\":{\"@type\":\"ImageObject\",\"inLanguage\":\"fr-FR\",\"@id\":\"https:\/\/urbanproof.nl\/fr\/#\/schema\/logo\/image\/\",\"url\":\"https:\/\/urbanproof.nl\/wp-content\/uploads\/2025\/04\/UBP_Logo_2022_ZWART.svg\",\"contentUrl\":\"https:\/\/urbanproof.nl\/wp-content\/uploads\/2025\/04\/UBP_Logo_2022_ZWART.svg\",\"caption\":\"Urban Proof\"},\"image\":{\"@id\":\"https:\/\/urbanproof.nl\/fr\/#\/schema\/logo\/image\/\"},\"sameAs\":[\"https:\/\/www.instagram.com\/urbanproof_sustainable\/\",\"https:\/\/www.linkedin.com\/company\/urban-proof\"]}]}<\/script>\n<!-- \/ Yoast SEO plugin. -->","yoast_head_json":{"title":"URBAN PROOF Phare \u00e9lectrique rechargeable pour V\u00e9lo - Urban Proof","robots":{"index":"index","follow":"follow","max-snippet":"max-snippet:-1","max-image-preview":"max-image-preview:large","max-video-preview":"max-video-preview:-1"},"canonical":"https:\/\/urbanproof.nl\/fr\/product\/urban-proof-phare-electrique-rechargeable-pour-velo\/","og_locale":"fr_FR","og_type":"article","og_title":"URBAN PROOF Phare \u00e9lectrique rechargeable pour V\u00e9lo - Urban Proof","og_description":"- Lampe LED - Connecteur micro USB - R\u00e9sistance \u00e0 l'eau IPX4 - Indicateur de batterie faible - Mat\u00e9riau : ABS\/AS\/ Aluminium","og_url":"https:\/\/urbanproof.nl\/fr\/product\/urban-proof-phare-electrique-rechargeable-pour-velo\/","og_site_name":"Urban Proof","article_modified_time":"2025-12-03T10:48:00+00:00","og_image":[{"width":2047,"height":2047,"url":"https:\/\/urbanproof.nl\/wp-content\/uploads\/2025\/04\/400672UP_1.jpg","type":"image\/jpeg"}],"twitter_card":"summary_large_image","schema":{"@context":"https:\/\/schema.org","@graph":[{"@type":"WebPage","@id":"https:\/\/urbanproof.nl\/fr\/product\/urban-proof-phare-electrique-rechargeable-pour-velo\/","url":"https:\/\/urbanproof.nl\/fr\/product\/urban-proof-phare-electrique-rechargeable-pour-velo\/","name":"URBAN PROOF Phare \u00e9lectrique rechargeable pour V\u00e9lo - Urban Proof","isPartOf":{"@id":"https:\/\/urbanproof.nl\/fr\/#website"},"primaryImageOfPage":{"@id":"https:\/\/urbanproof.nl\/fr\/product\/urban-proof-phare-electrique-rechargeable-pour-velo\/#primaryimage"},"image":{"@id":"https:\/\/urbanproof.nl\/fr\/product\/urban-proof-phare-electrique-rechargeable-pour-velo\/#primaryimage"},"thumbnailUrl":"https:\/\/urbanproof.nl\/wp-content\/uploads\/2025\/04\/400672UP_1.jpg","datePublished":"2025-04-14T13:47:48+00:00","dateModified":"2025-12-03T10:48:00+00:00","breadcrumb":{"@id":"https:\/\/urbanproof.nl\/fr\/product\/urban-proof-phare-electrique-rechargeable-pour-velo\/#breadcrumb"},"inLanguage":"fr-FR","potentialAction":[{"@type":"ReadAction","target":["https:\/\/urbanproof.nl\/fr\/product\/urban-proof-phare-electrique-rechargeable-pour-velo\/"]}]},{"@type":"ImageObject","inLanguage":"fr-FR","@id":"https:\/\/urbanproof.nl\/fr\/product\/urban-proof-phare-electrique-rechargeable-pour-velo\/#primaryimage","url":"https:\/\/urbanproof.nl\/wp-content\/uploads\/2025\/04\/400672UP_1.jpg","contentUrl":"https:\/\/urbanproof.nl\/wp-content\/uploads\/2025\/04\/400672UP_1.jpg","width":2047,"height":2047},{"@type":"BreadcrumbList","@id":"https:\/\/urbanproof.nl\/fr\/product\/urban-proof-phare-electrique-rechargeable-pour-velo\/#breadcrumb","itemListElement":[{"@type":"ListItem","position":1,"name":"Accueil","item":"https:\/\/urbanproof.nl\/fr\/"},{"@type":"ListItem","position":2,"name":"Collection","item":"https:\/\/urbanproof.nl\/assortiment\/"},{"@type":"ListItem","position":3,"name":"URBAN PROOF Phare \u00e9lectrique rechargeable pour V\u00e9lo"}]},{"@type":"WebSite","@id":"https:\/\/urbanproof.nl\/fr\/#website","url":"https:\/\/urbanproof.nl\/fr\/","name":"Urban Proof","description":"La durabilit\u00e9 en mouvement","publisher":{"@id":"https:\/\/urbanproof.nl\/fr\/#organization"},"potentialAction":[{"@type":"SearchAction","target":{"@type":"EntryPoint","urlTemplate":"https:\/\/urbanproof.nl\/fr\/?s={search_term_string}"},"query-input":{"@type":"PropertyValueSpecification","valueRequired":true,"valueName":"search_term_string"}}],"inLanguage":"fr-FR"},{"@type":"Organization","@id":"https:\/\/urbanproof.nl\/fr\/#organization","name":"Urban Proof","url":"https:\/\/urbanproof.nl\/fr\/","logo":{"@type":"ImageObject","inLanguage":"fr-FR","@id":"https:\/\/urbanproof.nl\/fr\/#\/schema\/logo\/image\/","url":"https:\/\/urbanproof.nl\/wp-content\/uploads\/2025\/04\/UBP_Logo_2022_ZWART.svg","contentUrl":"https:\/\/urbanproof.nl\/wp-content\/uploads\/2025\/04\/UBP_Logo_2022_ZWART.svg","caption":"Urban Proof"},"image":{"@id":"https:\/\/urbanproof.nl\/fr\/#\/schema\/logo\/image\/"},"sameAs":["https:\/\/www.instagram.com\/urbanproof_sustainable\/","https:\/\/www.linkedin.com\/company\/urban-proof"]}]}},"_links":{"self":[{"href":"https:\/\/urbanproof.nl\/fr\/wp-json\/wp\/v2\/product\/2835","targetHints":{"allow":["GET"]}}],"collection":[{"href":"https:\/\/urbanproof.nl\/fr\/wp-json\/wp\/v2\/product"}],"about":[{"href":"https:\/\/urbanproof.nl\/fr\/wp-json\/wp\/v2\/types\/product"}],"version-history":[{"count":1,"href":"https:\/\/urbanproof.nl\/fr\/wp-json\/wp\/v2\/product\/2835\/revisions"}],"predecessor-version":[{"id":7121,"href":"https:\/\/urbanproof.nl\/fr\/wp-json\/wp\/v2\/product\/2835\/revisions\/7121"}],"wp:featuredmedia":[{"embeddable":true,"href":"https:\/\/urbanproof.nl\/fr\/wp-json\/wp\/v2\/media\/1285"}],"wp:attachment":[{"href":"https:\/\/urbanproof.nl\/fr\/wp-json\/wp\/v2\/media?parent=2835"}],"wp:term":[{"taxonomy":"product_brand","embeddable":true,"href":"https:\/\/urbanproof.nl\/fr\/wp-json\/wp\/v2\/product_brand?post=2835"},{"taxonomy":"product_cat","embeddable":true,"href":"https:\/\/urbanproof.nl\/fr\/wp-json\/wp\/v2\/product_cat?post=2835"},{"taxonomy":"product_tag","embeddable":true,"href":"https:\/\/urbanproof.nl\/fr\/wp-json\/wp\/v2\/product_tag?post=2835"}],"curies":[{"name":"wp","href":"https:\/\/api.w.org\/{rel}","templated":true}]}}