{"id":2825,"date":"2025-04-14T15:47:41","date_gmt":"2025-04-14T13:47:41","guid":{"rendered":"https:\/\/urbanproof.nl\/assortiment\/non%20class\u00e9\/urban-proof-chaine-de-verrouillage-8mm-x-100cm-jaune-dor\/"},"modified":"2025-12-03T12:47:03","modified_gmt":"2025-12-03T10:47:03","slug":"urban-proof-chaine-de-verrouillage-8mm-x-100cm-jaune-dor","status":"publish","type":"product","link":"https:\/\/urbanproof.nl\/fr\/product\/urban-proof-chaine-de-verrouillage-8mm-x-100cm-jaune-dor\/","title":{"rendered":"URBAN PROOF Cadenas \u00e0 cha\u00eene 8mm x 100cm"},"content":{"rendered":"<p>L&rsquo;antivol \u00e0 cha\u00eene Urban Proof est fabriqu\u00e9 en acier tremp\u00e9 et poss\u00e8de des maillons de 8 mm d&rsquo;\u00e9paisseur. Il s&rsquo;agit l\u00e0 d&rsquo;une v\u00e9ritable s\u00e9curit\u00e9. Avec une longueur de 100 cm, vous pouvez facilement fixer cet antivol autour d&rsquo;un poteau ou d&rsquo;une cl\u00f4ture. Et en prime, il est livr\u00e9 avec deux cl\u00e9s. La housse textile est fabriqu\u00e9e en mat\u00e9riau PET 100 % recycl\u00e9 (RPET) et prot\u00e8ge votre V\u00e9lo contre les dommages. C&rsquo;est non seulement bon pour votre s\u00e9curit\u00e9, mais aussi pour l&rsquo;environnement.     <\/p>\n","protected":false},"excerpt":{"rendered":"<p>  &#8211; 100cm de long<br \/>\n &#8211; Couvercle en PET 100% recycl\u00e9<br \/>\n &#8211; Facile \u00e0 utiliser<\/p>\n","protected":false},"featured_media":1180,"template":"","meta":[],"product_brand":[],"product_cat":[401,345],"product_tag":[656],"class_list":{"0":"post-2825","1":"product","2":"type-product","3":"status-publish","4":"has-post-thumbnail","6":"product_cat-accessoires-pour-velos","7":"product_cat-antivols-pour-bicyclettes","8":"product_tag-serrures","9":"pa_afmetinglbh-100cm-x-8mm-fr","10":"pa_collectie-collection-serrures","11":"pa_gewicht-1120-grammes","12":"pa_kleur-jaune","13":"pa_materiaal-acier","14":"pa_materiaal-pet-recycle-rpet","15":"pa_reflectie-non","16":"pa_type-product-cadenas-pour-bicyclette","18":"first","19":"instock","20":"taxable","21":"shipping-taxable","22":"purchasable","23":"product-type-simple"},"yoast_head":"<!-- This site is optimized with the Yoast SEO plugin v27.1.1 - https:\/\/yoast.com\/product\/yoast-seo-wordpress\/ -->\n<title>URBAN PROOF Cadenas \u00e0 cha\u00eene 8mm x 100cm - Urban Proof<\/title>\n<meta name=\"robots\" content=\"index, follow, max-snippet:-1, max-image-preview:large, max-video-preview:-1\" \/>\n<link rel=\"canonical\" href=\"https:\/\/urbanproof.nl\/fr\/product\/urban-proof-chaine-de-verrouillage-8mm-x-100cm-jaune-dor\/\" \/>\n<meta property=\"og:locale\" content=\"fr_FR\" \/>\n<meta property=\"og:type\" content=\"article\" \/>\n<meta property=\"og:title\" content=\"URBAN PROOF Cadenas \u00e0 cha\u00eene 8mm x 100cm - Urban Proof\" \/>\n<meta property=\"og:description\" content=\"- 100cm de long  - Couvercle en PET 100% recycl\u00e9 - Facile \u00e0 utiliser\" \/>\n<meta property=\"og:url\" content=\"https:\/\/urbanproof.nl\/fr\/product\/urban-proof-chaine-de-verrouillage-8mm-x-100cm-jaune-dor\/\" \/>\n<meta property=\"og:site_name\" content=\"Urban Proof\" \/>\n<meta property=\"article:modified_time\" content=\"2025-12-03T10:47:03+00:00\" \/>\n<meta property=\"og:image\" content=\"https:\/\/urbanproof.nl\/wp-content\/uploads\/2025\/04\/400594UP_1-1024x1024.jpg\" \/>\n\t<meta property=\"og:image:width\" content=\"1024\" \/>\n\t<meta property=\"og:image:height\" content=\"1024\" \/>\n\t<meta property=\"og:image:type\" content=\"image\/jpeg\" \/>\n<meta name=\"twitter:card\" content=\"summary_large_image\" \/>\n<script type=\"application\/ld+json\" class=\"yoast-schema-graph\">{\"@context\":\"https:\/\/schema.org\",\"@graph\":[{\"@type\":\"WebPage\",\"@id\":\"https:\/\/urbanproof.nl\/fr\/product\/urban-proof-chaine-de-verrouillage-8mm-x-100cm-jaune-dor\/\",\"url\":\"https:\/\/urbanproof.nl\/fr\/product\/urban-proof-chaine-de-verrouillage-8mm-x-100cm-jaune-dor\/\",\"name\":\"URBAN PROOF Cadenas \u00e0 cha\u00eene 8mm x 100cm - Urban Proof\",\"isPartOf\":{\"@id\":\"https:\/\/urbanproof.nl\/fr\/#website\"},\"primaryImageOfPage\":{\"@id\":\"https:\/\/urbanproof.nl\/fr\/product\/urban-proof-chaine-de-verrouillage-8mm-x-100cm-jaune-dor\/#primaryimage\"},\"image\":{\"@id\":\"https:\/\/urbanproof.nl\/fr\/product\/urban-proof-chaine-de-verrouillage-8mm-x-100cm-jaune-dor\/#primaryimage\"},\"thumbnailUrl\":\"https:\/\/urbanproof.nl\/wp-content\/uploads\/2025\/04\/400594UP_1.jpg\",\"datePublished\":\"2025-04-14T13:47:41+00:00\",\"dateModified\":\"2025-12-03T10:47:03+00:00\",\"breadcrumb\":{\"@id\":\"https:\/\/urbanproof.nl\/fr\/product\/urban-proof-chaine-de-verrouillage-8mm-x-100cm-jaune-dor\/#breadcrumb\"},\"inLanguage\":\"fr-FR\",\"potentialAction\":[{\"@type\":\"ReadAction\",\"target\":[\"https:\/\/urbanproof.nl\/fr\/product\/urban-proof-chaine-de-verrouillage-8mm-x-100cm-jaune-dor\/\"]}]},{\"@type\":\"ImageObject\",\"inLanguage\":\"fr-FR\",\"@id\":\"https:\/\/urbanproof.nl\/fr\/product\/urban-proof-chaine-de-verrouillage-8mm-x-100cm-jaune-dor\/#primaryimage\",\"url\":\"https:\/\/urbanproof.nl\/wp-content\/uploads\/2025\/04\/400594UP_1.jpg\",\"contentUrl\":\"https:\/\/urbanproof.nl\/wp-content\/uploads\/2025\/04\/400594UP_1.jpg\",\"width\":2047,\"height\":2047},{\"@type\":\"BreadcrumbList\",\"@id\":\"https:\/\/urbanproof.nl\/fr\/product\/urban-proof-chaine-de-verrouillage-8mm-x-100cm-jaune-dor\/#breadcrumb\",\"itemListElement\":[{\"@type\":\"ListItem\",\"position\":1,\"name\":\"Accueil\",\"item\":\"https:\/\/urbanproof.nl\/fr\/\"},{\"@type\":\"ListItem\",\"position\":2,\"name\":\"Collection\",\"item\":\"https:\/\/urbanproof.nl\/assortiment\/\"},{\"@type\":\"ListItem\",\"position\":3,\"name\":\"URBAN PROOF Cadenas \u00e0 cha\u00eene 8mm x 100cm\"}]},{\"@type\":\"WebSite\",\"@id\":\"https:\/\/urbanproof.nl\/fr\/#website\",\"url\":\"https:\/\/urbanproof.nl\/fr\/\",\"name\":\"Urban Proof\",\"description\":\"La durabilit\u00e9 en mouvement\",\"publisher\":{\"@id\":\"https:\/\/urbanproof.nl\/fr\/#organization\"},\"potentialAction\":[{\"@type\":\"SearchAction\",\"target\":{\"@type\":\"EntryPoint\",\"urlTemplate\":\"https:\/\/urbanproof.nl\/fr\/?s={search_term_string}\"},\"query-input\":{\"@type\":\"PropertyValueSpecification\",\"valueRequired\":true,\"valueName\":\"search_term_string\"}}],\"inLanguage\":\"fr-FR\"},{\"@type\":\"Organization\",\"@id\":\"https:\/\/urbanproof.nl\/fr\/#organization\",\"name\":\"Urban Proof\",\"url\":\"https:\/\/urbanproof.nl\/fr\/\",\"logo\":{\"@type\":\"ImageObject\",\"inLanguage\":\"fr-FR\",\"@id\":\"https:\/\/urbanproof.nl\/fr\/#\/schema\/logo\/image\/\",\"url\":\"https:\/\/urbanproof.nl\/wp-content\/uploads\/2025\/04\/UBP_Logo_2022_ZWART.svg\",\"contentUrl\":\"https:\/\/urbanproof.nl\/wp-content\/uploads\/2025\/04\/UBP_Logo_2022_ZWART.svg\",\"caption\":\"Urban Proof\"},\"image\":{\"@id\":\"https:\/\/urbanproof.nl\/fr\/#\/schema\/logo\/image\/\"},\"sameAs\":[\"https:\/\/www.instagram.com\/urbanproof_sustainable\/\",\"https:\/\/www.linkedin.com\/company\/urban-proof\"]}]}<\/script>\n<!-- \/ Yoast SEO plugin. -->","yoast_head_json":{"title":"URBAN PROOF Cadenas \u00e0 cha\u00eene 8mm x 100cm - Urban Proof","robots":{"index":"index","follow":"follow","max-snippet":"max-snippet:-1","max-image-preview":"max-image-preview:large","max-video-preview":"max-video-preview:-1"},"canonical":"https:\/\/urbanproof.nl\/fr\/product\/urban-proof-chaine-de-verrouillage-8mm-x-100cm-jaune-dor\/","og_locale":"fr_FR","og_type":"article","og_title":"URBAN PROOF Cadenas \u00e0 cha\u00eene 8mm x 100cm - Urban Proof","og_description":"- 100cm de long  - Couvercle en PET 100% recycl\u00e9 - Facile \u00e0 utiliser","og_url":"https:\/\/urbanproof.nl\/fr\/product\/urban-proof-chaine-de-verrouillage-8mm-x-100cm-jaune-dor\/","og_site_name":"Urban Proof","article_modified_time":"2025-12-03T10:47:03+00:00","og_image":[{"width":1024,"height":1024,"url":"https:\/\/urbanproof.nl\/wp-content\/uploads\/2025\/04\/400594UP_1-1024x1024.jpg","type":"image\/jpeg"}],"twitter_card":"summary_large_image","schema":{"@context":"https:\/\/schema.org","@graph":[{"@type":"WebPage","@id":"https:\/\/urbanproof.nl\/fr\/product\/urban-proof-chaine-de-verrouillage-8mm-x-100cm-jaune-dor\/","url":"https:\/\/urbanproof.nl\/fr\/product\/urban-proof-chaine-de-verrouillage-8mm-x-100cm-jaune-dor\/","name":"URBAN PROOF Cadenas \u00e0 cha\u00eene 8mm x 100cm - Urban Proof","isPartOf":{"@id":"https:\/\/urbanproof.nl\/fr\/#website"},"primaryImageOfPage":{"@id":"https:\/\/urbanproof.nl\/fr\/product\/urban-proof-chaine-de-verrouillage-8mm-x-100cm-jaune-dor\/#primaryimage"},"image":{"@id":"https:\/\/urbanproof.nl\/fr\/product\/urban-proof-chaine-de-verrouillage-8mm-x-100cm-jaune-dor\/#primaryimage"},"thumbnailUrl":"https:\/\/urbanproof.nl\/wp-content\/uploads\/2025\/04\/400594UP_1.jpg","datePublished":"2025-04-14T13:47:41+00:00","dateModified":"2025-12-03T10:47:03+00:00","breadcrumb":{"@id":"https:\/\/urbanproof.nl\/fr\/product\/urban-proof-chaine-de-verrouillage-8mm-x-100cm-jaune-dor\/#breadcrumb"},"inLanguage":"fr-FR","potentialAction":[{"@type":"ReadAction","target":["https:\/\/urbanproof.nl\/fr\/product\/urban-proof-chaine-de-verrouillage-8mm-x-100cm-jaune-dor\/"]}]},{"@type":"ImageObject","inLanguage":"fr-FR","@id":"https:\/\/urbanproof.nl\/fr\/product\/urban-proof-chaine-de-verrouillage-8mm-x-100cm-jaune-dor\/#primaryimage","url":"https:\/\/urbanproof.nl\/wp-content\/uploads\/2025\/04\/400594UP_1.jpg","contentUrl":"https:\/\/urbanproof.nl\/wp-content\/uploads\/2025\/04\/400594UP_1.jpg","width":2047,"height":2047},{"@type":"BreadcrumbList","@id":"https:\/\/urbanproof.nl\/fr\/product\/urban-proof-chaine-de-verrouillage-8mm-x-100cm-jaune-dor\/#breadcrumb","itemListElement":[{"@type":"ListItem","position":1,"name":"Accueil","item":"https:\/\/urbanproof.nl\/fr\/"},{"@type":"ListItem","position":2,"name":"Collection","item":"https:\/\/urbanproof.nl\/assortiment\/"},{"@type":"ListItem","position":3,"name":"URBAN PROOF Cadenas \u00e0 cha\u00eene 8mm x 100cm"}]},{"@type":"WebSite","@id":"https:\/\/urbanproof.nl\/fr\/#website","url":"https:\/\/urbanproof.nl\/fr\/","name":"Urban Proof","description":"La durabilit\u00e9 en mouvement","publisher":{"@id":"https:\/\/urbanproof.nl\/fr\/#organization"},"potentialAction":[{"@type":"SearchAction","target":{"@type":"EntryPoint","urlTemplate":"https:\/\/urbanproof.nl\/fr\/?s={search_term_string}"},"query-input":{"@type":"PropertyValueSpecification","valueRequired":true,"valueName":"search_term_string"}}],"inLanguage":"fr-FR"},{"@type":"Organization","@id":"https:\/\/urbanproof.nl\/fr\/#organization","name":"Urban Proof","url":"https:\/\/urbanproof.nl\/fr\/","logo":{"@type":"ImageObject","inLanguage":"fr-FR","@id":"https:\/\/urbanproof.nl\/fr\/#\/schema\/logo\/image\/","url":"https:\/\/urbanproof.nl\/wp-content\/uploads\/2025\/04\/UBP_Logo_2022_ZWART.svg","contentUrl":"https:\/\/urbanproof.nl\/wp-content\/uploads\/2025\/04\/UBP_Logo_2022_ZWART.svg","caption":"Urban Proof"},"image":{"@id":"https:\/\/urbanproof.nl\/fr\/#\/schema\/logo\/image\/"},"sameAs":["https:\/\/www.instagram.com\/urbanproof_sustainable\/","https:\/\/www.linkedin.com\/company\/urban-proof"]}]}},"_links":{"self":[{"href":"https:\/\/urbanproof.nl\/fr\/wp-json\/wp\/v2\/product\/2825","targetHints":{"allow":["GET"]}}],"collection":[{"href":"https:\/\/urbanproof.nl\/fr\/wp-json\/wp\/v2\/product"}],"about":[{"href":"https:\/\/urbanproof.nl\/fr\/wp-json\/wp\/v2\/types\/product"}],"version-history":[{"count":1,"href":"https:\/\/urbanproof.nl\/fr\/wp-json\/wp\/v2\/product\/2825\/revisions"}],"predecessor-version":[{"id":7108,"href":"https:\/\/urbanproof.nl\/fr\/wp-json\/wp\/v2\/product\/2825\/revisions\/7108"}],"wp:featuredmedia":[{"embeddable":true,"href":"https:\/\/urbanproof.nl\/fr\/wp-json\/wp\/v2\/media\/1180"}],"wp:attachment":[{"href":"https:\/\/urbanproof.nl\/fr\/wp-json\/wp\/v2\/media?parent=2825"}],"wp:term":[{"taxonomy":"product_brand","embeddable":true,"href":"https:\/\/urbanproof.nl\/fr\/wp-json\/wp\/v2\/product_brand?post=2825"},{"taxonomy":"product_cat","embeddable":true,"href":"https:\/\/urbanproof.nl\/fr\/wp-json\/wp\/v2\/product_cat?post=2825"},{"taxonomy":"product_tag","embeddable":true,"href":"https:\/\/urbanproof.nl\/fr\/wp-json\/wp\/v2\/product_tag?post=2825"}],"curies":[{"name":"wp","href":"https:\/\/api.w.org\/{rel}","templated":true}]}}