{"id":2805,"date":"2025-04-14T15:48:39","date_gmt":"2025-04-14T13:48:39","guid":{"rendered":"https:\/\/urbanproof.nl\/assortiment\/non%20class\u00e9\/urban-proof-fat-bike-pneu-exterieur-razor-normal-20-x-4-00-30-tpi\/"},"modified":"2025-12-03T12:42:30","modified_gmt":"2025-12-03T10:42:30","slug":"urban-proof-fat-bike-pneu-exterieur-razor-normal-20-x-4-00-30-tpi","status":"publish","type":"product","link":"https:\/\/urbanproof.nl\/fr\/product\/urban-proof-fat-bike-pneu-exterieur-razor-normal-20-x-4-00-30-tpi\/","title":{"rendered":"URBAN PROOF Fat Bike pneu ext\u00e9rieur Razor normal 20 x 4.00 30 TPI"},"content":{"rendered":"<p>Le pneu ext\u00e9rieur Urban Proof Fat Bike Razor NORMAL 20 x 4,00 pouces 30 TPI est id\u00e9al pour les environnements urbains. Avec une faible r\u00e9sistance au roulement et la bande de roulement Streetwise, le pneu offre une excellente adh\u00e9rence et une conduite en douceur sur une vari\u00e9t\u00e9 de surfaces. Le montage simple rend l&rsquo;installation rapide et facile. De plus, ce pneu est produit dans une usine durable, ce qui vous permet d&rsquo;explorer la ville en toute s\u00e9r\u00e9nit\u00e9. Parfait pour votre fatbike !    <\/p>\n","protected":false},"excerpt":{"rendered":"<p>  &#8211; Faible r\u00e9sistance<br \/>\n&#8211; Facilit\u00e9 de montage<br \/>\n&#8211; Profil adapt\u00e9 \u00e0 la rue<br \/>\n&#8211; Parfait pour les environnements urbains<br \/>\n&#8211; Fabriqu\u00e9 dans une usine durable<\/p>\n","protected":false},"featured_media":3876,"template":"","meta":[],"product_brand":[],"product_cat":[327,380],"product_tag":[736],"class_list":{"0":"post-2805","1":"product","2":"type-product","3":"status-publish","4":"has-post-thumbnail","6":"product_cat-pneus-de-bicyclettes","7":"product_cat-tubes-exterieurs","8":"product_tag-tubes-exterieurs-pour-fat-bike","9":"pa_afmetinglbh-20-x-4-00-fr","10":"pa_collectie-collection-de-pneus","11":"pa_gewicht-570-grammes","12":"pa_inch-20-fr","13":"pa_kleur-noir","14":"pa_lekbescherming-haut","15":"pa_reflectie-non","16":"pa_type-product-pneumatique-exterieur-velo","18":"first","19":"instock","20":"taxable","21":"shipping-taxable","22":"purchasable","23":"product-type-simple"},"yoast_head":"<!-- This site is optimized with the Yoast SEO plugin v27.1.1 - https:\/\/yoast.com\/product\/yoast-seo-wordpress\/ -->\n<title>URBAN PROOF Fat Bike pneu ext\u00e9rieur Razor normal 20 x 4.00 30 TPI - Urban Proof<\/title>\n<meta name=\"robots\" content=\"index, follow, max-snippet:-1, max-image-preview:large, max-video-preview:-1\" \/>\n<link rel=\"canonical\" href=\"https:\/\/urbanproof.nl\/fr\/product\/urban-proof-fat-bike-pneu-exterieur-razor-normal-20-x-4-00-30-tpi\/\" \/>\n<meta property=\"og:locale\" content=\"fr_FR\" \/>\n<meta property=\"og:type\" content=\"article\" \/>\n<meta property=\"og:title\" content=\"URBAN PROOF Fat Bike pneu ext\u00e9rieur Razor normal 20 x 4.00 30 TPI - Urban Proof\" \/>\n<meta property=\"og:description\" content=\"- Faible r\u00e9sistance - Facilit\u00e9 de montage - Profil adapt\u00e9 \u00e0 la rue - Parfait pour les environnements urbains - Fabriqu\u00e9 dans une usine durable\" \/>\n<meta property=\"og:url\" content=\"https:\/\/urbanproof.nl\/fr\/product\/urban-proof-fat-bike-pneu-exterieur-razor-normal-20-x-4-00-30-tpi\/\" \/>\n<meta property=\"og:site_name\" content=\"Urban Proof\" \/>\n<meta property=\"article:modified_time\" content=\"2025-12-03T10:42:30+00:00\" \/>\n<meta property=\"og:image\" content=\"https:\/\/urbanproof.nl\/wp-content\/uploads\/2025\/04\/440004JB_1.jpg\" \/>\n\t<meta property=\"og:image:width\" content=\"2047\" \/>\n\t<meta property=\"og:image:height\" content=\"2047\" \/>\n\t<meta property=\"og:image:type\" content=\"image\/jpeg\" \/>\n<meta name=\"twitter:card\" content=\"summary_large_image\" \/>\n<script type=\"application\/ld+json\" class=\"yoast-schema-graph\">{\"@context\":\"https:\/\/schema.org\",\"@graph\":[{\"@type\":\"WebPage\",\"@id\":\"https:\/\/urbanproof.nl\/fr\/product\/urban-proof-fat-bike-pneu-exterieur-razor-normal-20-x-4-00-30-tpi\/\",\"url\":\"https:\/\/urbanproof.nl\/fr\/product\/urban-proof-fat-bike-pneu-exterieur-razor-normal-20-x-4-00-30-tpi\/\",\"name\":\"URBAN PROOF Fat Bike pneu ext\u00e9rieur Razor normal 20 x 4.00 30 TPI - Urban Proof\",\"isPartOf\":{\"@id\":\"https:\/\/urbanproof.nl\/fr\/#website\"},\"primaryImageOfPage\":{\"@id\":\"https:\/\/urbanproof.nl\/fr\/product\/urban-proof-fat-bike-pneu-exterieur-razor-normal-20-x-4-00-30-tpi\/#primaryimage\"},\"image\":{\"@id\":\"https:\/\/urbanproof.nl\/fr\/product\/urban-proof-fat-bike-pneu-exterieur-razor-normal-20-x-4-00-30-tpi\/#primaryimage\"},\"thumbnailUrl\":\"https:\/\/urbanproof.nl\/wp-content\/uploads\/2025\/04\/440004JB_1.jpg\",\"datePublished\":\"2025-04-14T13:48:39+00:00\",\"dateModified\":\"2025-12-03T10:42:30+00:00\",\"breadcrumb\":{\"@id\":\"https:\/\/urbanproof.nl\/fr\/product\/urban-proof-fat-bike-pneu-exterieur-razor-normal-20-x-4-00-30-tpi\/#breadcrumb\"},\"inLanguage\":\"fr-FR\",\"potentialAction\":[{\"@type\":\"ReadAction\",\"target\":[\"https:\/\/urbanproof.nl\/fr\/product\/urban-proof-fat-bike-pneu-exterieur-razor-normal-20-x-4-00-30-tpi\/\"]}]},{\"@type\":\"ImageObject\",\"inLanguage\":\"fr-FR\",\"@id\":\"https:\/\/urbanproof.nl\/fr\/product\/urban-proof-fat-bike-pneu-exterieur-razor-normal-20-x-4-00-30-tpi\/#primaryimage\",\"url\":\"https:\/\/urbanproof.nl\/wp-content\/uploads\/2025\/04\/440004JB_1.jpg\",\"contentUrl\":\"https:\/\/urbanproof.nl\/wp-content\/uploads\/2025\/04\/440004JB_1.jpg\",\"width\":2047,\"height\":2047},{\"@type\":\"BreadcrumbList\",\"@id\":\"https:\/\/urbanproof.nl\/fr\/product\/urban-proof-fat-bike-pneu-exterieur-razor-normal-20-x-4-00-30-tpi\/#breadcrumb\",\"itemListElement\":[{\"@type\":\"ListItem\",\"position\":1,\"name\":\"Accueil\",\"item\":\"https:\/\/urbanproof.nl\/fr\/\"},{\"@type\":\"ListItem\",\"position\":2,\"name\":\"Collection\",\"item\":\"https:\/\/urbanproof.nl\/assortiment\/\"},{\"@type\":\"ListItem\",\"position\":3,\"name\":\"URBAN PROOF Fat Bike pneu ext\u00e9rieur Razor normal 20 x 4.00 30 TPI\"}]},{\"@type\":\"WebSite\",\"@id\":\"https:\/\/urbanproof.nl\/fr\/#website\",\"url\":\"https:\/\/urbanproof.nl\/fr\/\",\"name\":\"Urban Proof\",\"description\":\"La durabilit\u00e9 en mouvement\",\"publisher\":{\"@id\":\"https:\/\/urbanproof.nl\/fr\/#organization\"},\"potentialAction\":[{\"@type\":\"SearchAction\",\"target\":{\"@type\":\"EntryPoint\",\"urlTemplate\":\"https:\/\/urbanproof.nl\/fr\/?s={search_term_string}\"},\"query-input\":{\"@type\":\"PropertyValueSpecification\",\"valueRequired\":true,\"valueName\":\"search_term_string\"}}],\"inLanguage\":\"fr-FR\"},{\"@type\":\"Organization\",\"@id\":\"https:\/\/urbanproof.nl\/fr\/#organization\",\"name\":\"Urban Proof\",\"url\":\"https:\/\/urbanproof.nl\/fr\/\",\"logo\":{\"@type\":\"ImageObject\",\"inLanguage\":\"fr-FR\",\"@id\":\"https:\/\/urbanproof.nl\/fr\/#\/schema\/logo\/image\/\",\"url\":\"https:\/\/urbanproof.nl\/wp-content\/uploads\/2025\/04\/UBP_Logo_2022_ZWART.svg\",\"contentUrl\":\"https:\/\/urbanproof.nl\/wp-content\/uploads\/2025\/04\/UBP_Logo_2022_ZWART.svg\",\"caption\":\"Urban Proof\"},\"image\":{\"@id\":\"https:\/\/urbanproof.nl\/fr\/#\/schema\/logo\/image\/\"},\"sameAs\":[\"https:\/\/www.instagram.com\/urbanproof_sustainable\/\",\"https:\/\/www.linkedin.com\/company\/urban-proof\"]}]}<\/script>\n<!-- \/ Yoast SEO plugin. -->","yoast_head_json":{"title":"URBAN PROOF Fat Bike pneu ext\u00e9rieur Razor normal 20 x 4.00 30 TPI - Urban Proof","robots":{"index":"index","follow":"follow","max-snippet":"max-snippet:-1","max-image-preview":"max-image-preview:large","max-video-preview":"max-video-preview:-1"},"canonical":"https:\/\/urbanproof.nl\/fr\/product\/urban-proof-fat-bike-pneu-exterieur-razor-normal-20-x-4-00-30-tpi\/","og_locale":"fr_FR","og_type":"article","og_title":"URBAN PROOF Fat Bike pneu ext\u00e9rieur Razor normal 20 x 4.00 30 TPI - Urban Proof","og_description":"- Faible r\u00e9sistance - Facilit\u00e9 de montage - Profil adapt\u00e9 \u00e0 la rue - Parfait pour les environnements urbains - Fabriqu\u00e9 dans une usine durable","og_url":"https:\/\/urbanproof.nl\/fr\/product\/urban-proof-fat-bike-pneu-exterieur-razor-normal-20-x-4-00-30-tpi\/","og_site_name":"Urban Proof","article_modified_time":"2025-12-03T10:42:30+00:00","og_image":[{"width":2047,"height":2047,"url":"https:\/\/urbanproof.nl\/wp-content\/uploads\/2025\/04\/440004JB_1.jpg","type":"image\/jpeg"}],"twitter_card":"summary_large_image","schema":{"@context":"https:\/\/schema.org","@graph":[{"@type":"WebPage","@id":"https:\/\/urbanproof.nl\/fr\/product\/urban-proof-fat-bike-pneu-exterieur-razor-normal-20-x-4-00-30-tpi\/","url":"https:\/\/urbanproof.nl\/fr\/product\/urban-proof-fat-bike-pneu-exterieur-razor-normal-20-x-4-00-30-tpi\/","name":"URBAN PROOF Fat Bike pneu ext\u00e9rieur Razor normal 20 x 4.00 30 TPI - Urban Proof","isPartOf":{"@id":"https:\/\/urbanproof.nl\/fr\/#website"},"primaryImageOfPage":{"@id":"https:\/\/urbanproof.nl\/fr\/product\/urban-proof-fat-bike-pneu-exterieur-razor-normal-20-x-4-00-30-tpi\/#primaryimage"},"image":{"@id":"https:\/\/urbanproof.nl\/fr\/product\/urban-proof-fat-bike-pneu-exterieur-razor-normal-20-x-4-00-30-tpi\/#primaryimage"},"thumbnailUrl":"https:\/\/urbanproof.nl\/wp-content\/uploads\/2025\/04\/440004JB_1.jpg","datePublished":"2025-04-14T13:48:39+00:00","dateModified":"2025-12-03T10:42:30+00:00","breadcrumb":{"@id":"https:\/\/urbanproof.nl\/fr\/product\/urban-proof-fat-bike-pneu-exterieur-razor-normal-20-x-4-00-30-tpi\/#breadcrumb"},"inLanguage":"fr-FR","potentialAction":[{"@type":"ReadAction","target":["https:\/\/urbanproof.nl\/fr\/product\/urban-proof-fat-bike-pneu-exterieur-razor-normal-20-x-4-00-30-tpi\/"]}]},{"@type":"ImageObject","inLanguage":"fr-FR","@id":"https:\/\/urbanproof.nl\/fr\/product\/urban-proof-fat-bike-pneu-exterieur-razor-normal-20-x-4-00-30-tpi\/#primaryimage","url":"https:\/\/urbanproof.nl\/wp-content\/uploads\/2025\/04\/440004JB_1.jpg","contentUrl":"https:\/\/urbanproof.nl\/wp-content\/uploads\/2025\/04\/440004JB_1.jpg","width":2047,"height":2047},{"@type":"BreadcrumbList","@id":"https:\/\/urbanproof.nl\/fr\/product\/urban-proof-fat-bike-pneu-exterieur-razor-normal-20-x-4-00-30-tpi\/#breadcrumb","itemListElement":[{"@type":"ListItem","position":1,"name":"Accueil","item":"https:\/\/urbanproof.nl\/fr\/"},{"@type":"ListItem","position":2,"name":"Collection","item":"https:\/\/urbanproof.nl\/assortiment\/"},{"@type":"ListItem","position":3,"name":"URBAN PROOF Fat Bike pneu ext\u00e9rieur Razor normal 20 x 4.00 30 TPI"}]},{"@type":"WebSite","@id":"https:\/\/urbanproof.nl\/fr\/#website","url":"https:\/\/urbanproof.nl\/fr\/","name":"Urban Proof","description":"La durabilit\u00e9 en mouvement","publisher":{"@id":"https:\/\/urbanproof.nl\/fr\/#organization"},"potentialAction":[{"@type":"SearchAction","target":{"@type":"EntryPoint","urlTemplate":"https:\/\/urbanproof.nl\/fr\/?s={search_term_string}"},"query-input":{"@type":"PropertyValueSpecification","valueRequired":true,"valueName":"search_term_string"}}],"inLanguage":"fr-FR"},{"@type":"Organization","@id":"https:\/\/urbanproof.nl\/fr\/#organization","name":"Urban Proof","url":"https:\/\/urbanproof.nl\/fr\/","logo":{"@type":"ImageObject","inLanguage":"fr-FR","@id":"https:\/\/urbanproof.nl\/fr\/#\/schema\/logo\/image\/","url":"https:\/\/urbanproof.nl\/wp-content\/uploads\/2025\/04\/UBP_Logo_2022_ZWART.svg","contentUrl":"https:\/\/urbanproof.nl\/wp-content\/uploads\/2025\/04\/UBP_Logo_2022_ZWART.svg","caption":"Urban Proof"},"image":{"@id":"https:\/\/urbanproof.nl\/fr\/#\/schema\/logo\/image\/"},"sameAs":["https:\/\/www.instagram.com\/urbanproof_sustainable\/","https:\/\/www.linkedin.com\/company\/urban-proof"]}]}},"_links":{"self":[{"href":"https:\/\/urbanproof.nl\/fr\/wp-json\/wp\/v2\/product\/2805","targetHints":{"allow":["GET"]}}],"collection":[{"href":"https:\/\/urbanproof.nl\/fr\/wp-json\/wp\/v2\/product"}],"about":[{"href":"https:\/\/urbanproof.nl\/fr\/wp-json\/wp\/v2\/types\/product"}],"version-history":[{"count":1,"href":"https:\/\/urbanproof.nl\/fr\/wp-json\/wp\/v2\/product\/2805\/revisions"}],"predecessor-version":[{"id":7025,"href":"https:\/\/urbanproof.nl\/fr\/wp-json\/wp\/v2\/product\/2805\/revisions\/7025"}],"wp:featuredmedia":[{"embeddable":true,"href":"https:\/\/urbanproof.nl\/fr\/wp-json\/wp\/v2\/media\/3876"}],"wp:attachment":[{"href":"https:\/\/urbanproof.nl\/fr\/wp-json\/wp\/v2\/media?parent=2805"}],"wp:term":[{"taxonomy":"product_brand","embeddable":true,"href":"https:\/\/urbanproof.nl\/fr\/wp-json\/wp\/v2\/product_brand?post=2805"},{"taxonomy":"product_cat","embeddable":true,"href":"https:\/\/urbanproof.nl\/fr\/wp-json\/wp\/v2\/product_cat?post=2805"},{"taxonomy":"product_tag","embeddable":true,"href":"https:\/\/urbanproof.nl\/fr\/wp-json\/wp\/v2\/product_tag?post=2805"}],"curies":[{"name":"wp","href":"https:\/\/api.w.org\/{rel}","templated":true}]}}