{"id":2802,"date":"2025-04-14T15:48:35","date_gmt":"2025-04-14T13:48:35","guid":{"rendered":"https:\/\/urbanproof.nl\/assortiment\/non%20class\u00e9\/urban-proof-tube-exterieur-recycle-3mm-epaisseur-du-pneu-40-622-30-tpi\/"},"modified":"2025-12-03T12:42:25","modified_gmt":"2025-12-03T10:42:25","slug":"urban-proof-tube-exterieur-recycle-3mm-epaisseur-du-pneu-40-622-30-tpi","status":"publish","type":"product","link":"https:\/\/urbanproof.nl\/fr\/product\/urban-proof-tube-exterieur-recycle-3mm-epaisseur-du-pneu-40-622-30-tpi\/","title":{"rendered":"URBAN PROOF Tube ext\u00e9rieur recycl\u00e9 3mm \u00e9paisseur du pneu 40-622 30 TPI"},"content":{"rendered":"<p>Roulez intelligemment, en toute s\u00e9curit\u00e9 et de mani\u00e8re durable avec le pneu ext\u00e9rieur recycl\u00e9 Urban Proof 3MM CORE 40-622 30 TPI. Ce pneu v\u00e9lo de haute qualit\u00e9 est sp\u00e9cialement con\u00e7u pour le cycliste moderne qui appr\u00e9cie \u00e0 la fois la performance et la durabilit\u00e9. Gr\u00e2ce \u00e0 des technologies innovantes et des mat\u00e9riaux recycl\u00e9s, ce pneu offre non seulement une excellente exp\u00e9rience de conduite, mais contribue \u00e9galement \u00e0 un avenir plus durable.    <\/p>\n","protected":false},"excerpt":{"rendered":"<p>  &#8211; Un profil optimis\u00e9<br \/>\n &#8211; R\u00e9flexions sur les normes E4<br \/>\n &#8211; Montage facile<br \/>\n &#8211; Faible r\u00e9sistance au roulement<br \/>\n &#8211; Noyau vert recycl\u00e9 de 3 mm<br \/>\n &#8211; Produit dans une usine durable<\/p>\n","protected":false},"featured_media":2275,"template":"","meta":[],"product_brand":[],"product_cat":[327,380],"product_tag":[731],"class_list":{"0":"post-2802","1":"product","2":"type-product","3":"status-publish","4":"has-post-thumbnail","6":"product_cat-pneus-de-bicyclettes","7":"product_cat-tubes-exterieurs","8":"product_tag-tubes-exterieurs-3mm","9":"pa_afmetinglbh-28-x-1-5-8-x-11-2-in","10":"pa_collectie-collection-de-pneus","11":"pa_e-bike-ready-oui","12":"pa_gewicht-570-grammes","13":"pa_inch-28-fr","14":"pa_kleur-noir","15":"pa_lekbescherming-haut","16":"pa_reflectie-oui","17":"pa_type-product-pneumatique-exterieur-velo","19":"first","20":"instock","21":"taxable","22":"shipping-taxable","23":"purchasable","24":"product-type-simple"},"yoast_head":"<!-- This site is optimized with the Yoast SEO plugin v27.1.1 - https:\/\/yoast.com\/product\/yoast-seo-wordpress\/ -->\n<title>URBAN PROOF Tube ext\u00e9rieur recycl\u00e9 3mm \u00e9paisseur du pneu 40-622 30 TPI - Urban Proof<\/title>\n<meta name=\"robots\" content=\"index, follow, max-snippet:-1, max-image-preview:large, max-video-preview:-1\" \/>\n<link rel=\"canonical\" href=\"https:\/\/urbanproof.nl\/fr\/product\/urban-proof-tube-exterieur-recycle-3mm-epaisseur-du-pneu-40-622-30-tpi\/\" \/>\n<meta property=\"og:locale\" content=\"fr_FR\" \/>\n<meta property=\"og:type\" content=\"article\" \/>\n<meta property=\"og:title\" content=\"URBAN PROOF Tube ext\u00e9rieur recycl\u00e9 3mm \u00e9paisseur du pneu 40-622 30 TPI - Urban Proof\" \/>\n<meta property=\"og:description\" content=\"- Un profil optimis\u00e9 - R\u00e9flexions sur les normes E4 - Montage facile - Faible r\u00e9sistance au roulement  - Noyau vert recycl\u00e9 de 3 mm  - Produit dans une usine durable\" \/>\n<meta property=\"og:url\" content=\"https:\/\/urbanproof.nl\/fr\/product\/urban-proof-tube-exterieur-recycle-3mm-epaisseur-du-pneu-40-622-30-tpi\/\" \/>\n<meta property=\"og:site_name\" content=\"Urban Proof\" \/>\n<meta property=\"article:modified_time\" content=\"2025-12-03T10:42:25+00:00\" \/>\n<meta property=\"og:image\" content=\"https:\/\/urbanproof.nl\/wp-content\/uploads\/2025\/04\/440000JB_1.jpg\" \/>\n\t<meta property=\"og:image:width\" content=\"2047\" \/>\n\t<meta property=\"og:image:height\" content=\"2047\" \/>\n\t<meta property=\"og:image:type\" content=\"image\/jpeg\" \/>\n<meta name=\"twitter:card\" content=\"summary_large_image\" \/>\n<script type=\"application\/ld+json\" class=\"yoast-schema-graph\">{\"@context\":\"https:\/\/schema.org\",\"@graph\":[{\"@type\":\"WebPage\",\"@id\":\"https:\/\/urbanproof.nl\/fr\/product\/urban-proof-tube-exterieur-recycle-3mm-epaisseur-du-pneu-40-622-30-tpi\/\",\"url\":\"https:\/\/urbanproof.nl\/fr\/product\/urban-proof-tube-exterieur-recycle-3mm-epaisseur-du-pneu-40-622-30-tpi\/\",\"name\":\"URBAN PROOF Tube ext\u00e9rieur recycl\u00e9 3mm \u00e9paisseur du pneu 40-622 30 TPI - Urban Proof\",\"isPartOf\":{\"@id\":\"https:\/\/urbanproof.nl\/fr\/#website\"},\"primaryImageOfPage\":{\"@id\":\"https:\/\/urbanproof.nl\/fr\/product\/urban-proof-tube-exterieur-recycle-3mm-epaisseur-du-pneu-40-622-30-tpi\/#primaryimage\"},\"image\":{\"@id\":\"https:\/\/urbanproof.nl\/fr\/product\/urban-proof-tube-exterieur-recycle-3mm-epaisseur-du-pneu-40-622-30-tpi\/#primaryimage\"},\"thumbnailUrl\":\"https:\/\/urbanproof.nl\/wp-content\/uploads\/2025\/04\/440000JB_1.jpg\",\"datePublished\":\"2025-04-14T13:48:35+00:00\",\"dateModified\":\"2025-12-03T10:42:25+00:00\",\"breadcrumb\":{\"@id\":\"https:\/\/urbanproof.nl\/fr\/product\/urban-proof-tube-exterieur-recycle-3mm-epaisseur-du-pneu-40-622-30-tpi\/#breadcrumb\"},\"inLanguage\":\"fr-FR\",\"potentialAction\":[{\"@type\":\"ReadAction\",\"target\":[\"https:\/\/urbanproof.nl\/fr\/product\/urban-proof-tube-exterieur-recycle-3mm-epaisseur-du-pneu-40-622-30-tpi\/\"]}]},{\"@type\":\"ImageObject\",\"inLanguage\":\"fr-FR\",\"@id\":\"https:\/\/urbanproof.nl\/fr\/product\/urban-proof-tube-exterieur-recycle-3mm-epaisseur-du-pneu-40-622-30-tpi\/#primaryimage\",\"url\":\"https:\/\/urbanproof.nl\/wp-content\/uploads\/2025\/04\/440000JB_1.jpg\",\"contentUrl\":\"https:\/\/urbanproof.nl\/wp-content\/uploads\/2025\/04\/440000JB_1.jpg\",\"width\":2047,\"height\":2047},{\"@type\":\"BreadcrumbList\",\"@id\":\"https:\/\/urbanproof.nl\/fr\/product\/urban-proof-tube-exterieur-recycle-3mm-epaisseur-du-pneu-40-622-30-tpi\/#breadcrumb\",\"itemListElement\":[{\"@type\":\"ListItem\",\"position\":1,\"name\":\"Accueil\",\"item\":\"https:\/\/urbanproof.nl\/fr\/\"},{\"@type\":\"ListItem\",\"position\":2,\"name\":\"Collection\",\"item\":\"https:\/\/urbanproof.nl\/assortiment\/\"},{\"@type\":\"ListItem\",\"position\":3,\"name\":\"URBAN PROOF Tube ext\u00e9rieur recycl\u00e9 3mm \u00e9paisseur du pneu 40-622 30 TPI\"}]},{\"@type\":\"WebSite\",\"@id\":\"https:\/\/urbanproof.nl\/fr\/#website\",\"url\":\"https:\/\/urbanproof.nl\/fr\/\",\"name\":\"Urban Proof\",\"description\":\"La durabilit\u00e9 en mouvement\",\"publisher\":{\"@id\":\"https:\/\/urbanproof.nl\/fr\/#organization\"},\"potentialAction\":[{\"@type\":\"SearchAction\",\"target\":{\"@type\":\"EntryPoint\",\"urlTemplate\":\"https:\/\/urbanproof.nl\/fr\/?s={search_term_string}\"},\"query-input\":{\"@type\":\"PropertyValueSpecification\",\"valueRequired\":true,\"valueName\":\"search_term_string\"}}],\"inLanguage\":\"fr-FR\"},{\"@type\":\"Organization\",\"@id\":\"https:\/\/urbanproof.nl\/fr\/#organization\",\"name\":\"Urban Proof\",\"url\":\"https:\/\/urbanproof.nl\/fr\/\",\"logo\":{\"@type\":\"ImageObject\",\"inLanguage\":\"fr-FR\",\"@id\":\"https:\/\/urbanproof.nl\/fr\/#\/schema\/logo\/image\/\",\"url\":\"https:\/\/urbanproof.nl\/wp-content\/uploads\/2025\/04\/UBP_Logo_2022_ZWART.svg\",\"contentUrl\":\"https:\/\/urbanproof.nl\/wp-content\/uploads\/2025\/04\/UBP_Logo_2022_ZWART.svg\",\"caption\":\"Urban Proof\"},\"image\":{\"@id\":\"https:\/\/urbanproof.nl\/fr\/#\/schema\/logo\/image\/\"},\"sameAs\":[\"https:\/\/www.instagram.com\/urbanproof_sustainable\/\",\"https:\/\/www.linkedin.com\/company\/urban-proof\"]}]}<\/script>\n<!-- \/ Yoast SEO plugin. -->","yoast_head_json":{"title":"URBAN PROOF Tube ext\u00e9rieur recycl\u00e9 3mm \u00e9paisseur du pneu 40-622 30 TPI - Urban Proof","robots":{"index":"index","follow":"follow","max-snippet":"max-snippet:-1","max-image-preview":"max-image-preview:large","max-video-preview":"max-video-preview:-1"},"canonical":"https:\/\/urbanproof.nl\/fr\/product\/urban-proof-tube-exterieur-recycle-3mm-epaisseur-du-pneu-40-622-30-tpi\/","og_locale":"fr_FR","og_type":"article","og_title":"URBAN PROOF Tube ext\u00e9rieur recycl\u00e9 3mm \u00e9paisseur du pneu 40-622 30 TPI - Urban Proof","og_description":"- Un profil optimis\u00e9 - R\u00e9flexions sur les normes E4 - Montage facile - Faible r\u00e9sistance au roulement  - Noyau vert recycl\u00e9 de 3 mm  - Produit dans une usine durable","og_url":"https:\/\/urbanproof.nl\/fr\/product\/urban-proof-tube-exterieur-recycle-3mm-epaisseur-du-pneu-40-622-30-tpi\/","og_site_name":"Urban Proof","article_modified_time":"2025-12-03T10:42:25+00:00","og_image":[{"width":2047,"height":2047,"url":"https:\/\/urbanproof.nl\/wp-content\/uploads\/2025\/04\/440000JB_1.jpg","type":"image\/jpeg"}],"twitter_card":"summary_large_image","schema":{"@context":"https:\/\/schema.org","@graph":[{"@type":"WebPage","@id":"https:\/\/urbanproof.nl\/fr\/product\/urban-proof-tube-exterieur-recycle-3mm-epaisseur-du-pneu-40-622-30-tpi\/","url":"https:\/\/urbanproof.nl\/fr\/product\/urban-proof-tube-exterieur-recycle-3mm-epaisseur-du-pneu-40-622-30-tpi\/","name":"URBAN PROOF Tube ext\u00e9rieur recycl\u00e9 3mm \u00e9paisseur du pneu 40-622 30 TPI - Urban Proof","isPartOf":{"@id":"https:\/\/urbanproof.nl\/fr\/#website"},"primaryImageOfPage":{"@id":"https:\/\/urbanproof.nl\/fr\/product\/urban-proof-tube-exterieur-recycle-3mm-epaisseur-du-pneu-40-622-30-tpi\/#primaryimage"},"image":{"@id":"https:\/\/urbanproof.nl\/fr\/product\/urban-proof-tube-exterieur-recycle-3mm-epaisseur-du-pneu-40-622-30-tpi\/#primaryimage"},"thumbnailUrl":"https:\/\/urbanproof.nl\/wp-content\/uploads\/2025\/04\/440000JB_1.jpg","datePublished":"2025-04-14T13:48:35+00:00","dateModified":"2025-12-03T10:42:25+00:00","breadcrumb":{"@id":"https:\/\/urbanproof.nl\/fr\/product\/urban-proof-tube-exterieur-recycle-3mm-epaisseur-du-pneu-40-622-30-tpi\/#breadcrumb"},"inLanguage":"fr-FR","potentialAction":[{"@type":"ReadAction","target":["https:\/\/urbanproof.nl\/fr\/product\/urban-proof-tube-exterieur-recycle-3mm-epaisseur-du-pneu-40-622-30-tpi\/"]}]},{"@type":"ImageObject","inLanguage":"fr-FR","@id":"https:\/\/urbanproof.nl\/fr\/product\/urban-proof-tube-exterieur-recycle-3mm-epaisseur-du-pneu-40-622-30-tpi\/#primaryimage","url":"https:\/\/urbanproof.nl\/wp-content\/uploads\/2025\/04\/440000JB_1.jpg","contentUrl":"https:\/\/urbanproof.nl\/wp-content\/uploads\/2025\/04\/440000JB_1.jpg","width":2047,"height":2047},{"@type":"BreadcrumbList","@id":"https:\/\/urbanproof.nl\/fr\/product\/urban-proof-tube-exterieur-recycle-3mm-epaisseur-du-pneu-40-622-30-tpi\/#breadcrumb","itemListElement":[{"@type":"ListItem","position":1,"name":"Accueil","item":"https:\/\/urbanproof.nl\/fr\/"},{"@type":"ListItem","position":2,"name":"Collection","item":"https:\/\/urbanproof.nl\/assortiment\/"},{"@type":"ListItem","position":3,"name":"URBAN PROOF Tube ext\u00e9rieur recycl\u00e9 3mm \u00e9paisseur du pneu 40-622 30 TPI"}]},{"@type":"WebSite","@id":"https:\/\/urbanproof.nl\/fr\/#website","url":"https:\/\/urbanproof.nl\/fr\/","name":"Urban Proof","description":"La durabilit\u00e9 en mouvement","publisher":{"@id":"https:\/\/urbanproof.nl\/fr\/#organization"},"potentialAction":[{"@type":"SearchAction","target":{"@type":"EntryPoint","urlTemplate":"https:\/\/urbanproof.nl\/fr\/?s={search_term_string}"},"query-input":{"@type":"PropertyValueSpecification","valueRequired":true,"valueName":"search_term_string"}}],"inLanguage":"fr-FR"},{"@type":"Organization","@id":"https:\/\/urbanproof.nl\/fr\/#organization","name":"Urban Proof","url":"https:\/\/urbanproof.nl\/fr\/","logo":{"@type":"ImageObject","inLanguage":"fr-FR","@id":"https:\/\/urbanproof.nl\/fr\/#\/schema\/logo\/image\/","url":"https:\/\/urbanproof.nl\/wp-content\/uploads\/2025\/04\/UBP_Logo_2022_ZWART.svg","contentUrl":"https:\/\/urbanproof.nl\/wp-content\/uploads\/2025\/04\/UBP_Logo_2022_ZWART.svg","caption":"Urban Proof"},"image":{"@id":"https:\/\/urbanproof.nl\/fr\/#\/schema\/logo\/image\/"},"sameAs":["https:\/\/www.instagram.com\/urbanproof_sustainable\/","https:\/\/www.linkedin.com\/company\/urban-proof"]}]}},"_links":{"self":[{"href":"https:\/\/urbanproof.nl\/fr\/wp-json\/wp\/v2\/product\/2802","targetHints":{"allow":["GET"]}}],"collection":[{"href":"https:\/\/urbanproof.nl\/fr\/wp-json\/wp\/v2\/product"}],"about":[{"href":"https:\/\/urbanproof.nl\/fr\/wp-json\/wp\/v2\/types\/product"}],"version-history":[{"count":1,"href":"https:\/\/urbanproof.nl\/fr\/wp-json\/wp\/v2\/product\/2802\/revisions"}],"predecessor-version":[{"id":7018,"href":"https:\/\/urbanproof.nl\/fr\/wp-json\/wp\/v2\/product\/2802\/revisions\/7018"}],"wp:featuredmedia":[{"embeddable":true,"href":"https:\/\/urbanproof.nl\/fr\/wp-json\/wp\/v2\/media\/2275"}],"wp:attachment":[{"href":"https:\/\/urbanproof.nl\/fr\/wp-json\/wp\/v2\/media?parent=2802"}],"wp:term":[{"taxonomy":"product_brand","embeddable":true,"href":"https:\/\/urbanproof.nl\/fr\/wp-json\/wp\/v2\/product_brand?post=2802"},{"taxonomy":"product_cat","embeddable":true,"href":"https:\/\/urbanproof.nl\/fr\/wp-json\/wp\/v2\/product_cat?post=2802"},{"taxonomy":"product_tag","embeddable":true,"href":"https:\/\/urbanproof.nl\/fr\/wp-json\/wp\/v2\/product_tag?post=2802"}],"curies":[{"name":"wp","href":"https:\/\/api.w.org\/{rel}","templated":true}]}}