{"id":2801,"date":"2025-04-14T15:48:18","date_gmt":"2025-04-14T13:48:18","guid":{"rendered":"https:\/\/urbanproof.nl\/assortiment\/non%20class\u00e9\/urban-proof-caisse-a-velo-recyclee-30l-click-marron-fonce\/"},"modified":"2025-12-03T12:41:53","modified_gmt":"2025-12-03T10:41:53","slug":"urban-proof-caisse-a-velo-recyclee-30l-click-marron-fonce","status":"publish","type":"product","link":"https:\/\/urbanproof.nl\/fr\/product\/urban-proof-caisse-a-velo-recyclee-30l-click-marron-fonce\/","title":{"rendered":"URBAN PROOF Caisse \u00e0 v\u00e9lo recycl\u00e9e 30L CLICK"},"content":{"rendered":"<p>Vous cherchez un moyen de transporter vos affaires sur votre V\u00e9lo ? Alors ne cherchez pas plus loin que notre nouvelle collection de caisses Urban Proof !  Fabriqu\u00e9 en plastique 100 % recycl\u00e9 et produit en Europe pour une empreinte carbone r\u00e9duite. Il n&rsquo;a jamais \u00e9t\u00e9 aussi facile de ranger vos affaires. <\/p>\n<p>Faire du v\u00e9lo est la fa\u00e7on la plus cool de se d\u00e9placer en ville. Les caisses sont la solution id\u00e9ale pour les \u00e9tudiants et les adultes qui transportent des livres, du mat\u00e9riel de sport et bien plus encore. Elles sont l\u00e9g\u00e8res, r\u00e9sistantes et con\u00e7ues pour durer. Pour une meilleure visibilit\u00e9 dans la circulation, cette nouvelle caisse est dot\u00e9e d&rsquo;un logo r\u00e9fl\u00e9chissant et d&rsquo;une d\u00e9coupe \u00e0 l&rsquo;avant de la caisse pour y placer une lampe de v\u00e9lo. Voyagez avec style d&rsquo;un point A \u00e0 un point B avec une caisse sur votre V\u00e9lo &#8211; sans renoncer au confort ou \u00e0 la commodit\u00e9 !      <\/p>\n","protected":false},"excerpt":{"rendered":"<p>  &#8211; 100% plastique recycl\u00e9<br \/>\n &#8211; Fabriqu\u00e9 en Europe<br \/>\n &#8211; Adaptation universelle \u00e0 tous les porte-bagages<br \/>\n &#8211; Look renouvel\u00e9 avec encoche pour \u00e9clairage de v\u00e9lo<br \/>\n &#8211; Nouveau logo avec reflet<br \/>\n &#8211; Convient \u00e9galement aux syst\u00e8mes de montage MIK et AVS<\/p>\n","protected":false},"featured_media":1918,"template":"","meta":[],"product_brand":[],"product_cat":[684,362],"product_tag":[685],"class_list":{"0":"post-2801","1":"product","2":"type-product","3":"status-publish","4":"has-post-thumbnail","6":"product_cat-caisses-a-bicyclettes-30l","7":"product_cat-caisses-a-velos","8":"product_tag-caisses-a-bicyclettes-30l","9":"pa_afmetinglbh-40cm-x-30cm-x-25cm-fr","10":"pa_collectie-30l-click-collection","11":"pa_e-bike-ready-oui","12":"pa_gewicht-800-grammes","13":"pa_inhoud-30-litres","14":"pa_kleur-marron-fonce","15":"pa_materiaal-pp-recycle","16":"pa_reflectie-oui","17":"pa_type-product-caisse-a-velo","18":"pa_volume-30l-fr","20":"first","21":"instock","22":"taxable","23":"shipping-taxable","24":"purchasable","25":"product-type-simple"},"yoast_head":"<!-- This site is optimized with the Yoast SEO plugin v27.1.1 - https:\/\/yoast.com\/product\/yoast-seo-wordpress\/ -->\n<title>URBAN PROOF Caisse \u00e0 v\u00e9lo recycl\u00e9e 30L CLICK - Urban Proof<\/title>\n<meta name=\"robots\" content=\"index, follow, max-snippet:-1, max-image-preview:large, max-video-preview:-1\" \/>\n<link rel=\"canonical\" href=\"https:\/\/urbanproof.nl\/fr\/product\/urban-proof-caisse-a-velo-recyclee-30l-click-marron-fonce\/\" \/>\n<meta property=\"og:locale\" content=\"fr_FR\" \/>\n<meta property=\"og:type\" content=\"article\" \/>\n<meta property=\"og:title\" content=\"URBAN PROOF Caisse \u00e0 v\u00e9lo recycl\u00e9e 30L CLICK - Urban Proof\" \/>\n<meta property=\"og:description\" content=\"- 100% plastique recycl\u00e9 - Fabriqu\u00e9 en Europe - Adaptation universelle \u00e0 tous les porte-bagages - Look renouvel\u00e9 avec encoche pour \u00e9clairage de v\u00e9lo  - Nouveau logo avec reflet  - Convient \u00e9galement aux syst\u00e8mes de montage MIK et AVS\" \/>\n<meta property=\"og:url\" content=\"https:\/\/urbanproof.nl\/fr\/product\/urban-proof-caisse-a-velo-recyclee-30l-click-marron-fonce\/\" \/>\n<meta property=\"og:site_name\" content=\"Urban Proof\" \/>\n<meta property=\"article:modified_time\" content=\"2025-12-03T10:41:53+00:00\" \/>\n<meta property=\"og:image\" content=\"https:\/\/urbanproof.nl\/wp-content\/uploads\/2025\/04\/400766UP_1.jpg\" \/>\n\t<meta property=\"og:image:width\" content=\"2047\" \/>\n\t<meta property=\"og:image:height\" content=\"2047\" \/>\n\t<meta property=\"og:image:type\" content=\"image\/jpeg\" \/>\n<meta name=\"twitter:card\" content=\"summary_large_image\" \/>\n<meta name=\"twitter:label1\" content=\"Dur\u00e9e de lecture estim\u00e9e\" \/>\n\t<meta name=\"twitter:data1\" content=\"1 minute\" \/>\n<script type=\"application\/ld+json\" class=\"yoast-schema-graph\">{\"@context\":\"https:\/\/schema.org\",\"@graph\":[{\"@type\":\"WebPage\",\"@id\":\"https:\/\/urbanproof.nl\/fr\/product\/urban-proof-caisse-a-velo-recyclee-30l-click-marron-fonce\/\",\"url\":\"https:\/\/urbanproof.nl\/fr\/product\/urban-proof-caisse-a-velo-recyclee-30l-click-marron-fonce\/\",\"name\":\"URBAN PROOF Caisse \u00e0 v\u00e9lo recycl\u00e9e 30L CLICK - Urban Proof\",\"isPartOf\":{\"@id\":\"https:\/\/urbanproof.nl\/fr\/#website\"},\"primaryImageOfPage\":{\"@id\":\"https:\/\/urbanproof.nl\/fr\/product\/urban-proof-caisse-a-velo-recyclee-30l-click-marron-fonce\/#primaryimage\"},\"image\":{\"@id\":\"https:\/\/urbanproof.nl\/fr\/product\/urban-proof-caisse-a-velo-recyclee-30l-click-marron-fonce\/#primaryimage\"},\"thumbnailUrl\":\"https:\/\/urbanproof.nl\/wp-content\/uploads\/2025\/04\/400766UP_1.jpg\",\"datePublished\":\"2025-04-14T13:48:18+00:00\",\"dateModified\":\"2025-12-03T10:41:53+00:00\",\"breadcrumb\":{\"@id\":\"https:\/\/urbanproof.nl\/fr\/product\/urban-proof-caisse-a-velo-recyclee-30l-click-marron-fonce\/#breadcrumb\"},\"inLanguage\":\"fr-FR\",\"potentialAction\":[{\"@type\":\"ReadAction\",\"target\":[\"https:\/\/urbanproof.nl\/fr\/product\/urban-proof-caisse-a-velo-recyclee-30l-click-marron-fonce\/\"]}]},{\"@type\":\"ImageObject\",\"inLanguage\":\"fr-FR\",\"@id\":\"https:\/\/urbanproof.nl\/fr\/product\/urban-proof-caisse-a-velo-recyclee-30l-click-marron-fonce\/#primaryimage\",\"url\":\"https:\/\/urbanproof.nl\/wp-content\/uploads\/2025\/04\/400766UP_1.jpg\",\"contentUrl\":\"https:\/\/urbanproof.nl\/wp-content\/uploads\/2025\/04\/400766UP_1.jpg\",\"width\":2047,\"height\":2047},{\"@type\":\"BreadcrumbList\",\"@id\":\"https:\/\/urbanproof.nl\/fr\/product\/urban-proof-caisse-a-velo-recyclee-30l-click-marron-fonce\/#breadcrumb\",\"itemListElement\":[{\"@type\":\"ListItem\",\"position\":1,\"name\":\"Accueil\",\"item\":\"https:\/\/urbanproof.nl\/fr\/\"},{\"@type\":\"ListItem\",\"position\":2,\"name\":\"Collection\",\"item\":\"https:\/\/urbanproof.nl\/assortiment\/\"},{\"@type\":\"ListItem\",\"position\":3,\"name\":\"URBAN PROOF Caisse \u00e0 v\u00e9lo recycl\u00e9e 30L CLICK\"}]},{\"@type\":\"WebSite\",\"@id\":\"https:\/\/urbanproof.nl\/fr\/#website\",\"url\":\"https:\/\/urbanproof.nl\/fr\/\",\"name\":\"Urban Proof\",\"description\":\"La durabilit\u00e9 en mouvement\",\"publisher\":{\"@id\":\"https:\/\/urbanproof.nl\/fr\/#organization\"},\"potentialAction\":[{\"@type\":\"SearchAction\",\"target\":{\"@type\":\"EntryPoint\",\"urlTemplate\":\"https:\/\/urbanproof.nl\/fr\/?s={search_term_string}\"},\"query-input\":{\"@type\":\"PropertyValueSpecification\",\"valueRequired\":true,\"valueName\":\"search_term_string\"}}],\"inLanguage\":\"fr-FR\"},{\"@type\":\"Organization\",\"@id\":\"https:\/\/urbanproof.nl\/fr\/#organization\",\"name\":\"Urban Proof\",\"url\":\"https:\/\/urbanproof.nl\/fr\/\",\"logo\":{\"@type\":\"ImageObject\",\"inLanguage\":\"fr-FR\",\"@id\":\"https:\/\/urbanproof.nl\/fr\/#\/schema\/logo\/image\/\",\"url\":\"https:\/\/urbanproof.nl\/wp-content\/uploads\/2025\/04\/UBP_Logo_2022_ZWART.svg\",\"contentUrl\":\"https:\/\/urbanproof.nl\/wp-content\/uploads\/2025\/04\/UBP_Logo_2022_ZWART.svg\",\"caption\":\"Urban Proof\"},\"image\":{\"@id\":\"https:\/\/urbanproof.nl\/fr\/#\/schema\/logo\/image\/\"},\"sameAs\":[\"https:\/\/www.instagram.com\/urbanproof_sustainable\/\",\"https:\/\/www.linkedin.com\/company\/urban-proof\"]}]}<\/script>\n<!-- \/ Yoast SEO plugin. -->","yoast_head_json":{"title":"URBAN PROOF Caisse \u00e0 v\u00e9lo recycl\u00e9e 30L CLICK - Urban Proof","robots":{"index":"index","follow":"follow","max-snippet":"max-snippet:-1","max-image-preview":"max-image-preview:large","max-video-preview":"max-video-preview:-1"},"canonical":"https:\/\/urbanproof.nl\/fr\/product\/urban-proof-caisse-a-velo-recyclee-30l-click-marron-fonce\/","og_locale":"fr_FR","og_type":"article","og_title":"URBAN PROOF Caisse \u00e0 v\u00e9lo recycl\u00e9e 30L CLICK - Urban Proof","og_description":"- 100% plastique recycl\u00e9 - Fabriqu\u00e9 en Europe - Adaptation universelle \u00e0 tous les porte-bagages - Look renouvel\u00e9 avec encoche pour \u00e9clairage de v\u00e9lo  - Nouveau logo avec reflet  - Convient \u00e9galement aux syst\u00e8mes de montage MIK et AVS","og_url":"https:\/\/urbanproof.nl\/fr\/product\/urban-proof-caisse-a-velo-recyclee-30l-click-marron-fonce\/","og_site_name":"Urban Proof","article_modified_time":"2025-12-03T10:41:53+00:00","og_image":[{"width":2047,"height":2047,"url":"https:\/\/urbanproof.nl\/wp-content\/uploads\/2025\/04\/400766UP_1.jpg","type":"image\/jpeg"}],"twitter_card":"summary_large_image","twitter_misc":{"Dur\u00e9e de lecture estim\u00e9e":"1 minute"},"schema":{"@context":"https:\/\/schema.org","@graph":[{"@type":"WebPage","@id":"https:\/\/urbanproof.nl\/fr\/product\/urban-proof-caisse-a-velo-recyclee-30l-click-marron-fonce\/","url":"https:\/\/urbanproof.nl\/fr\/product\/urban-proof-caisse-a-velo-recyclee-30l-click-marron-fonce\/","name":"URBAN PROOF Caisse \u00e0 v\u00e9lo recycl\u00e9e 30L CLICK - Urban Proof","isPartOf":{"@id":"https:\/\/urbanproof.nl\/fr\/#website"},"primaryImageOfPage":{"@id":"https:\/\/urbanproof.nl\/fr\/product\/urban-proof-caisse-a-velo-recyclee-30l-click-marron-fonce\/#primaryimage"},"image":{"@id":"https:\/\/urbanproof.nl\/fr\/product\/urban-proof-caisse-a-velo-recyclee-30l-click-marron-fonce\/#primaryimage"},"thumbnailUrl":"https:\/\/urbanproof.nl\/wp-content\/uploads\/2025\/04\/400766UP_1.jpg","datePublished":"2025-04-14T13:48:18+00:00","dateModified":"2025-12-03T10:41:53+00:00","breadcrumb":{"@id":"https:\/\/urbanproof.nl\/fr\/product\/urban-proof-caisse-a-velo-recyclee-30l-click-marron-fonce\/#breadcrumb"},"inLanguage":"fr-FR","potentialAction":[{"@type":"ReadAction","target":["https:\/\/urbanproof.nl\/fr\/product\/urban-proof-caisse-a-velo-recyclee-30l-click-marron-fonce\/"]}]},{"@type":"ImageObject","inLanguage":"fr-FR","@id":"https:\/\/urbanproof.nl\/fr\/product\/urban-proof-caisse-a-velo-recyclee-30l-click-marron-fonce\/#primaryimage","url":"https:\/\/urbanproof.nl\/wp-content\/uploads\/2025\/04\/400766UP_1.jpg","contentUrl":"https:\/\/urbanproof.nl\/wp-content\/uploads\/2025\/04\/400766UP_1.jpg","width":2047,"height":2047},{"@type":"BreadcrumbList","@id":"https:\/\/urbanproof.nl\/fr\/product\/urban-proof-caisse-a-velo-recyclee-30l-click-marron-fonce\/#breadcrumb","itemListElement":[{"@type":"ListItem","position":1,"name":"Accueil","item":"https:\/\/urbanproof.nl\/fr\/"},{"@type":"ListItem","position":2,"name":"Collection","item":"https:\/\/urbanproof.nl\/assortiment\/"},{"@type":"ListItem","position":3,"name":"URBAN PROOF Caisse \u00e0 v\u00e9lo recycl\u00e9e 30L CLICK"}]},{"@type":"WebSite","@id":"https:\/\/urbanproof.nl\/fr\/#website","url":"https:\/\/urbanproof.nl\/fr\/","name":"Urban Proof","description":"La durabilit\u00e9 en mouvement","publisher":{"@id":"https:\/\/urbanproof.nl\/fr\/#organization"},"potentialAction":[{"@type":"SearchAction","target":{"@type":"EntryPoint","urlTemplate":"https:\/\/urbanproof.nl\/fr\/?s={search_term_string}"},"query-input":{"@type":"PropertyValueSpecification","valueRequired":true,"valueName":"search_term_string"}}],"inLanguage":"fr-FR"},{"@type":"Organization","@id":"https:\/\/urbanproof.nl\/fr\/#organization","name":"Urban Proof","url":"https:\/\/urbanproof.nl\/fr\/","logo":{"@type":"ImageObject","inLanguage":"fr-FR","@id":"https:\/\/urbanproof.nl\/fr\/#\/schema\/logo\/image\/","url":"https:\/\/urbanproof.nl\/wp-content\/uploads\/2025\/04\/UBP_Logo_2022_ZWART.svg","contentUrl":"https:\/\/urbanproof.nl\/wp-content\/uploads\/2025\/04\/UBP_Logo_2022_ZWART.svg","caption":"Urban Proof"},"image":{"@id":"https:\/\/urbanproof.nl\/fr\/#\/schema\/logo\/image\/"},"sameAs":["https:\/\/www.instagram.com\/urbanproof_sustainable\/","https:\/\/www.linkedin.com\/company\/urban-proof"]}]}},"_links":{"self":[{"href":"https:\/\/urbanproof.nl\/fr\/wp-json\/wp\/v2\/product\/2801","targetHints":{"allow":["GET"]}}],"collection":[{"href":"https:\/\/urbanproof.nl\/fr\/wp-json\/wp\/v2\/product"}],"about":[{"href":"https:\/\/urbanproof.nl\/fr\/wp-json\/wp\/v2\/types\/product"}],"version-history":[{"count":1,"href":"https:\/\/urbanproof.nl\/fr\/wp-json\/wp\/v2\/product\/2801\/revisions"}],"predecessor-version":[{"id":6973,"href":"https:\/\/urbanproof.nl\/fr\/wp-json\/wp\/v2\/product\/2801\/revisions\/6973"}],"wp:featuredmedia":[{"embeddable":true,"href":"https:\/\/urbanproof.nl\/fr\/wp-json\/wp\/v2\/media\/1918"}],"wp:attachment":[{"href":"https:\/\/urbanproof.nl\/fr\/wp-json\/wp\/v2\/media?parent=2801"}],"wp:term":[{"taxonomy":"product_brand","embeddable":true,"href":"https:\/\/urbanproof.nl\/fr\/wp-json\/wp\/v2\/product_brand?post=2801"},{"taxonomy":"product_cat","embeddable":true,"href":"https:\/\/urbanproof.nl\/fr\/wp-json\/wp\/v2\/product_cat?post=2801"},{"taxonomy":"product_tag","embeddable":true,"href":"https:\/\/urbanproof.nl\/fr\/wp-json\/wp\/v2\/product_tag?post=2801"}],"curies":[{"name":"wp","href":"https:\/\/api.w.org\/{rel}","templated":true}]}}