{"id":2798,"date":"2025-04-14T15:48:34","date_gmt":"2025-04-14T13:48:34","guid":{"rendered":"https:\/\/urbanproof.nl\/assortiment\/non%20class\u00e9\/urban-proof-caisse-a-velo-recyclee-15l-junior-vert-retro\/"},"modified":"2025-12-03T12:42:14","modified_gmt":"2025-12-03T10:42:14","slug":"urban-proof-caisse-a-velo-recyclee-15l-junior-vert-retro","status":"publish","type":"product","link":"https:\/\/urbanproof.nl\/fr\/product\/urban-proof-caisse-a-velo-recyclee-15l-junior-vert-retro\/","title":{"rendered":"URBAN PROOF Caisse \u00e0 v\u00e9lo recycl\u00e9e 15L JUNIOR"},"content":{"rendered":"<p>Vous cherchez un moyen pour votre enfant de transporter facilement ses affaires sur son V\u00e9lo ? Alors ne cherchez pas plus loin que notre nouvelle collection de caisses Urban Proof Junior ! Fabriqu\u00e9es \u00e0 partir de plastique 100 % recycl\u00e9 et fabriqu\u00e9es en Europe pour une empreinte carbone r\u00e9duite. Garder les choses organis\u00e9es n&rsquo;a jamais \u00e9t\u00e9 aussi facile.   <\/p>\n<p>Faire du v\u00e9lo est la fa\u00e7on la plus cool de se d\u00e9placer en ville ou de se rendre \u00e0 l&rsquo;\u00e9cole. Ces caisses juniors sont la solution id\u00e9ale pour les enfants qui transportent des fournitures scolaires, du mat\u00e9riel de sport ou des sacs de voyage. Ces caisses sont de petite taille et conviennent particuli\u00e8rement aux v\u00e9los d&rsquo;enfants.   Pour une meilleure visibilit\u00e9 dans la circulation, la caisse est munie d&rsquo;un logo r\u00e9fl\u00e9chissant. Les caisses sont l\u00e9g\u00e8res, durables et con\u00e7ues pour durer. V\u00e9lo de A \u00e0 B en style avec une caisse sur votre v\u00e9lo &#8211; sans renoncer au confort ou \u00e0 la commodit\u00e9.   <\/p>\n","protected":false},"excerpt":{"rendered":"<p>&#8211; 100% plastique recycl\u00e9<br \/>\n&#8211; Fabriqu\u00e9 en Europe<br \/>\n&#8211; Adaptation universelle \u00e0 tous les porte-bagages<br \/>\n&#8211; Nouveau logo avec reflet<\/p>\n","protected":false},"featured_media":2254,"template":"","meta":[],"product_brand":[],"product_cat":[724,362],"product_tag":[725,681],"class_list":{"0":"post-2798","1":"product","2":"type-product","3":"status-publish","4":"has-post-thumbnail","6":"product_cat-caisses-a-bicyclettes-15l","7":"product_cat-caisses-a-velos","8":"product_tag-caisses-a-bicyclettes-15l","9":"product_tag-nouveau","10":"pa_afmetinglbh-30cm-x-22cm-x-19cm-fr","11":"pa_collectie-collection-junior-15l","12":"pa_e-bike-ready-oui","13":"pa_gewicht-380-g","14":"pa_inhoud-15-litres","15":"pa_kleur-vert-retro","16":"pa_materiaal-pp-recycle","17":"pa_reflectie-oui","18":"pa_type-product-caisse-a-velo","19":"pa_volume-15l-fr","21":"first","22":"instock","23":"featured","24":"taxable","25":"shipping-taxable","26":"purchasable","27":"product-type-simple"},"yoast_head":"<!-- This site is optimized with the Yoast SEO plugin v27.1.1 - https:\/\/yoast.com\/product\/yoast-seo-wordpress\/ -->\n<title>URBAN PROOF Caisse \u00e0 v\u00e9lo recycl\u00e9e 15L JUNIOR - Urban Proof<\/title>\n<meta name=\"robots\" content=\"index, follow, max-snippet:-1, max-image-preview:large, max-video-preview:-1\" \/>\n<link rel=\"canonical\" href=\"https:\/\/urbanproof.nl\/fr\/product\/urban-proof-caisse-a-velo-recyclee-15l-junior-vert-retro\/\" \/>\n<meta property=\"og:locale\" content=\"fr_FR\" \/>\n<meta property=\"og:type\" content=\"article\" \/>\n<meta property=\"og:title\" content=\"URBAN PROOF Caisse \u00e0 v\u00e9lo recycl\u00e9e 15L JUNIOR - Urban Proof\" \/>\n<meta property=\"og:description\" content=\"- 100% plastique recycl\u00e9 - Fabriqu\u00e9 en Europe - Adaptation universelle \u00e0 tous les porte-bagages - Nouveau logo avec reflet\" \/>\n<meta property=\"og:url\" content=\"https:\/\/urbanproof.nl\/fr\/product\/urban-proof-caisse-a-velo-recyclee-15l-junior-vert-retro\/\" \/>\n<meta property=\"og:site_name\" content=\"Urban Proof\" \/>\n<meta property=\"article:modified_time\" content=\"2025-12-03T10:42:14+00:00\" \/>\n<meta property=\"og:image\" content=\"https:\/\/urbanproof.nl\/wp-content\/uploads\/2025\/04\/400778UP_1.jpg\" \/>\n\t<meta property=\"og:image:width\" content=\"2047\" \/>\n\t<meta property=\"og:image:height\" content=\"2047\" \/>\n\t<meta property=\"og:image:type\" content=\"image\/jpeg\" \/>\n<meta name=\"twitter:card\" content=\"summary_large_image\" \/>\n<meta name=\"twitter:label1\" content=\"Dur\u00e9e de lecture estim\u00e9e\" \/>\n\t<meta name=\"twitter:data1\" content=\"1 minute\" \/>\n<script type=\"application\/ld+json\" class=\"yoast-schema-graph\">{\"@context\":\"https:\/\/schema.org\",\"@graph\":[{\"@type\":\"WebPage\",\"@id\":\"https:\/\/urbanproof.nl\/fr\/product\/urban-proof-caisse-a-velo-recyclee-15l-junior-vert-retro\/\",\"url\":\"https:\/\/urbanproof.nl\/fr\/product\/urban-proof-caisse-a-velo-recyclee-15l-junior-vert-retro\/\",\"name\":\"URBAN PROOF Caisse \u00e0 v\u00e9lo recycl\u00e9e 15L JUNIOR - Urban Proof\",\"isPartOf\":{\"@id\":\"https:\/\/urbanproof.nl\/fr\/#website\"},\"primaryImageOfPage\":{\"@id\":\"https:\/\/urbanproof.nl\/fr\/product\/urban-proof-caisse-a-velo-recyclee-15l-junior-vert-retro\/#primaryimage\"},\"image\":{\"@id\":\"https:\/\/urbanproof.nl\/fr\/product\/urban-proof-caisse-a-velo-recyclee-15l-junior-vert-retro\/#primaryimage\"},\"thumbnailUrl\":\"https:\/\/urbanproof.nl\/wp-content\/uploads\/2025\/04\/400778UP_1.jpg\",\"datePublished\":\"2025-04-14T13:48:34+00:00\",\"dateModified\":\"2025-12-03T10:42:14+00:00\",\"breadcrumb\":{\"@id\":\"https:\/\/urbanproof.nl\/fr\/product\/urban-proof-caisse-a-velo-recyclee-15l-junior-vert-retro\/#breadcrumb\"},\"inLanguage\":\"fr-FR\",\"potentialAction\":[{\"@type\":\"ReadAction\",\"target\":[\"https:\/\/urbanproof.nl\/fr\/product\/urban-proof-caisse-a-velo-recyclee-15l-junior-vert-retro\/\"]}]},{\"@type\":\"ImageObject\",\"inLanguage\":\"fr-FR\",\"@id\":\"https:\/\/urbanproof.nl\/fr\/product\/urban-proof-caisse-a-velo-recyclee-15l-junior-vert-retro\/#primaryimage\",\"url\":\"https:\/\/urbanproof.nl\/wp-content\/uploads\/2025\/04\/400778UP_1.jpg\",\"contentUrl\":\"https:\/\/urbanproof.nl\/wp-content\/uploads\/2025\/04\/400778UP_1.jpg\",\"width\":2047,\"height\":2047},{\"@type\":\"BreadcrumbList\",\"@id\":\"https:\/\/urbanproof.nl\/fr\/product\/urban-proof-caisse-a-velo-recyclee-15l-junior-vert-retro\/#breadcrumb\",\"itemListElement\":[{\"@type\":\"ListItem\",\"position\":1,\"name\":\"Accueil\",\"item\":\"https:\/\/urbanproof.nl\/fr\/\"},{\"@type\":\"ListItem\",\"position\":2,\"name\":\"Collection\",\"item\":\"https:\/\/urbanproof.nl\/assortiment\/\"},{\"@type\":\"ListItem\",\"position\":3,\"name\":\"URBAN PROOF Caisse \u00e0 v\u00e9lo recycl\u00e9e 15L JUNIOR\"}]},{\"@type\":\"WebSite\",\"@id\":\"https:\/\/urbanproof.nl\/fr\/#website\",\"url\":\"https:\/\/urbanproof.nl\/fr\/\",\"name\":\"Urban Proof\",\"description\":\"La durabilit\u00e9 en mouvement\",\"publisher\":{\"@id\":\"https:\/\/urbanproof.nl\/fr\/#organization\"},\"potentialAction\":[{\"@type\":\"SearchAction\",\"target\":{\"@type\":\"EntryPoint\",\"urlTemplate\":\"https:\/\/urbanproof.nl\/fr\/?s={search_term_string}\"},\"query-input\":{\"@type\":\"PropertyValueSpecification\",\"valueRequired\":true,\"valueName\":\"search_term_string\"}}],\"inLanguage\":\"fr-FR\"},{\"@type\":\"Organization\",\"@id\":\"https:\/\/urbanproof.nl\/fr\/#organization\",\"name\":\"Urban Proof\",\"url\":\"https:\/\/urbanproof.nl\/fr\/\",\"logo\":{\"@type\":\"ImageObject\",\"inLanguage\":\"fr-FR\",\"@id\":\"https:\/\/urbanproof.nl\/fr\/#\/schema\/logo\/image\/\",\"url\":\"https:\/\/urbanproof.nl\/wp-content\/uploads\/2025\/04\/UBP_Logo_2022_ZWART.svg\",\"contentUrl\":\"https:\/\/urbanproof.nl\/wp-content\/uploads\/2025\/04\/UBP_Logo_2022_ZWART.svg\",\"caption\":\"Urban Proof\"},\"image\":{\"@id\":\"https:\/\/urbanproof.nl\/fr\/#\/schema\/logo\/image\/\"},\"sameAs\":[\"https:\/\/www.instagram.com\/urbanproof_sustainable\/\",\"https:\/\/www.linkedin.com\/company\/urban-proof\"]}]}<\/script>\n<!-- \/ Yoast SEO plugin. -->","yoast_head_json":{"title":"URBAN PROOF Caisse \u00e0 v\u00e9lo recycl\u00e9e 15L JUNIOR - Urban Proof","robots":{"index":"index","follow":"follow","max-snippet":"max-snippet:-1","max-image-preview":"max-image-preview:large","max-video-preview":"max-video-preview:-1"},"canonical":"https:\/\/urbanproof.nl\/fr\/product\/urban-proof-caisse-a-velo-recyclee-15l-junior-vert-retro\/","og_locale":"fr_FR","og_type":"article","og_title":"URBAN PROOF Caisse \u00e0 v\u00e9lo recycl\u00e9e 15L JUNIOR - Urban Proof","og_description":"- 100% plastique recycl\u00e9 - Fabriqu\u00e9 en Europe - Adaptation universelle \u00e0 tous les porte-bagages - Nouveau logo avec reflet","og_url":"https:\/\/urbanproof.nl\/fr\/product\/urban-proof-caisse-a-velo-recyclee-15l-junior-vert-retro\/","og_site_name":"Urban Proof","article_modified_time":"2025-12-03T10:42:14+00:00","og_image":[{"width":2047,"height":2047,"url":"https:\/\/urbanproof.nl\/wp-content\/uploads\/2025\/04\/400778UP_1.jpg","type":"image\/jpeg"}],"twitter_card":"summary_large_image","twitter_misc":{"Dur\u00e9e de lecture estim\u00e9e":"1 minute"},"schema":{"@context":"https:\/\/schema.org","@graph":[{"@type":"WebPage","@id":"https:\/\/urbanproof.nl\/fr\/product\/urban-proof-caisse-a-velo-recyclee-15l-junior-vert-retro\/","url":"https:\/\/urbanproof.nl\/fr\/product\/urban-proof-caisse-a-velo-recyclee-15l-junior-vert-retro\/","name":"URBAN PROOF Caisse \u00e0 v\u00e9lo recycl\u00e9e 15L JUNIOR - Urban Proof","isPartOf":{"@id":"https:\/\/urbanproof.nl\/fr\/#website"},"primaryImageOfPage":{"@id":"https:\/\/urbanproof.nl\/fr\/product\/urban-proof-caisse-a-velo-recyclee-15l-junior-vert-retro\/#primaryimage"},"image":{"@id":"https:\/\/urbanproof.nl\/fr\/product\/urban-proof-caisse-a-velo-recyclee-15l-junior-vert-retro\/#primaryimage"},"thumbnailUrl":"https:\/\/urbanproof.nl\/wp-content\/uploads\/2025\/04\/400778UP_1.jpg","datePublished":"2025-04-14T13:48:34+00:00","dateModified":"2025-12-03T10:42:14+00:00","breadcrumb":{"@id":"https:\/\/urbanproof.nl\/fr\/product\/urban-proof-caisse-a-velo-recyclee-15l-junior-vert-retro\/#breadcrumb"},"inLanguage":"fr-FR","potentialAction":[{"@type":"ReadAction","target":["https:\/\/urbanproof.nl\/fr\/product\/urban-proof-caisse-a-velo-recyclee-15l-junior-vert-retro\/"]}]},{"@type":"ImageObject","inLanguage":"fr-FR","@id":"https:\/\/urbanproof.nl\/fr\/product\/urban-proof-caisse-a-velo-recyclee-15l-junior-vert-retro\/#primaryimage","url":"https:\/\/urbanproof.nl\/wp-content\/uploads\/2025\/04\/400778UP_1.jpg","contentUrl":"https:\/\/urbanproof.nl\/wp-content\/uploads\/2025\/04\/400778UP_1.jpg","width":2047,"height":2047},{"@type":"BreadcrumbList","@id":"https:\/\/urbanproof.nl\/fr\/product\/urban-proof-caisse-a-velo-recyclee-15l-junior-vert-retro\/#breadcrumb","itemListElement":[{"@type":"ListItem","position":1,"name":"Accueil","item":"https:\/\/urbanproof.nl\/fr\/"},{"@type":"ListItem","position":2,"name":"Collection","item":"https:\/\/urbanproof.nl\/assortiment\/"},{"@type":"ListItem","position":3,"name":"URBAN PROOF Caisse \u00e0 v\u00e9lo recycl\u00e9e 15L JUNIOR"}]},{"@type":"WebSite","@id":"https:\/\/urbanproof.nl\/fr\/#website","url":"https:\/\/urbanproof.nl\/fr\/","name":"Urban Proof","description":"La durabilit\u00e9 en mouvement","publisher":{"@id":"https:\/\/urbanproof.nl\/fr\/#organization"},"potentialAction":[{"@type":"SearchAction","target":{"@type":"EntryPoint","urlTemplate":"https:\/\/urbanproof.nl\/fr\/?s={search_term_string}"},"query-input":{"@type":"PropertyValueSpecification","valueRequired":true,"valueName":"search_term_string"}}],"inLanguage":"fr-FR"},{"@type":"Organization","@id":"https:\/\/urbanproof.nl\/fr\/#organization","name":"Urban Proof","url":"https:\/\/urbanproof.nl\/fr\/","logo":{"@type":"ImageObject","inLanguage":"fr-FR","@id":"https:\/\/urbanproof.nl\/fr\/#\/schema\/logo\/image\/","url":"https:\/\/urbanproof.nl\/wp-content\/uploads\/2025\/04\/UBP_Logo_2022_ZWART.svg","contentUrl":"https:\/\/urbanproof.nl\/wp-content\/uploads\/2025\/04\/UBP_Logo_2022_ZWART.svg","caption":"Urban Proof"},"image":{"@id":"https:\/\/urbanproof.nl\/fr\/#\/schema\/logo\/image\/"},"sameAs":["https:\/\/www.instagram.com\/urbanproof_sustainable\/","https:\/\/www.linkedin.com\/company\/urban-proof"]}]}},"_links":{"self":[{"href":"https:\/\/urbanproof.nl\/fr\/wp-json\/wp\/v2\/product\/2798","targetHints":{"allow":["GET"]}}],"collection":[{"href":"https:\/\/urbanproof.nl\/fr\/wp-json\/wp\/v2\/product"}],"about":[{"href":"https:\/\/urbanproof.nl\/fr\/wp-json\/wp\/v2\/types\/product"}],"version-history":[{"count":1,"href":"https:\/\/urbanproof.nl\/fr\/wp-json\/wp\/v2\/product\/2798\/revisions"}],"predecessor-version":[{"id":7005,"href":"https:\/\/urbanproof.nl\/fr\/wp-json\/wp\/v2\/product\/2798\/revisions\/7005"}],"wp:featuredmedia":[{"embeddable":true,"href":"https:\/\/urbanproof.nl\/fr\/wp-json\/wp\/v2\/media\/2254"}],"wp:attachment":[{"href":"https:\/\/urbanproof.nl\/fr\/wp-json\/wp\/v2\/media?parent=2798"}],"wp:term":[{"taxonomy":"product_brand","embeddable":true,"href":"https:\/\/urbanproof.nl\/fr\/wp-json\/wp\/v2\/product_brand?post=2798"},{"taxonomy":"product_cat","embeddable":true,"href":"https:\/\/urbanproof.nl\/fr\/wp-json\/wp\/v2\/product_cat?post=2798"},{"taxonomy":"product_tag","embeddable":true,"href":"https:\/\/urbanproof.nl\/fr\/wp-json\/wp\/v2\/product_tag?post=2798"}],"curies":[{"name":"wp","href":"https:\/\/api.w.org\/{rel}","templated":true}]}}