{"id":2791,"date":"2025-04-14T15:48:07","date_gmt":"2025-04-14T13:48:07","guid":{"rendered":"https:\/\/urbanproof.nl\/assortiment\/non%20class\u00e9\/urban-proof-sacoche-a-velo-double-a-roulettes-bleu\/"},"modified":"2025-12-03T12:41:34","modified_gmt":"2025-12-03T10:41:34","slug":"urban-proof-sacoche-a-velo-double-a-roulettes-bleu","status":"publish","type":"product","link":"https:\/\/urbanproof.nl\/fr\/product\/urban-proof-sacoche-a-velo-double-a-roulettes-bleu\/","title":{"rendered":"URBAN PROOF Double Panier \u00e0 v\u00e9lo"},"content":{"rendered":"<p>Le sac Double Rolltop est un m\u00e9lange parfait de design \u00e9pur\u00e9 et moderne, avec une fermeture \u00e0 enroulement pratique qui s&rsquo;enclenche \u00e0 l&rsquo;aide d&rsquo;une boucle. Attachez cette sacoche \u00e0 votre V\u00e9lo sans effort et ne laissez plus le poids de votre \u00e9quipement g\u00e2cher votre balade. <\/p>\n<p>Gr\u00e2ce au Panier \u00e0 v\u00e9lo, vous disposez toujours d&rsquo;une grande flexibilit\u00e9 en termes de volume, tout en gardant vos affaires en s\u00e9curit\u00e9 et prot\u00e9g\u00e9es.<\/p>\n<p>Ce sac est con\u00e7u pour le navetteur motiv\u00e9 qui aime l&rsquo;espace et le beau design, mais qui se soucie \u00e9galement de notre plan\u00e8te. En effet, il est fabriqu\u00e9 \u00e0 partir de pas moins de 62 bouteilles PET 500ML recycl\u00e9es. Optez pour ce sac avant-gardiste et faites-vous remarquer !  <\/p>\n","protected":false},"excerpt":{"rendered":"<p>  &#8211; Convient aux v\u00e9los \u00e9lectriques<br \/>\n &#8211; Syst\u00e8me de fixation universel<br \/>\n &#8211; R\u00e9sistant \u00e0 l&rsquo;eau<br \/>\n &#8211; Reflets sur le dos<\/p>\n","protected":false},"featured_media":1678,"template":"","meta":[],"product_brand":[],"product_cat":[368,341],"product_tag":[664],"class_list":{"0":"post-2791","1":"product","2":"type-product","3":"status-publish","4":"has-post-thumbnail","6":"product_cat-double-sacoche","7":"product_cat-sacoches","8":"product_tag-collection-core-de-doubles-sacoches-de-velo","9":"pa_afmetinglbh-30cm-x-15cm-x-42cm-fr","10":"pa_collectie-collection-de-base","11":"pa_e-bike-ready-oui","12":"pa_gewicht-1760-grammes","13":"pa_inhoud-38-litres","14":"pa_kleur-bleu","15":"pa_materiaal-bisonyl-recycle","16":"pa_reflectie-oui","17":"pa_type-product-sacoche-double-pour-velo","18":"pa_volume-38l-fr","19":"pa_waterbestendig-oui","21":"first","22":"instock","23":"taxable","24":"shipping-taxable","25":"purchasable","26":"product-type-simple"},"yoast_head":"<!-- This site is optimized with the Yoast SEO plugin v27.1.1 - https:\/\/yoast.com\/product\/yoast-seo-wordpress\/ -->\n<title>URBAN PROOF Double Panier \u00e0 v\u00e9lo - Urban Proof<\/title>\n<meta name=\"robots\" content=\"index, follow, max-snippet:-1, max-image-preview:large, max-video-preview:-1\" \/>\n<link rel=\"canonical\" href=\"https:\/\/urbanproof.nl\/fr\/product\/urban-proof-sacoche-a-velo-double-a-roulettes-bleu\/\" \/>\n<meta property=\"og:locale\" content=\"fr_FR\" \/>\n<meta property=\"og:type\" content=\"article\" \/>\n<meta property=\"og:title\" content=\"URBAN PROOF Double Panier \u00e0 v\u00e9lo - Urban Proof\" \/>\n<meta property=\"og:description\" content=\"- Convient aux v\u00e9los \u00e9lectriques - Syst\u00e8me de fixation universel - R\u00e9sistant \u00e0 l&#039;eau - Reflets sur le dos\" \/>\n<meta property=\"og:url\" content=\"https:\/\/urbanproof.nl\/fr\/product\/urban-proof-sacoche-a-velo-double-a-roulettes-bleu\/\" \/>\n<meta property=\"og:site_name\" content=\"Urban Proof\" \/>\n<meta property=\"article:modified_time\" content=\"2025-12-03T10:41:34+00:00\" \/>\n<meta property=\"og:image\" content=\"https:\/\/urbanproof.nl\/wp-content\/uploads\/2025\/04\/400736UP_1.jpg\" \/>\n\t<meta property=\"og:image:width\" content=\"2047\" \/>\n\t<meta property=\"og:image:height\" content=\"2047\" \/>\n\t<meta property=\"og:image:type\" content=\"image\/jpeg\" \/>\n<meta name=\"twitter:card\" content=\"summary_large_image\" \/>\n<meta name=\"twitter:label1\" content=\"Dur\u00e9e de lecture estim\u00e9e\" \/>\n\t<meta name=\"twitter:data1\" content=\"1 minute\" \/>\n<script type=\"application\/ld+json\" class=\"yoast-schema-graph\">{\"@context\":\"https:\/\/schema.org\",\"@graph\":[{\"@type\":\"WebPage\",\"@id\":\"https:\/\/urbanproof.nl\/fr\/product\/urban-proof-sacoche-a-velo-double-a-roulettes-bleu\/\",\"url\":\"https:\/\/urbanproof.nl\/fr\/product\/urban-proof-sacoche-a-velo-double-a-roulettes-bleu\/\",\"name\":\"URBAN PROOF Double Panier \u00e0 v\u00e9lo - Urban Proof\",\"isPartOf\":{\"@id\":\"https:\/\/urbanproof.nl\/fr\/#website\"},\"primaryImageOfPage\":{\"@id\":\"https:\/\/urbanproof.nl\/fr\/product\/urban-proof-sacoche-a-velo-double-a-roulettes-bleu\/#primaryimage\"},\"image\":{\"@id\":\"https:\/\/urbanproof.nl\/fr\/product\/urban-proof-sacoche-a-velo-double-a-roulettes-bleu\/#primaryimage\"},\"thumbnailUrl\":\"https:\/\/urbanproof.nl\/wp-content\/uploads\/2025\/04\/400736UP_1.jpg\",\"datePublished\":\"2025-04-14T13:48:07+00:00\",\"dateModified\":\"2025-12-03T10:41:34+00:00\",\"breadcrumb\":{\"@id\":\"https:\/\/urbanproof.nl\/fr\/product\/urban-proof-sacoche-a-velo-double-a-roulettes-bleu\/#breadcrumb\"},\"inLanguage\":\"fr-FR\",\"potentialAction\":[{\"@type\":\"ReadAction\",\"target\":[\"https:\/\/urbanproof.nl\/fr\/product\/urban-proof-sacoche-a-velo-double-a-roulettes-bleu\/\"]}]},{\"@type\":\"ImageObject\",\"inLanguage\":\"fr-FR\",\"@id\":\"https:\/\/urbanproof.nl\/fr\/product\/urban-proof-sacoche-a-velo-double-a-roulettes-bleu\/#primaryimage\",\"url\":\"https:\/\/urbanproof.nl\/wp-content\/uploads\/2025\/04\/400736UP_1.jpg\",\"contentUrl\":\"https:\/\/urbanproof.nl\/wp-content\/uploads\/2025\/04\/400736UP_1.jpg\",\"width\":2047,\"height\":2047},{\"@type\":\"BreadcrumbList\",\"@id\":\"https:\/\/urbanproof.nl\/fr\/product\/urban-proof-sacoche-a-velo-double-a-roulettes-bleu\/#breadcrumb\",\"itemListElement\":[{\"@type\":\"ListItem\",\"position\":1,\"name\":\"Accueil\",\"item\":\"https:\/\/urbanproof.nl\/fr\/\"},{\"@type\":\"ListItem\",\"position\":2,\"name\":\"Collection\",\"item\":\"https:\/\/urbanproof.nl\/assortiment\/\"},{\"@type\":\"ListItem\",\"position\":3,\"name\":\"URBAN PROOF Double Panier \u00e0 v\u00e9lo\"}]},{\"@type\":\"WebSite\",\"@id\":\"https:\/\/urbanproof.nl\/fr\/#website\",\"url\":\"https:\/\/urbanproof.nl\/fr\/\",\"name\":\"Urban Proof\",\"description\":\"La durabilit\u00e9 en mouvement\",\"publisher\":{\"@id\":\"https:\/\/urbanproof.nl\/fr\/#organization\"},\"potentialAction\":[{\"@type\":\"SearchAction\",\"target\":{\"@type\":\"EntryPoint\",\"urlTemplate\":\"https:\/\/urbanproof.nl\/fr\/?s={search_term_string}\"},\"query-input\":{\"@type\":\"PropertyValueSpecification\",\"valueRequired\":true,\"valueName\":\"search_term_string\"}}],\"inLanguage\":\"fr-FR\"},{\"@type\":\"Organization\",\"@id\":\"https:\/\/urbanproof.nl\/fr\/#organization\",\"name\":\"Urban Proof\",\"url\":\"https:\/\/urbanproof.nl\/fr\/\",\"logo\":{\"@type\":\"ImageObject\",\"inLanguage\":\"fr-FR\",\"@id\":\"https:\/\/urbanproof.nl\/fr\/#\/schema\/logo\/image\/\",\"url\":\"https:\/\/urbanproof.nl\/wp-content\/uploads\/2025\/04\/UBP_Logo_2022_ZWART.svg\",\"contentUrl\":\"https:\/\/urbanproof.nl\/wp-content\/uploads\/2025\/04\/UBP_Logo_2022_ZWART.svg\",\"caption\":\"Urban Proof\"},\"image\":{\"@id\":\"https:\/\/urbanproof.nl\/fr\/#\/schema\/logo\/image\/\"},\"sameAs\":[\"https:\/\/www.instagram.com\/urbanproof_sustainable\/\",\"https:\/\/www.linkedin.com\/company\/urban-proof\"]}]}<\/script>\n<!-- \/ Yoast SEO plugin. -->","yoast_head_json":{"title":"URBAN PROOF Double Panier \u00e0 v\u00e9lo - Urban Proof","robots":{"index":"index","follow":"follow","max-snippet":"max-snippet:-1","max-image-preview":"max-image-preview:large","max-video-preview":"max-video-preview:-1"},"canonical":"https:\/\/urbanproof.nl\/fr\/product\/urban-proof-sacoche-a-velo-double-a-roulettes-bleu\/","og_locale":"fr_FR","og_type":"article","og_title":"URBAN PROOF Double Panier \u00e0 v\u00e9lo - Urban Proof","og_description":"- Convient aux v\u00e9los \u00e9lectriques - Syst\u00e8me de fixation universel - R\u00e9sistant \u00e0 l'eau - Reflets sur le dos","og_url":"https:\/\/urbanproof.nl\/fr\/product\/urban-proof-sacoche-a-velo-double-a-roulettes-bleu\/","og_site_name":"Urban Proof","article_modified_time":"2025-12-03T10:41:34+00:00","og_image":[{"width":2047,"height":2047,"url":"https:\/\/urbanproof.nl\/wp-content\/uploads\/2025\/04\/400736UP_1.jpg","type":"image\/jpeg"}],"twitter_card":"summary_large_image","twitter_misc":{"Dur\u00e9e de lecture estim\u00e9e":"1 minute"},"schema":{"@context":"https:\/\/schema.org","@graph":[{"@type":"WebPage","@id":"https:\/\/urbanproof.nl\/fr\/product\/urban-proof-sacoche-a-velo-double-a-roulettes-bleu\/","url":"https:\/\/urbanproof.nl\/fr\/product\/urban-proof-sacoche-a-velo-double-a-roulettes-bleu\/","name":"URBAN PROOF Double Panier \u00e0 v\u00e9lo - Urban Proof","isPartOf":{"@id":"https:\/\/urbanproof.nl\/fr\/#website"},"primaryImageOfPage":{"@id":"https:\/\/urbanproof.nl\/fr\/product\/urban-proof-sacoche-a-velo-double-a-roulettes-bleu\/#primaryimage"},"image":{"@id":"https:\/\/urbanproof.nl\/fr\/product\/urban-proof-sacoche-a-velo-double-a-roulettes-bleu\/#primaryimage"},"thumbnailUrl":"https:\/\/urbanproof.nl\/wp-content\/uploads\/2025\/04\/400736UP_1.jpg","datePublished":"2025-04-14T13:48:07+00:00","dateModified":"2025-12-03T10:41:34+00:00","breadcrumb":{"@id":"https:\/\/urbanproof.nl\/fr\/product\/urban-proof-sacoche-a-velo-double-a-roulettes-bleu\/#breadcrumb"},"inLanguage":"fr-FR","potentialAction":[{"@type":"ReadAction","target":["https:\/\/urbanproof.nl\/fr\/product\/urban-proof-sacoche-a-velo-double-a-roulettes-bleu\/"]}]},{"@type":"ImageObject","inLanguage":"fr-FR","@id":"https:\/\/urbanproof.nl\/fr\/product\/urban-proof-sacoche-a-velo-double-a-roulettes-bleu\/#primaryimage","url":"https:\/\/urbanproof.nl\/wp-content\/uploads\/2025\/04\/400736UP_1.jpg","contentUrl":"https:\/\/urbanproof.nl\/wp-content\/uploads\/2025\/04\/400736UP_1.jpg","width":2047,"height":2047},{"@type":"BreadcrumbList","@id":"https:\/\/urbanproof.nl\/fr\/product\/urban-proof-sacoche-a-velo-double-a-roulettes-bleu\/#breadcrumb","itemListElement":[{"@type":"ListItem","position":1,"name":"Accueil","item":"https:\/\/urbanproof.nl\/fr\/"},{"@type":"ListItem","position":2,"name":"Collection","item":"https:\/\/urbanproof.nl\/assortiment\/"},{"@type":"ListItem","position":3,"name":"URBAN PROOF Double Panier \u00e0 v\u00e9lo"}]},{"@type":"WebSite","@id":"https:\/\/urbanproof.nl\/fr\/#website","url":"https:\/\/urbanproof.nl\/fr\/","name":"Urban Proof","description":"La durabilit\u00e9 en mouvement","publisher":{"@id":"https:\/\/urbanproof.nl\/fr\/#organization"},"potentialAction":[{"@type":"SearchAction","target":{"@type":"EntryPoint","urlTemplate":"https:\/\/urbanproof.nl\/fr\/?s={search_term_string}"},"query-input":{"@type":"PropertyValueSpecification","valueRequired":true,"valueName":"search_term_string"}}],"inLanguage":"fr-FR"},{"@type":"Organization","@id":"https:\/\/urbanproof.nl\/fr\/#organization","name":"Urban Proof","url":"https:\/\/urbanproof.nl\/fr\/","logo":{"@type":"ImageObject","inLanguage":"fr-FR","@id":"https:\/\/urbanproof.nl\/fr\/#\/schema\/logo\/image\/","url":"https:\/\/urbanproof.nl\/wp-content\/uploads\/2025\/04\/UBP_Logo_2022_ZWART.svg","contentUrl":"https:\/\/urbanproof.nl\/wp-content\/uploads\/2025\/04\/UBP_Logo_2022_ZWART.svg","caption":"Urban Proof"},"image":{"@id":"https:\/\/urbanproof.nl\/fr\/#\/schema\/logo\/image\/"},"sameAs":["https:\/\/www.instagram.com\/urbanproof_sustainable\/","https:\/\/www.linkedin.com\/company\/urban-proof"]}]}},"_links":{"self":[{"href":"https:\/\/urbanproof.nl\/fr\/wp-json\/wp\/v2\/product\/2791","targetHints":{"allow":["GET"]}}],"collection":[{"href":"https:\/\/urbanproof.nl\/fr\/wp-json\/wp\/v2\/product"}],"about":[{"href":"https:\/\/urbanproof.nl\/fr\/wp-json\/wp\/v2\/types\/product"}],"version-history":[{"count":1,"href":"https:\/\/urbanproof.nl\/fr\/wp-json\/wp\/v2\/product\/2791\/revisions"}],"predecessor-version":[{"id":6944,"href":"https:\/\/urbanproof.nl\/fr\/wp-json\/wp\/v2\/product\/2791\/revisions\/6944"}],"wp:featuredmedia":[{"embeddable":true,"href":"https:\/\/urbanproof.nl\/fr\/wp-json\/wp\/v2\/media\/1678"}],"wp:attachment":[{"href":"https:\/\/urbanproof.nl\/fr\/wp-json\/wp\/v2\/media?parent=2791"}],"wp:term":[{"taxonomy":"product_brand","embeddable":true,"href":"https:\/\/urbanproof.nl\/fr\/wp-json\/wp\/v2\/product_brand?post=2791"},{"taxonomy":"product_cat","embeddable":true,"href":"https:\/\/urbanproof.nl\/fr\/wp-json\/wp\/v2\/product_cat?post=2791"},{"taxonomy":"product_tag","embeddable":true,"href":"https:\/\/urbanproof.nl\/fr\/wp-json\/wp\/v2\/product_tag?post=2791"}],"curies":[{"name":"wp","href":"https:\/\/api.w.org\/{rel}","templated":true}]}}