{"id":2780,"date":"2025-04-15T15:23:05","date_gmt":"2025-04-15T13:23:05","guid":{"rendered":"https:\/\/urbanproof.nl\/declaration-de-confidentialite\/"},"modified":"2025-05-14T16:08:38","modified_gmt":"2025-05-14T14:08:38","slug":"declaration-de-confidentialite","status":"publish","type":"page","link":"https:\/\/urbanproof.nl\/fr\/declaration-de-confidentialite\/","title":{"rendered":"D\u00e9claration de confidentialit\u00e9"},"content":{"rendered":"\t\t<div data-elementor-type=\"wp-page\" data-elementor-id=\"2780\" class=\"elementor elementor-2780 elementor-915\" data-elementor-post-type=\"page\">\n\t\t\t\t<div class=\"elementor-element elementor-element-498ae9ef e-flex e-con-boxed e-con e-parent\" data-id=\"498ae9ef\" data-element_type=\"container\" data-e-type=\"container\">\n\t\t\t\t\t<div class=\"e-con-inner\">\n\t\t\t\t<div class=\"elementor-element elementor-element-67d2e4b5 elementor-widget elementor-widget-heading\" data-id=\"67d2e4b5\" data-element_type=\"widget\" data-e-type=\"widget\" data-widget_type=\"heading.default\">\n\t\t\t\t<div class=\"elementor-widget-container\">\n\t\t\t\t\t<h2 class=\"elementor-heading-title elementor-size-default\">D\u00e9claration de confidentialit\u00e9  <\/h2>\t\t\t\t<\/div>\n\t\t\t\t<\/div>\n\t\t\t\t<div class=\"elementor-element elementor-element-9561cad elementor-widget elementor-widget-text-editor\" data-id=\"9561cad\" data-element_type=\"widget\" data-e-type=\"widget\" data-widget_type=\"text-editor.default\">\n\t\t\t\t<div class=\"elementor-widget-container\">\n\t\t\t\t\t\t\t\t\t<p>U+ Sustainability B.V. respecte la vie priv\u00e9e des visiteurs du site Web, en particulier les droits des visiteurs de<br>en ce qui concerne le traitement automatis\u00e9 des donn\u00e9es \u00e0 caract\u00e8re personnel. Dans un souci de transparence totale avec nos clients, nous avons donc formul\u00e9 et mis en \u0153uvre une politique concernant ces traitements eux-m\u00eames, leur finalit\u00e9 ainsi que les possibilit\u00e9s pour les personnes concern\u00e9es d&rsquo;exercer leurs droits de la meilleure mani\u00e8re possible. <\/p>\n<p>Pour toute information compl\u00e9mentaire sur la protection des donn\u00e9es \u00e0 caract\u00e8re personnel, veuillez consulter le site de l&rsquo;Autorit\u00e9 des donn\u00e9es personnelles <a href=\"https:\/\/autoriteitpersoonsgegevens.nl\/nl\" target=\"_blank\" rel=\"noopener\">: https:\/\/autoriteitpersoonsgegevens.nl\/nl.<\/a><br>Tant que vous n&rsquo;acceptez pas l&rsquo;utilisation de cookies et autres syst\u00e8mes de tra\u00e7age sur le site web, nous ne pla\u00e7ons pas de cookies analytiques non anonymis\u00e9s et\/ou de cookies de tra\u00e7age sur votre ordinateur, votre t\u00e9l\u00e9phone mobile ou votre tablette.<\/p>\n<p>En continuant \u00e0 visiter le site web, vous acceptez les conditions d&rsquo;utilisation suivantes. La version actuelle de la d\u00e9claration de confidentialit\u00e9 disponible sur le site web est la seule version applicable tant que vous visitez le site web, jusqu&rsquo;\u00e0 ce qu&rsquo;une nouvelle version remplace la version actuelle. <\/p>\n<p><strong>Article 1 &#8211; Dispositions l\u00e9gales<\/strong><\/p>\n<ol>\n<li>(ci-apr\u00e8s d\u00e9nomm\u00e9 \u201cle site web\u201d) : URBAN Proof<\/li>\n<li>Responsable du traitement des donn\u00e9es \u00e0 caract\u00e8re personnel (ci-apr\u00e8s d\u00e9nomm\u00e9 \u201cle responsable du traitement\u201d) : U+ Sustainability B.V. , situ\u00e9 \u00e0 <br>Oudeweg 91-95 Unit K-0.1 , 2031 CC Haarlem, num\u00e9ro KVK : 81324545.<\/li>\n<\/ol>\n<p><strong>Article 2 &#8211; Acc\u00e8s au site web<\/strong><\/p>\n<p>L&rsquo;acc\u00e8s et l&rsquo;utilisation du site sont strictement personnels. Vous n&rsquo;utiliserez pas ce site et les donn\u00e9es et informations qu&rsquo;il contient \u00e0 des fins commerciales, politiques ou publicitaires, ni pour des offres commerciales et, en particulier, pour des offres \u00e9lectroniques non sollicit\u00e9es. <\/p>\n<p><strong><br>Article 3 &#8211; Le contenu du site<\/strong><br>L&rsquo;ensemble des marques, images, textes, commentaires, illustrations, photos (anim\u00e9es), images vid\u00e9o, sons, ainsi que toutes les applications techniques pouvant \u00eatre utilis\u00e9es pour faire fonctionner le site et plus g\u00e9n\u00e9ralement tous les \u00e9l\u00e9ments utilis\u00e9s sur ce site, sont prot\u00e9g\u00e9s par des droits de propri\u00e9t\u00e9 intellectuelle. Toute reproduction, r\u00e9p\u00e9tition, utilisation ou adaptation, par quelque moyen que ce soit, de tout ou partie de celui-ci, y compris les applications techniques, sans l&rsquo;accord pr\u00e9alable et \u00e9crit du responsable, est strictement interdite. L&rsquo;absence de r\u00e9action imm\u00e9diate du gestionnaire face \u00e0 une infraction ne peut \u00eatre interpr\u00e9t\u00e9e comme un consentement tacite ou une renonciation \u00e0 une action en justice.  <\/p>\n<p><strong><br>Article 4 &#8211; Gestion du site<\/strong><br>Pour la bonne gestion du site, l&rsquo;administrateur peut \u00e0 tout moment :<\/p>\n<ul>\n<li>suspendre, interrompre ou restreindre l&rsquo;acc\u00e8s \u00e0 tout ou partie du site \u00e0 une certaine cat\u00e9gorie de visiteurs<\/li>\n<li>supprimer toute information susceptible d&rsquo;interf\u00e9rer avec le fonctionnement du site web ou d&rsquo;enfreindre la l\u00e9gislation nationale ou internationale ou l&rsquo;\u00e9tiquette de l&rsquo;internet<\/li>\n<li>rendre le site web temporairement indisponible afin d&rsquo;effectuer des mises \u00e0 jour<\/li>\n<\/ul>\n<p><strong><br>Article 5 &#8211; Responsabilit\u00e9s<\/strong><br>L&rsquo;administrateur n&rsquo;est en aucun cas responsable d&rsquo;une d\u00e9faillance, d&rsquo;une panne, d&rsquo;une difficult\u00e9 ou d&rsquo;une interruption dans le fonctionnement du site web, ayant pour cons\u00e9quence l&rsquo;impossibilit\u00e9 d&rsquo;acc\u00e9der au site web ou \u00e0 l&rsquo;une de ses fonctionnalit\u00e9s. La mani\u00e8re dont vous vous connectez au site web rel\u00e8ve de votre propre responsabilit\u00e9. Il vous incombe de prendre toutes les mesures appropri\u00e9es pour prot\u00e9ger votre \u00e9quipement et vos donn\u00e9es contre, notamment, les attaques de virus sur Internet. En outre, vous \u00eates responsable des sites web et des donn\u00e9es que vous consultez sur Internet. L&rsquo;administrateur n&rsquo;est pas responsable des actions en justice intent\u00e9es contre vous :    <\/p>\n<ul>\n<li>en raison de l&rsquo;utilisation du site web ou des services accessibles via l&rsquo;internet<\/li>\n<li>en cas de violation des conditions de la pr\u00e9sente politique de confidentialit\u00e9.<\/li>\n<\/ul>\n<p>L&rsquo;op\u00e9rateur n&rsquo;est pas responsable des dommages subis par vous-m\u00eame, par des tiers ou par votre \u00e9quipement du fait de votre connexion ou de votre utilisation du site web. Vous vous abstiendrez de toute action \u00e0 l&rsquo;encontre de l&rsquo;op\u00e9rateur de ce fait. <\/p>\n<p>Si l&rsquo;op\u00e9rateur est impliqu\u00e9 dans un litige \u00e0 la suite de votre utilisation de ce site web, il a le droit de r\u00e9cup\u00e9rer aupr\u00e8s de vous tous les dommages qu&rsquo;il a subis et qu&rsquo;il subira de ce fait.<\/p>\n<p><strong><br>Article 6 &#8211; Collecte des donn\u00e9es<\/strong><br>Vos donn\u00e9es sont collect\u00e9es par U+ Sustainability B.V. . On entend par donn\u00e9es \u00e0 caract\u00e8re personnel toute information concernant une personne physique identifi\u00e9e ou identifiable ; est r\u00e9put\u00e9e identifiable une personne physique qui peut \u00eatre identifi\u00e9e, directement ou indirectement, notamment au moyen d&rsquo;un identifiant, tel qu&rsquo;un nom, un num\u00e9ro d&rsquo;identification, des donn\u00e9es de localisation, un identifiant en ligne ou un ou plusieurs \u00e9l\u00e9ments caract\u00e9risant l&rsquo;identit\u00e9 physique, physiologique, g\u00e9n\u00e9tique, psychique, \u00e9conomique, culturelle ou sociale. <\/p>\n<p>Les donn\u00e9es personnelles collect\u00e9es sur le site sont principalement utilis\u00e9es par l&rsquo;op\u00e9rateur pour entretenir les relations avec vous et, le cas \u00e9ch\u00e9ant, pour traiter vos commandes.<\/p>\n<p><strong><br>Article 7 &#8211; Vos droits relatifs \u00e0 vos donn\u00e9es<\/strong><br>En vertu de l&rsquo;article 13, paragraphe 2, point b) de la LVP, toute personne a le droit d&rsquo;acc\u00e9der \u00e0 ses donn\u00e9es \u00e0 caract\u00e8re personnel, de les rectifier, de les effacer ou de limiter le traitement qui la concerne, ainsi que le droit de s&rsquo;opposer au traitement et le droit \u00e0 la portabilit\u00e9 des donn\u00e9es. Vous pouvez exercer ces droits en nous contactant \u00e0 l&rsquo;adresse <a href=\"mailto:miranda@uplusconcepts.nl\">miranda@uplusconcepts.nl.<\/a> <\/p>\n<p>Cette demande doit \u00eatre accompagn\u00e9e d&rsquo;une copie d&rsquo;un document d&rsquo;identit\u00e9 valide sur lequel vous avez appos\u00e9 votre signature et indiquant l&rsquo;adresse \u00e0 laquelle vous pouvez \u00eatre contact\u00e9. Dans un d\u00e9lai d&rsquo;un mois \u00e0 compter de la demande introduite, vous recevrez une r\u00e9ponse \u00e0 votre demande. En fonction de la complexit\u00e9 des demandes et du nombre de demandes, ce d\u00e9lai peut \u00eatre prolong\u00e9 de 2 mois si n\u00e9cessaire.  <\/p>\n<p><strong><br>Article 8 &#8211; Traitement des donn\u00e9es personnelles<\/strong><br>En cas de violation de lois ou de r\u00e8glements dont le visiteur est soup\u00e7onn\u00e9 et pour laquelle les autorit\u00e9s ont besoin de donn\u00e9es personnelles collect\u00e9es par l&rsquo;administrateur, celles-ci leur seront fournies sur demande expresse et motiv\u00e9e de ces autorit\u00e9s, apr\u00e8s quoi ces donn\u00e9es personnelles ne seront plus prot\u00e9g\u00e9es par les dispositions de la pr\u00e9sente d\u00e9claration de confidentialit\u00e9, pour autant que ce soit le cas.<\/p>\n<p>Si certaines informations sont n\u00e9cessaires pour acc\u00e9der \u00e0 certaines fonctionnalit\u00e9s du site web, le responsable indiquera le caract\u00e8re obligatoire de ces informations au moment de la demande de donn\u00e9es.<\/p>\n<p><strong><br>Article 9 &#8211; Offres commerciales<\/strong><br>Vous pouvez recevoir des offres commerciales de la part de l&rsquo;administrateur. Si vous ne souhaitez pas ou plus les recevoir, veuillez envoyer un e-mail \u00e0 l&rsquo;adresse suivante : <a href=\"mailto:miranda@uplusconcepts.nl\">miranda@uplusconcepts.nl.<\/a> Si vous rencontrez des donn\u00e9es personnelles lors de votre visite sur le site, vous devez vous abstenir de les collecter ou de toute autre utilisation non autoris\u00e9e ainsi que de tout acte constituant une atteinte \u00e0 la vie priv\u00e9e de cette\/ces personne(s). L&rsquo;administrateur n&rsquo;est en aucun cas responsable des situations susmentionn\u00e9es.   <\/p>\n<p><b><br>Article 10 &#8211; Dur\u00e9e de conservation des donn\u00e9es<br><\/b>Les donn\u00e9es collect\u00e9es par l&rsquo;administrateur du site sont utilis\u00e9es et conserv\u00e9es pendant la dur\u00e9e pr\u00e9vue par la loi.<\/p>\n<p><strong><br>Article 11 &#8211; Cookies<\/strong><\/p>\n<ol>\n<li>Un cookie est un petit fichier texte qui est plac\u00e9 sur le disque dur de votre ordinateur lorsque vous visitez notre site web. Un cookie contient des donn\u00e9es qui permettent de vous reconna\u00eetre en tant que visiteur \u00e0 chaque fois que vous visitez notre site web. Il est alors possible de configurer notre site web sp\u00e9cifiquement pour vous et de faciliter la connexion.  <\/li>\n<li>Nous utilisons les types de cookies suivants sur notre site web :<\/li>\n<li>Plus pr\u00e9cis\u00e9ment, nous utilisons les cookies suivants :\n<p>&#8211; Pas d&rsquo;autres cookies<\/p>\n<\/li>\n<li>\n<p><span style=\"background-color: transparent;\">Lorsque vous visitez notre site web, des cookies provenant du contr\u00f4leur et\/ou de tiers peuvent \u00eatre install\u00e9s sur votre \u00e9quipement.<\/span><\/p>\n<\/li>\n<li>\n<p><span style=\"background-color: transparent;\">Pour plus d&rsquo;informations sur l&rsquo;utilisation, la gestion et la suppression des cookies pour chaque type de syst\u00e8me d&rsquo;exploitation, nous vous invitons \u00e0 consulter le lien suivant : <\/span><a href=\"https:\/\/autoriteitpersoonsgegevens.nl\/nl\/onderwerpen\/internet-telefoon-tv-en-post\/cookies#faq\" target=\"_blank\" rel=\"noopener\">https:\/\/autoriteitpersoonsgegevens.nl\/nl\/onderwerpen\/internet-telefoon-tv-en-post\/cookies#faq<\/a><\/p>\n<\/li>\n<li>Article 12 &#8211; Mat\u00e9riel visuel et produits propos\u00e9s<br>Aucun droit ne peut \u00eatre tir\u00e9 du mat\u00e9riel visuel des produits propos\u00e9s sur le site web.<\/li>\n<\/ol>\n<p><b><br>Article 13 &#8211; Droit applicable<br><\/b>Les pr\u00e9sentes conditions sont r\u00e9gies par le droit n\u00e9erlandais. Le tribunal du lieu d&rsquo;\u00e9tablissement de l&rsquo;administrateur est exclusivement comp\u00e9tent pour tout litige concernant les pr\u00e9sentes conditions g\u00e9n\u00e9rales, sauf exception l\u00e9gale. <\/p>\n<p><strong><br>Article 14 &#8211; Contact<\/strong><br>Pour toute question, information sur les produits ou sur le site web lui-m\u00eame, veuillez contacter : Miranda Timp, <a href=\"mailto:miranda@uplusconcepts.nl\">miranda@uplusconcepts.nl <\/a> <\/p>\n<p><strong><br>Article 15 &#8211; Attribution<\/strong><br>Cet avis de confidentialit\u00e9 a \u00e9t\u00e9 cr\u00e9\u00e9 avec l&rsquo;aide de Rocket Lawyer<a href=\"https:\/\/www.rocketlawyer.com\/nl\/nl\" target=\"_blank\" rel=\"noopener\">(https:\/\/www.rocketlawyer.com\/nl\/nl)<\/a>.<br>Cet avis de confidentialit\u00e9 est applicable jusqu&rsquo;\u00e0 nouvel ordre.  <\/p>\n<h2 class=\"wp-block-heading\"><\/h2>\t\t\t\t\t\t\t\t<\/div>\n\t\t\t\t<\/div>\n\t\t\t\t\t<\/div>\n\t\t\t\t<\/div>\n\t\t<div class=\"elementor-element elementor-element-8b20e96 e-flex e-con-boxed e-con e-parent\" data-id=\"8b20e96\" data-element_type=\"container\" data-e-type=\"container\">\n\t\t\t\t\t<div class=\"e-con-inner\">\n\t\t\t\t<div class=\"elementor-element elementor-element-4b6c1a4 elementor-widget elementor-widget-spacer\" data-id=\"4b6c1a4\" data-element_type=\"widget\" data-e-type=\"widget\" data-widget_type=\"spacer.default\">\n\t\t\t\t<div class=\"elementor-widget-container\">\n\t\t\t\t\t\t\t<div class=\"elementor-spacer\">\n\t\t\t<div class=\"elementor-spacer-inner\"><\/div>\n\t\t<\/div>\n\t\t\t\t\t\t<\/div>\n\t\t\t\t<\/div>\n\t\t\t\t\t<\/div>\n\t\t\t\t<\/div>\n\t\t\t\t<\/div>\n\t\t","protected":false},"excerpt":{"rendered":"<p>D\u00e9claration de confidentialit\u00e9 U+ Sustainability B.V. respecte la vie priv\u00e9e des visiteurs du site Web, en particulier les droits des visiteurs deen ce qui concerne le traitement automatis\u00e9 des donn\u00e9es \u00e0 caract\u00e8re personnel. Dans un souci de transparence totale avec nos clients, nous avons donc formul\u00e9 et mis en \u0153uvre une politique concernant ces traitements [&hellip;]<\/p>\n","protected":false},"author":1,"featured_media":0,"parent":0,"menu_order":0,"comment_status":"closed","ping_status":"closed","template":"","meta":{"footnotes":""},"class_list":["post-2780","page","type-page","status-publish","hentry"],"yoast_head":"<!-- This site is optimized with the Yoast SEO plugin v27.1.1 - https:\/\/yoast.com\/product\/yoast-seo-wordpress\/ -->\n<title>D\u00e9claration de confidentialit\u00e9 - Urban Proof<\/title>\n<meta name=\"robots\" content=\"index, follow, max-snippet:-1, max-image-preview:large, max-video-preview:-1\" \/>\n<link rel=\"canonical\" href=\"https:\/\/urbanproof.nl\/fr\/declaration-de-confidentialite\/\" \/>\n<meta property=\"og:locale\" content=\"fr_FR\" \/>\n<meta property=\"og:type\" content=\"article\" \/>\n<meta property=\"og:title\" content=\"D\u00e9claration de confidentialit\u00e9 - Urban Proof\" \/>\n<meta property=\"og:description\" content=\"D\u00e9claration de confidentialit\u00e9 U+ Sustainability B.V. respecte la vie priv\u00e9e des visiteurs du site Web, en particulier les droits des visiteurs deen ce qui concerne le traitement automatis\u00e9 des donn\u00e9es \u00e0 caract\u00e8re personnel. Dans un souci de transparence totale avec nos clients, nous avons donc formul\u00e9 et mis en \u0153uvre une politique concernant ces traitements [&hellip;]\" \/>\n<meta property=\"og:url\" content=\"https:\/\/urbanproof.nl\/fr\/declaration-de-confidentialite\/\" \/>\n<meta property=\"og:site_name\" content=\"Urban Proof\" \/>\n<meta property=\"article:modified_time\" content=\"2025-05-14T14:08:38+00:00\" \/>\n<meta name=\"twitter:card\" content=\"summary_large_image\" \/>\n<meta name=\"twitter:label1\" content=\"Dur\u00e9e de lecture estim\u00e9e\" \/>\n\t<meta name=\"twitter:data1\" content=\"7 minutes\" \/>\n<script type=\"application\/ld+json\" class=\"yoast-schema-graph\">{\"@context\":\"https:\/\/schema.org\",\"@graph\":[{\"@type\":\"WebPage\",\"@id\":\"https:\/\/urbanproof.nl\/fr\/declaration-de-confidentialite\/\",\"url\":\"https:\/\/urbanproof.nl\/fr\/declaration-de-confidentialite\/\",\"name\":\"D\u00e9claration de confidentialit\u00e9 - Urban Proof\",\"isPartOf\":{\"@id\":\"https:\/\/urbanproof.nl\/fr\/#website\"},\"datePublished\":\"2025-04-15T13:23:05+00:00\",\"dateModified\":\"2025-05-14T14:08:38+00:00\",\"breadcrumb\":{\"@id\":\"https:\/\/urbanproof.nl\/fr\/declaration-de-confidentialite\/#breadcrumb\"},\"inLanguage\":\"fr-FR\",\"potentialAction\":[{\"@type\":\"ReadAction\",\"target\":[\"https:\/\/urbanproof.nl\/fr\/declaration-de-confidentialite\/\"]}]},{\"@type\":\"BreadcrumbList\",\"@id\":\"https:\/\/urbanproof.nl\/fr\/declaration-de-confidentialite\/#breadcrumb\",\"itemListElement\":[{\"@type\":\"ListItem\",\"position\":1,\"name\":\"Accueil\",\"item\":\"https:\/\/urbanproof.nl\/fr\/\"},{\"@type\":\"ListItem\",\"position\":2,\"name\":\"D\u00e9claration de confidentialit\u00e9\"}]},{\"@type\":\"WebSite\",\"@id\":\"https:\/\/urbanproof.nl\/fr\/#website\",\"url\":\"https:\/\/urbanproof.nl\/fr\/\",\"name\":\"Urban Proof\",\"description\":\"La durabilit\u00e9 en mouvement\",\"publisher\":{\"@id\":\"https:\/\/urbanproof.nl\/fr\/#organization\"},\"potentialAction\":[{\"@type\":\"SearchAction\",\"target\":{\"@type\":\"EntryPoint\",\"urlTemplate\":\"https:\/\/urbanproof.nl\/fr\/?s={search_term_string}\"},\"query-input\":{\"@type\":\"PropertyValueSpecification\",\"valueRequired\":true,\"valueName\":\"search_term_string\"}}],\"inLanguage\":\"fr-FR\"},{\"@type\":\"Organization\",\"@id\":\"https:\/\/urbanproof.nl\/fr\/#organization\",\"name\":\"Urban Proof\",\"url\":\"https:\/\/urbanproof.nl\/fr\/\",\"logo\":{\"@type\":\"ImageObject\",\"inLanguage\":\"fr-FR\",\"@id\":\"https:\/\/urbanproof.nl\/fr\/#\/schema\/logo\/image\/\",\"url\":\"https:\/\/urbanproof.nl\/wp-content\/uploads\/2025\/04\/UBP_Logo_2022_ZWART.svg\",\"contentUrl\":\"https:\/\/urbanproof.nl\/wp-content\/uploads\/2025\/04\/UBP_Logo_2022_ZWART.svg\",\"caption\":\"Urban Proof\"},\"image\":{\"@id\":\"https:\/\/urbanproof.nl\/fr\/#\/schema\/logo\/image\/\"},\"sameAs\":[\"https:\/\/www.instagram.com\/urbanproof_sustainable\/\",\"https:\/\/www.linkedin.com\/company\/urban-proof\"]}]}<\/script>\n<!-- \/ Yoast SEO plugin. -->","yoast_head_json":{"title":"D\u00e9claration de confidentialit\u00e9 - Urban Proof","robots":{"index":"index","follow":"follow","max-snippet":"max-snippet:-1","max-image-preview":"max-image-preview:large","max-video-preview":"max-video-preview:-1"},"canonical":"https:\/\/urbanproof.nl\/fr\/declaration-de-confidentialite\/","og_locale":"fr_FR","og_type":"article","og_title":"D\u00e9claration de confidentialit\u00e9 - Urban Proof","og_description":"D\u00e9claration de confidentialit\u00e9 U+ Sustainability B.V. respecte la vie priv\u00e9e des visiteurs du site Web, en particulier les droits des visiteurs deen ce qui concerne le traitement automatis\u00e9 des donn\u00e9es \u00e0 caract\u00e8re personnel. Dans un souci de transparence totale avec nos clients, nous avons donc formul\u00e9 et mis en \u0153uvre une politique concernant ces traitements [&hellip;]","og_url":"https:\/\/urbanproof.nl\/fr\/declaration-de-confidentialite\/","og_site_name":"Urban Proof","article_modified_time":"2025-05-14T14:08:38+00:00","twitter_card":"summary_large_image","twitter_misc":{"Dur\u00e9e de lecture estim\u00e9e":"7 minutes"},"schema":{"@context":"https:\/\/schema.org","@graph":[{"@type":"WebPage","@id":"https:\/\/urbanproof.nl\/fr\/declaration-de-confidentialite\/","url":"https:\/\/urbanproof.nl\/fr\/declaration-de-confidentialite\/","name":"D\u00e9claration de confidentialit\u00e9 - Urban Proof","isPartOf":{"@id":"https:\/\/urbanproof.nl\/fr\/#website"},"datePublished":"2025-04-15T13:23:05+00:00","dateModified":"2025-05-14T14:08:38+00:00","breadcrumb":{"@id":"https:\/\/urbanproof.nl\/fr\/declaration-de-confidentialite\/#breadcrumb"},"inLanguage":"fr-FR","potentialAction":[{"@type":"ReadAction","target":["https:\/\/urbanproof.nl\/fr\/declaration-de-confidentialite\/"]}]},{"@type":"BreadcrumbList","@id":"https:\/\/urbanproof.nl\/fr\/declaration-de-confidentialite\/#breadcrumb","itemListElement":[{"@type":"ListItem","position":1,"name":"Accueil","item":"https:\/\/urbanproof.nl\/fr\/"},{"@type":"ListItem","position":2,"name":"D\u00e9claration de confidentialit\u00e9"}]},{"@type":"WebSite","@id":"https:\/\/urbanproof.nl\/fr\/#website","url":"https:\/\/urbanproof.nl\/fr\/","name":"Urban Proof","description":"La durabilit\u00e9 en mouvement","publisher":{"@id":"https:\/\/urbanproof.nl\/fr\/#organization"},"potentialAction":[{"@type":"SearchAction","target":{"@type":"EntryPoint","urlTemplate":"https:\/\/urbanproof.nl\/fr\/?s={search_term_string}"},"query-input":{"@type":"PropertyValueSpecification","valueRequired":true,"valueName":"search_term_string"}}],"inLanguage":"fr-FR"},{"@type":"Organization","@id":"https:\/\/urbanproof.nl\/fr\/#organization","name":"Urban Proof","url":"https:\/\/urbanproof.nl\/fr\/","logo":{"@type":"ImageObject","inLanguage":"fr-FR","@id":"https:\/\/urbanproof.nl\/fr\/#\/schema\/logo\/image\/","url":"https:\/\/urbanproof.nl\/wp-content\/uploads\/2025\/04\/UBP_Logo_2022_ZWART.svg","contentUrl":"https:\/\/urbanproof.nl\/wp-content\/uploads\/2025\/04\/UBP_Logo_2022_ZWART.svg","caption":"Urban Proof"},"image":{"@id":"https:\/\/urbanproof.nl\/fr\/#\/schema\/logo\/image\/"},"sameAs":["https:\/\/www.instagram.com\/urbanproof_sustainable\/","https:\/\/www.linkedin.com\/company\/urban-proof"]}]}},"_links":{"self":[{"href":"https:\/\/urbanproof.nl\/fr\/wp-json\/wp\/v2\/pages\/2780","targetHints":{"allow":["GET"]}}],"collection":[{"href":"https:\/\/urbanproof.nl\/fr\/wp-json\/wp\/v2\/pages"}],"about":[{"href":"https:\/\/urbanproof.nl\/fr\/wp-json\/wp\/v2\/types\/page"}],"author":[{"embeddable":true,"href":"https:\/\/urbanproof.nl\/fr\/wp-json\/wp\/v2\/users\/1"}],"replies":[{"embeddable":true,"href":"https:\/\/urbanproof.nl\/fr\/wp-json\/wp\/v2\/comments?post=2780"}],"version-history":[{"count":4,"href":"https:\/\/urbanproof.nl\/fr\/wp-json\/wp\/v2\/pages\/2780\/revisions"}],"predecessor-version":[{"id":3234,"href":"https:\/\/urbanproof.nl\/fr\/wp-json\/wp\/v2\/pages\/2780\/revisions\/3234"}],"wp:attachment":[{"href":"https:\/\/urbanproof.nl\/fr\/wp-json\/wp\/v2\/media?parent=2780"}],"curies":[{"name":"wp","href":"https:\/\/api.w.org\/{rel}","templated":true}]}}