{"id":8610,"date":"2026-03-10T16:13:16","date_gmt":"2026-03-10T15:13:16","guid":{"rendered":"https:\/\/urbanproof.nl\/product\/urban-proof-knox-reflektierende-slap-wraps-2er-set\/"},"modified":"2026-03-10T16:13:16","modified_gmt":"2026-03-10T15:13:16","slug":"urban-proof-knox-reflektierende-slap-wraps-2er-set","status":"publish","type":"product","link":"https:\/\/urbanproof.nl\/de\/product\/urban-proof-knox-reflektierende-slap-wraps-2er-set\/","title":{"rendered":"URBAN PROOF KNOX Reflektierende Slap Wraps &#8211; 2er Set"},"content":{"rendered":"<p>Werden Sie gesehen. Fallen Sie auf und tun Sie es mit Stil.<br \/>\nDie KNOX Slap Wraps sind Ihr wichtigstes Hilfsmittel f\u00fcr die Sichtbarkeit unterwegs. Sie bestehen aus vollst\u00e4ndig reflektierendem Material mit einem eleganten matten Finish und sorgen daf\u00fcr, dass Sie immer auffallen. Perfekt zum Fahrradfahren, Laufen oder Wandern. Und das Beste daran? Sie k\u00f6nnen sie im Handumdrehen um Ihren Arm oder Ihr Bein legen.<br \/>\nVon recyceltem Polyester (RPET) bis hin zu wasserdicht verschwei\u00dften N\u00e4hten &#8211; jedes Detail z\u00e4hlt.<br \/>\nMit den URBAN PROOF Slap Wraps sind Sie f\u00fcr jede Abendtour ger\u00fcstet.     <\/p>\n","protected":false},"excerpt":{"rendered":"<p>&#8211; Aus vollreflektierendem Material mit mattem Finish<br \/>\n&#8211; Wasserdicht verschwei\u00dfte N\u00e4hte<br \/>\n&#8211; Aus recyceltem Polyester (RPET)<br \/>\n&#8211; Geeignet f\u00fcr Arme und Beine<br \/>\n&#8211; Einfaches An- und Ausziehen<\/p>\n","protected":false},"featured_media":8656,"template":"","meta":[],"product_brand":[],"product_cat":[467],"product_tag":[860,675],"class_list":{"0":"post-8610","1":"product","2":"type-product","3":"status-publish","4":"has-post-thumbnail","6":"product_cat-zubehor-fur-fahrrader","7":"product_tag-knox-slap-wraps-kollektion","8":"product_tag-neu","9":"pa_afmetinglbh-34cm-x-3cm","10":"pa_collectie-knox-kollektion","11":"pa_gewicht-60-g","12":"pa_kleur-schwarz","13":"pa_materiaal-recyceltes-polyester-rpet","14":"pa_reflectie-ja-de","15":"pa_type-product-umschlagtuch","16":"pa_waterbestendig-ja-de","18":"first","19":"instock","20":"taxable","21":"shipping-taxable","22":"purchasable","23":"product-type-simple"},"yoast_head":"<!-- This site is optimized with the Yoast SEO plugin v27.1.1 - https:\/\/yoast.com\/product\/yoast-seo-wordpress\/ -->\n<title>URBAN PROOF KNOX Reflektierende Slap Wraps - 2er Set - Urban Proof<\/title>\n<meta name=\"robots\" content=\"index, follow, max-snippet:-1, max-image-preview:large, max-video-preview:-1\" \/>\n<link rel=\"canonical\" href=\"https:\/\/urbanproof.nl\/de\/product\/urban-proof-knox-reflektierende-slap-wraps-2er-set\/\" \/>\n<meta property=\"og:locale\" content=\"de_DE\" \/>\n<meta property=\"og:type\" content=\"article\" \/>\n<meta property=\"og:title\" content=\"URBAN PROOF KNOX Reflektierende Slap Wraps - 2er Set - Urban Proof\" \/>\n<meta property=\"og:description\" content=\"- Aus vollreflektierendem Material mit mattem Finish - Wasserdicht verschwei\u00dfte N\u00e4hte - Aus recyceltem Polyester (RPET) - Geeignet f\u00fcr Arme und Beine - Einfaches An- und Ausziehen\" \/>\n<meta property=\"og:url\" content=\"https:\/\/urbanproof.nl\/de\/product\/urban-proof-knox-reflektierende-slap-wraps-2er-set\/\" \/>\n<meta property=\"og:site_name\" content=\"Urban Proof\" \/>\n<meta property=\"og:image\" content=\"https:\/\/urbanproof.nl\/wp-content\/uploads\/2026\/03\/400794UP_1.jpg\" \/>\n\t<meta property=\"og:image:width\" content=\"2047\" \/>\n\t<meta property=\"og:image:height\" content=\"2047\" \/>\n\t<meta property=\"og:image:type\" content=\"image\/jpeg\" \/>\n<meta name=\"twitter:card\" content=\"summary_large_image\" \/>\n<script type=\"application\/ld+json\" class=\"yoast-schema-graph\">{\"@context\":\"https:\/\/schema.org\",\"@graph\":[{\"@type\":\"WebPage\",\"@id\":\"https:\/\/urbanproof.nl\/de\/product\/urban-proof-knox-reflektierende-slap-wraps-2er-set\/\",\"url\":\"https:\/\/urbanproof.nl\/de\/product\/urban-proof-knox-reflektierende-slap-wraps-2er-set\/\",\"name\":\"URBAN PROOF KNOX Reflektierende Slap Wraps - 2er Set - Urban Proof\",\"isPartOf\":{\"@id\":\"https:\/\/urbanproof.nl\/de\/#website\"},\"primaryImageOfPage\":{\"@id\":\"https:\/\/urbanproof.nl\/de\/product\/urban-proof-knox-reflektierende-slap-wraps-2er-set\/#primaryimage\"},\"image\":{\"@id\":\"https:\/\/urbanproof.nl\/de\/product\/urban-proof-knox-reflektierende-slap-wraps-2er-set\/#primaryimage\"},\"thumbnailUrl\":\"https:\/\/urbanproof.nl\/wp-content\/uploads\/2026\/03\/400794UP_1.jpg\",\"datePublished\":\"2026-03-10T15:13:16+00:00\",\"breadcrumb\":{\"@id\":\"https:\/\/urbanproof.nl\/de\/product\/urban-proof-knox-reflektierende-slap-wraps-2er-set\/#breadcrumb\"},\"inLanguage\":\"de\",\"potentialAction\":[{\"@type\":\"ReadAction\",\"target\":[\"https:\/\/urbanproof.nl\/de\/product\/urban-proof-knox-reflektierende-slap-wraps-2er-set\/\"]}]},{\"@type\":\"ImageObject\",\"inLanguage\":\"de\",\"@id\":\"https:\/\/urbanproof.nl\/de\/product\/urban-proof-knox-reflektierende-slap-wraps-2er-set\/#primaryimage\",\"url\":\"https:\/\/urbanproof.nl\/wp-content\/uploads\/2026\/03\/400794UP_1.jpg\",\"contentUrl\":\"https:\/\/urbanproof.nl\/wp-content\/uploads\/2026\/03\/400794UP_1.jpg\",\"width\":2047,\"height\":2047},{\"@type\":\"BreadcrumbList\",\"@id\":\"https:\/\/urbanproof.nl\/de\/product\/urban-proof-knox-reflektierende-slap-wraps-2er-set\/#breadcrumb\",\"itemListElement\":[{\"@type\":\"ListItem\",\"position\":1,\"name\":\"Startseite\",\"item\":\"https:\/\/urbanproof.nl\/de\/\"},{\"@type\":\"ListItem\",\"position\":2,\"name\":\"Produktpalette\",\"item\":\"https:\/\/urbanproof.nl\/de\/shop\/\"},{\"@type\":\"ListItem\",\"position\":3,\"name\":\"URBAN PROOF KNOX Reflektierende Slap Wraps &#8211; 2er Set\"}]},{\"@type\":\"WebSite\",\"@id\":\"https:\/\/urbanproof.nl\/de\/#website\",\"url\":\"https:\/\/urbanproof.nl\/de\/\",\"name\":\"Urban Proof\",\"description\":\"Sustainability in Motion\",\"publisher\":{\"@id\":\"https:\/\/urbanproof.nl\/de\/#organization\"},\"potentialAction\":[{\"@type\":\"SearchAction\",\"target\":{\"@type\":\"EntryPoint\",\"urlTemplate\":\"https:\/\/urbanproof.nl\/de\/?s={search_term_string}\"},\"query-input\":{\"@type\":\"PropertyValueSpecification\",\"valueRequired\":true,\"valueName\":\"search_term_string\"}}],\"inLanguage\":\"de\"},{\"@type\":\"Organization\",\"@id\":\"https:\/\/urbanproof.nl\/de\/#organization\",\"name\":\"Urban Proof\",\"url\":\"https:\/\/urbanproof.nl\/de\/\",\"logo\":{\"@type\":\"ImageObject\",\"inLanguage\":\"de\",\"@id\":\"https:\/\/urbanproof.nl\/de\/#\/schema\/logo\/image\/\",\"url\":\"https:\/\/urbanproof.nl\/wp-content\/uploads\/2025\/04\/UBP_Logo_2022_ZWART.svg\",\"contentUrl\":\"https:\/\/urbanproof.nl\/wp-content\/uploads\/2025\/04\/UBP_Logo_2022_ZWART.svg\",\"caption\":\"Urban Proof\"},\"image\":{\"@id\":\"https:\/\/urbanproof.nl\/de\/#\/schema\/logo\/image\/\"},\"sameAs\":[\"https:\/\/www.instagram.com\/urbanproof_sustainable\/\",\"https:\/\/www.linkedin.com\/company\/urban-proof\"]}]}<\/script>\n<!-- \/ Yoast SEO plugin. -->","yoast_head_json":{"title":"URBAN PROOF KNOX Reflektierende Slap Wraps - 2er Set - Urban Proof","robots":{"index":"index","follow":"follow","max-snippet":"max-snippet:-1","max-image-preview":"max-image-preview:large","max-video-preview":"max-video-preview:-1"},"canonical":"https:\/\/urbanproof.nl\/de\/product\/urban-proof-knox-reflektierende-slap-wraps-2er-set\/","og_locale":"de_DE","og_type":"article","og_title":"URBAN PROOF KNOX Reflektierende Slap Wraps - 2er Set - Urban Proof","og_description":"- Aus vollreflektierendem Material mit mattem Finish - Wasserdicht verschwei\u00dfte N\u00e4hte - Aus recyceltem Polyester (RPET) - Geeignet f\u00fcr Arme und Beine - Einfaches An- und Ausziehen","og_url":"https:\/\/urbanproof.nl\/de\/product\/urban-proof-knox-reflektierende-slap-wraps-2er-set\/","og_site_name":"Urban Proof","og_image":[{"width":2047,"height":2047,"url":"https:\/\/urbanproof.nl\/wp-content\/uploads\/2026\/03\/400794UP_1.jpg","type":"image\/jpeg"}],"twitter_card":"summary_large_image","schema":{"@context":"https:\/\/schema.org","@graph":[{"@type":"WebPage","@id":"https:\/\/urbanproof.nl\/de\/product\/urban-proof-knox-reflektierende-slap-wraps-2er-set\/","url":"https:\/\/urbanproof.nl\/de\/product\/urban-proof-knox-reflektierende-slap-wraps-2er-set\/","name":"URBAN PROOF KNOX Reflektierende Slap Wraps - 2er Set - Urban Proof","isPartOf":{"@id":"https:\/\/urbanproof.nl\/de\/#website"},"primaryImageOfPage":{"@id":"https:\/\/urbanproof.nl\/de\/product\/urban-proof-knox-reflektierende-slap-wraps-2er-set\/#primaryimage"},"image":{"@id":"https:\/\/urbanproof.nl\/de\/product\/urban-proof-knox-reflektierende-slap-wraps-2er-set\/#primaryimage"},"thumbnailUrl":"https:\/\/urbanproof.nl\/wp-content\/uploads\/2026\/03\/400794UP_1.jpg","datePublished":"2026-03-10T15:13:16+00:00","breadcrumb":{"@id":"https:\/\/urbanproof.nl\/de\/product\/urban-proof-knox-reflektierende-slap-wraps-2er-set\/#breadcrumb"},"inLanguage":"de","potentialAction":[{"@type":"ReadAction","target":["https:\/\/urbanproof.nl\/de\/product\/urban-proof-knox-reflektierende-slap-wraps-2er-set\/"]}]},{"@type":"ImageObject","inLanguage":"de","@id":"https:\/\/urbanproof.nl\/de\/product\/urban-proof-knox-reflektierende-slap-wraps-2er-set\/#primaryimage","url":"https:\/\/urbanproof.nl\/wp-content\/uploads\/2026\/03\/400794UP_1.jpg","contentUrl":"https:\/\/urbanproof.nl\/wp-content\/uploads\/2026\/03\/400794UP_1.jpg","width":2047,"height":2047},{"@type":"BreadcrumbList","@id":"https:\/\/urbanproof.nl\/de\/product\/urban-proof-knox-reflektierende-slap-wraps-2er-set\/#breadcrumb","itemListElement":[{"@type":"ListItem","position":1,"name":"Startseite","item":"https:\/\/urbanproof.nl\/de\/"},{"@type":"ListItem","position":2,"name":"Produktpalette","item":"https:\/\/urbanproof.nl\/de\/shop\/"},{"@type":"ListItem","position":3,"name":"URBAN PROOF KNOX Reflektierende Slap Wraps &#8211; 2er Set"}]},{"@type":"WebSite","@id":"https:\/\/urbanproof.nl\/de\/#website","url":"https:\/\/urbanproof.nl\/de\/","name":"Urban Proof","description":"Sustainability in Motion","publisher":{"@id":"https:\/\/urbanproof.nl\/de\/#organization"},"potentialAction":[{"@type":"SearchAction","target":{"@type":"EntryPoint","urlTemplate":"https:\/\/urbanproof.nl\/de\/?s={search_term_string}"},"query-input":{"@type":"PropertyValueSpecification","valueRequired":true,"valueName":"search_term_string"}}],"inLanguage":"de"},{"@type":"Organization","@id":"https:\/\/urbanproof.nl\/de\/#organization","name":"Urban Proof","url":"https:\/\/urbanproof.nl\/de\/","logo":{"@type":"ImageObject","inLanguage":"de","@id":"https:\/\/urbanproof.nl\/de\/#\/schema\/logo\/image\/","url":"https:\/\/urbanproof.nl\/wp-content\/uploads\/2025\/04\/UBP_Logo_2022_ZWART.svg","contentUrl":"https:\/\/urbanproof.nl\/wp-content\/uploads\/2025\/04\/UBP_Logo_2022_ZWART.svg","caption":"Urban Proof"},"image":{"@id":"https:\/\/urbanproof.nl\/de\/#\/schema\/logo\/image\/"},"sameAs":["https:\/\/www.instagram.com\/urbanproof_sustainable\/","https:\/\/www.linkedin.com\/company\/urban-proof"]}]}},"_links":{"self":[{"href":"https:\/\/urbanproof.nl\/de\/wp-json\/wp\/v2\/product\/8610","targetHints":{"allow":["GET"]}}],"collection":[{"href":"https:\/\/urbanproof.nl\/de\/wp-json\/wp\/v2\/product"}],"about":[{"href":"https:\/\/urbanproof.nl\/de\/wp-json\/wp\/v2\/types\/product"}],"version-history":[{"count":0,"href":"https:\/\/urbanproof.nl\/de\/wp-json\/wp\/v2\/product\/8610\/revisions"}],"wp:featuredmedia":[{"embeddable":true,"href":"https:\/\/urbanproof.nl\/de\/wp-json\/wp\/v2\/media\/8656"}],"wp:attachment":[{"href":"https:\/\/urbanproof.nl\/de\/wp-json\/wp\/v2\/media?parent=8610"}],"wp:term":[{"taxonomy":"product_brand","embeddable":true,"href":"https:\/\/urbanproof.nl\/de\/wp-json\/wp\/v2\/product_brand?post=8610"},{"taxonomy":"product_cat","embeddable":true,"href":"https:\/\/urbanproof.nl\/de\/wp-json\/wp\/v2\/product_cat?post=8610"},{"taxonomy":"product_tag","embeddable":true,"href":"https:\/\/urbanproof.nl\/de\/wp-json\/wp\/v2\/product_tag?post=8610"}],"curies":[{"name":"wp","href":"https:\/\/api.w.org\/{rel}","templated":true}]}}