{"id":8590,"date":"2026-03-10T16:13:14","date_gmt":"2026-03-10T15:13:14","guid":{"rendered":"https:\/\/urbanproof.nl\/product\/urban-proof-knox-recycelte-fahrradtasche-shopper-25l-2\/"},"modified":"2026-03-10T16:13:14","modified_gmt":"2026-03-10T15:13:14","slug":"urban-proof-knox-recycelte-fahrradtasche-shopper-25l-2","status":"publish","type":"product","link":"https:\/\/urbanproof.nl\/de\/product\/urban-proof-knox-recycelte-fahrradtasche-shopper-25l-2\/","title":{"rendered":"URBAN PROOF KNOX Recycelte Fahrradtasche Shopper 25L"},"content":{"rendered":"<p>Diese Fahrradtasche Shopper aus der KNOX Collection ist der perfekte Begleiter f\u00fcr jede Stadtfahrt. Mit 25 Litern Fassungsverm\u00f6gen, einer intelligenten Unterteilung f\u00fcr Eink\u00e4ufe und einer zus\u00e4tzlichen Vordertasche haben Sie immer alles griffbereit. Dank der wasserdichten, verschwei\u00dften N\u00e4hte und des Rei\u00dfverschlusses bleibt alles ordentlich geordnet und absolut trocken.<br \/>\nDas vollst\u00e4ndig reflektierende Material mit mattem Finish sorgt daf\u00fcr, dass Sie auch nach Sonnenuntergang gut sichtbar sind, w\u00e4hrend das verstellbare Hakensystem Ihren Shopper im Handumdrehen an- und abschnallt. Auch f\u00fcr E-Bikes geeignet.<br \/>\nDer Shopper ist aus recyceltem Polyester (RPET) hergestellt, so dass Sie bei jeder Fahrt eine bewusste und dennoch stilvolle Wahl treffen.   <\/p>\n","protected":false},"excerpt":{"rendered":"<p>&#8211; Tasche aus vollreflektierendem Material mit mattem Finish<br \/>\n&#8211; Wasserdicht verschwei\u00dfte N\u00e4hte<br \/>\n&#8211; Wasserdichter Rei\u00dfverschluss mit Fronttasche<br \/>\n&#8211; Inneneinteilung f\u00fcr Lebensmittel und extra Zubeh\u00f6rfach<br \/>\n&#8211; Aus recyceltem Polyester (RPET)<br \/>\n&#8211; Mit anklickbarem Schultergurt<br \/>\n&#8211; Verstellbares Hakensystem zum schnellen und einfachen Auf- und Absteigen vom Fahrrad<br \/>\n&#8211; Geeignet f\u00fcr E-Bikes<\/p>\n","protected":false},"featured_media":8114,"template":"","meta":[],"product_brand":[],"product_cat":[508,507],"product_tag":[829,675],"class_list":{"0":"post-8590","1":"product","2":"type-product","3":"status-publish","4":"has-post-thumbnail","6":"product_cat-einzelne-gepacktaschen","7":"product_cat-rucksacke","8":"product_tag-knox-kollektion","9":"product_tag-neu","10":"pa_afmetinglbh-50cm-x-20cm-x-40cm","11":"pa_collectie-knox-kollektion","12":"pa_e-bike-ready-ja-de","13":"pa_gewicht-850-gramm","14":"pa_inhoud-25-liter","15":"pa_kleur-schwarz","16":"pa_materiaal-recyceltes-polyester-rpet","17":"pa_reflectie-ja-de","18":"pa_type-product-einzelne-gepacktragertasche","19":"pa_volume-25l","20":"pa_waterbestendig-ja-de","22":"first","23":"instock","24":"featured","25":"taxable","26":"shipping-taxable","27":"purchasable","28":"product-type-simple"},"yoast_head":"<!-- This site is optimized with the Yoast SEO plugin v27.1.1 - https:\/\/yoast.com\/product\/yoast-seo-wordpress\/ -->\n<title>URBAN PROOF KNOX Recycelte Fahrradtasche Shopper 25L - Urban Proof<\/title>\n<meta name=\"robots\" content=\"index, follow, max-snippet:-1, max-image-preview:large, max-video-preview:-1\" \/>\n<link rel=\"canonical\" href=\"https:\/\/urbanproof.nl\/de\/product\/urban-proof-knox-recycelte-fahrradtasche-shopper-25l-2\/\" \/>\n<meta property=\"og:locale\" content=\"de_DE\" \/>\n<meta property=\"og:type\" content=\"article\" \/>\n<meta property=\"og:title\" content=\"URBAN PROOF KNOX Recycelte Fahrradtasche Shopper 25L - Urban Proof\" \/>\n<meta property=\"og:description\" content=\"- Tasche aus vollreflektierendem Material mit mattem Finish - Wasserdicht verschwei\u00dfte N\u00e4hte - Wasserdichter Rei\u00dfverschluss mit Fronttasche - Inneneinteilung f\u00fcr Lebensmittel und extra Zubeh\u00f6rfach - Aus recyceltem Polyester (RPET) - Mit anklickbarem Schultergurt - Verstellbares Hakensystem zum schnellen und einfachen Auf- und Absteigen vom Fahrrad - Geeignet f\u00fcr E-Bikes\" \/>\n<meta property=\"og:url\" content=\"https:\/\/urbanproof.nl\/de\/product\/urban-proof-knox-recycelte-fahrradtasche-shopper-25l-2\/\" \/>\n<meta property=\"og:site_name\" content=\"Urban Proof\" \/>\n<meta property=\"og:image\" content=\"https:\/\/urbanproof.nl\/wp-content\/uploads\/2026\/03\/400792UP_1.jpg\" \/>\n\t<meta property=\"og:image:width\" content=\"2047\" \/>\n\t<meta property=\"og:image:height\" content=\"2047\" \/>\n\t<meta property=\"og:image:type\" content=\"image\/jpeg\" \/>\n<meta name=\"twitter:card\" content=\"summary_large_image\" \/>\n<meta name=\"twitter:label1\" content=\"Gesch\u00e4tzte Lesezeit\" \/>\n\t<meta name=\"twitter:data1\" content=\"1\u00a0Minute\" \/>\n<script type=\"application\/ld+json\" class=\"yoast-schema-graph\">{\"@context\":\"https:\/\/schema.org\",\"@graph\":[{\"@type\":\"WebPage\",\"@id\":\"https:\/\/urbanproof.nl\/de\/product\/urban-proof-knox-recycelte-fahrradtasche-shopper-25l-2\/\",\"url\":\"https:\/\/urbanproof.nl\/de\/product\/urban-proof-knox-recycelte-fahrradtasche-shopper-25l-2\/\",\"name\":\"URBAN PROOF KNOX Recycelte Fahrradtasche Shopper 25L - Urban Proof\",\"isPartOf\":{\"@id\":\"https:\/\/urbanproof.nl\/de\/#website\"},\"primaryImageOfPage\":{\"@id\":\"https:\/\/urbanproof.nl\/de\/product\/urban-proof-knox-recycelte-fahrradtasche-shopper-25l-2\/#primaryimage\"},\"image\":{\"@id\":\"https:\/\/urbanproof.nl\/de\/product\/urban-proof-knox-recycelte-fahrradtasche-shopper-25l-2\/#primaryimage\"},\"thumbnailUrl\":\"https:\/\/urbanproof.nl\/wp-content\/uploads\/2026\/03\/400792UP_1.jpg\",\"datePublished\":\"2026-03-10T15:13:14+00:00\",\"breadcrumb\":{\"@id\":\"https:\/\/urbanproof.nl\/de\/product\/urban-proof-knox-recycelte-fahrradtasche-shopper-25l-2\/#breadcrumb\"},\"inLanguage\":\"de\",\"potentialAction\":[{\"@type\":\"ReadAction\",\"target\":[\"https:\/\/urbanproof.nl\/de\/product\/urban-proof-knox-recycelte-fahrradtasche-shopper-25l-2\/\"]}]},{\"@type\":\"ImageObject\",\"inLanguage\":\"de\",\"@id\":\"https:\/\/urbanproof.nl\/de\/product\/urban-proof-knox-recycelte-fahrradtasche-shopper-25l-2\/#primaryimage\",\"url\":\"https:\/\/urbanproof.nl\/wp-content\/uploads\/2026\/03\/400792UP_1.jpg\",\"contentUrl\":\"https:\/\/urbanproof.nl\/wp-content\/uploads\/2026\/03\/400792UP_1.jpg\",\"width\":2047,\"height\":2047},{\"@type\":\"BreadcrumbList\",\"@id\":\"https:\/\/urbanproof.nl\/de\/product\/urban-proof-knox-recycelte-fahrradtasche-shopper-25l-2\/#breadcrumb\",\"itemListElement\":[{\"@type\":\"ListItem\",\"position\":1,\"name\":\"Startseite\",\"item\":\"https:\/\/urbanproof.nl\/de\/\"},{\"@type\":\"ListItem\",\"position\":2,\"name\":\"Produktpalette\",\"item\":\"https:\/\/urbanproof.nl\/de\/shop\/\"},{\"@type\":\"ListItem\",\"position\":3,\"name\":\"URBAN PROOF KNOX Recycelte Fahrradtasche Shopper 25L\"}]},{\"@type\":\"WebSite\",\"@id\":\"https:\/\/urbanproof.nl\/de\/#website\",\"url\":\"https:\/\/urbanproof.nl\/de\/\",\"name\":\"Urban Proof\",\"description\":\"Sustainability in Motion\",\"publisher\":{\"@id\":\"https:\/\/urbanproof.nl\/de\/#organization\"},\"potentialAction\":[{\"@type\":\"SearchAction\",\"target\":{\"@type\":\"EntryPoint\",\"urlTemplate\":\"https:\/\/urbanproof.nl\/de\/?s={search_term_string}\"},\"query-input\":{\"@type\":\"PropertyValueSpecification\",\"valueRequired\":true,\"valueName\":\"search_term_string\"}}],\"inLanguage\":\"de\"},{\"@type\":\"Organization\",\"@id\":\"https:\/\/urbanproof.nl\/de\/#organization\",\"name\":\"Urban Proof\",\"url\":\"https:\/\/urbanproof.nl\/de\/\",\"logo\":{\"@type\":\"ImageObject\",\"inLanguage\":\"de\",\"@id\":\"https:\/\/urbanproof.nl\/de\/#\/schema\/logo\/image\/\",\"url\":\"https:\/\/urbanproof.nl\/wp-content\/uploads\/2025\/04\/UBP_Logo_2022_ZWART.svg\",\"contentUrl\":\"https:\/\/urbanproof.nl\/wp-content\/uploads\/2025\/04\/UBP_Logo_2022_ZWART.svg\",\"caption\":\"Urban Proof\"},\"image\":{\"@id\":\"https:\/\/urbanproof.nl\/de\/#\/schema\/logo\/image\/\"},\"sameAs\":[\"https:\/\/www.instagram.com\/urbanproof_sustainable\/\",\"https:\/\/www.linkedin.com\/company\/urban-proof\"]}]}<\/script>\n<!-- \/ Yoast SEO plugin. -->","yoast_head_json":{"title":"URBAN PROOF KNOX Recycelte Fahrradtasche Shopper 25L - Urban Proof","robots":{"index":"index","follow":"follow","max-snippet":"max-snippet:-1","max-image-preview":"max-image-preview:large","max-video-preview":"max-video-preview:-1"},"canonical":"https:\/\/urbanproof.nl\/de\/product\/urban-proof-knox-recycelte-fahrradtasche-shopper-25l-2\/","og_locale":"de_DE","og_type":"article","og_title":"URBAN PROOF KNOX Recycelte Fahrradtasche Shopper 25L - Urban Proof","og_description":"- Tasche aus vollreflektierendem Material mit mattem Finish - Wasserdicht verschwei\u00dfte N\u00e4hte - Wasserdichter Rei\u00dfverschluss mit Fronttasche - Inneneinteilung f\u00fcr Lebensmittel und extra Zubeh\u00f6rfach - Aus recyceltem Polyester (RPET) - Mit anklickbarem Schultergurt - Verstellbares Hakensystem zum schnellen und einfachen Auf- und Absteigen vom Fahrrad - Geeignet f\u00fcr E-Bikes","og_url":"https:\/\/urbanproof.nl\/de\/product\/urban-proof-knox-recycelte-fahrradtasche-shopper-25l-2\/","og_site_name":"Urban Proof","og_image":[{"width":2047,"height":2047,"url":"https:\/\/urbanproof.nl\/wp-content\/uploads\/2026\/03\/400792UP_1.jpg","type":"image\/jpeg"}],"twitter_card":"summary_large_image","twitter_misc":{"Gesch\u00e4tzte Lesezeit":"1\u00a0Minute"},"schema":{"@context":"https:\/\/schema.org","@graph":[{"@type":"WebPage","@id":"https:\/\/urbanproof.nl\/de\/product\/urban-proof-knox-recycelte-fahrradtasche-shopper-25l-2\/","url":"https:\/\/urbanproof.nl\/de\/product\/urban-proof-knox-recycelte-fahrradtasche-shopper-25l-2\/","name":"URBAN PROOF KNOX Recycelte Fahrradtasche Shopper 25L - Urban Proof","isPartOf":{"@id":"https:\/\/urbanproof.nl\/de\/#website"},"primaryImageOfPage":{"@id":"https:\/\/urbanproof.nl\/de\/product\/urban-proof-knox-recycelte-fahrradtasche-shopper-25l-2\/#primaryimage"},"image":{"@id":"https:\/\/urbanproof.nl\/de\/product\/urban-proof-knox-recycelte-fahrradtasche-shopper-25l-2\/#primaryimage"},"thumbnailUrl":"https:\/\/urbanproof.nl\/wp-content\/uploads\/2026\/03\/400792UP_1.jpg","datePublished":"2026-03-10T15:13:14+00:00","breadcrumb":{"@id":"https:\/\/urbanproof.nl\/de\/product\/urban-proof-knox-recycelte-fahrradtasche-shopper-25l-2\/#breadcrumb"},"inLanguage":"de","potentialAction":[{"@type":"ReadAction","target":["https:\/\/urbanproof.nl\/de\/product\/urban-proof-knox-recycelte-fahrradtasche-shopper-25l-2\/"]}]},{"@type":"ImageObject","inLanguage":"de","@id":"https:\/\/urbanproof.nl\/de\/product\/urban-proof-knox-recycelte-fahrradtasche-shopper-25l-2\/#primaryimage","url":"https:\/\/urbanproof.nl\/wp-content\/uploads\/2026\/03\/400792UP_1.jpg","contentUrl":"https:\/\/urbanproof.nl\/wp-content\/uploads\/2026\/03\/400792UP_1.jpg","width":2047,"height":2047},{"@type":"BreadcrumbList","@id":"https:\/\/urbanproof.nl\/de\/product\/urban-proof-knox-recycelte-fahrradtasche-shopper-25l-2\/#breadcrumb","itemListElement":[{"@type":"ListItem","position":1,"name":"Startseite","item":"https:\/\/urbanproof.nl\/de\/"},{"@type":"ListItem","position":2,"name":"Produktpalette","item":"https:\/\/urbanproof.nl\/de\/shop\/"},{"@type":"ListItem","position":3,"name":"URBAN PROOF KNOX Recycelte Fahrradtasche Shopper 25L"}]},{"@type":"WebSite","@id":"https:\/\/urbanproof.nl\/de\/#website","url":"https:\/\/urbanproof.nl\/de\/","name":"Urban Proof","description":"Sustainability in Motion","publisher":{"@id":"https:\/\/urbanproof.nl\/de\/#organization"},"potentialAction":[{"@type":"SearchAction","target":{"@type":"EntryPoint","urlTemplate":"https:\/\/urbanproof.nl\/de\/?s={search_term_string}"},"query-input":{"@type":"PropertyValueSpecification","valueRequired":true,"valueName":"search_term_string"}}],"inLanguage":"de"},{"@type":"Organization","@id":"https:\/\/urbanproof.nl\/de\/#organization","name":"Urban Proof","url":"https:\/\/urbanproof.nl\/de\/","logo":{"@type":"ImageObject","inLanguage":"de","@id":"https:\/\/urbanproof.nl\/de\/#\/schema\/logo\/image\/","url":"https:\/\/urbanproof.nl\/wp-content\/uploads\/2025\/04\/UBP_Logo_2022_ZWART.svg","contentUrl":"https:\/\/urbanproof.nl\/wp-content\/uploads\/2025\/04\/UBP_Logo_2022_ZWART.svg","caption":"Urban Proof"},"image":{"@id":"https:\/\/urbanproof.nl\/de\/#\/schema\/logo\/image\/"},"sameAs":["https:\/\/www.instagram.com\/urbanproof_sustainable\/","https:\/\/www.linkedin.com\/company\/urban-proof"]}]}},"_links":{"self":[{"href":"https:\/\/urbanproof.nl\/de\/wp-json\/wp\/v2\/product\/8590","targetHints":{"allow":["GET"]}}],"collection":[{"href":"https:\/\/urbanproof.nl\/de\/wp-json\/wp\/v2\/product"}],"about":[{"href":"https:\/\/urbanproof.nl\/de\/wp-json\/wp\/v2\/types\/product"}],"version-history":[{"count":0,"href":"https:\/\/urbanproof.nl\/de\/wp-json\/wp\/v2\/product\/8590\/revisions"}],"wp:featuredmedia":[{"embeddable":true,"href":"https:\/\/urbanproof.nl\/de\/wp-json\/wp\/v2\/media\/8114"}],"wp:attachment":[{"href":"https:\/\/urbanproof.nl\/de\/wp-json\/wp\/v2\/media?parent=8590"}],"wp:term":[{"taxonomy":"product_brand","embeddable":true,"href":"https:\/\/urbanproof.nl\/de\/wp-json\/wp\/v2\/product_brand?post=8590"},{"taxonomy":"product_cat","embeddable":true,"href":"https:\/\/urbanproof.nl\/de\/wp-json\/wp\/v2\/product_cat?post=8590"},{"taxonomy":"product_tag","embeddable":true,"href":"https:\/\/urbanproof.nl\/de\/wp-json\/wp\/v2\/product_tag?post=8590"}],"curies":[{"name":"wp","href":"https:\/\/api.w.org\/{rel}","templated":true}]}}