{"id":7052,"date":"2025-06-02T15:56:42","date_gmt":"2025-06-02T13:56:42","guid":{"rendered":"https:\/\/urbanproof.nl\/product\/urban-proof-schlauch-45degree-valve-20-x-4-00-1-stueck\/"},"modified":"2025-12-03T12:42:42","modified_gmt":"2025-12-03T10:42:42","slug":"urban-proof-schlauch-45degree-valve-20-x-4-00-1-stueck","status":"publish","type":"product","link":"https:\/\/urbanproof.nl\/de\/product\/urban-proof-schlauch-45degree-valve-20-x-4-00-1-stueck\/","title":{"rendered":"URBAN PROOF Schlauch 45DEGREE VALVE &#8211; 20 x 4.00 &#8211; 1 St\u00fcck"},"content":{"rendered":"<p>Urban Proof Fat Bike Schlauch in der Gr\u00f6\u00dfe 20 x 4.00 Zoll. Der Schlauch hat ein Autoventil (Schr\u00e4der), das in einem Winkel von 45\u00b0 gebogen ist.<br \/>\nDieser Artikel enth\u00e4lt 1 Schlauch.<\/p>\n","protected":false},"excerpt":{"rendered":"<p>  &#8211; 20 x 4.00 Zoll<br \/>\n&#8211; Einfache Montage<br \/>\n&#8211; 45\u00b0 Grad Autoventil (Schr\u00e4der)<br \/>\n&#8211; Geeignet f\u00fcr Fat Bike Reifen<\/p>\n","protected":false},"featured_media":4030,"template":"","meta":[],"product_brand":[],"product_cat":[477,485],"product_tag":[748],"class_list":{"0":"post-7052","1":"product","2":"type-product","3":"status-publish","4":"has-post-thumbnail","6":"product_cat-fahrradreifen","7":"product_cat-schlauche","8":"product_tag-schlauche-45ventil","9":"pa_afmetinglbh-20-x-4-00-zoll","10":"pa_collectie-reifenkollektion","11":"pa_inch-20-de","12":"pa_kleur-schwarz","13":"pa_type-product-fahrrad-mit-schlauch","15":"first","16":"instock","17":"taxable","18":"shipping-taxable","19":"purchasable","20":"product-type-simple"},"yoast_head":"<!-- This site is optimized with the Yoast SEO plugin v27.1.1 - https:\/\/yoast.com\/product\/yoast-seo-wordpress\/ -->\n<title>URBAN PROOF Schlauch 45DEGREE VALVE - 20 x 4.00 - 1 St\u00fcck - Urban Proof<\/title>\n<meta name=\"robots\" content=\"index, follow, max-snippet:-1, max-image-preview:large, max-video-preview:-1\" \/>\n<link rel=\"canonical\" href=\"https:\/\/urbanproof.nl\/de\/product\/urban-proof-schlauch-45degree-valve-20-x-4-00-1-stueck\/\" \/>\n<meta property=\"og:locale\" content=\"de_DE\" \/>\n<meta property=\"og:type\" content=\"article\" \/>\n<meta property=\"og:title\" content=\"URBAN PROOF Schlauch 45DEGREE VALVE - 20 x 4.00 - 1 St\u00fcck - Urban Proof\" \/>\n<meta property=\"og:description\" content=\"- 20 x 4.00 Zoll - Einfache Montage - 45\u00b0 Grad Autoventil (Schr\u00e4der) - Geeignet f\u00fcr Fat Bike Reifen\" \/>\n<meta property=\"og:url\" content=\"https:\/\/urbanproof.nl\/de\/product\/urban-proof-schlauch-45degree-valve-20-x-4-00-1-stueck\/\" \/>\n<meta property=\"og:site_name\" content=\"Urban Proof\" \/>\n<meta property=\"article:modified_time\" content=\"2025-12-03T10:42:42+00:00\" \/>\n<meta property=\"og:image\" content=\"https:\/\/urbanproof.nl\/wp-content\/uploads\/2025\/06\/607AM-45D_1-1.jpg\" \/>\n\t<meta property=\"og:image:width\" content=\"2047\" \/>\n\t<meta property=\"og:image:height\" content=\"2047\" \/>\n\t<meta property=\"og:image:type\" content=\"image\/jpeg\" \/>\n<meta name=\"twitter:card\" content=\"summary_large_image\" \/>\n<script type=\"application\/ld+json\" class=\"yoast-schema-graph\">{\"@context\":\"https:\/\/schema.org\",\"@graph\":[{\"@type\":\"WebPage\",\"@id\":\"https:\/\/urbanproof.nl\/de\/product\/urban-proof-schlauch-45degree-valve-20-x-4-00-1-stueck\/\",\"url\":\"https:\/\/urbanproof.nl\/de\/product\/urban-proof-schlauch-45degree-valve-20-x-4-00-1-stueck\/\",\"name\":\"URBAN PROOF Schlauch 45DEGREE VALVE - 20 x 4.00 - 1 St\u00fcck - Urban Proof\",\"isPartOf\":{\"@id\":\"https:\/\/urbanproof.nl\/de\/#website\"},\"primaryImageOfPage\":{\"@id\":\"https:\/\/urbanproof.nl\/de\/product\/urban-proof-schlauch-45degree-valve-20-x-4-00-1-stueck\/#primaryimage\"},\"image\":{\"@id\":\"https:\/\/urbanproof.nl\/de\/product\/urban-proof-schlauch-45degree-valve-20-x-4-00-1-stueck\/#primaryimage\"},\"thumbnailUrl\":\"https:\/\/urbanproof.nl\/wp-content\/uploads\/2025\/06\/607AM-45D_1-1.jpg\",\"datePublished\":\"2025-06-02T13:56:42+00:00\",\"dateModified\":\"2025-12-03T10:42:42+00:00\",\"breadcrumb\":{\"@id\":\"https:\/\/urbanproof.nl\/de\/product\/urban-proof-schlauch-45degree-valve-20-x-4-00-1-stueck\/#breadcrumb\"},\"inLanguage\":\"de\",\"potentialAction\":[{\"@type\":\"ReadAction\",\"target\":[\"https:\/\/urbanproof.nl\/de\/product\/urban-proof-schlauch-45degree-valve-20-x-4-00-1-stueck\/\"]}]},{\"@type\":\"ImageObject\",\"inLanguage\":\"de\",\"@id\":\"https:\/\/urbanproof.nl\/de\/product\/urban-proof-schlauch-45degree-valve-20-x-4-00-1-stueck\/#primaryimage\",\"url\":\"https:\/\/urbanproof.nl\/wp-content\/uploads\/2025\/06\/607AM-45D_1-1.jpg\",\"contentUrl\":\"https:\/\/urbanproof.nl\/wp-content\/uploads\/2025\/06\/607AM-45D_1-1.jpg\",\"width\":2047,\"height\":2047},{\"@type\":\"BreadcrumbList\",\"@id\":\"https:\/\/urbanproof.nl\/de\/product\/urban-proof-schlauch-45degree-valve-20-x-4-00-1-stueck\/#breadcrumb\",\"itemListElement\":[{\"@type\":\"ListItem\",\"position\":1,\"name\":\"Startseite\",\"item\":\"https:\/\/urbanproof.nl\/de\/\"},{\"@type\":\"ListItem\",\"position\":2,\"name\":\"Produktpalette\",\"item\":\"https:\/\/urbanproof.nl\/de\/shop\/\"},{\"@type\":\"ListItem\",\"position\":3,\"name\":\"URBAN PROOF Schlauch 45DEGREE VALVE &#8211; 20 x 4.00 &#8211; 1 St\u00fcck\"}]},{\"@type\":\"WebSite\",\"@id\":\"https:\/\/urbanproof.nl\/de\/#website\",\"url\":\"https:\/\/urbanproof.nl\/de\/\",\"name\":\"Urban Proof\",\"description\":\"Sustainability in Motion\",\"publisher\":{\"@id\":\"https:\/\/urbanproof.nl\/de\/#organization\"},\"potentialAction\":[{\"@type\":\"SearchAction\",\"target\":{\"@type\":\"EntryPoint\",\"urlTemplate\":\"https:\/\/urbanproof.nl\/de\/?s={search_term_string}\"},\"query-input\":{\"@type\":\"PropertyValueSpecification\",\"valueRequired\":true,\"valueName\":\"search_term_string\"}}],\"inLanguage\":\"de\"},{\"@type\":\"Organization\",\"@id\":\"https:\/\/urbanproof.nl\/de\/#organization\",\"name\":\"Urban Proof\",\"url\":\"https:\/\/urbanproof.nl\/de\/\",\"logo\":{\"@type\":\"ImageObject\",\"inLanguage\":\"de\",\"@id\":\"https:\/\/urbanproof.nl\/de\/#\/schema\/logo\/image\/\",\"url\":\"https:\/\/urbanproof.nl\/wp-content\/uploads\/2025\/04\/UBP_Logo_2022_ZWART.svg\",\"contentUrl\":\"https:\/\/urbanproof.nl\/wp-content\/uploads\/2025\/04\/UBP_Logo_2022_ZWART.svg\",\"caption\":\"Urban Proof\"},\"image\":{\"@id\":\"https:\/\/urbanproof.nl\/de\/#\/schema\/logo\/image\/\"},\"sameAs\":[\"https:\/\/www.instagram.com\/urbanproof_sustainable\/\",\"https:\/\/www.linkedin.com\/company\/urban-proof\"]}]}<\/script>\n<!-- \/ Yoast SEO plugin. -->","yoast_head_json":{"title":"URBAN PROOF Schlauch 45DEGREE VALVE - 20 x 4.00 - 1 St\u00fcck - Urban Proof","robots":{"index":"index","follow":"follow","max-snippet":"max-snippet:-1","max-image-preview":"max-image-preview:large","max-video-preview":"max-video-preview:-1"},"canonical":"https:\/\/urbanproof.nl\/de\/product\/urban-proof-schlauch-45degree-valve-20-x-4-00-1-stueck\/","og_locale":"de_DE","og_type":"article","og_title":"URBAN PROOF Schlauch 45DEGREE VALVE - 20 x 4.00 - 1 St\u00fcck - Urban Proof","og_description":"- 20 x 4.00 Zoll - Einfache Montage - 45\u00b0 Grad Autoventil (Schr\u00e4der) - Geeignet f\u00fcr Fat Bike Reifen","og_url":"https:\/\/urbanproof.nl\/de\/product\/urban-proof-schlauch-45degree-valve-20-x-4-00-1-stueck\/","og_site_name":"Urban Proof","article_modified_time":"2025-12-03T10:42:42+00:00","og_image":[{"width":2047,"height":2047,"url":"https:\/\/urbanproof.nl\/wp-content\/uploads\/2025\/06\/607AM-45D_1-1.jpg","type":"image\/jpeg"}],"twitter_card":"summary_large_image","schema":{"@context":"https:\/\/schema.org","@graph":[{"@type":"WebPage","@id":"https:\/\/urbanproof.nl\/de\/product\/urban-proof-schlauch-45degree-valve-20-x-4-00-1-stueck\/","url":"https:\/\/urbanproof.nl\/de\/product\/urban-proof-schlauch-45degree-valve-20-x-4-00-1-stueck\/","name":"URBAN PROOF Schlauch 45DEGREE VALVE - 20 x 4.00 - 1 St\u00fcck - Urban Proof","isPartOf":{"@id":"https:\/\/urbanproof.nl\/de\/#website"},"primaryImageOfPage":{"@id":"https:\/\/urbanproof.nl\/de\/product\/urban-proof-schlauch-45degree-valve-20-x-4-00-1-stueck\/#primaryimage"},"image":{"@id":"https:\/\/urbanproof.nl\/de\/product\/urban-proof-schlauch-45degree-valve-20-x-4-00-1-stueck\/#primaryimage"},"thumbnailUrl":"https:\/\/urbanproof.nl\/wp-content\/uploads\/2025\/06\/607AM-45D_1-1.jpg","datePublished":"2025-06-02T13:56:42+00:00","dateModified":"2025-12-03T10:42:42+00:00","breadcrumb":{"@id":"https:\/\/urbanproof.nl\/de\/product\/urban-proof-schlauch-45degree-valve-20-x-4-00-1-stueck\/#breadcrumb"},"inLanguage":"de","potentialAction":[{"@type":"ReadAction","target":["https:\/\/urbanproof.nl\/de\/product\/urban-proof-schlauch-45degree-valve-20-x-4-00-1-stueck\/"]}]},{"@type":"ImageObject","inLanguage":"de","@id":"https:\/\/urbanproof.nl\/de\/product\/urban-proof-schlauch-45degree-valve-20-x-4-00-1-stueck\/#primaryimage","url":"https:\/\/urbanproof.nl\/wp-content\/uploads\/2025\/06\/607AM-45D_1-1.jpg","contentUrl":"https:\/\/urbanproof.nl\/wp-content\/uploads\/2025\/06\/607AM-45D_1-1.jpg","width":2047,"height":2047},{"@type":"BreadcrumbList","@id":"https:\/\/urbanproof.nl\/de\/product\/urban-proof-schlauch-45degree-valve-20-x-4-00-1-stueck\/#breadcrumb","itemListElement":[{"@type":"ListItem","position":1,"name":"Startseite","item":"https:\/\/urbanproof.nl\/de\/"},{"@type":"ListItem","position":2,"name":"Produktpalette","item":"https:\/\/urbanproof.nl\/de\/shop\/"},{"@type":"ListItem","position":3,"name":"URBAN PROOF Schlauch 45DEGREE VALVE &#8211; 20 x 4.00 &#8211; 1 St\u00fcck"}]},{"@type":"WebSite","@id":"https:\/\/urbanproof.nl\/de\/#website","url":"https:\/\/urbanproof.nl\/de\/","name":"Urban Proof","description":"Sustainability in Motion","publisher":{"@id":"https:\/\/urbanproof.nl\/de\/#organization"},"potentialAction":[{"@type":"SearchAction","target":{"@type":"EntryPoint","urlTemplate":"https:\/\/urbanproof.nl\/de\/?s={search_term_string}"},"query-input":{"@type":"PropertyValueSpecification","valueRequired":true,"valueName":"search_term_string"}}],"inLanguage":"de"},{"@type":"Organization","@id":"https:\/\/urbanproof.nl\/de\/#organization","name":"Urban Proof","url":"https:\/\/urbanproof.nl\/de\/","logo":{"@type":"ImageObject","inLanguage":"de","@id":"https:\/\/urbanproof.nl\/de\/#\/schema\/logo\/image\/","url":"https:\/\/urbanproof.nl\/wp-content\/uploads\/2025\/04\/UBP_Logo_2022_ZWART.svg","contentUrl":"https:\/\/urbanproof.nl\/wp-content\/uploads\/2025\/04\/UBP_Logo_2022_ZWART.svg","caption":"Urban Proof"},"image":{"@id":"https:\/\/urbanproof.nl\/de\/#\/schema\/logo\/image\/"},"sameAs":["https:\/\/www.instagram.com\/urbanproof_sustainable\/","https:\/\/www.linkedin.com\/company\/urban-proof"]}]}},"_links":{"self":[{"href":"https:\/\/urbanproof.nl\/de\/wp-json\/wp\/v2\/product\/7052","targetHints":{"allow":["GET"]}}],"collection":[{"href":"https:\/\/urbanproof.nl\/de\/wp-json\/wp\/v2\/product"}],"about":[{"href":"https:\/\/urbanproof.nl\/de\/wp-json\/wp\/v2\/types\/product"}],"version-history":[{"count":1,"href":"https:\/\/urbanproof.nl\/de\/wp-json\/wp\/v2\/product\/7052\/revisions"}],"predecessor-version":[{"id":7054,"href":"https:\/\/urbanproof.nl\/de\/wp-json\/wp\/v2\/product\/7052\/revisions\/7054"}],"wp:featuredmedia":[{"embeddable":true,"href":"https:\/\/urbanproof.nl\/de\/wp-json\/wp\/v2\/media\/4030"}],"wp:attachment":[{"href":"https:\/\/urbanproof.nl\/de\/wp-json\/wp\/v2\/media?parent=7052"}],"wp:term":[{"taxonomy":"product_brand","embeddable":true,"href":"https:\/\/urbanproof.nl\/de\/wp-json\/wp\/v2\/product_brand?post=7052"},{"taxonomy":"product_cat","embeddable":true,"href":"https:\/\/urbanproof.nl\/de\/wp-json\/wp\/v2\/product_cat?post=7052"},{"taxonomy":"product_tag","embeddable":true,"href":"https:\/\/urbanproof.nl\/de\/wp-json\/wp\/v2\/product_tag?post=7052"}],"curies":[{"name":"wp","href":"https:\/\/api.w.org\/{rel}","templated":true}]}}