{"id":3030,"date":"2025-04-14T15:47:44","date_gmt":"2025-04-14T13:47:44","guid":{"rendered":"https:\/\/urbanproof.nl\/assortiment\/unkategorisiert\/urban-proof-code-kettenschloss-8mm-x-100cm-schwarz\/"},"modified":"2025-12-03T12:47:02","modified_gmt":"2025-12-03T10:47:02","slug":"urban-proof-code-kettenschloss-8mm-x-100cm-schwarz","status":"publish","type":"product","link":"https:\/\/urbanproof.nl\/de\/product\/urban-proof-code-kettenschloss-8mm-x-100cm-schwarz\/","title":{"rendered":"URBAN PROOF Code Kettenschloss 8mm x 100cm"},"content":{"rendered":"<p>Wer braucht heutzutage noch Schl\u00fcssel? Sie nicht! Mit diesem praktischen Schloss ben\u00f6tigen Sie nur einen 5-stelligen Code. Machen Sie sich keine Sorgen mehr \u00fcber verlorene Schl\u00fcssel. Hergestellt aus geh\u00e4rtetem Stahl mit einer St\u00e4rke von 8 mm und 100 cm L\u00e4nge. Ideal, um Ihr Fahrrad an einem Pfosten oder Zaun zu befestigen.     <\/p>\n<p>Der Bezug ist aus recycelten PET-Flaschen in einem k\u00fchlen Schwarz gefertigt.<\/p>\n<p>Niemand nimmt Ihr Fahrrad mit, es kann sicher im Schuppen untergebracht werden.<\/p>\n","protected":false},"excerpt":{"rendered":"<p>  &#8211; 100cm lang<br \/>\n &#8211; H\u00fclle aus 100% recyceltem PET-Material<br \/>\n &#8211; Einfach zu bedienen ohne Schl\u00fcssel<\/p>\n","protected":false},"featured_media":5363,"template":"","meta":[],"product_brand":[],"product_cat":[469,467],"product_tag":[651],"class_list":{"0":"post-3030","1":"product","2":"type-product","3":"status-publish","4":"has-post-thumbnail","6":"product_cat-fahrradschlosser","7":"product_cat-zubehor-fur-fahrrader","8":"product_tag-schlosser","9":"pa_afmetinglbh-100cm-x-8mm-de","10":"pa_collectie-schlosser-kollektion","11":"pa_gewicht-1150-gramm","12":"pa_kleur-schwarz","13":"pa_materiaal-recyceltes-pet-rpet","14":"pa_materiaal-stahl","15":"pa_reflectie-nein","16":"pa_type-product-fahrradschloss","18":"first","19":"instock","20":"taxable","21":"shipping-taxable","22":"purchasable","23":"product-type-simple"},"yoast_head":"<!-- This site is optimized with the Yoast SEO plugin v27.1.1 - https:\/\/yoast.com\/product\/yoast-seo-wordpress\/ -->\n<title>URBAN PROOF Code Kettenschloss 8mm x 100cm - Urban Proof<\/title>\n<meta name=\"robots\" content=\"index, follow, max-snippet:-1, max-image-preview:large, max-video-preview:-1\" \/>\n<link rel=\"canonical\" href=\"https:\/\/urbanproof.nl\/de\/product\/urban-proof-code-kettenschloss-8mm-x-100cm-schwarz\/\" \/>\n<meta property=\"og:locale\" content=\"de_DE\" \/>\n<meta property=\"og:type\" content=\"article\" \/>\n<meta property=\"og:title\" content=\"URBAN PROOF Code Kettenschloss 8mm x 100cm - Urban Proof\" \/>\n<meta property=\"og:description\" content=\"- 100cm lang  - H\u00fclle aus 100% recyceltem PET-Material - Einfach zu bedienen ohne Schl\u00fcssel\" \/>\n<meta property=\"og:url\" content=\"https:\/\/urbanproof.nl\/de\/product\/urban-proof-code-kettenschloss-8mm-x-100cm-schwarz\/\" \/>\n<meta property=\"og:site_name\" content=\"Urban Proof\" \/>\n<meta property=\"article:modified_time\" content=\"2025-12-03T10:47:02+00:00\" \/>\n<meta property=\"og:image\" content=\"https:\/\/urbanproof.nl\/wp-content\/uploads\/2025\/04\/400599UP_1.jpg\" \/>\n\t<meta property=\"og:image:width\" content=\"2047\" \/>\n\t<meta property=\"og:image:height\" content=\"2047\" \/>\n\t<meta property=\"og:image:type\" content=\"image\/jpeg\" \/>\n<meta name=\"twitter:card\" content=\"summary_large_image\" \/>\n<script type=\"application\/ld+json\" class=\"yoast-schema-graph\">{\"@context\":\"https:\/\/schema.org\",\"@graph\":[{\"@type\":\"WebPage\",\"@id\":\"https:\/\/urbanproof.nl\/de\/product\/urban-proof-code-kettenschloss-8mm-x-100cm-schwarz\/\",\"url\":\"https:\/\/urbanproof.nl\/de\/product\/urban-proof-code-kettenschloss-8mm-x-100cm-schwarz\/\",\"name\":\"URBAN PROOF Code Kettenschloss 8mm x 100cm - Urban Proof\",\"isPartOf\":{\"@id\":\"https:\/\/urbanproof.nl\/de\/#website\"},\"primaryImageOfPage\":{\"@id\":\"https:\/\/urbanproof.nl\/de\/product\/urban-proof-code-kettenschloss-8mm-x-100cm-schwarz\/#primaryimage\"},\"image\":{\"@id\":\"https:\/\/urbanproof.nl\/de\/product\/urban-proof-code-kettenschloss-8mm-x-100cm-schwarz\/#primaryimage\"},\"thumbnailUrl\":\"https:\/\/urbanproof.nl\/wp-content\/uploads\/2025\/04\/400599UP_1.jpg\",\"datePublished\":\"2025-04-14T13:47:44+00:00\",\"dateModified\":\"2025-12-03T10:47:02+00:00\",\"breadcrumb\":{\"@id\":\"https:\/\/urbanproof.nl\/de\/product\/urban-proof-code-kettenschloss-8mm-x-100cm-schwarz\/#breadcrumb\"},\"inLanguage\":\"de\",\"potentialAction\":[{\"@type\":\"ReadAction\",\"target\":[\"https:\/\/urbanproof.nl\/de\/product\/urban-proof-code-kettenschloss-8mm-x-100cm-schwarz\/\"]}]},{\"@type\":\"ImageObject\",\"inLanguage\":\"de\",\"@id\":\"https:\/\/urbanproof.nl\/de\/product\/urban-proof-code-kettenschloss-8mm-x-100cm-schwarz\/#primaryimage\",\"url\":\"https:\/\/urbanproof.nl\/wp-content\/uploads\/2025\/04\/400599UP_1.jpg\",\"contentUrl\":\"https:\/\/urbanproof.nl\/wp-content\/uploads\/2025\/04\/400599UP_1.jpg\",\"width\":2047,\"height\":2047},{\"@type\":\"BreadcrumbList\",\"@id\":\"https:\/\/urbanproof.nl\/de\/product\/urban-proof-code-kettenschloss-8mm-x-100cm-schwarz\/#breadcrumb\",\"itemListElement\":[{\"@type\":\"ListItem\",\"position\":1,\"name\":\"Startseite\",\"item\":\"https:\/\/urbanproof.nl\/de\/\"},{\"@type\":\"ListItem\",\"position\":2,\"name\":\"Produktpalette\",\"item\":\"https:\/\/urbanproof.nl\/de\/shop\/\"},{\"@type\":\"ListItem\",\"position\":3,\"name\":\"URBAN PROOF Code Kettenschloss 8mm x 100cm\"}]},{\"@type\":\"WebSite\",\"@id\":\"https:\/\/urbanproof.nl\/de\/#website\",\"url\":\"https:\/\/urbanproof.nl\/de\/\",\"name\":\"Urban Proof\",\"description\":\"Sustainability in Motion\",\"publisher\":{\"@id\":\"https:\/\/urbanproof.nl\/de\/#organization\"},\"potentialAction\":[{\"@type\":\"SearchAction\",\"target\":{\"@type\":\"EntryPoint\",\"urlTemplate\":\"https:\/\/urbanproof.nl\/de\/?s={search_term_string}\"},\"query-input\":{\"@type\":\"PropertyValueSpecification\",\"valueRequired\":true,\"valueName\":\"search_term_string\"}}],\"inLanguage\":\"de\"},{\"@type\":\"Organization\",\"@id\":\"https:\/\/urbanproof.nl\/de\/#organization\",\"name\":\"Urban Proof\",\"url\":\"https:\/\/urbanproof.nl\/de\/\",\"logo\":{\"@type\":\"ImageObject\",\"inLanguage\":\"de\",\"@id\":\"https:\/\/urbanproof.nl\/de\/#\/schema\/logo\/image\/\",\"url\":\"https:\/\/urbanproof.nl\/wp-content\/uploads\/2025\/04\/UBP_Logo_2022_ZWART.svg\",\"contentUrl\":\"https:\/\/urbanproof.nl\/wp-content\/uploads\/2025\/04\/UBP_Logo_2022_ZWART.svg\",\"caption\":\"Urban Proof\"},\"image\":{\"@id\":\"https:\/\/urbanproof.nl\/de\/#\/schema\/logo\/image\/\"},\"sameAs\":[\"https:\/\/www.instagram.com\/urbanproof_sustainable\/\",\"https:\/\/www.linkedin.com\/company\/urban-proof\"]}]}<\/script>\n<!-- \/ Yoast SEO plugin. -->","yoast_head_json":{"title":"URBAN PROOF Code Kettenschloss 8mm x 100cm - Urban Proof","robots":{"index":"index","follow":"follow","max-snippet":"max-snippet:-1","max-image-preview":"max-image-preview:large","max-video-preview":"max-video-preview:-1"},"canonical":"https:\/\/urbanproof.nl\/de\/product\/urban-proof-code-kettenschloss-8mm-x-100cm-schwarz\/","og_locale":"de_DE","og_type":"article","og_title":"URBAN PROOF Code Kettenschloss 8mm x 100cm - Urban Proof","og_description":"- 100cm lang  - H\u00fclle aus 100% recyceltem PET-Material - Einfach zu bedienen ohne Schl\u00fcssel","og_url":"https:\/\/urbanproof.nl\/de\/product\/urban-proof-code-kettenschloss-8mm-x-100cm-schwarz\/","og_site_name":"Urban Proof","article_modified_time":"2025-12-03T10:47:02+00:00","og_image":[{"width":2047,"height":2047,"url":"https:\/\/urbanproof.nl\/wp-content\/uploads\/2025\/04\/400599UP_1.jpg","type":"image\/jpeg"}],"twitter_card":"summary_large_image","schema":{"@context":"https:\/\/schema.org","@graph":[{"@type":"WebPage","@id":"https:\/\/urbanproof.nl\/de\/product\/urban-proof-code-kettenschloss-8mm-x-100cm-schwarz\/","url":"https:\/\/urbanproof.nl\/de\/product\/urban-proof-code-kettenschloss-8mm-x-100cm-schwarz\/","name":"URBAN PROOF Code Kettenschloss 8mm x 100cm - Urban Proof","isPartOf":{"@id":"https:\/\/urbanproof.nl\/de\/#website"},"primaryImageOfPage":{"@id":"https:\/\/urbanproof.nl\/de\/product\/urban-proof-code-kettenschloss-8mm-x-100cm-schwarz\/#primaryimage"},"image":{"@id":"https:\/\/urbanproof.nl\/de\/product\/urban-proof-code-kettenschloss-8mm-x-100cm-schwarz\/#primaryimage"},"thumbnailUrl":"https:\/\/urbanproof.nl\/wp-content\/uploads\/2025\/04\/400599UP_1.jpg","datePublished":"2025-04-14T13:47:44+00:00","dateModified":"2025-12-03T10:47:02+00:00","breadcrumb":{"@id":"https:\/\/urbanproof.nl\/de\/product\/urban-proof-code-kettenschloss-8mm-x-100cm-schwarz\/#breadcrumb"},"inLanguage":"de","potentialAction":[{"@type":"ReadAction","target":["https:\/\/urbanproof.nl\/de\/product\/urban-proof-code-kettenschloss-8mm-x-100cm-schwarz\/"]}]},{"@type":"ImageObject","inLanguage":"de","@id":"https:\/\/urbanproof.nl\/de\/product\/urban-proof-code-kettenschloss-8mm-x-100cm-schwarz\/#primaryimage","url":"https:\/\/urbanproof.nl\/wp-content\/uploads\/2025\/04\/400599UP_1.jpg","contentUrl":"https:\/\/urbanproof.nl\/wp-content\/uploads\/2025\/04\/400599UP_1.jpg","width":2047,"height":2047},{"@type":"BreadcrumbList","@id":"https:\/\/urbanproof.nl\/de\/product\/urban-proof-code-kettenschloss-8mm-x-100cm-schwarz\/#breadcrumb","itemListElement":[{"@type":"ListItem","position":1,"name":"Startseite","item":"https:\/\/urbanproof.nl\/de\/"},{"@type":"ListItem","position":2,"name":"Produktpalette","item":"https:\/\/urbanproof.nl\/de\/shop\/"},{"@type":"ListItem","position":3,"name":"URBAN PROOF Code Kettenschloss 8mm x 100cm"}]},{"@type":"WebSite","@id":"https:\/\/urbanproof.nl\/de\/#website","url":"https:\/\/urbanproof.nl\/de\/","name":"Urban Proof","description":"Sustainability in Motion","publisher":{"@id":"https:\/\/urbanproof.nl\/de\/#organization"},"potentialAction":[{"@type":"SearchAction","target":{"@type":"EntryPoint","urlTemplate":"https:\/\/urbanproof.nl\/de\/?s={search_term_string}"},"query-input":{"@type":"PropertyValueSpecification","valueRequired":true,"valueName":"search_term_string"}}],"inLanguage":"de"},{"@type":"Organization","@id":"https:\/\/urbanproof.nl\/de\/#organization","name":"Urban Proof","url":"https:\/\/urbanproof.nl\/de\/","logo":{"@type":"ImageObject","inLanguage":"de","@id":"https:\/\/urbanproof.nl\/de\/#\/schema\/logo\/image\/","url":"https:\/\/urbanproof.nl\/wp-content\/uploads\/2025\/04\/UBP_Logo_2022_ZWART.svg","contentUrl":"https:\/\/urbanproof.nl\/wp-content\/uploads\/2025\/04\/UBP_Logo_2022_ZWART.svg","caption":"Urban Proof"},"image":{"@id":"https:\/\/urbanproof.nl\/de\/#\/schema\/logo\/image\/"},"sameAs":["https:\/\/www.instagram.com\/urbanproof_sustainable\/","https:\/\/www.linkedin.com\/company\/urban-proof"]}]}},"_links":{"self":[{"href":"https:\/\/urbanproof.nl\/de\/wp-json\/wp\/v2\/product\/3030","targetHints":{"allow":["GET"]}}],"collection":[{"href":"https:\/\/urbanproof.nl\/de\/wp-json\/wp\/v2\/product"}],"about":[{"href":"https:\/\/urbanproof.nl\/de\/wp-json\/wp\/v2\/types\/product"}],"version-history":[{"count":1,"href":"https:\/\/urbanproof.nl\/de\/wp-json\/wp\/v2\/product\/3030\/revisions"}],"predecessor-version":[{"id":7105,"href":"https:\/\/urbanproof.nl\/de\/wp-json\/wp\/v2\/product\/3030\/revisions\/7105"}],"wp:featuredmedia":[{"embeddable":true,"href":"https:\/\/urbanproof.nl\/de\/wp-json\/wp\/v2\/media\/5363"}],"wp:attachment":[{"href":"https:\/\/urbanproof.nl\/de\/wp-json\/wp\/v2\/media?parent=3030"}],"wp:term":[{"taxonomy":"product_brand","embeddable":true,"href":"https:\/\/urbanproof.nl\/de\/wp-json\/wp\/v2\/product_brand?post=3030"},{"taxonomy":"product_cat","embeddable":true,"href":"https:\/\/urbanproof.nl\/de\/wp-json\/wp\/v2\/product_cat?post=3030"},{"taxonomy":"product_tag","embeddable":true,"href":"https:\/\/urbanproof.nl\/de\/wp-json\/wp\/v2\/product_tag?post=3030"}],"curies":[{"name":"wp","href":"https:\/\/api.w.org\/{rel}","templated":true}]}}