{"id":3022,"date":"2025-04-14T15:47:39","date_gmt":"2025-04-14T13:47:39","guid":{"rendered":"https:\/\/urbanproof.nl\/assortiment\/unkategorisiert\/urban-proof-recycelte-fahrradtasche-shopper-20l-gelb\/"},"modified":"2025-12-03T12:46:48","modified_gmt":"2025-12-03T10:46:48","slug":"urban-proof-recycelte-fahrradtasche-shopper-20l-gelb","status":"publish","type":"product","link":"https:\/\/urbanproof.nl\/de\/product\/urban-proof-recycelte-fahrradtasche-shopper-20l-gelb\/","title":{"rendered":"URBAN PROOF Recycelte Fahrradtasche Shopper 20L"},"content":{"rendered":"<p>Es ist Zeit f\u00fcr ein Upgrade auf den modernen The Recycled Shopper! Diese moderne Umh\u00e4ngetasche l\u00e4sst sich auf verschiedene Weise tragen und kann auch an Ihrem Fahrrad befestigt werden. Verwenden Sie den langen Riemen, um die H\u00e4nde frei zu haben, oder halten Sie sie mit den kurzen Riemen kurz. Mit der Rei\u00dfverschlusstasche auf der Vorderseite und dem h\u00fcbschen kleinen Staufach auf der Innenseite gehen Ihre kleinen Gegenst\u00e4nde nie wieder verloren. Wussten Sie, dass wir f\u00fcr die Herstellung dieser Tasche 47 recycelte Flaschen verwendet haben? Dieses Material ist wetterfest und strapazierf\u00e4hig, bereit, Sie durch den Tag zu begleiten.     <\/p>\n","protected":false},"excerpt":{"rendered":"<p>  &#8211; Fahrradhaken<br \/>\n &#8211; Geeignet f\u00fcr E-Bike<br \/>\n &#8211; Wasserabweisend<br \/>\n &#8211; Fronttasche mit Rei\u00dfverschluss<br \/>\n &#8211; Separater Schulterkick<br \/>\n &#8211; Innentasche<\/p>\n","protected":false},"featured_media":5340,"template":"","meta":[],"product_brand":[],"product_cat":[508,507],"product_tag":[758],"class_list":{"0":"post-3022","1":"product","2":"type-product","3":"status-publish","4":"has-post-thumbnail","6":"product_cat-einzelne-gepacktaschen","7":"product_cat-rucksacke","8":"product_tag-recycelte-einkaufer","9":"pa_afmetinglbh-42cm-x-13cm-x-50cm-de","10":"pa_collectie-recycelte-sammlung","11":"pa_gewicht-837-gramm","12":"pa_inhoud-20-liter-de","13":"pa_kleur-gelb","14":"pa_kleur-grau","15":"pa_materiaal-recyceltes-pet-rpet-1200d","16":"pa_reflectie-nein","17":"pa_type-product-einzelne-gepacktragertasche","18":"pa_volume-20l-de","19":"pa_waterbestendig-ja-de","21":"first","22":"instock","23":"taxable","24":"shipping-taxable","25":"purchasable","26":"product-type-simple"},"yoast_head":"<!-- This site is optimized with the Yoast SEO plugin v27.1.1 - https:\/\/yoast.com\/product\/yoast-seo-wordpress\/ -->\n<title>URBAN PROOF Recycelte Fahrradtasche Shopper 20L - Urban Proof<\/title>\n<meta name=\"robots\" content=\"index, follow, max-snippet:-1, max-image-preview:large, max-video-preview:-1\" \/>\n<link rel=\"canonical\" href=\"https:\/\/urbanproof.nl\/de\/product\/urban-proof-recycelte-fahrradtasche-shopper-20l-gelb\/\" \/>\n<meta property=\"og:locale\" content=\"de_DE\" \/>\n<meta property=\"og:type\" content=\"article\" \/>\n<meta property=\"og:title\" content=\"URBAN PROOF Recycelte Fahrradtasche Shopper 20L - Urban Proof\" \/>\n<meta property=\"og:description\" content=\"- Fahrradhaken - Geeignet f\u00fcr E-Bike - Wasserabweisend - Fronttasche mit Rei\u00dfverschluss - Separater Schulterkick - Innentasche\" \/>\n<meta property=\"og:url\" content=\"https:\/\/urbanproof.nl\/de\/product\/urban-proof-recycelte-fahrradtasche-shopper-20l-gelb\/\" \/>\n<meta property=\"og:site_name\" content=\"Urban Proof\" \/>\n<meta property=\"article:modified_time\" content=\"2025-12-03T10:46:48+00:00\" \/>\n<meta property=\"og:image\" content=\"https:\/\/urbanproof.nl\/wp-content\/uploads\/2025\/04\/400583UP_1.jpg\" \/>\n\t<meta property=\"og:image:width\" content=\"2047\" \/>\n\t<meta property=\"og:image:height\" content=\"2047\" \/>\n\t<meta property=\"og:image:type\" content=\"image\/jpeg\" \/>\n<meta name=\"twitter:card\" content=\"summary_large_image\" \/>\n<meta name=\"twitter:label1\" content=\"Gesch\u00e4tzte Lesezeit\" \/>\n\t<meta name=\"twitter:data1\" content=\"1\u00a0Minute\" \/>\n<script type=\"application\/ld+json\" class=\"yoast-schema-graph\">{\"@context\":\"https:\/\/schema.org\",\"@graph\":[{\"@type\":\"WebPage\",\"@id\":\"https:\/\/urbanproof.nl\/de\/product\/urban-proof-recycelte-fahrradtasche-shopper-20l-gelb\/\",\"url\":\"https:\/\/urbanproof.nl\/de\/product\/urban-proof-recycelte-fahrradtasche-shopper-20l-gelb\/\",\"name\":\"URBAN PROOF Recycelte Fahrradtasche Shopper 20L - Urban Proof\",\"isPartOf\":{\"@id\":\"https:\/\/urbanproof.nl\/de\/#website\"},\"primaryImageOfPage\":{\"@id\":\"https:\/\/urbanproof.nl\/de\/product\/urban-proof-recycelte-fahrradtasche-shopper-20l-gelb\/#primaryimage\"},\"image\":{\"@id\":\"https:\/\/urbanproof.nl\/de\/product\/urban-proof-recycelte-fahrradtasche-shopper-20l-gelb\/#primaryimage\"},\"thumbnailUrl\":\"https:\/\/urbanproof.nl\/wp-content\/uploads\/2025\/04\/400583UP_1.jpg\",\"datePublished\":\"2025-04-14T13:47:39+00:00\",\"dateModified\":\"2025-12-03T10:46:48+00:00\",\"breadcrumb\":{\"@id\":\"https:\/\/urbanproof.nl\/de\/product\/urban-proof-recycelte-fahrradtasche-shopper-20l-gelb\/#breadcrumb\"},\"inLanguage\":\"de\",\"potentialAction\":[{\"@type\":\"ReadAction\",\"target\":[\"https:\/\/urbanproof.nl\/de\/product\/urban-proof-recycelte-fahrradtasche-shopper-20l-gelb\/\"]}]},{\"@type\":\"ImageObject\",\"inLanguage\":\"de\",\"@id\":\"https:\/\/urbanproof.nl\/de\/product\/urban-proof-recycelte-fahrradtasche-shopper-20l-gelb\/#primaryimage\",\"url\":\"https:\/\/urbanproof.nl\/wp-content\/uploads\/2025\/04\/400583UP_1.jpg\",\"contentUrl\":\"https:\/\/urbanproof.nl\/wp-content\/uploads\/2025\/04\/400583UP_1.jpg\",\"width\":2047,\"height\":2047},{\"@type\":\"BreadcrumbList\",\"@id\":\"https:\/\/urbanproof.nl\/de\/product\/urban-proof-recycelte-fahrradtasche-shopper-20l-gelb\/#breadcrumb\",\"itemListElement\":[{\"@type\":\"ListItem\",\"position\":1,\"name\":\"Startseite\",\"item\":\"https:\/\/urbanproof.nl\/de\/\"},{\"@type\":\"ListItem\",\"position\":2,\"name\":\"Produktpalette\",\"item\":\"https:\/\/urbanproof.nl\/de\/shop\/\"},{\"@type\":\"ListItem\",\"position\":3,\"name\":\"URBAN PROOF Recycelte Fahrradtasche Shopper 20L\"}]},{\"@type\":\"WebSite\",\"@id\":\"https:\/\/urbanproof.nl\/de\/#website\",\"url\":\"https:\/\/urbanproof.nl\/de\/\",\"name\":\"Urban Proof\",\"description\":\"Sustainability in Motion\",\"publisher\":{\"@id\":\"https:\/\/urbanproof.nl\/de\/#organization\"},\"potentialAction\":[{\"@type\":\"SearchAction\",\"target\":{\"@type\":\"EntryPoint\",\"urlTemplate\":\"https:\/\/urbanproof.nl\/de\/?s={search_term_string}\"},\"query-input\":{\"@type\":\"PropertyValueSpecification\",\"valueRequired\":true,\"valueName\":\"search_term_string\"}}],\"inLanguage\":\"de\"},{\"@type\":\"Organization\",\"@id\":\"https:\/\/urbanproof.nl\/de\/#organization\",\"name\":\"Urban Proof\",\"url\":\"https:\/\/urbanproof.nl\/de\/\",\"logo\":{\"@type\":\"ImageObject\",\"inLanguage\":\"de\",\"@id\":\"https:\/\/urbanproof.nl\/de\/#\/schema\/logo\/image\/\",\"url\":\"https:\/\/urbanproof.nl\/wp-content\/uploads\/2025\/04\/UBP_Logo_2022_ZWART.svg\",\"contentUrl\":\"https:\/\/urbanproof.nl\/wp-content\/uploads\/2025\/04\/UBP_Logo_2022_ZWART.svg\",\"caption\":\"Urban Proof\"},\"image\":{\"@id\":\"https:\/\/urbanproof.nl\/de\/#\/schema\/logo\/image\/\"},\"sameAs\":[\"https:\/\/www.instagram.com\/urbanproof_sustainable\/\",\"https:\/\/www.linkedin.com\/company\/urban-proof\"]}]}<\/script>\n<!-- \/ Yoast SEO plugin. -->","yoast_head_json":{"title":"URBAN PROOF Recycelte Fahrradtasche Shopper 20L - Urban Proof","robots":{"index":"index","follow":"follow","max-snippet":"max-snippet:-1","max-image-preview":"max-image-preview:large","max-video-preview":"max-video-preview:-1"},"canonical":"https:\/\/urbanproof.nl\/de\/product\/urban-proof-recycelte-fahrradtasche-shopper-20l-gelb\/","og_locale":"de_DE","og_type":"article","og_title":"URBAN PROOF Recycelte Fahrradtasche Shopper 20L - Urban Proof","og_description":"- Fahrradhaken - Geeignet f\u00fcr E-Bike - Wasserabweisend - Fronttasche mit Rei\u00dfverschluss - Separater Schulterkick - Innentasche","og_url":"https:\/\/urbanproof.nl\/de\/product\/urban-proof-recycelte-fahrradtasche-shopper-20l-gelb\/","og_site_name":"Urban Proof","article_modified_time":"2025-12-03T10:46:48+00:00","og_image":[{"width":2047,"height":2047,"url":"https:\/\/urbanproof.nl\/wp-content\/uploads\/2025\/04\/400583UP_1.jpg","type":"image\/jpeg"}],"twitter_card":"summary_large_image","twitter_misc":{"Gesch\u00e4tzte Lesezeit":"1\u00a0Minute"},"schema":{"@context":"https:\/\/schema.org","@graph":[{"@type":"WebPage","@id":"https:\/\/urbanproof.nl\/de\/product\/urban-proof-recycelte-fahrradtasche-shopper-20l-gelb\/","url":"https:\/\/urbanproof.nl\/de\/product\/urban-proof-recycelte-fahrradtasche-shopper-20l-gelb\/","name":"URBAN PROOF Recycelte Fahrradtasche Shopper 20L - Urban Proof","isPartOf":{"@id":"https:\/\/urbanproof.nl\/de\/#website"},"primaryImageOfPage":{"@id":"https:\/\/urbanproof.nl\/de\/product\/urban-proof-recycelte-fahrradtasche-shopper-20l-gelb\/#primaryimage"},"image":{"@id":"https:\/\/urbanproof.nl\/de\/product\/urban-proof-recycelte-fahrradtasche-shopper-20l-gelb\/#primaryimage"},"thumbnailUrl":"https:\/\/urbanproof.nl\/wp-content\/uploads\/2025\/04\/400583UP_1.jpg","datePublished":"2025-04-14T13:47:39+00:00","dateModified":"2025-12-03T10:46:48+00:00","breadcrumb":{"@id":"https:\/\/urbanproof.nl\/de\/product\/urban-proof-recycelte-fahrradtasche-shopper-20l-gelb\/#breadcrumb"},"inLanguage":"de","potentialAction":[{"@type":"ReadAction","target":["https:\/\/urbanproof.nl\/de\/product\/urban-proof-recycelte-fahrradtasche-shopper-20l-gelb\/"]}]},{"@type":"ImageObject","inLanguage":"de","@id":"https:\/\/urbanproof.nl\/de\/product\/urban-proof-recycelte-fahrradtasche-shopper-20l-gelb\/#primaryimage","url":"https:\/\/urbanproof.nl\/wp-content\/uploads\/2025\/04\/400583UP_1.jpg","contentUrl":"https:\/\/urbanproof.nl\/wp-content\/uploads\/2025\/04\/400583UP_1.jpg","width":2047,"height":2047},{"@type":"BreadcrumbList","@id":"https:\/\/urbanproof.nl\/de\/product\/urban-proof-recycelte-fahrradtasche-shopper-20l-gelb\/#breadcrumb","itemListElement":[{"@type":"ListItem","position":1,"name":"Startseite","item":"https:\/\/urbanproof.nl\/de\/"},{"@type":"ListItem","position":2,"name":"Produktpalette","item":"https:\/\/urbanproof.nl\/de\/shop\/"},{"@type":"ListItem","position":3,"name":"URBAN PROOF Recycelte Fahrradtasche Shopper 20L"}]},{"@type":"WebSite","@id":"https:\/\/urbanproof.nl\/de\/#website","url":"https:\/\/urbanproof.nl\/de\/","name":"Urban Proof","description":"Sustainability in Motion","publisher":{"@id":"https:\/\/urbanproof.nl\/de\/#organization"},"potentialAction":[{"@type":"SearchAction","target":{"@type":"EntryPoint","urlTemplate":"https:\/\/urbanproof.nl\/de\/?s={search_term_string}"},"query-input":{"@type":"PropertyValueSpecification","valueRequired":true,"valueName":"search_term_string"}}],"inLanguage":"de"},{"@type":"Organization","@id":"https:\/\/urbanproof.nl\/de\/#organization","name":"Urban Proof","url":"https:\/\/urbanproof.nl\/de\/","logo":{"@type":"ImageObject","inLanguage":"de","@id":"https:\/\/urbanproof.nl\/de\/#\/schema\/logo\/image\/","url":"https:\/\/urbanproof.nl\/wp-content\/uploads\/2025\/04\/UBP_Logo_2022_ZWART.svg","contentUrl":"https:\/\/urbanproof.nl\/wp-content\/uploads\/2025\/04\/UBP_Logo_2022_ZWART.svg","caption":"Urban Proof"},"image":{"@id":"https:\/\/urbanproof.nl\/de\/#\/schema\/logo\/image\/"},"sameAs":["https:\/\/www.instagram.com\/urbanproof_sustainable\/","https:\/\/www.linkedin.com\/company\/urban-proof"]}]}},"_links":{"self":[{"href":"https:\/\/urbanproof.nl\/de\/wp-json\/wp\/v2\/product\/3022","targetHints":{"allow":["GET"]}}],"collection":[{"href":"https:\/\/urbanproof.nl\/de\/wp-json\/wp\/v2\/product"}],"about":[{"href":"https:\/\/urbanproof.nl\/de\/wp-json\/wp\/v2\/types\/product"}],"version-history":[{"count":1,"href":"https:\/\/urbanproof.nl\/de\/wp-json\/wp\/v2\/product\/3022\/revisions"}],"predecessor-version":[{"id":7103,"href":"https:\/\/urbanproof.nl\/de\/wp-json\/wp\/v2\/product\/3022\/revisions\/7103"}],"wp:featuredmedia":[{"embeddable":true,"href":"https:\/\/urbanproof.nl\/de\/wp-json\/wp\/v2\/media\/5340"}],"wp:attachment":[{"href":"https:\/\/urbanproof.nl\/de\/wp-json\/wp\/v2\/media?parent=3022"}],"wp:term":[{"taxonomy":"product_brand","embeddable":true,"href":"https:\/\/urbanproof.nl\/de\/wp-json\/wp\/v2\/product_brand?post=3022"},{"taxonomy":"product_cat","embeddable":true,"href":"https:\/\/urbanproof.nl\/de\/wp-json\/wp\/v2\/product_cat?post=3022"},{"taxonomy":"product_tag","embeddable":true,"href":"https:\/\/urbanproof.nl\/de\/wp-json\/wp\/v2\/product_tag?post=3022"}],"curies":[{"name":"wp","href":"https:\/\/api.w.org\/{rel}","templated":true}]}}