{"id":3011,"date":"2025-04-14T15:48:03","date_gmt":"2025-04-14T13:48:03","guid":{"rendered":"https:\/\/urbanproof.nl\/assortiment\/unkategorisiert\/urban-proof-double-rolltop-fahrradtasche-gruen\/"},"modified":"2025-12-03T12:41:21","modified_gmt":"2025-12-03T10:41:21","slug":"urban-proof-double-rolltop-fahrradtasche-gruen","status":"publish","type":"product","link":"https:\/\/urbanproof.nl\/de\/product\/urban-proof-double-rolltop-fahrradtasche-gruen\/","title":{"rendered":"URBAN PROOF Doppelte Fahrradtasche mit Rolltop"},"content":{"rendered":"<p>Die Double Rolltop Tasche ist die perfekte Mischung aus schlankem und modernem Design, mit einem praktischen Rollverschluss, der mit einer Schnalle befestigt wird. Befestigen Sie diese Tasche m\u00fchelos an Ihrem Fahrrad und lassen Sie sich nicht l\u00e4nger durch das Gewicht Ihrer Ausr\u00fcstung die Fahrt vermiesen. <\/p>\n<p>Dank der Fahrradtasche mit Rolltop haben Sie immer gen\u00fcgend Flexibilit\u00e4t in Bezug auf das Volumen, w\u00e4hrend Sie Ihre Sachen sicher und gesch\u00fctzt aufbewahren.<\/p>\n<p>Diese Tasche ist f\u00fcr den engagierten Pendler gemacht, der Platz und sch\u00f6nes Design liebt, aber auch auf unseren Planeten achtet. Denn sie ist aus nicht weniger als 62 recycelten 500ML PET-Flaschen hergestellt. Entscheiden Sie sich f\u00fcr diese ausgefallene Tasche und setzen Sie ein Zeichen!  <\/p>\n","protected":false},"excerpt":{"rendered":"<p>  &#8211; Geeignet f\u00fcr E-Bikes<br \/>\n &#8211; Universelles Gep\u00e4cktr\u00e4ger-Befestigungssystem<br \/>\n &#8211; Wasserfest<br \/>\n &#8211; Reflektionen auf der R\u00fcckseite<\/p>\n","protected":false},"featured_media":4136,"template":"","meta":[],"product_brand":[],"product_cat":[522,507],"product_tag":[662],"class_list":{"0":"post-3011","1":"product","2":"type-product","3":"status-publish","4":"has-post-thumbnail","6":"product_cat-doppelte-gepacktaschen","7":"product_cat-rucksacke","8":"product_tag-core-kollektion-von-doppelten-fahrradtaschen","9":"pa_afmetinglbh-30cm-x-15cm-x-42cm-de","10":"pa_collectie-kern-kollektion","11":"pa_e-bike-ready-ja-de","12":"pa_gewicht-1760-gramm","13":"pa_inhoud-38-liter-de","14":"pa_kleur-grun","15":"pa_materiaal-recyceltes-bisonyl","16":"pa_reflectie-ja-de","17":"pa_type-product-doppelte-fahrradtasche","18":"pa_volume-38l-de","19":"pa_waterbestendig-ja-de","21":"first","22":"instock","23":"taxable","24":"shipping-taxable","25":"purchasable","26":"product-type-simple"},"yoast_head":"<!-- This site is optimized with the Yoast SEO plugin v27.1.1 - https:\/\/yoast.com\/product\/yoast-seo-wordpress\/ -->\n<title>URBAN PROOF Doppelte Fahrradtasche mit Rolltop - Urban Proof<\/title>\n<meta name=\"robots\" content=\"index, follow, max-snippet:-1, max-image-preview:large, max-video-preview:-1\" \/>\n<link rel=\"canonical\" href=\"https:\/\/urbanproof.nl\/de\/product\/urban-proof-double-rolltop-fahrradtasche-gruen\/\" \/>\n<meta property=\"og:locale\" content=\"de_DE\" \/>\n<meta property=\"og:type\" content=\"article\" \/>\n<meta property=\"og:title\" content=\"URBAN PROOF Doppelte Fahrradtasche mit Rolltop - Urban Proof\" \/>\n<meta property=\"og:description\" content=\"- Geeignet f\u00fcr E-Bikes - Universelles Gep\u00e4cktr\u00e4ger-Befestigungssystem - Wasserfest - Reflektionen auf der R\u00fcckseite\" \/>\n<meta property=\"og:url\" content=\"https:\/\/urbanproof.nl\/de\/product\/urban-proof-double-rolltop-fahrradtasche-gruen\/\" \/>\n<meta property=\"og:site_name\" content=\"Urban Proof\" \/>\n<meta property=\"article:modified_time\" content=\"2025-12-03T10:41:21+00:00\" \/>\n<meta property=\"og:image\" content=\"https:\/\/urbanproof.nl\/wp-content\/uploads\/2025\/04\/400723UP_1.jpg\" \/>\n\t<meta property=\"og:image:width\" content=\"2047\" \/>\n\t<meta property=\"og:image:height\" content=\"2047\" \/>\n\t<meta property=\"og:image:type\" content=\"image\/jpeg\" \/>\n<meta name=\"twitter:card\" content=\"summary_large_image\" \/>\n<meta name=\"twitter:label1\" content=\"Gesch\u00e4tzte Lesezeit\" \/>\n\t<meta name=\"twitter:data1\" content=\"1\u00a0Minute\" \/>\n<script type=\"application\/ld+json\" class=\"yoast-schema-graph\">{\"@context\":\"https:\/\/schema.org\",\"@graph\":[{\"@type\":\"WebPage\",\"@id\":\"https:\/\/urbanproof.nl\/de\/product\/urban-proof-double-rolltop-fahrradtasche-gruen\/\",\"url\":\"https:\/\/urbanproof.nl\/de\/product\/urban-proof-double-rolltop-fahrradtasche-gruen\/\",\"name\":\"URBAN PROOF Doppelte Fahrradtasche mit Rolltop - Urban Proof\",\"isPartOf\":{\"@id\":\"https:\/\/urbanproof.nl\/de\/#website\"},\"primaryImageOfPage\":{\"@id\":\"https:\/\/urbanproof.nl\/de\/product\/urban-proof-double-rolltop-fahrradtasche-gruen\/#primaryimage\"},\"image\":{\"@id\":\"https:\/\/urbanproof.nl\/de\/product\/urban-proof-double-rolltop-fahrradtasche-gruen\/#primaryimage\"},\"thumbnailUrl\":\"https:\/\/urbanproof.nl\/wp-content\/uploads\/2025\/04\/400723UP_1.jpg\",\"datePublished\":\"2025-04-14T13:48:03+00:00\",\"dateModified\":\"2025-12-03T10:41:21+00:00\",\"breadcrumb\":{\"@id\":\"https:\/\/urbanproof.nl\/de\/product\/urban-proof-double-rolltop-fahrradtasche-gruen\/#breadcrumb\"},\"inLanguage\":\"de\",\"potentialAction\":[{\"@type\":\"ReadAction\",\"target\":[\"https:\/\/urbanproof.nl\/de\/product\/urban-proof-double-rolltop-fahrradtasche-gruen\/\"]}]},{\"@type\":\"ImageObject\",\"inLanguage\":\"de\",\"@id\":\"https:\/\/urbanproof.nl\/de\/product\/urban-proof-double-rolltop-fahrradtasche-gruen\/#primaryimage\",\"url\":\"https:\/\/urbanproof.nl\/wp-content\/uploads\/2025\/04\/400723UP_1.jpg\",\"contentUrl\":\"https:\/\/urbanproof.nl\/wp-content\/uploads\/2025\/04\/400723UP_1.jpg\",\"width\":2047,\"height\":2047},{\"@type\":\"BreadcrumbList\",\"@id\":\"https:\/\/urbanproof.nl\/de\/product\/urban-proof-double-rolltop-fahrradtasche-gruen\/#breadcrumb\",\"itemListElement\":[{\"@type\":\"ListItem\",\"position\":1,\"name\":\"Startseite\",\"item\":\"https:\/\/urbanproof.nl\/de\/\"},{\"@type\":\"ListItem\",\"position\":2,\"name\":\"Produktpalette\",\"item\":\"https:\/\/urbanproof.nl\/de\/shop\/\"},{\"@type\":\"ListItem\",\"position\":3,\"name\":\"URBAN PROOF Doppelte Fahrradtasche mit Rolltop\"}]},{\"@type\":\"WebSite\",\"@id\":\"https:\/\/urbanproof.nl\/de\/#website\",\"url\":\"https:\/\/urbanproof.nl\/de\/\",\"name\":\"Urban Proof\",\"description\":\"Sustainability in Motion\",\"publisher\":{\"@id\":\"https:\/\/urbanproof.nl\/de\/#organization\"},\"potentialAction\":[{\"@type\":\"SearchAction\",\"target\":{\"@type\":\"EntryPoint\",\"urlTemplate\":\"https:\/\/urbanproof.nl\/de\/?s={search_term_string}\"},\"query-input\":{\"@type\":\"PropertyValueSpecification\",\"valueRequired\":true,\"valueName\":\"search_term_string\"}}],\"inLanguage\":\"de\"},{\"@type\":\"Organization\",\"@id\":\"https:\/\/urbanproof.nl\/de\/#organization\",\"name\":\"Urban Proof\",\"url\":\"https:\/\/urbanproof.nl\/de\/\",\"logo\":{\"@type\":\"ImageObject\",\"inLanguage\":\"de\",\"@id\":\"https:\/\/urbanproof.nl\/de\/#\/schema\/logo\/image\/\",\"url\":\"https:\/\/urbanproof.nl\/wp-content\/uploads\/2025\/04\/UBP_Logo_2022_ZWART.svg\",\"contentUrl\":\"https:\/\/urbanproof.nl\/wp-content\/uploads\/2025\/04\/UBP_Logo_2022_ZWART.svg\",\"caption\":\"Urban Proof\"},\"image\":{\"@id\":\"https:\/\/urbanproof.nl\/de\/#\/schema\/logo\/image\/\"},\"sameAs\":[\"https:\/\/www.instagram.com\/urbanproof_sustainable\/\",\"https:\/\/www.linkedin.com\/company\/urban-proof\"]}]}<\/script>\n<!-- \/ Yoast SEO plugin. -->","yoast_head_json":{"title":"URBAN PROOF Doppelte Fahrradtasche mit Rolltop - Urban Proof","robots":{"index":"index","follow":"follow","max-snippet":"max-snippet:-1","max-image-preview":"max-image-preview:large","max-video-preview":"max-video-preview:-1"},"canonical":"https:\/\/urbanproof.nl\/de\/product\/urban-proof-double-rolltop-fahrradtasche-gruen\/","og_locale":"de_DE","og_type":"article","og_title":"URBAN PROOF Doppelte Fahrradtasche mit Rolltop - Urban Proof","og_description":"- Geeignet f\u00fcr E-Bikes - Universelles Gep\u00e4cktr\u00e4ger-Befestigungssystem - Wasserfest - Reflektionen auf der R\u00fcckseite","og_url":"https:\/\/urbanproof.nl\/de\/product\/urban-proof-double-rolltop-fahrradtasche-gruen\/","og_site_name":"Urban Proof","article_modified_time":"2025-12-03T10:41:21+00:00","og_image":[{"width":2047,"height":2047,"url":"https:\/\/urbanproof.nl\/wp-content\/uploads\/2025\/04\/400723UP_1.jpg","type":"image\/jpeg"}],"twitter_card":"summary_large_image","twitter_misc":{"Gesch\u00e4tzte Lesezeit":"1\u00a0Minute"},"schema":{"@context":"https:\/\/schema.org","@graph":[{"@type":"WebPage","@id":"https:\/\/urbanproof.nl\/de\/product\/urban-proof-double-rolltop-fahrradtasche-gruen\/","url":"https:\/\/urbanproof.nl\/de\/product\/urban-proof-double-rolltop-fahrradtasche-gruen\/","name":"URBAN PROOF Doppelte Fahrradtasche mit Rolltop - Urban Proof","isPartOf":{"@id":"https:\/\/urbanproof.nl\/de\/#website"},"primaryImageOfPage":{"@id":"https:\/\/urbanproof.nl\/de\/product\/urban-proof-double-rolltop-fahrradtasche-gruen\/#primaryimage"},"image":{"@id":"https:\/\/urbanproof.nl\/de\/product\/urban-proof-double-rolltop-fahrradtasche-gruen\/#primaryimage"},"thumbnailUrl":"https:\/\/urbanproof.nl\/wp-content\/uploads\/2025\/04\/400723UP_1.jpg","datePublished":"2025-04-14T13:48:03+00:00","dateModified":"2025-12-03T10:41:21+00:00","breadcrumb":{"@id":"https:\/\/urbanproof.nl\/de\/product\/urban-proof-double-rolltop-fahrradtasche-gruen\/#breadcrumb"},"inLanguage":"de","potentialAction":[{"@type":"ReadAction","target":["https:\/\/urbanproof.nl\/de\/product\/urban-proof-double-rolltop-fahrradtasche-gruen\/"]}]},{"@type":"ImageObject","inLanguage":"de","@id":"https:\/\/urbanproof.nl\/de\/product\/urban-proof-double-rolltop-fahrradtasche-gruen\/#primaryimage","url":"https:\/\/urbanproof.nl\/wp-content\/uploads\/2025\/04\/400723UP_1.jpg","contentUrl":"https:\/\/urbanproof.nl\/wp-content\/uploads\/2025\/04\/400723UP_1.jpg","width":2047,"height":2047},{"@type":"BreadcrumbList","@id":"https:\/\/urbanproof.nl\/de\/product\/urban-proof-double-rolltop-fahrradtasche-gruen\/#breadcrumb","itemListElement":[{"@type":"ListItem","position":1,"name":"Startseite","item":"https:\/\/urbanproof.nl\/de\/"},{"@type":"ListItem","position":2,"name":"Produktpalette","item":"https:\/\/urbanproof.nl\/de\/shop\/"},{"@type":"ListItem","position":3,"name":"URBAN PROOF Doppelte Fahrradtasche mit Rolltop"}]},{"@type":"WebSite","@id":"https:\/\/urbanproof.nl\/de\/#website","url":"https:\/\/urbanproof.nl\/de\/","name":"Urban Proof","description":"Sustainability in Motion","publisher":{"@id":"https:\/\/urbanproof.nl\/de\/#organization"},"potentialAction":[{"@type":"SearchAction","target":{"@type":"EntryPoint","urlTemplate":"https:\/\/urbanproof.nl\/de\/?s={search_term_string}"},"query-input":{"@type":"PropertyValueSpecification","valueRequired":true,"valueName":"search_term_string"}}],"inLanguage":"de"},{"@type":"Organization","@id":"https:\/\/urbanproof.nl\/de\/#organization","name":"Urban Proof","url":"https:\/\/urbanproof.nl\/de\/","logo":{"@type":"ImageObject","inLanguage":"de","@id":"https:\/\/urbanproof.nl\/de\/#\/schema\/logo\/image\/","url":"https:\/\/urbanproof.nl\/wp-content\/uploads\/2025\/04\/UBP_Logo_2022_ZWART.svg","contentUrl":"https:\/\/urbanproof.nl\/wp-content\/uploads\/2025\/04\/UBP_Logo_2022_ZWART.svg","caption":"Urban Proof"},"image":{"@id":"https:\/\/urbanproof.nl\/de\/#\/schema\/logo\/image\/"},"sameAs":["https:\/\/www.instagram.com\/urbanproof_sustainable\/","https:\/\/www.linkedin.com\/company\/urban-proof"]}]}},"_links":{"self":[{"href":"https:\/\/urbanproof.nl\/de\/wp-json\/wp\/v2\/product\/3011","targetHints":{"allow":["GET"]}}],"collection":[{"href":"https:\/\/urbanproof.nl\/de\/wp-json\/wp\/v2\/product"}],"about":[{"href":"https:\/\/urbanproof.nl\/de\/wp-json\/wp\/v2\/types\/product"}],"version-history":[{"count":1,"href":"https:\/\/urbanproof.nl\/de\/wp-json\/wp\/v2\/product\/3011\/revisions"}],"predecessor-version":[{"id":6921,"href":"https:\/\/urbanproof.nl\/de\/wp-json\/wp\/v2\/product\/3011\/revisions\/6921"}],"wp:featuredmedia":[{"embeddable":true,"href":"https:\/\/urbanproof.nl\/de\/wp-json\/wp\/v2\/media\/4136"}],"wp:attachment":[{"href":"https:\/\/urbanproof.nl\/de\/wp-json\/wp\/v2\/media?parent=3011"}],"wp:term":[{"taxonomy":"product_brand","embeddable":true,"href":"https:\/\/urbanproof.nl\/de\/wp-json\/wp\/v2\/product_brand?post=3011"},{"taxonomy":"product_cat","embeddable":true,"href":"https:\/\/urbanproof.nl\/de\/wp-json\/wp\/v2\/product_cat?post=3011"},{"taxonomy":"product_tag","embeddable":true,"href":"https:\/\/urbanproof.nl\/de\/wp-json\/wp\/v2\/product_tag?post=3011"}],"curies":[{"name":"wp","href":"https:\/\/api.w.org\/{rel}","templated":true}]}}