{"id":3008,"date":"2025-04-14T15:47:52","date_gmt":"2025-04-14T13:47:52","guid":{"rendered":"https:\/\/urbanproof.nl\/assortiment\/unkategorisiert\/urban-proof-city-tote-fahrradtasche\/"},"modified":"2025-12-03T12:48:07","modified_gmt":"2025-12-03T10:48:07","slug":"urban-proof-city-tote-fahrradtasche","status":"publish","type":"product","link":"https:\/\/urbanproof.nl\/de\/product\/urban-proof-city-tote-fahrradtasche\/","title":{"rendered":"URBAN PROOF City Tote Fahrradtasche"},"content":{"rendered":"<p>Die Fahrradtasche City Tote ist aus recycelter Baumwolle gefertigt und eignet sich perfekt f\u00fcr Ihre Alltagsgegenst\u00e4nde. Mit ihrer ger\u00e4umigen \u00d6ffnung und dem praktischen Druckknopfverschluss ist diese Tasche praktisch und stilvoll. Tragen Sie sie \u00fcber der Schulter oder halten Sie sie an den Griffen. Und wenn Sie mit dem Fahrrad unterwegs sind, k\u00f6nnen Sie sie mit den praktischen Fahrradhaken einfach an der Seite befestigen.   <\/p>\n<p>Die ideale L\u00f6sung f\u00fcr jedes t\u00e4gliche Abenteuer in der Stadt. Wenn Sie ein funktionelles und trendiges Design lieben und sich auch um die Umwelt k\u00fcmmern. Denn diese Tasche ist aus 100% recyceltem Baumwoll-Canvas gefertigt. Setzen Sie ein Zeichen mit dieser nachhaltigen und trendigen Tasche!   <\/p>\n","protected":false},"excerpt":{"rendered":"<p>&#8211; Verstellbare Fahrradhaken<br \/>\n&#8211; Geeignet f\u00fcr E-Bikes<br \/>\n&#8211; Universelles Gep\u00e4cktr\u00e4ger-Befestigungssystem<br \/>\n&#8211; Wasserfest<br \/>\n&#8211; Abnehmbarer Schultergurt<br \/>\n&#8211; Innentasche mit Rei\u00dfverschluss<br \/>\n&#8211; Oberer Griffverschluss mit Druckknopf<\/p>\n","protected":false},"featured_media":4138,"template":"","meta":[],"product_brand":[],"product_cat":[508,507],"product_tag":[754],"class_list":{"0":"post-3008","1":"product","2":"type-product","3":"status-publish","4":"has-post-thumbnail","6":"product_cat-einzelne-gepacktaschen","7":"product_cat-rucksacke","8":"product_tag-city-kollektion","9":"pa_afmetinglbh-36cm-x-32cm-x-19cm-de","10":"pa_collectie-kern-kollektion","11":"pa_e-bike-ready-ja-de","12":"pa_gewicht-540-g-de","13":"pa_inhoud-22-liter-de","14":"pa_kleur-schwarz","15":"pa_materiaal-recycelte-baumwolle","16":"pa_reflectie-nein","17":"pa_type-product-einzelne-gepacktragertasche","18":"pa_volume-22l-de","19":"pa_waterbestendig-ja-de","21":"first","22":"instock","23":"taxable","24":"shipping-taxable","25":"purchasable","26":"product-type-simple"},"yoast_head":"<!-- This site is optimized with the Yoast SEO plugin v27.1.1 - https:\/\/yoast.com\/product\/yoast-seo-wordpress\/ -->\n<title>URBAN PROOF City Tote Fahrradtasche - Urban Proof<\/title>\n<meta name=\"robots\" content=\"index, follow, max-snippet:-1, max-image-preview:large, max-video-preview:-1\" \/>\n<link rel=\"canonical\" href=\"https:\/\/urbanproof.nl\/de\/product\/urban-proof-city-tote-fahrradtasche\/\" \/>\n<meta property=\"og:locale\" content=\"de_DE\" \/>\n<meta property=\"og:type\" content=\"article\" \/>\n<meta property=\"og:title\" content=\"URBAN PROOF City Tote Fahrradtasche - Urban Proof\" \/>\n<meta property=\"og:description\" content=\"- Verstellbare Fahrradhaken - Geeignet f\u00fcr E-Bikes - Universelles Gep\u00e4cktr\u00e4ger-Befestigungssystem - Wasserfest - Abnehmbarer Schultergurt - Innentasche mit Rei\u00dfverschluss - Oberer Griffverschluss mit Druckknopf\" \/>\n<meta property=\"og:url\" content=\"https:\/\/urbanproof.nl\/de\/product\/urban-proof-city-tote-fahrradtasche\/\" \/>\n<meta property=\"og:site_name\" content=\"Urban Proof\" \/>\n<meta property=\"article:modified_time\" content=\"2025-12-03T10:48:07+00:00\" \/>\n<meta property=\"og:image\" content=\"https:\/\/urbanproof.nl\/wp-content\/uploads\/2025\/04\/400707UP_1.jpg\" \/>\n\t<meta property=\"og:image:width\" content=\"2047\" \/>\n\t<meta property=\"og:image:height\" content=\"2047\" \/>\n\t<meta property=\"og:image:type\" content=\"image\/jpeg\" \/>\n<meta name=\"twitter:card\" content=\"summary_large_image\" \/>\n<meta name=\"twitter:label1\" content=\"Gesch\u00e4tzte Lesezeit\" \/>\n\t<meta name=\"twitter:data1\" content=\"1\u00a0Minute\" \/>\n<script type=\"application\/ld+json\" class=\"yoast-schema-graph\">{\"@context\":\"https:\/\/schema.org\",\"@graph\":[{\"@type\":\"WebPage\",\"@id\":\"https:\/\/urbanproof.nl\/de\/product\/urban-proof-city-tote-fahrradtasche\/\",\"url\":\"https:\/\/urbanproof.nl\/de\/product\/urban-proof-city-tote-fahrradtasche\/\",\"name\":\"URBAN PROOF City Tote Fahrradtasche - Urban Proof\",\"isPartOf\":{\"@id\":\"https:\/\/urbanproof.nl\/de\/#website\"},\"primaryImageOfPage\":{\"@id\":\"https:\/\/urbanproof.nl\/de\/product\/urban-proof-city-tote-fahrradtasche\/#primaryimage\"},\"image\":{\"@id\":\"https:\/\/urbanproof.nl\/de\/product\/urban-proof-city-tote-fahrradtasche\/#primaryimage\"},\"thumbnailUrl\":\"https:\/\/urbanproof.nl\/wp-content\/uploads\/2025\/04\/400707UP_1.jpg\",\"datePublished\":\"2025-04-14T13:47:52+00:00\",\"dateModified\":\"2025-12-03T10:48:07+00:00\",\"breadcrumb\":{\"@id\":\"https:\/\/urbanproof.nl\/de\/product\/urban-proof-city-tote-fahrradtasche\/#breadcrumb\"},\"inLanguage\":\"de\",\"potentialAction\":[{\"@type\":\"ReadAction\",\"target\":[\"https:\/\/urbanproof.nl\/de\/product\/urban-proof-city-tote-fahrradtasche\/\"]}]},{\"@type\":\"ImageObject\",\"inLanguage\":\"de\",\"@id\":\"https:\/\/urbanproof.nl\/de\/product\/urban-proof-city-tote-fahrradtasche\/#primaryimage\",\"url\":\"https:\/\/urbanproof.nl\/wp-content\/uploads\/2025\/04\/400707UP_1.jpg\",\"contentUrl\":\"https:\/\/urbanproof.nl\/wp-content\/uploads\/2025\/04\/400707UP_1.jpg\",\"width\":2047,\"height\":2047},{\"@type\":\"BreadcrumbList\",\"@id\":\"https:\/\/urbanproof.nl\/de\/product\/urban-proof-city-tote-fahrradtasche\/#breadcrumb\",\"itemListElement\":[{\"@type\":\"ListItem\",\"position\":1,\"name\":\"Startseite\",\"item\":\"https:\/\/urbanproof.nl\/de\/\"},{\"@type\":\"ListItem\",\"position\":2,\"name\":\"Produktpalette\",\"item\":\"https:\/\/urbanproof.nl\/de\/shop\/\"},{\"@type\":\"ListItem\",\"position\":3,\"name\":\"URBAN PROOF City Tote Fahrradtasche\"}]},{\"@type\":\"WebSite\",\"@id\":\"https:\/\/urbanproof.nl\/de\/#website\",\"url\":\"https:\/\/urbanproof.nl\/de\/\",\"name\":\"Urban Proof\",\"description\":\"Sustainability in Motion\",\"publisher\":{\"@id\":\"https:\/\/urbanproof.nl\/de\/#organization\"},\"potentialAction\":[{\"@type\":\"SearchAction\",\"target\":{\"@type\":\"EntryPoint\",\"urlTemplate\":\"https:\/\/urbanproof.nl\/de\/?s={search_term_string}\"},\"query-input\":{\"@type\":\"PropertyValueSpecification\",\"valueRequired\":true,\"valueName\":\"search_term_string\"}}],\"inLanguage\":\"de\"},{\"@type\":\"Organization\",\"@id\":\"https:\/\/urbanproof.nl\/de\/#organization\",\"name\":\"Urban Proof\",\"url\":\"https:\/\/urbanproof.nl\/de\/\",\"logo\":{\"@type\":\"ImageObject\",\"inLanguage\":\"de\",\"@id\":\"https:\/\/urbanproof.nl\/de\/#\/schema\/logo\/image\/\",\"url\":\"https:\/\/urbanproof.nl\/wp-content\/uploads\/2025\/04\/UBP_Logo_2022_ZWART.svg\",\"contentUrl\":\"https:\/\/urbanproof.nl\/wp-content\/uploads\/2025\/04\/UBP_Logo_2022_ZWART.svg\",\"caption\":\"Urban Proof\"},\"image\":{\"@id\":\"https:\/\/urbanproof.nl\/de\/#\/schema\/logo\/image\/\"},\"sameAs\":[\"https:\/\/www.instagram.com\/urbanproof_sustainable\/\",\"https:\/\/www.linkedin.com\/company\/urban-proof\"]}]}<\/script>\n<!-- \/ Yoast SEO plugin. -->","yoast_head_json":{"title":"URBAN PROOF City Tote Fahrradtasche - Urban Proof","robots":{"index":"index","follow":"follow","max-snippet":"max-snippet:-1","max-image-preview":"max-image-preview:large","max-video-preview":"max-video-preview:-1"},"canonical":"https:\/\/urbanproof.nl\/de\/product\/urban-proof-city-tote-fahrradtasche\/","og_locale":"de_DE","og_type":"article","og_title":"URBAN PROOF City Tote Fahrradtasche - Urban Proof","og_description":"- Verstellbare Fahrradhaken - Geeignet f\u00fcr E-Bikes - Universelles Gep\u00e4cktr\u00e4ger-Befestigungssystem - Wasserfest - Abnehmbarer Schultergurt - Innentasche mit Rei\u00dfverschluss - Oberer Griffverschluss mit Druckknopf","og_url":"https:\/\/urbanproof.nl\/de\/product\/urban-proof-city-tote-fahrradtasche\/","og_site_name":"Urban Proof","article_modified_time":"2025-12-03T10:48:07+00:00","og_image":[{"width":2047,"height":2047,"url":"https:\/\/urbanproof.nl\/wp-content\/uploads\/2025\/04\/400707UP_1.jpg","type":"image\/jpeg"}],"twitter_card":"summary_large_image","twitter_misc":{"Gesch\u00e4tzte Lesezeit":"1\u00a0Minute"},"schema":{"@context":"https:\/\/schema.org","@graph":[{"@type":"WebPage","@id":"https:\/\/urbanproof.nl\/de\/product\/urban-proof-city-tote-fahrradtasche\/","url":"https:\/\/urbanproof.nl\/de\/product\/urban-proof-city-tote-fahrradtasche\/","name":"URBAN PROOF City Tote Fahrradtasche - Urban Proof","isPartOf":{"@id":"https:\/\/urbanproof.nl\/de\/#website"},"primaryImageOfPage":{"@id":"https:\/\/urbanproof.nl\/de\/product\/urban-proof-city-tote-fahrradtasche\/#primaryimage"},"image":{"@id":"https:\/\/urbanproof.nl\/de\/product\/urban-proof-city-tote-fahrradtasche\/#primaryimage"},"thumbnailUrl":"https:\/\/urbanproof.nl\/wp-content\/uploads\/2025\/04\/400707UP_1.jpg","datePublished":"2025-04-14T13:47:52+00:00","dateModified":"2025-12-03T10:48:07+00:00","breadcrumb":{"@id":"https:\/\/urbanproof.nl\/de\/product\/urban-proof-city-tote-fahrradtasche\/#breadcrumb"},"inLanguage":"de","potentialAction":[{"@type":"ReadAction","target":["https:\/\/urbanproof.nl\/de\/product\/urban-proof-city-tote-fahrradtasche\/"]}]},{"@type":"ImageObject","inLanguage":"de","@id":"https:\/\/urbanproof.nl\/de\/product\/urban-proof-city-tote-fahrradtasche\/#primaryimage","url":"https:\/\/urbanproof.nl\/wp-content\/uploads\/2025\/04\/400707UP_1.jpg","contentUrl":"https:\/\/urbanproof.nl\/wp-content\/uploads\/2025\/04\/400707UP_1.jpg","width":2047,"height":2047},{"@type":"BreadcrumbList","@id":"https:\/\/urbanproof.nl\/de\/product\/urban-proof-city-tote-fahrradtasche\/#breadcrumb","itemListElement":[{"@type":"ListItem","position":1,"name":"Startseite","item":"https:\/\/urbanproof.nl\/de\/"},{"@type":"ListItem","position":2,"name":"Produktpalette","item":"https:\/\/urbanproof.nl\/de\/shop\/"},{"@type":"ListItem","position":3,"name":"URBAN PROOF City Tote Fahrradtasche"}]},{"@type":"WebSite","@id":"https:\/\/urbanproof.nl\/de\/#website","url":"https:\/\/urbanproof.nl\/de\/","name":"Urban Proof","description":"Sustainability in Motion","publisher":{"@id":"https:\/\/urbanproof.nl\/de\/#organization"},"potentialAction":[{"@type":"SearchAction","target":{"@type":"EntryPoint","urlTemplate":"https:\/\/urbanproof.nl\/de\/?s={search_term_string}"},"query-input":{"@type":"PropertyValueSpecification","valueRequired":true,"valueName":"search_term_string"}}],"inLanguage":"de"},{"@type":"Organization","@id":"https:\/\/urbanproof.nl\/de\/#organization","name":"Urban Proof","url":"https:\/\/urbanproof.nl\/de\/","logo":{"@type":"ImageObject","inLanguage":"de","@id":"https:\/\/urbanproof.nl\/de\/#\/schema\/logo\/image\/","url":"https:\/\/urbanproof.nl\/wp-content\/uploads\/2025\/04\/UBP_Logo_2022_ZWART.svg","contentUrl":"https:\/\/urbanproof.nl\/wp-content\/uploads\/2025\/04\/UBP_Logo_2022_ZWART.svg","caption":"Urban Proof"},"image":{"@id":"https:\/\/urbanproof.nl\/de\/#\/schema\/logo\/image\/"},"sameAs":["https:\/\/www.instagram.com\/urbanproof_sustainable\/","https:\/\/www.linkedin.com\/company\/urban-proof"]}]}},"_links":{"self":[{"href":"https:\/\/urbanproof.nl\/de\/wp-json\/wp\/v2\/product\/3008","targetHints":{"allow":["GET"]}}],"collection":[{"href":"https:\/\/urbanproof.nl\/de\/wp-json\/wp\/v2\/product"}],"about":[{"href":"https:\/\/urbanproof.nl\/de\/wp-json\/wp\/v2\/types\/product"}],"version-history":[{"count":1,"href":"https:\/\/urbanproof.nl\/de\/wp-json\/wp\/v2\/product\/3008\/revisions"}],"predecessor-version":[{"id":7127,"href":"https:\/\/urbanproof.nl\/de\/wp-json\/wp\/v2\/product\/3008\/revisions\/7127"}],"wp:featuredmedia":[{"embeddable":true,"href":"https:\/\/urbanproof.nl\/de\/wp-json\/wp\/v2\/media\/4138"}],"wp:attachment":[{"href":"https:\/\/urbanproof.nl\/de\/wp-json\/wp\/v2\/media?parent=3008"}],"wp:term":[{"taxonomy":"product_brand","embeddable":true,"href":"https:\/\/urbanproof.nl\/de\/wp-json\/wp\/v2\/product_brand?post=3008"},{"taxonomy":"product_cat","embeddable":true,"href":"https:\/\/urbanproof.nl\/de\/wp-json\/wp\/v2\/product_cat?post=3008"},{"taxonomy":"product_tag","embeddable":true,"href":"https:\/\/urbanproof.nl\/de\/wp-json\/wp\/v2\/product_tag?post=3008"}],"curies":[{"name":"wp","href":"https:\/\/api.w.org\/{rel}","templated":true}]}}