{"id":3004,"date":"2025-04-14T15:47:51","date_gmt":"2025-04-14T13:47:51","guid":{"rendered":"https:\/\/urbanproof.nl\/assortiment\/unkategorisiert\/urban-proof-recycelte-doppeltasche-fuer-fahrraeder-40l-bordeaux\/"},"modified":"2025-12-03T12:45:08","modified_gmt":"2025-12-03T10:45:08","slug":"urban-proof-recycelte-doppeltasche-fuer-fahrraeder-40l-bordeaux","status":"publish","type":"product","link":"https:\/\/urbanproof.nl\/de\/product\/urban-proof-recycelte-doppeltasche-fuer-fahrraeder-40l-bordeaux\/","title":{"rendered":"URBAN PROOF Recycelte doppelte Fahrradtasche 40L"},"content":{"rendered":"<p>Mit der Recycled Doppelte Fahrradtasche haben Sie eine ger\u00e4umige 40-Liter-Tasche mit einer frischen Ausstrahlung. Sie l\u00e4sst sich mit den Riemen einfach an Ihrem Gep\u00e4cktr\u00e4ger befestigen, aber beachten Sie, dass sie auch auf normale Gep\u00e4cktr\u00e4ger passt. Der robuste Hakenverschluss h\u00e4lt alles sicher. Wussten Sie, dass wir f\u00fcr die Herstellung dieser Tasche nicht weniger als 68 recycelte Flaschen verwendet haben? Das Material ist wetterfest und sehr strapazierf\u00e4hig &#8211; perfekt, um Sie durch den Tag zu begleiten!    <\/p>\n","protected":false},"excerpt":{"rendered":"<p>  &#8211; Geeignet f\u00fcr E-Bikes<br \/>\n &#8211; Universelles Gep\u00e4cktr\u00e4ger-Befestigungssystem<br \/>\n &#8211; Wasserfest<br \/>\n &#8211; Verstellbarer D-Ring-Verschluss mit Haken<br \/>\n &#8211; Fallschirmverschluss innen<br \/>\n &#8211; Reflektion an der Seite<\/p>\n","protected":false},"featured_media":5414,"template":"","meta":[],"product_brand":[],"product_cat":[522,507],"product_tag":[646],"class_list":{"0":"post-3004","1":"product","2":"type-product","3":"status-publish","4":"has-post-thumbnail","6":"product_cat-doppelte-gepacktaschen","7":"product_cat-rucksacke","8":"product_tag-recycled-doppelte-fahrradtasche","9":"pa_afmetinglbh-39cm-x-15cm-x-31cm-de","10":"pa_collectie-recycelte-sammlung","11":"pa_gewicht-2180-gramm","12":"pa_inhoud-40-liter-de","13":"pa_kleur-blau","14":"pa_kleur-bordeaux","15":"pa_materiaal-recyceltes-pet-rpet-1200d","16":"pa_reflectie-ja-de","17":"pa_type-product-doppelte-fahrradtasche","18":"pa_volume-40l-de","19":"pa_waterbestendig-ja-de","21":"first","22":"instock","23":"taxable","24":"shipping-taxable","25":"purchasable","26":"product-type-simple"},"yoast_head":"<!-- This site is optimized with the Yoast SEO plugin v27.1.1 - https:\/\/yoast.com\/product\/yoast-seo-wordpress\/ -->\n<title>URBAN PROOF Recycelte doppelte Fahrradtasche 40L - Urban Proof<\/title>\n<meta name=\"robots\" content=\"index, follow, max-snippet:-1, max-image-preview:large, max-video-preview:-1\" \/>\n<link rel=\"canonical\" href=\"https:\/\/urbanproof.nl\/de\/product\/urban-proof-recycelte-doppeltasche-fuer-fahrraeder-40l-bordeaux\/\" \/>\n<meta property=\"og:locale\" content=\"de_DE\" \/>\n<meta property=\"og:type\" content=\"article\" \/>\n<meta property=\"og:title\" content=\"URBAN PROOF Recycelte doppelte Fahrradtasche 40L - Urban Proof\" \/>\n<meta property=\"og:description\" content=\"- Geeignet f\u00fcr E-Bikes - Universelles Gep\u00e4cktr\u00e4ger-Befestigungssystem - Wasserfest - Verstellbarer D-Ring-Verschluss mit Haken - Fallschirmverschluss innen - Reflektion an der Seite\" \/>\n<meta property=\"og:url\" content=\"https:\/\/urbanproof.nl\/de\/product\/urban-proof-recycelte-doppeltasche-fuer-fahrraeder-40l-bordeaux\/\" \/>\n<meta property=\"og:site_name\" content=\"Urban Proof\" \/>\n<meta property=\"article:modified_time\" content=\"2025-12-03T10:45:08+00:00\" \/>\n<meta property=\"og:image\" content=\"https:\/\/urbanproof.nl\/wp-content\/uploads\/2025\/04\/400694UP_1.jpg\" \/>\n\t<meta property=\"og:image:width\" content=\"2047\" \/>\n\t<meta property=\"og:image:height\" content=\"2047\" \/>\n\t<meta property=\"og:image:type\" content=\"image\/jpeg\" \/>\n<meta name=\"twitter:card\" content=\"summary_large_image\" \/>\n<script type=\"application\/ld+json\" class=\"yoast-schema-graph\">{\"@context\":\"https:\/\/schema.org\",\"@graph\":[{\"@type\":\"WebPage\",\"@id\":\"https:\/\/urbanproof.nl\/de\/product\/urban-proof-recycelte-doppeltasche-fuer-fahrraeder-40l-bordeaux\/\",\"url\":\"https:\/\/urbanproof.nl\/de\/product\/urban-proof-recycelte-doppeltasche-fuer-fahrraeder-40l-bordeaux\/\",\"name\":\"URBAN PROOF Recycelte doppelte Fahrradtasche 40L - Urban Proof\",\"isPartOf\":{\"@id\":\"https:\/\/urbanproof.nl\/de\/#website\"},\"primaryImageOfPage\":{\"@id\":\"https:\/\/urbanproof.nl\/de\/product\/urban-proof-recycelte-doppeltasche-fuer-fahrraeder-40l-bordeaux\/#primaryimage\"},\"image\":{\"@id\":\"https:\/\/urbanproof.nl\/de\/product\/urban-proof-recycelte-doppeltasche-fuer-fahrraeder-40l-bordeaux\/#primaryimage\"},\"thumbnailUrl\":\"https:\/\/urbanproof.nl\/wp-content\/uploads\/2025\/04\/400694UP_1.jpg\",\"datePublished\":\"2025-04-14T13:47:51+00:00\",\"dateModified\":\"2025-12-03T10:45:08+00:00\",\"breadcrumb\":{\"@id\":\"https:\/\/urbanproof.nl\/de\/product\/urban-proof-recycelte-doppeltasche-fuer-fahrraeder-40l-bordeaux\/#breadcrumb\"},\"inLanguage\":\"de\",\"potentialAction\":[{\"@type\":\"ReadAction\",\"target\":[\"https:\/\/urbanproof.nl\/de\/product\/urban-proof-recycelte-doppeltasche-fuer-fahrraeder-40l-bordeaux\/\"]}]},{\"@type\":\"ImageObject\",\"inLanguage\":\"de\",\"@id\":\"https:\/\/urbanproof.nl\/de\/product\/urban-proof-recycelte-doppeltasche-fuer-fahrraeder-40l-bordeaux\/#primaryimage\",\"url\":\"https:\/\/urbanproof.nl\/wp-content\/uploads\/2025\/04\/400694UP_1.jpg\",\"contentUrl\":\"https:\/\/urbanproof.nl\/wp-content\/uploads\/2025\/04\/400694UP_1.jpg\",\"width\":2047,\"height\":2047},{\"@type\":\"BreadcrumbList\",\"@id\":\"https:\/\/urbanproof.nl\/de\/product\/urban-proof-recycelte-doppeltasche-fuer-fahrraeder-40l-bordeaux\/#breadcrumb\",\"itemListElement\":[{\"@type\":\"ListItem\",\"position\":1,\"name\":\"Startseite\",\"item\":\"https:\/\/urbanproof.nl\/de\/\"},{\"@type\":\"ListItem\",\"position\":2,\"name\":\"Produktpalette\",\"item\":\"https:\/\/urbanproof.nl\/de\/shop\/\"},{\"@type\":\"ListItem\",\"position\":3,\"name\":\"URBAN PROOF Recycelte doppelte Fahrradtasche 40L\"}]},{\"@type\":\"WebSite\",\"@id\":\"https:\/\/urbanproof.nl\/de\/#website\",\"url\":\"https:\/\/urbanproof.nl\/de\/\",\"name\":\"Urban Proof\",\"description\":\"Sustainability in Motion\",\"publisher\":{\"@id\":\"https:\/\/urbanproof.nl\/de\/#organization\"},\"potentialAction\":[{\"@type\":\"SearchAction\",\"target\":{\"@type\":\"EntryPoint\",\"urlTemplate\":\"https:\/\/urbanproof.nl\/de\/?s={search_term_string}\"},\"query-input\":{\"@type\":\"PropertyValueSpecification\",\"valueRequired\":true,\"valueName\":\"search_term_string\"}}],\"inLanguage\":\"de\"},{\"@type\":\"Organization\",\"@id\":\"https:\/\/urbanproof.nl\/de\/#organization\",\"name\":\"Urban Proof\",\"url\":\"https:\/\/urbanproof.nl\/de\/\",\"logo\":{\"@type\":\"ImageObject\",\"inLanguage\":\"de\",\"@id\":\"https:\/\/urbanproof.nl\/de\/#\/schema\/logo\/image\/\",\"url\":\"https:\/\/urbanproof.nl\/wp-content\/uploads\/2025\/04\/UBP_Logo_2022_ZWART.svg\",\"contentUrl\":\"https:\/\/urbanproof.nl\/wp-content\/uploads\/2025\/04\/UBP_Logo_2022_ZWART.svg\",\"caption\":\"Urban Proof\"},\"image\":{\"@id\":\"https:\/\/urbanproof.nl\/de\/#\/schema\/logo\/image\/\"},\"sameAs\":[\"https:\/\/www.instagram.com\/urbanproof_sustainable\/\",\"https:\/\/www.linkedin.com\/company\/urban-proof\"]}]}<\/script>\n<!-- \/ Yoast SEO plugin. -->","yoast_head_json":{"title":"URBAN PROOF Recycelte doppelte Fahrradtasche 40L - Urban Proof","robots":{"index":"index","follow":"follow","max-snippet":"max-snippet:-1","max-image-preview":"max-image-preview:large","max-video-preview":"max-video-preview:-1"},"canonical":"https:\/\/urbanproof.nl\/de\/product\/urban-proof-recycelte-doppeltasche-fuer-fahrraeder-40l-bordeaux\/","og_locale":"de_DE","og_type":"article","og_title":"URBAN PROOF Recycelte doppelte Fahrradtasche 40L - Urban Proof","og_description":"- Geeignet f\u00fcr E-Bikes - Universelles Gep\u00e4cktr\u00e4ger-Befestigungssystem - Wasserfest - Verstellbarer D-Ring-Verschluss mit Haken - Fallschirmverschluss innen - Reflektion an der Seite","og_url":"https:\/\/urbanproof.nl\/de\/product\/urban-proof-recycelte-doppeltasche-fuer-fahrraeder-40l-bordeaux\/","og_site_name":"Urban Proof","article_modified_time":"2025-12-03T10:45:08+00:00","og_image":[{"width":2047,"height":2047,"url":"https:\/\/urbanproof.nl\/wp-content\/uploads\/2025\/04\/400694UP_1.jpg","type":"image\/jpeg"}],"twitter_card":"summary_large_image","schema":{"@context":"https:\/\/schema.org","@graph":[{"@type":"WebPage","@id":"https:\/\/urbanproof.nl\/de\/product\/urban-proof-recycelte-doppeltasche-fuer-fahrraeder-40l-bordeaux\/","url":"https:\/\/urbanproof.nl\/de\/product\/urban-proof-recycelte-doppeltasche-fuer-fahrraeder-40l-bordeaux\/","name":"URBAN PROOF Recycelte doppelte Fahrradtasche 40L - Urban Proof","isPartOf":{"@id":"https:\/\/urbanproof.nl\/de\/#website"},"primaryImageOfPage":{"@id":"https:\/\/urbanproof.nl\/de\/product\/urban-proof-recycelte-doppeltasche-fuer-fahrraeder-40l-bordeaux\/#primaryimage"},"image":{"@id":"https:\/\/urbanproof.nl\/de\/product\/urban-proof-recycelte-doppeltasche-fuer-fahrraeder-40l-bordeaux\/#primaryimage"},"thumbnailUrl":"https:\/\/urbanproof.nl\/wp-content\/uploads\/2025\/04\/400694UP_1.jpg","datePublished":"2025-04-14T13:47:51+00:00","dateModified":"2025-12-03T10:45:08+00:00","breadcrumb":{"@id":"https:\/\/urbanproof.nl\/de\/product\/urban-proof-recycelte-doppeltasche-fuer-fahrraeder-40l-bordeaux\/#breadcrumb"},"inLanguage":"de","potentialAction":[{"@type":"ReadAction","target":["https:\/\/urbanproof.nl\/de\/product\/urban-proof-recycelte-doppeltasche-fuer-fahrraeder-40l-bordeaux\/"]}]},{"@type":"ImageObject","inLanguage":"de","@id":"https:\/\/urbanproof.nl\/de\/product\/urban-proof-recycelte-doppeltasche-fuer-fahrraeder-40l-bordeaux\/#primaryimage","url":"https:\/\/urbanproof.nl\/wp-content\/uploads\/2025\/04\/400694UP_1.jpg","contentUrl":"https:\/\/urbanproof.nl\/wp-content\/uploads\/2025\/04\/400694UP_1.jpg","width":2047,"height":2047},{"@type":"BreadcrumbList","@id":"https:\/\/urbanproof.nl\/de\/product\/urban-proof-recycelte-doppeltasche-fuer-fahrraeder-40l-bordeaux\/#breadcrumb","itemListElement":[{"@type":"ListItem","position":1,"name":"Startseite","item":"https:\/\/urbanproof.nl\/de\/"},{"@type":"ListItem","position":2,"name":"Produktpalette","item":"https:\/\/urbanproof.nl\/de\/shop\/"},{"@type":"ListItem","position":3,"name":"URBAN PROOF Recycelte doppelte Fahrradtasche 40L"}]},{"@type":"WebSite","@id":"https:\/\/urbanproof.nl\/de\/#website","url":"https:\/\/urbanproof.nl\/de\/","name":"Urban Proof","description":"Sustainability in Motion","publisher":{"@id":"https:\/\/urbanproof.nl\/de\/#organization"},"potentialAction":[{"@type":"SearchAction","target":{"@type":"EntryPoint","urlTemplate":"https:\/\/urbanproof.nl\/de\/?s={search_term_string}"},"query-input":{"@type":"PropertyValueSpecification","valueRequired":true,"valueName":"search_term_string"}}],"inLanguage":"de"},{"@type":"Organization","@id":"https:\/\/urbanproof.nl\/de\/#organization","name":"Urban Proof","url":"https:\/\/urbanproof.nl\/de\/","logo":{"@type":"ImageObject","inLanguage":"de","@id":"https:\/\/urbanproof.nl\/de\/#\/schema\/logo\/image\/","url":"https:\/\/urbanproof.nl\/wp-content\/uploads\/2025\/04\/UBP_Logo_2022_ZWART.svg","contentUrl":"https:\/\/urbanproof.nl\/wp-content\/uploads\/2025\/04\/UBP_Logo_2022_ZWART.svg","caption":"Urban Proof"},"image":{"@id":"https:\/\/urbanproof.nl\/de\/#\/schema\/logo\/image\/"},"sameAs":["https:\/\/www.instagram.com\/urbanproof_sustainable\/","https:\/\/www.linkedin.com\/company\/urban-proof"]}]}},"_links":{"self":[{"href":"https:\/\/urbanproof.nl\/de\/wp-json\/wp\/v2\/product\/3004","targetHints":{"allow":["GET"]}}],"collection":[{"href":"https:\/\/urbanproof.nl\/de\/wp-json\/wp\/v2\/product"}],"about":[{"href":"https:\/\/urbanproof.nl\/de\/wp-json\/wp\/v2\/types\/product"}],"version-history":[{"count":1,"href":"https:\/\/urbanproof.nl\/de\/wp-json\/wp\/v2\/product\/3004\/revisions"}],"predecessor-version":[{"id":7074,"href":"https:\/\/urbanproof.nl\/de\/wp-json\/wp\/v2\/product\/3004\/revisions\/7074"}],"wp:featuredmedia":[{"embeddable":true,"href":"https:\/\/urbanproof.nl\/de\/wp-json\/wp\/v2\/media\/5414"}],"wp:attachment":[{"href":"https:\/\/urbanproof.nl\/de\/wp-json\/wp\/v2\/media?parent=3004"}],"wp:term":[{"taxonomy":"product_brand","embeddable":true,"href":"https:\/\/urbanproof.nl\/de\/wp-json\/wp\/v2\/product_brand?post=3004"},{"taxonomy":"product_cat","embeddable":true,"href":"https:\/\/urbanproof.nl\/de\/wp-json\/wp\/v2\/product_cat?post=3004"},{"taxonomy":"product_tag","embeddable":true,"href":"https:\/\/urbanproof.nl\/de\/wp-json\/wp\/v2\/product_tag?post=3004"}],"curies":[{"name":"wp","href":"https:\/\/api.w.org\/{rel}","templated":true}]}}