{"id":2999,"date":"2025-04-14T15:47:46","date_gmt":"2025-04-14T13:47:46","guid":{"rendered":"https:\/\/urbanproof.nl\/assortiment\/unkategorisiert\/urban-proof-wiederaufladbares-fahrrad-ruecklicht\/"},"modified":"2025-12-03T12:45:52","modified_gmt":"2025-12-03T10:45:52","slug":"urban-proof-wiederaufladbares-fahrrad-ruecklicht","status":"publish","type":"product","link":"https:\/\/urbanproof.nl\/de\/product\/urban-proof-wiederaufladbares-fahrrad-ruecklicht\/","title":{"rendered":"URBAN PROOF Wiederaufladbares Fahrrad R\u00fccklicht"},"content":{"rendered":"<p>Urban Proof liebt die Nachhaltigkeit. Deshalb sind unsere Fahrradlampen wiederaufladbar und langlebig. Sie haben die Wahl: W\u00e4hlen Sie aus verschiedenen Modellen und Helligkeiten f\u00fcr optimale Sichtbarkeit und Sichtbarkeit. Egal, ob Sie in der Stadt oder auf unbeleuchteten Wegen radeln, wir haben alles f\u00fcr Sie. Treffen Sie eine bewusste Entscheidung f\u00fcr Nachhaltigkeit und Sicherheit und w\u00e4hlen Sie unsere wiederaufladbaren Lampen.    <\/p>\n","protected":false},"excerpt":{"rendered":"<p>  &#8211; LED-Lampe<br \/>\n &#8211; Micro-USB-Anschluss<br \/>\n &#8211; IPX4 wasserdicht<br \/>\n &#8211; Anzeige f\u00fcr schwache Batterie<br \/>\n &#8211; Material: ABS\/AS\/ Aluminium<\/p>\n","protected":false},"featured_media":5383,"template":"","meta":[],"product_brand":[],"product_cat":[551,467],"product_tag":[762],"class_list":{"0":"post-2999","1":"product","2":"type-product","3":"status-publish","4":"has-post-thumbnail","6":"product_cat-beleuchtung-fur-fahrrader","7":"product_cat-zubehor-fur-fahrrader","8":"product_tag-wiederaufladbare-fahrradbeleuchtung","9":"pa_afmetinglbh-75mm-x-120mm-x-45mm-de","10":"pa_collectie-licht-und-vision-kollektion","11":"pa_gebruiksduur-5-stunden","12":"pa_gewicht-82-g-de","13":"pa_kleur-schwarz","14":"pa_kleur-licht-rot","15":"pa_laadtijd-3-stunden","16":"pa_lumen-20-de","17":"pa_materiaal-abs-de","18":"pa_materiaal-aluminium-de-2","19":"pa_materiaal-as-de","20":"pa_type-product-rucklicht-fahrrad","22":"first","23":"instock","24":"taxable","25":"shipping-taxable","26":"purchasable","27":"product-type-simple"},"yoast_head":"<!-- This site is optimized with the Yoast SEO plugin v27.1.1 - https:\/\/yoast.com\/product\/yoast-seo-wordpress\/ -->\n<title>URBAN PROOF Wiederaufladbares Fahrrad R\u00fccklicht - Urban Proof<\/title>\n<meta name=\"robots\" content=\"index, follow, max-snippet:-1, max-image-preview:large, max-video-preview:-1\" \/>\n<link rel=\"canonical\" href=\"https:\/\/urbanproof.nl\/de\/product\/urban-proof-wiederaufladbares-fahrrad-ruecklicht\/\" \/>\n<meta property=\"og:locale\" content=\"de_DE\" \/>\n<meta property=\"og:type\" content=\"article\" \/>\n<meta property=\"og:title\" content=\"URBAN PROOF Wiederaufladbares Fahrrad R\u00fccklicht - Urban Proof\" \/>\n<meta property=\"og:description\" content=\"- LED-Lampe - Micro-USB-Anschluss - IPX4 wasserdicht - Anzeige f\u00fcr schwache Batterie - Material: ABS\/AS\/ Aluminium\" \/>\n<meta property=\"og:url\" content=\"https:\/\/urbanproof.nl\/de\/product\/urban-proof-wiederaufladbares-fahrrad-ruecklicht\/\" \/>\n<meta property=\"og:site_name\" content=\"Urban Proof\" \/>\n<meta property=\"article:modified_time\" content=\"2025-12-03T10:45:52+00:00\" \/>\n<meta property=\"og:image\" content=\"https:\/\/urbanproof.nl\/wp-content\/uploads\/2025\/04\/400623UP_1.jpg\" \/>\n\t<meta property=\"og:image:width\" content=\"2047\" \/>\n\t<meta property=\"og:image:height\" content=\"2047\" \/>\n\t<meta property=\"og:image:type\" content=\"image\/jpeg\" \/>\n<meta name=\"twitter:card\" content=\"summary_large_image\" \/>\n<script type=\"application\/ld+json\" class=\"yoast-schema-graph\">{\"@context\":\"https:\/\/schema.org\",\"@graph\":[{\"@type\":\"WebPage\",\"@id\":\"https:\/\/urbanproof.nl\/de\/product\/urban-proof-wiederaufladbares-fahrrad-ruecklicht\/\",\"url\":\"https:\/\/urbanproof.nl\/de\/product\/urban-proof-wiederaufladbares-fahrrad-ruecklicht\/\",\"name\":\"URBAN PROOF Wiederaufladbares Fahrrad R\u00fccklicht - Urban Proof\",\"isPartOf\":{\"@id\":\"https:\/\/urbanproof.nl\/de\/#website\"},\"primaryImageOfPage\":{\"@id\":\"https:\/\/urbanproof.nl\/de\/product\/urban-proof-wiederaufladbares-fahrrad-ruecklicht\/#primaryimage\"},\"image\":{\"@id\":\"https:\/\/urbanproof.nl\/de\/product\/urban-proof-wiederaufladbares-fahrrad-ruecklicht\/#primaryimage\"},\"thumbnailUrl\":\"https:\/\/urbanproof.nl\/wp-content\/uploads\/2025\/04\/400623UP_1.jpg\",\"datePublished\":\"2025-04-14T13:47:46+00:00\",\"dateModified\":\"2025-12-03T10:45:52+00:00\",\"breadcrumb\":{\"@id\":\"https:\/\/urbanproof.nl\/de\/product\/urban-proof-wiederaufladbares-fahrrad-ruecklicht\/#breadcrumb\"},\"inLanguage\":\"de\",\"potentialAction\":[{\"@type\":\"ReadAction\",\"target\":[\"https:\/\/urbanproof.nl\/de\/product\/urban-proof-wiederaufladbares-fahrrad-ruecklicht\/\"]}]},{\"@type\":\"ImageObject\",\"inLanguage\":\"de\",\"@id\":\"https:\/\/urbanproof.nl\/de\/product\/urban-proof-wiederaufladbares-fahrrad-ruecklicht\/#primaryimage\",\"url\":\"https:\/\/urbanproof.nl\/wp-content\/uploads\/2025\/04\/400623UP_1.jpg\",\"contentUrl\":\"https:\/\/urbanproof.nl\/wp-content\/uploads\/2025\/04\/400623UP_1.jpg\",\"width\":2047,\"height\":2047},{\"@type\":\"BreadcrumbList\",\"@id\":\"https:\/\/urbanproof.nl\/de\/product\/urban-proof-wiederaufladbares-fahrrad-ruecklicht\/#breadcrumb\",\"itemListElement\":[{\"@type\":\"ListItem\",\"position\":1,\"name\":\"Startseite\",\"item\":\"https:\/\/urbanproof.nl\/de\/\"},{\"@type\":\"ListItem\",\"position\":2,\"name\":\"Produktpalette\",\"item\":\"https:\/\/urbanproof.nl\/de\/shop\/\"},{\"@type\":\"ListItem\",\"position\":3,\"name\":\"URBAN PROOF Wiederaufladbares Fahrrad R\u00fccklicht\"}]},{\"@type\":\"WebSite\",\"@id\":\"https:\/\/urbanproof.nl\/de\/#website\",\"url\":\"https:\/\/urbanproof.nl\/de\/\",\"name\":\"Urban Proof\",\"description\":\"Sustainability in Motion\",\"publisher\":{\"@id\":\"https:\/\/urbanproof.nl\/de\/#organization\"},\"potentialAction\":[{\"@type\":\"SearchAction\",\"target\":{\"@type\":\"EntryPoint\",\"urlTemplate\":\"https:\/\/urbanproof.nl\/de\/?s={search_term_string}\"},\"query-input\":{\"@type\":\"PropertyValueSpecification\",\"valueRequired\":true,\"valueName\":\"search_term_string\"}}],\"inLanguage\":\"de\"},{\"@type\":\"Organization\",\"@id\":\"https:\/\/urbanproof.nl\/de\/#organization\",\"name\":\"Urban Proof\",\"url\":\"https:\/\/urbanproof.nl\/de\/\",\"logo\":{\"@type\":\"ImageObject\",\"inLanguage\":\"de\",\"@id\":\"https:\/\/urbanproof.nl\/de\/#\/schema\/logo\/image\/\",\"url\":\"https:\/\/urbanproof.nl\/wp-content\/uploads\/2025\/04\/UBP_Logo_2022_ZWART.svg\",\"contentUrl\":\"https:\/\/urbanproof.nl\/wp-content\/uploads\/2025\/04\/UBP_Logo_2022_ZWART.svg\",\"caption\":\"Urban Proof\"},\"image\":{\"@id\":\"https:\/\/urbanproof.nl\/de\/#\/schema\/logo\/image\/\"},\"sameAs\":[\"https:\/\/www.instagram.com\/urbanproof_sustainable\/\",\"https:\/\/www.linkedin.com\/company\/urban-proof\"]}]}<\/script>\n<!-- \/ Yoast SEO plugin. -->","yoast_head_json":{"title":"URBAN PROOF Wiederaufladbares Fahrrad R\u00fccklicht - Urban Proof","robots":{"index":"index","follow":"follow","max-snippet":"max-snippet:-1","max-image-preview":"max-image-preview:large","max-video-preview":"max-video-preview:-1"},"canonical":"https:\/\/urbanproof.nl\/de\/product\/urban-proof-wiederaufladbares-fahrrad-ruecklicht\/","og_locale":"de_DE","og_type":"article","og_title":"URBAN PROOF Wiederaufladbares Fahrrad R\u00fccklicht - Urban Proof","og_description":"- LED-Lampe - Micro-USB-Anschluss - IPX4 wasserdicht - Anzeige f\u00fcr schwache Batterie - Material: ABS\/AS\/ Aluminium","og_url":"https:\/\/urbanproof.nl\/de\/product\/urban-proof-wiederaufladbares-fahrrad-ruecklicht\/","og_site_name":"Urban Proof","article_modified_time":"2025-12-03T10:45:52+00:00","og_image":[{"width":2047,"height":2047,"url":"https:\/\/urbanproof.nl\/wp-content\/uploads\/2025\/04\/400623UP_1.jpg","type":"image\/jpeg"}],"twitter_card":"summary_large_image","schema":{"@context":"https:\/\/schema.org","@graph":[{"@type":"WebPage","@id":"https:\/\/urbanproof.nl\/de\/product\/urban-proof-wiederaufladbares-fahrrad-ruecklicht\/","url":"https:\/\/urbanproof.nl\/de\/product\/urban-proof-wiederaufladbares-fahrrad-ruecklicht\/","name":"URBAN PROOF Wiederaufladbares Fahrrad R\u00fccklicht - Urban Proof","isPartOf":{"@id":"https:\/\/urbanproof.nl\/de\/#website"},"primaryImageOfPage":{"@id":"https:\/\/urbanproof.nl\/de\/product\/urban-proof-wiederaufladbares-fahrrad-ruecklicht\/#primaryimage"},"image":{"@id":"https:\/\/urbanproof.nl\/de\/product\/urban-proof-wiederaufladbares-fahrrad-ruecklicht\/#primaryimage"},"thumbnailUrl":"https:\/\/urbanproof.nl\/wp-content\/uploads\/2025\/04\/400623UP_1.jpg","datePublished":"2025-04-14T13:47:46+00:00","dateModified":"2025-12-03T10:45:52+00:00","breadcrumb":{"@id":"https:\/\/urbanproof.nl\/de\/product\/urban-proof-wiederaufladbares-fahrrad-ruecklicht\/#breadcrumb"},"inLanguage":"de","potentialAction":[{"@type":"ReadAction","target":["https:\/\/urbanproof.nl\/de\/product\/urban-proof-wiederaufladbares-fahrrad-ruecklicht\/"]}]},{"@type":"ImageObject","inLanguage":"de","@id":"https:\/\/urbanproof.nl\/de\/product\/urban-proof-wiederaufladbares-fahrrad-ruecklicht\/#primaryimage","url":"https:\/\/urbanproof.nl\/wp-content\/uploads\/2025\/04\/400623UP_1.jpg","contentUrl":"https:\/\/urbanproof.nl\/wp-content\/uploads\/2025\/04\/400623UP_1.jpg","width":2047,"height":2047},{"@type":"BreadcrumbList","@id":"https:\/\/urbanproof.nl\/de\/product\/urban-proof-wiederaufladbares-fahrrad-ruecklicht\/#breadcrumb","itemListElement":[{"@type":"ListItem","position":1,"name":"Startseite","item":"https:\/\/urbanproof.nl\/de\/"},{"@type":"ListItem","position":2,"name":"Produktpalette","item":"https:\/\/urbanproof.nl\/de\/shop\/"},{"@type":"ListItem","position":3,"name":"URBAN PROOF Wiederaufladbares Fahrrad R\u00fccklicht"}]},{"@type":"WebSite","@id":"https:\/\/urbanproof.nl\/de\/#website","url":"https:\/\/urbanproof.nl\/de\/","name":"Urban Proof","description":"Sustainability in Motion","publisher":{"@id":"https:\/\/urbanproof.nl\/de\/#organization"},"potentialAction":[{"@type":"SearchAction","target":{"@type":"EntryPoint","urlTemplate":"https:\/\/urbanproof.nl\/de\/?s={search_term_string}"},"query-input":{"@type":"PropertyValueSpecification","valueRequired":true,"valueName":"search_term_string"}}],"inLanguage":"de"},{"@type":"Organization","@id":"https:\/\/urbanproof.nl\/de\/#organization","name":"Urban Proof","url":"https:\/\/urbanproof.nl\/de\/","logo":{"@type":"ImageObject","inLanguage":"de","@id":"https:\/\/urbanproof.nl\/de\/#\/schema\/logo\/image\/","url":"https:\/\/urbanproof.nl\/wp-content\/uploads\/2025\/04\/UBP_Logo_2022_ZWART.svg","contentUrl":"https:\/\/urbanproof.nl\/wp-content\/uploads\/2025\/04\/UBP_Logo_2022_ZWART.svg","caption":"Urban Proof"},"image":{"@id":"https:\/\/urbanproof.nl\/de\/#\/schema\/logo\/image\/"},"sameAs":["https:\/\/www.instagram.com\/urbanproof_sustainable\/","https:\/\/www.linkedin.com\/company\/urban-proof"]}]}},"_links":{"self":[{"href":"https:\/\/urbanproof.nl\/de\/wp-json\/wp\/v2\/product\/2999","targetHints":{"allow":["GET"]}}],"collection":[{"href":"https:\/\/urbanproof.nl\/de\/wp-json\/wp\/v2\/product"}],"about":[{"href":"https:\/\/urbanproof.nl\/de\/wp-json\/wp\/v2\/types\/product"}],"version-history":[{"count":1,"href":"https:\/\/urbanproof.nl\/de\/wp-json\/wp\/v2\/product\/2999\/revisions"}],"predecessor-version":[{"id":7095,"href":"https:\/\/urbanproof.nl\/de\/wp-json\/wp\/v2\/product\/2999\/revisions\/7095"}],"wp:featuredmedia":[{"embeddable":true,"href":"https:\/\/urbanproof.nl\/de\/wp-json\/wp\/v2\/media\/5383"}],"wp:attachment":[{"href":"https:\/\/urbanproof.nl\/de\/wp-json\/wp\/v2\/media?parent=2999"}],"wp:term":[{"taxonomy":"product_brand","embeddable":true,"href":"https:\/\/urbanproof.nl\/de\/wp-json\/wp\/v2\/product_brand?post=2999"},{"taxonomy":"product_cat","embeddable":true,"href":"https:\/\/urbanproof.nl\/de\/wp-json\/wp\/v2\/product_cat?post=2999"},{"taxonomy":"product_tag","embeddable":true,"href":"https:\/\/urbanproof.nl\/de\/wp-json\/wp\/v2\/product_tag?post=2999"}],"curies":[{"name":"wp","href":"https:\/\/api.w.org\/{rel}","templated":true}]}}