{"id":2992,"date":"2025-04-14T15:48:34","date_gmt":"2025-04-14T13:48:34","guid":{"rendered":"https:\/\/urbanproof.nl\/assortiment\/unkategorisiert\/urban-proof-recycelte-fahrradkiste-15l-junior-retro-gruen\/"},"modified":"2025-12-03T12:42:13","modified_gmt":"2025-12-03T10:42:13","slug":"urban-proof-recycelte-fahrradkiste-15l-junior-retro-gruen","status":"publish","type":"product","link":"https:\/\/urbanproof.nl\/de\/product\/urban-proof-recycelte-fahrradkiste-15l-junior-retro-gruen\/","title":{"rendered":"URBAN PROOF Recycelte Fahrradkiste 15L JUNIOR"},"content":{"rendered":"<p>Suchen Sie nach einer M\u00f6glichkeit f\u00fcr Ihr Kind, seine Sachen einfach auf dem Fahrrad zu transportieren? Dann ist unsere neue Urban Proof Junior Kistenkollektion genau das Richtige f\u00fcr Sie!  Hergestellt aus 100% recyceltem Kunststoff und hergestellt in Europa f\u00fcr einen geringeren CO2-Fu\u00dfabdruck. Es war noch nie so einfach, Ordnung zu halten. <\/p>\n<p>Radfahren ist die coolste Art, sich in der Stadt zu bewegen oder zur Schule zu fahren. Diese Junior-Kisten sind die perfekte L\u00f6sung f\u00fcr Kinder, um Schulsachen, Sportger\u00e4te oder Reisetaschen zu transportieren. Diese Kisten sind klein und eignen sich besonders f\u00fcr Kinderfahrr\u00e4der. F\u00fcr zus\u00e4tzliche Sichtbarkeit im Stra\u00dfenverkehr ist die Kiste mit einem reflektierenden Logo versehen. Die Kisten sind leicht, robust und langlebig. Fahren Sie mit einer Kiste auf Ihrem Fahrrad stilvoll von A nach B &#8211; ohne auf Komfort oder Bequemlichkeit verzichten zu m\u00fcssen.      <\/p>\n","protected":false},"excerpt":{"rendered":"<p>&#8211; 100% recycelter Kunststoff<br \/>\n&#8211; Hergestellt in Europa<br \/>\n&#8211; Universell passend f\u00fcr jeden Gep\u00e4cktr\u00e4ger<br \/>\n&#8211; Neues Logo mit Reflexion<\/p>\n","protected":false},"featured_media":4265,"template":"","meta":[],"product_brand":[],"product_cat":[720,515],"product_tag":[721,675],"class_list":{"0":"post-2992","1":"product","2":"type-product","3":"status-publish","4":"has-post-thumbnail","6":"product_cat-15l-fahrradkisten","7":"product_cat-kisten-fur-fahrrader","8":"product_tag-15l-fahrradkisten","9":"product_tag-neu","10":"pa_afmetinglbh-30cm-x-22cm-x-19cm-de","11":"pa_collectie-15l-junior-kollektion","12":"pa_e-bike-ready-ja-de","13":"pa_gewicht-380-g-de","14":"pa_inhoud-15-liter-de","15":"pa_kleur-retro-grun","16":"pa_materiaal-recyceltes-pp","17":"pa_reflectie-ja-de","18":"pa_type-product-fahrradkiste","19":"pa_volume-15l-de","21":"first","22":"instock","23":"featured","24":"taxable","25":"shipping-taxable","26":"purchasable","27":"product-type-simple"},"yoast_head":"<!-- This site is optimized with the Yoast SEO plugin v27.1.1 - https:\/\/yoast.com\/product\/yoast-seo-wordpress\/ -->\n<title>URBAN PROOF Recycelte Fahrradkiste 15L JUNIOR - Urban Proof<\/title>\n<meta name=\"robots\" content=\"index, follow, max-snippet:-1, max-image-preview:large, max-video-preview:-1\" \/>\n<link rel=\"canonical\" href=\"https:\/\/urbanproof.nl\/de\/product\/urban-proof-recycelte-fahrradkiste-15l-junior-retro-gruen\/\" \/>\n<meta property=\"og:locale\" content=\"de_DE\" \/>\n<meta property=\"og:type\" content=\"article\" \/>\n<meta property=\"og:title\" content=\"URBAN PROOF Recycelte Fahrradkiste 15L JUNIOR - Urban Proof\" \/>\n<meta property=\"og:description\" content=\"- 100% recycelter Kunststoff - Hergestellt in Europa - Universell passend f\u00fcr jeden Gep\u00e4cktr\u00e4ger - Neues Logo mit Reflexion\" \/>\n<meta property=\"og:url\" content=\"https:\/\/urbanproof.nl\/de\/product\/urban-proof-recycelte-fahrradkiste-15l-junior-retro-gruen\/\" \/>\n<meta property=\"og:site_name\" content=\"Urban Proof\" \/>\n<meta property=\"article:modified_time\" content=\"2025-12-03T10:42:13+00:00\" \/>\n<meta property=\"og:image\" content=\"https:\/\/urbanproof.nl\/wp-content\/uploads\/2025\/04\/400778UP_1.jpg\" \/>\n\t<meta property=\"og:image:width\" content=\"2047\" \/>\n\t<meta property=\"og:image:height\" content=\"2047\" \/>\n\t<meta property=\"og:image:type\" content=\"image\/jpeg\" \/>\n<meta name=\"twitter:card\" content=\"summary_large_image\" \/>\n<meta name=\"twitter:label1\" content=\"Gesch\u00e4tzte Lesezeit\" \/>\n\t<meta name=\"twitter:data1\" content=\"1\u00a0Minute\" \/>\n<script type=\"application\/ld+json\" class=\"yoast-schema-graph\">{\"@context\":\"https:\/\/schema.org\",\"@graph\":[{\"@type\":\"WebPage\",\"@id\":\"https:\/\/urbanproof.nl\/de\/product\/urban-proof-recycelte-fahrradkiste-15l-junior-retro-gruen\/\",\"url\":\"https:\/\/urbanproof.nl\/de\/product\/urban-proof-recycelte-fahrradkiste-15l-junior-retro-gruen\/\",\"name\":\"URBAN PROOF Recycelte Fahrradkiste 15L JUNIOR - Urban Proof\",\"isPartOf\":{\"@id\":\"https:\/\/urbanproof.nl\/de\/#website\"},\"primaryImageOfPage\":{\"@id\":\"https:\/\/urbanproof.nl\/de\/product\/urban-proof-recycelte-fahrradkiste-15l-junior-retro-gruen\/#primaryimage\"},\"image\":{\"@id\":\"https:\/\/urbanproof.nl\/de\/product\/urban-proof-recycelte-fahrradkiste-15l-junior-retro-gruen\/#primaryimage\"},\"thumbnailUrl\":\"https:\/\/urbanproof.nl\/wp-content\/uploads\/2025\/04\/400778UP_1.jpg\",\"datePublished\":\"2025-04-14T13:48:34+00:00\",\"dateModified\":\"2025-12-03T10:42:13+00:00\",\"breadcrumb\":{\"@id\":\"https:\/\/urbanproof.nl\/de\/product\/urban-proof-recycelte-fahrradkiste-15l-junior-retro-gruen\/#breadcrumb\"},\"inLanguage\":\"de\",\"potentialAction\":[{\"@type\":\"ReadAction\",\"target\":[\"https:\/\/urbanproof.nl\/de\/product\/urban-proof-recycelte-fahrradkiste-15l-junior-retro-gruen\/\"]}]},{\"@type\":\"ImageObject\",\"inLanguage\":\"de\",\"@id\":\"https:\/\/urbanproof.nl\/de\/product\/urban-proof-recycelte-fahrradkiste-15l-junior-retro-gruen\/#primaryimage\",\"url\":\"https:\/\/urbanproof.nl\/wp-content\/uploads\/2025\/04\/400778UP_1.jpg\",\"contentUrl\":\"https:\/\/urbanproof.nl\/wp-content\/uploads\/2025\/04\/400778UP_1.jpg\",\"width\":2047,\"height\":2047},{\"@type\":\"BreadcrumbList\",\"@id\":\"https:\/\/urbanproof.nl\/de\/product\/urban-proof-recycelte-fahrradkiste-15l-junior-retro-gruen\/#breadcrumb\",\"itemListElement\":[{\"@type\":\"ListItem\",\"position\":1,\"name\":\"Startseite\",\"item\":\"https:\/\/urbanproof.nl\/de\/\"},{\"@type\":\"ListItem\",\"position\":2,\"name\":\"Produktpalette\",\"item\":\"https:\/\/urbanproof.nl\/de\/shop\/\"},{\"@type\":\"ListItem\",\"position\":3,\"name\":\"URBAN PROOF Recycelte Fahrradkiste 15L JUNIOR\"}]},{\"@type\":\"WebSite\",\"@id\":\"https:\/\/urbanproof.nl\/de\/#website\",\"url\":\"https:\/\/urbanproof.nl\/de\/\",\"name\":\"Urban Proof\",\"description\":\"Sustainability in Motion\",\"publisher\":{\"@id\":\"https:\/\/urbanproof.nl\/de\/#organization\"},\"potentialAction\":[{\"@type\":\"SearchAction\",\"target\":{\"@type\":\"EntryPoint\",\"urlTemplate\":\"https:\/\/urbanproof.nl\/de\/?s={search_term_string}\"},\"query-input\":{\"@type\":\"PropertyValueSpecification\",\"valueRequired\":true,\"valueName\":\"search_term_string\"}}],\"inLanguage\":\"de\"},{\"@type\":\"Organization\",\"@id\":\"https:\/\/urbanproof.nl\/de\/#organization\",\"name\":\"Urban Proof\",\"url\":\"https:\/\/urbanproof.nl\/de\/\",\"logo\":{\"@type\":\"ImageObject\",\"inLanguage\":\"de\",\"@id\":\"https:\/\/urbanproof.nl\/de\/#\/schema\/logo\/image\/\",\"url\":\"https:\/\/urbanproof.nl\/wp-content\/uploads\/2025\/04\/UBP_Logo_2022_ZWART.svg\",\"contentUrl\":\"https:\/\/urbanproof.nl\/wp-content\/uploads\/2025\/04\/UBP_Logo_2022_ZWART.svg\",\"caption\":\"Urban Proof\"},\"image\":{\"@id\":\"https:\/\/urbanproof.nl\/de\/#\/schema\/logo\/image\/\"},\"sameAs\":[\"https:\/\/www.instagram.com\/urbanproof_sustainable\/\",\"https:\/\/www.linkedin.com\/company\/urban-proof\"]}]}<\/script>\n<!-- \/ Yoast SEO plugin. -->","yoast_head_json":{"title":"URBAN PROOF Recycelte Fahrradkiste 15L JUNIOR - Urban Proof","robots":{"index":"index","follow":"follow","max-snippet":"max-snippet:-1","max-image-preview":"max-image-preview:large","max-video-preview":"max-video-preview:-1"},"canonical":"https:\/\/urbanproof.nl\/de\/product\/urban-proof-recycelte-fahrradkiste-15l-junior-retro-gruen\/","og_locale":"de_DE","og_type":"article","og_title":"URBAN PROOF Recycelte Fahrradkiste 15L JUNIOR - Urban Proof","og_description":"- 100% recycelter Kunststoff - Hergestellt in Europa - Universell passend f\u00fcr jeden Gep\u00e4cktr\u00e4ger - Neues Logo mit Reflexion","og_url":"https:\/\/urbanproof.nl\/de\/product\/urban-proof-recycelte-fahrradkiste-15l-junior-retro-gruen\/","og_site_name":"Urban Proof","article_modified_time":"2025-12-03T10:42:13+00:00","og_image":[{"width":2047,"height":2047,"url":"https:\/\/urbanproof.nl\/wp-content\/uploads\/2025\/04\/400778UP_1.jpg","type":"image\/jpeg"}],"twitter_card":"summary_large_image","twitter_misc":{"Gesch\u00e4tzte Lesezeit":"1\u00a0Minute"},"schema":{"@context":"https:\/\/schema.org","@graph":[{"@type":"WebPage","@id":"https:\/\/urbanproof.nl\/de\/product\/urban-proof-recycelte-fahrradkiste-15l-junior-retro-gruen\/","url":"https:\/\/urbanproof.nl\/de\/product\/urban-proof-recycelte-fahrradkiste-15l-junior-retro-gruen\/","name":"URBAN PROOF Recycelte Fahrradkiste 15L JUNIOR - Urban Proof","isPartOf":{"@id":"https:\/\/urbanproof.nl\/de\/#website"},"primaryImageOfPage":{"@id":"https:\/\/urbanproof.nl\/de\/product\/urban-proof-recycelte-fahrradkiste-15l-junior-retro-gruen\/#primaryimage"},"image":{"@id":"https:\/\/urbanproof.nl\/de\/product\/urban-proof-recycelte-fahrradkiste-15l-junior-retro-gruen\/#primaryimage"},"thumbnailUrl":"https:\/\/urbanproof.nl\/wp-content\/uploads\/2025\/04\/400778UP_1.jpg","datePublished":"2025-04-14T13:48:34+00:00","dateModified":"2025-12-03T10:42:13+00:00","breadcrumb":{"@id":"https:\/\/urbanproof.nl\/de\/product\/urban-proof-recycelte-fahrradkiste-15l-junior-retro-gruen\/#breadcrumb"},"inLanguage":"de","potentialAction":[{"@type":"ReadAction","target":["https:\/\/urbanproof.nl\/de\/product\/urban-proof-recycelte-fahrradkiste-15l-junior-retro-gruen\/"]}]},{"@type":"ImageObject","inLanguage":"de","@id":"https:\/\/urbanproof.nl\/de\/product\/urban-proof-recycelte-fahrradkiste-15l-junior-retro-gruen\/#primaryimage","url":"https:\/\/urbanproof.nl\/wp-content\/uploads\/2025\/04\/400778UP_1.jpg","contentUrl":"https:\/\/urbanproof.nl\/wp-content\/uploads\/2025\/04\/400778UP_1.jpg","width":2047,"height":2047},{"@type":"BreadcrumbList","@id":"https:\/\/urbanproof.nl\/de\/product\/urban-proof-recycelte-fahrradkiste-15l-junior-retro-gruen\/#breadcrumb","itemListElement":[{"@type":"ListItem","position":1,"name":"Startseite","item":"https:\/\/urbanproof.nl\/de\/"},{"@type":"ListItem","position":2,"name":"Produktpalette","item":"https:\/\/urbanproof.nl\/de\/shop\/"},{"@type":"ListItem","position":3,"name":"URBAN PROOF Recycelte Fahrradkiste 15L JUNIOR"}]},{"@type":"WebSite","@id":"https:\/\/urbanproof.nl\/de\/#website","url":"https:\/\/urbanproof.nl\/de\/","name":"Urban Proof","description":"Sustainability in Motion","publisher":{"@id":"https:\/\/urbanproof.nl\/de\/#organization"},"potentialAction":[{"@type":"SearchAction","target":{"@type":"EntryPoint","urlTemplate":"https:\/\/urbanproof.nl\/de\/?s={search_term_string}"},"query-input":{"@type":"PropertyValueSpecification","valueRequired":true,"valueName":"search_term_string"}}],"inLanguage":"de"},{"@type":"Organization","@id":"https:\/\/urbanproof.nl\/de\/#organization","name":"Urban Proof","url":"https:\/\/urbanproof.nl\/de\/","logo":{"@type":"ImageObject","inLanguage":"de","@id":"https:\/\/urbanproof.nl\/de\/#\/schema\/logo\/image\/","url":"https:\/\/urbanproof.nl\/wp-content\/uploads\/2025\/04\/UBP_Logo_2022_ZWART.svg","contentUrl":"https:\/\/urbanproof.nl\/wp-content\/uploads\/2025\/04\/UBP_Logo_2022_ZWART.svg","caption":"Urban Proof"},"image":{"@id":"https:\/\/urbanproof.nl\/de\/#\/schema\/logo\/image\/"},"sameAs":["https:\/\/www.instagram.com\/urbanproof_sustainable\/","https:\/\/www.linkedin.com\/company\/urban-proof"]}]}},"_links":{"self":[{"href":"https:\/\/urbanproof.nl\/de\/wp-json\/wp\/v2\/product\/2992","targetHints":{"allow":["GET"]}}],"collection":[{"href":"https:\/\/urbanproof.nl\/de\/wp-json\/wp\/v2\/product"}],"about":[{"href":"https:\/\/urbanproof.nl\/de\/wp-json\/wp\/v2\/types\/product"}],"version-history":[{"count":1,"href":"https:\/\/urbanproof.nl\/de\/wp-json\/wp\/v2\/product\/2992\/revisions"}],"predecessor-version":[{"id":7004,"href":"https:\/\/urbanproof.nl\/de\/wp-json\/wp\/v2\/product\/2992\/revisions\/7004"}],"wp:featuredmedia":[{"embeddable":true,"href":"https:\/\/urbanproof.nl\/de\/wp-json\/wp\/v2\/media\/4265"}],"wp:attachment":[{"href":"https:\/\/urbanproof.nl\/de\/wp-json\/wp\/v2\/media?parent=2992"}],"wp:term":[{"taxonomy":"product_brand","embeddable":true,"href":"https:\/\/urbanproof.nl\/de\/wp-json\/wp\/v2\/product_brand?post=2992"},{"taxonomy":"product_cat","embeddable":true,"href":"https:\/\/urbanproof.nl\/de\/wp-json\/wp\/v2\/product_cat?post=2992"},{"taxonomy":"product_tag","embeddable":true,"href":"https:\/\/urbanproof.nl\/de\/wp-json\/wp\/v2\/product_tag?post=2992"}],"curies":[{"name":"wp","href":"https:\/\/api.w.org\/{rel}","templated":true}]}}