{"id":2985,"date":"2025-04-14T15:48:21","date_gmt":"2025-04-14T13:48:21","guid":{"rendered":"https:\/\/urbanproof.nl\/assortiment\/unkategorisiert\/urban-proof-recycelte-fahrradkiste-30l-click-koenigsblau\/"},"modified":"2025-12-03T12:41:53","modified_gmt":"2025-12-03T10:41:53","slug":"urban-proof-recycelte-fahrradkiste-30l-click-koenigsblau","status":"publish","type":"product","link":"https:\/\/urbanproof.nl\/de\/product\/urban-proof-recycelte-fahrradkiste-30l-click-koenigsblau\/","title":{"rendered":"URBAN PROOF Recycelte Fahrradkiste 30L CLICK"},"content":{"rendered":"<p>Suchen Sie nach einer M\u00f6glichkeit, Ihre Sachen auf Ihrem Fahrrad zu transportieren? Dann sind Sie bei unserer neuen Urban Proof Kistenkollektion genau richtig!  Hergestellt aus 100% recyceltem Kunststoff und produziert in Europa f\u00fcr einen geringeren \u00f6kologischen Fu\u00dfabdruck. Es war noch nie so einfach, Ordnung in Ihre Sachen zu bringen. <\/p>\n<p>Radfahren ist die coolste Art, sich in der Stadt fortzubewegen. Kisten sind die perfekte L\u00f6sung f\u00fcr Studenten und Erwachsene, um B\u00fccher, Sportausr\u00fcstung und mehr zu transportieren. Sie sind leicht, robust und langlebig. Damit Sie im Stra\u00dfenverkehr besser gesehen werden, ist diese neue Kiste mit einem reflektierenden Logo versehen und verf\u00fcgt \u00fcber eine Aussparung an der Vorderseite f\u00fcr eine Fahrradlampe. Fahren Sie stilvoll von A nach B mit einer Kiste auf Ihrem Fahrrad &#8211; ohne auf Komfort oder Bequemlichkeit verzichten zu m\u00fcssen!      <\/p>\n","protected":false},"excerpt":{"rendered":"<p>  &#8211; 100% recycelter Kunststoff<br \/>\n &#8211; Made in Europe<br \/>\n &#8211; Universell passend f\u00fcr jeden Gep\u00e4cktr\u00e4ger<br \/>\n &#8211; Erneuerte Optik mit Aussparung f\u00fcr Fahrradlicht<br \/>\n &#8211; Neues Logo mit Reflexion<br \/>\n &#8211; Auch f\u00fcr die Montagesysteme MIK und AVS geeignet<\/p>\n","protected":false},"featured_media":4350,"template":"","meta":[],"product_brand":[],"product_cat":[679,515],"product_tag":[680],"class_list":{"0":"post-2985","1":"product","2":"type-product","3":"status-publish","4":"has-post-thumbnail","6":"product_cat-30l-fahrradkisten","7":"product_cat-kisten-fur-fahrrader","8":"product_tag-30l-fahrradkisten","9":"pa_afmetinglbh-40cm-x-30cm-x-25cm-de","10":"pa_collectie-30l-click-kollektion","11":"pa_e-bike-ready-ja-de","12":"pa_gewicht-800-gramm","13":"pa_inhoud-30-liter-de","14":"pa_kleur-konigsblau","15":"pa_materiaal-recyceltes-pp","16":"pa_reflectie-ja-de","17":"pa_type-product-fahrradkiste","18":"pa_volume-30l-de","20":"first","21":"instock","22":"taxable","23":"shipping-taxable","24":"purchasable","25":"product-type-simple"},"yoast_head":"<!-- This site is optimized with the Yoast SEO plugin v27.1.1 - https:\/\/yoast.com\/product\/yoast-seo-wordpress\/ -->\n<title>URBAN PROOF Recycelte Fahrradkiste 30L CLICK - Urban Proof<\/title>\n<meta name=\"robots\" content=\"index, follow, max-snippet:-1, max-image-preview:large, max-video-preview:-1\" \/>\n<link rel=\"canonical\" href=\"https:\/\/urbanproof.nl\/de\/product\/urban-proof-recycelte-fahrradkiste-30l-click-koenigsblau\/\" \/>\n<meta property=\"og:locale\" content=\"de_DE\" \/>\n<meta property=\"og:type\" content=\"article\" \/>\n<meta property=\"og:title\" content=\"URBAN PROOF Recycelte Fahrradkiste 30L CLICK - Urban Proof\" \/>\n<meta property=\"og:description\" content=\"- 100% recycelter Kunststoff - Made in Europe - Universell passend f\u00fcr jeden Gep\u00e4cktr\u00e4ger - Erneuerte Optik mit Aussparung f\u00fcr Fahrradlicht  - Neues Logo mit Reflexion  - Auch f\u00fcr die Montagesysteme MIK und AVS geeignet\" \/>\n<meta property=\"og:url\" content=\"https:\/\/urbanproof.nl\/de\/product\/urban-proof-recycelte-fahrradkiste-30l-click-koenigsblau\/\" \/>\n<meta property=\"og:site_name\" content=\"Urban Proof\" \/>\n<meta property=\"article:modified_time\" content=\"2025-12-03T10:41:53+00:00\" \/>\n<meta property=\"og:image\" content=\"https:\/\/urbanproof.nl\/wp-content\/uploads\/2025\/04\/400768UP_1.jpg\" \/>\n\t<meta property=\"og:image:width\" content=\"2047\" \/>\n\t<meta property=\"og:image:height\" content=\"2047\" \/>\n\t<meta property=\"og:image:type\" content=\"image\/jpeg\" \/>\n<meta name=\"twitter:card\" content=\"summary_large_image\" \/>\n<meta name=\"twitter:label1\" content=\"Gesch\u00e4tzte Lesezeit\" \/>\n\t<meta name=\"twitter:data1\" content=\"1\u00a0Minute\" \/>\n<script type=\"application\/ld+json\" class=\"yoast-schema-graph\">{\"@context\":\"https:\/\/schema.org\",\"@graph\":[{\"@type\":\"WebPage\",\"@id\":\"https:\/\/urbanproof.nl\/de\/product\/urban-proof-recycelte-fahrradkiste-30l-click-koenigsblau\/\",\"url\":\"https:\/\/urbanproof.nl\/de\/product\/urban-proof-recycelte-fahrradkiste-30l-click-koenigsblau\/\",\"name\":\"URBAN PROOF Recycelte Fahrradkiste 30L CLICK - Urban Proof\",\"isPartOf\":{\"@id\":\"https:\/\/urbanproof.nl\/de\/#website\"},\"primaryImageOfPage\":{\"@id\":\"https:\/\/urbanproof.nl\/de\/product\/urban-proof-recycelte-fahrradkiste-30l-click-koenigsblau\/#primaryimage\"},\"image\":{\"@id\":\"https:\/\/urbanproof.nl\/de\/product\/urban-proof-recycelte-fahrradkiste-30l-click-koenigsblau\/#primaryimage\"},\"thumbnailUrl\":\"https:\/\/urbanproof.nl\/wp-content\/uploads\/2025\/04\/400768UP_1.jpg\",\"datePublished\":\"2025-04-14T13:48:21+00:00\",\"dateModified\":\"2025-12-03T10:41:53+00:00\",\"breadcrumb\":{\"@id\":\"https:\/\/urbanproof.nl\/de\/product\/urban-proof-recycelte-fahrradkiste-30l-click-koenigsblau\/#breadcrumb\"},\"inLanguage\":\"de\",\"potentialAction\":[{\"@type\":\"ReadAction\",\"target\":[\"https:\/\/urbanproof.nl\/de\/product\/urban-proof-recycelte-fahrradkiste-30l-click-koenigsblau\/\"]}]},{\"@type\":\"ImageObject\",\"inLanguage\":\"de\",\"@id\":\"https:\/\/urbanproof.nl\/de\/product\/urban-proof-recycelte-fahrradkiste-30l-click-koenigsblau\/#primaryimage\",\"url\":\"https:\/\/urbanproof.nl\/wp-content\/uploads\/2025\/04\/400768UP_1.jpg\",\"contentUrl\":\"https:\/\/urbanproof.nl\/wp-content\/uploads\/2025\/04\/400768UP_1.jpg\",\"width\":2047,\"height\":2047},{\"@type\":\"BreadcrumbList\",\"@id\":\"https:\/\/urbanproof.nl\/de\/product\/urban-proof-recycelte-fahrradkiste-30l-click-koenigsblau\/#breadcrumb\",\"itemListElement\":[{\"@type\":\"ListItem\",\"position\":1,\"name\":\"Startseite\",\"item\":\"https:\/\/urbanproof.nl\/de\/\"},{\"@type\":\"ListItem\",\"position\":2,\"name\":\"Produktpalette\",\"item\":\"https:\/\/urbanproof.nl\/de\/shop\/\"},{\"@type\":\"ListItem\",\"position\":3,\"name\":\"URBAN PROOF Recycelte Fahrradkiste 30L CLICK\"}]},{\"@type\":\"WebSite\",\"@id\":\"https:\/\/urbanproof.nl\/de\/#website\",\"url\":\"https:\/\/urbanproof.nl\/de\/\",\"name\":\"Urban Proof\",\"description\":\"Sustainability in Motion\",\"publisher\":{\"@id\":\"https:\/\/urbanproof.nl\/de\/#organization\"},\"potentialAction\":[{\"@type\":\"SearchAction\",\"target\":{\"@type\":\"EntryPoint\",\"urlTemplate\":\"https:\/\/urbanproof.nl\/de\/?s={search_term_string}\"},\"query-input\":{\"@type\":\"PropertyValueSpecification\",\"valueRequired\":true,\"valueName\":\"search_term_string\"}}],\"inLanguage\":\"de\"},{\"@type\":\"Organization\",\"@id\":\"https:\/\/urbanproof.nl\/de\/#organization\",\"name\":\"Urban Proof\",\"url\":\"https:\/\/urbanproof.nl\/de\/\",\"logo\":{\"@type\":\"ImageObject\",\"inLanguage\":\"de\",\"@id\":\"https:\/\/urbanproof.nl\/de\/#\/schema\/logo\/image\/\",\"url\":\"https:\/\/urbanproof.nl\/wp-content\/uploads\/2025\/04\/UBP_Logo_2022_ZWART.svg\",\"contentUrl\":\"https:\/\/urbanproof.nl\/wp-content\/uploads\/2025\/04\/UBP_Logo_2022_ZWART.svg\",\"caption\":\"Urban Proof\"},\"image\":{\"@id\":\"https:\/\/urbanproof.nl\/de\/#\/schema\/logo\/image\/\"},\"sameAs\":[\"https:\/\/www.instagram.com\/urbanproof_sustainable\/\",\"https:\/\/www.linkedin.com\/company\/urban-proof\"]}]}<\/script>\n<!-- \/ Yoast SEO plugin. -->","yoast_head_json":{"title":"URBAN PROOF Recycelte Fahrradkiste 30L CLICK - Urban Proof","robots":{"index":"index","follow":"follow","max-snippet":"max-snippet:-1","max-image-preview":"max-image-preview:large","max-video-preview":"max-video-preview:-1"},"canonical":"https:\/\/urbanproof.nl\/de\/product\/urban-proof-recycelte-fahrradkiste-30l-click-koenigsblau\/","og_locale":"de_DE","og_type":"article","og_title":"URBAN PROOF Recycelte Fahrradkiste 30L CLICK - Urban Proof","og_description":"- 100% recycelter Kunststoff - Made in Europe - Universell passend f\u00fcr jeden Gep\u00e4cktr\u00e4ger - Erneuerte Optik mit Aussparung f\u00fcr Fahrradlicht  - Neues Logo mit Reflexion  - Auch f\u00fcr die Montagesysteme MIK und AVS geeignet","og_url":"https:\/\/urbanproof.nl\/de\/product\/urban-proof-recycelte-fahrradkiste-30l-click-koenigsblau\/","og_site_name":"Urban Proof","article_modified_time":"2025-12-03T10:41:53+00:00","og_image":[{"width":2047,"height":2047,"url":"https:\/\/urbanproof.nl\/wp-content\/uploads\/2025\/04\/400768UP_1.jpg","type":"image\/jpeg"}],"twitter_card":"summary_large_image","twitter_misc":{"Gesch\u00e4tzte Lesezeit":"1\u00a0Minute"},"schema":{"@context":"https:\/\/schema.org","@graph":[{"@type":"WebPage","@id":"https:\/\/urbanproof.nl\/de\/product\/urban-proof-recycelte-fahrradkiste-30l-click-koenigsblau\/","url":"https:\/\/urbanproof.nl\/de\/product\/urban-proof-recycelte-fahrradkiste-30l-click-koenigsblau\/","name":"URBAN PROOF Recycelte Fahrradkiste 30L CLICK - Urban Proof","isPartOf":{"@id":"https:\/\/urbanproof.nl\/de\/#website"},"primaryImageOfPage":{"@id":"https:\/\/urbanproof.nl\/de\/product\/urban-proof-recycelte-fahrradkiste-30l-click-koenigsblau\/#primaryimage"},"image":{"@id":"https:\/\/urbanproof.nl\/de\/product\/urban-proof-recycelte-fahrradkiste-30l-click-koenigsblau\/#primaryimage"},"thumbnailUrl":"https:\/\/urbanproof.nl\/wp-content\/uploads\/2025\/04\/400768UP_1.jpg","datePublished":"2025-04-14T13:48:21+00:00","dateModified":"2025-12-03T10:41:53+00:00","breadcrumb":{"@id":"https:\/\/urbanproof.nl\/de\/product\/urban-proof-recycelte-fahrradkiste-30l-click-koenigsblau\/#breadcrumb"},"inLanguage":"de","potentialAction":[{"@type":"ReadAction","target":["https:\/\/urbanproof.nl\/de\/product\/urban-proof-recycelte-fahrradkiste-30l-click-koenigsblau\/"]}]},{"@type":"ImageObject","inLanguage":"de","@id":"https:\/\/urbanproof.nl\/de\/product\/urban-proof-recycelte-fahrradkiste-30l-click-koenigsblau\/#primaryimage","url":"https:\/\/urbanproof.nl\/wp-content\/uploads\/2025\/04\/400768UP_1.jpg","contentUrl":"https:\/\/urbanproof.nl\/wp-content\/uploads\/2025\/04\/400768UP_1.jpg","width":2047,"height":2047},{"@type":"BreadcrumbList","@id":"https:\/\/urbanproof.nl\/de\/product\/urban-proof-recycelte-fahrradkiste-30l-click-koenigsblau\/#breadcrumb","itemListElement":[{"@type":"ListItem","position":1,"name":"Startseite","item":"https:\/\/urbanproof.nl\/de\/"},{"@type":"ListItem","position":2,"name":"Produktpalette","item":"https:\/\/urbanproof.nl\/de\/shop\/"},{"@type":"ListItem","position":3,"name":"URBAN PROOF Recycelte Fahrradkiste 30L CLICK"}]},{"@type":"WebSite","@id":"https:\/\/urbanproof.nl\/de\/#website","url":"https:\/\/urbanproof.nl\/de\/","name":"Urban Proof","description":"Sustainability in Motion","publisher":{"@id":"https:\/\/urbanproof.nl\/de\/#organization"},"potentialAction":[{"@type":"SearchAction","target":{"@type":"EntryPoint","urlTemplate":"https:\/\/urbanproof.nl\/de\/?s={search_term_string}"},"query-input":{"@type":"PropertyValueSpecification","valueRequired":true,"valueName":"search_term_string"}}],"inLanguage":"de"},{"@type":"Organization","@id":"https:\/\/urbanproof.nl\/de\/#organization","name":"Urban Proof","url":"https:\/\/urbanproof.nl\/de\/","logo":{"@type":"ImageObject","inLanguage":"de","@id":"https:\/\/urbanproof.nl\/de\/#\/schema\/logo\/image\/","url":"https:\/\/urbanproof.nl\/wp-content\/uploads\/2025\/04\/UBP_Logo_2022_ZWART.svg","contentUrl":"https:\/\/urbanproof.nl\/wp-content\/uploads\/2025\/04\/UBP_Logo_2022_ZWART.svg","caption":"Urban Proof"},"image":{"@id":"https:\/\/urbanproof.nl\/de\/#\/schema\/logo\/image\/"},"sameAs":["https:\/\/www.instagram.com\/urbanproof_sustainable\/","https:\/\/www.linkedin.com\/company\/urban-proof"]}]}},"_links":{"self":[{"href":"https:\/\/urbanproof.nl\/de\/wp-json\/wp\/v2\/product\/2985","targetHints":{"allow":["GET"]}}],"collection":[{"href":"https:\/\/urbanproof.nl\/de\/wp-json\/wp\/v2\/product"}],"about":[{"href":"https:\/\/urbanproof.nl\/de\/wp-json\/wp\/v2\/types\/product"}],"version-history":[{"count":1,"href":"https:\/\/urbanproof.nl\/de\/wp-json\/wp\/v2\/product\/2985\/revisions"}],"predecessor-version":[{"id":6974,"href":"https:\/\/urbanproof.nl\/de\/wp-json\/wp\/v2\/product\/2985\/revisions\/6974"}],"wp:featuredmedia":[{"embeddable":true,"href":"https:\/\/urbanproof.nl\/de\/wp-json\/wp\/v2\/media\/4350"}],"wp:attachment":[{"href":"https:\/\/urbanproof.nl\/de\/wp-json\/wp\/v2\/media?parent=2985"}],"wp:term":[{"taxonomy":"product_brand","embeddable":true,"href":"https:\/\/urbanproof.nl\/de\/wp-json\/wp\/v2\/product_brand?post=2985"},{"taxonomy":"product_cat","embeddable":true,"href":"https:\/\/urbanproof.nl\/de\/wp-json\/wp\/v2\/product_cat?post=2985"},{"taxonomy":"product_tag","embeddable":true,"href":"https:\/\/urbanproof.nl\/de\/wp-json\/wp\/v2\/product_tag?post=2985"}],"curies":[{"name":"wp","href":"https:\/\/api.w.org\/{rel}","templated":true}]}}