{"id":2978,"date":"2025-04-14T15:48:09","date_gmt":"2025-04-14T13:48:09","guid":{"rendered":"https:\/\/urbanproof.nl\/assortiment\/unkategorisiert\/urban-proof-recycelte-fahrradtasche-mit-langem-schwanz-60l\/"},"modified":"2025-12-03T12:41:39","modified_gmt":"2025-12-03T10:41:39","slug":"urban-proof-recycelte-fahrradtasche-mit-langem-schwanz-60l","status":"publish","type":"product","link":"https:\/\/urbanproof.nl\/de\/product\/urban-proof-recycelte-fahrradtasche-mit-langem-schwanz-60l\/","title":{"rendered":"URBAN PROOF Recycelte Fahrradtasche mit langem Schwanz 60L"},"content":{"rendered":"<p>Die Urban Proof Recycled Longtail Fahrradtasche 60L wurde speziell f\u00fcr Longtail-R\u00e4der und E-Bikes entwickelt und verf\u00fcgt \u00fcber ein universelles Gep\u00e4cktr\u00e4ger-Befestigungssystem. Diese wasserfeste Tasche bietet 60 Liter Stauraum und verf\u00fcgt \u00fcber reflektierende Details f\u00fcr zus\u00e4tzliche Sichtbarkeit im Dunkeln. Hergestellt aus 72 recycelten PET-Flaschen, ist sie nicht nur funktionell, sondern auch nachhaltig. Mit den Ma\u00dfen 66 cm x 21 cm x 63 cm ist diese Tasche die perfekte Wahl f\u00fcr den modernen Radfahrer, der Wert auf Platz, Sicherheit und Umweltfreundlichkeit legt.   <\/p>\n","protected":false},"excerpt":{"rendered":"<p>  &#8211; Speziell entwickelt f\u00fcr das Longtail-Fahrrad \/ E-Bike<br \/>\n&#8211; Universelles Gep\u00e4cktr\u00e4ger-Befestigungssystem<br \/>\n&#8211; Wasserfest<br \/>\n&#8211; Reflexion an den Seiten<br \/>\n&#8211; Hergestellt aus 72 recycelten 500ML PET-Flaschen<\/p>\n","protected":false},"featured_media":4328,"template":"","meta":[],"product_brand":[],"product_cat":[508,507],"product_tag":[677,675],"class_list":{"0":"post-2978","1":"product","2":"type-product","3":"status-publish","4":"has-post-thumbnail","6":"product_cat-einzelne-gepacktaschen","7":"product_cat-rucksacke","8":"product_tag-core-kollektion-fahrradtaschen-mit-langem-heck","9":"product_tag-neu","10":"pa_afmetinglbh-66cm-x-21cm-x-63cm-de","11":"pa_collectie-kern-kollektion","12":"pa_e-bike-ready-ja-de","13":"pa_gewicht-2112-gramm","14":"pa_inhoud-60-liter-de","15":"pa_kleur-schwarz","16":"pa_materiaal-recyceltes-pet-rpet-900d","17":"pa_reflectie-ja-de","18":"pa_type-product-einzelne-gepacktragertasche","19":"pa_volume-60l-de","21":"first","22":"instock","23":"featured","24":"taxable","25":"shipping-taxable","26":"purchasable","27":"product-type-simple"},"yoast_head":"<!-- This site is optimized with the Yoast SEO plugin v27.1.1 - https:\/\/yoast.com\/product\/yoast-seo-wordpress\/ -->\n<title>URBAN PROOF Recycelte Fahrradtasche mit langem Schwanz 60L - Urban Proof<\/title>\n<meta name=\"robots\" content=\"index, follow, max-snippet:-1, max-image-preview:large, max-video-preview:-1\" \/>\n<link rel=\"canonical\" href=\"https:\/\/urbanproof.nl\/de\/product\/urban-proof-recycelte-fahrradtasche-mit-langem-schwanz-60l\/\" \/>\n<meta property=\"og:locale\" content=\"de_DE\" \/>\n<meta property=\"og:type\" content=\"article\" \/>\n<meta property=\"og:title\" content=\"URBAN PROOF Recycelte Fahrradtasche mit langem Schwanz 60L - Urban Proof\" \/>\n<meta property=\"og:description\" content=\"- Speziell entwickelt f\u00fcr das Longtail-Fahrrad \/ E-Bike - Universelles Gep\u00e4cktr\u00e4ger-Befestigungssystem - Wasserfest - Reflexion an den Seiten - Hergestellt aus 72 recycelten 500ML PET-Flaschen\" \/>\n<meta property=\"og:url\" content=\"https:\/\/urbanproof.nl\/de\/product\/urban-proof-recycelte-fahrradtasche-mit-langem-schwanz-60l\/\" \/>\n<meta property=\"og:site_name\" content=\"Urban Proof\" \/>\n<meta property=\"article:modified_time\" content=\"2025-12-03T10:41:39+00:00\" \/>\n<meta property=\"og:image\" content=\"https:\/\/urbanproof.nl\/wp-content\/uploads\/2025\/04\/400755UP_1.jpg\" \/>\n\t<meta property=\"og:image:width\" content=\"2047\" \/>\n\t<meta property=\"og:image:height\" content=\"2047\" \/>\n\t<meta property=\"og:image:type\" content=\"image\/jpeg\" \/>\n<meta name=\"twitter:card\" content=\"summary_large_image\" \/>\n<script type=\"application\/ld+json\" class=\"yoast-schema-graph\">{\"@context\":\"https:\/\/schema.org\",\"@graph\":[{\"@type\":\"WebPage\",\"@id\":\"https:\/\/urbanproof.nl\/de\/product\/urban-proof-recycelte-fahrradtasche-mit-langem-schwanz-60l\/\",\"url\":\"https:\/\/urbanproof.nl\/de\/product\/urban-proof-recycelte-fahrradtasche-mit-langem-schwanz-60l\/\",\"name\":\"URBAN PROOF Recycelte Fahrradtasche mit langem Schwanz 60L - Urban Proof\",\"isPartOf\":{\"@id\":\"https:\/\/urbanproof.nl\/de\/#website\"},\"primaryImageOfPage\":{\"@id\":\"https:\/\/urbanproof.nl\/de\/product\/urban-proof-recycelte-fahrradtasche-mit-langem-schwanz-60l\/#primaryimage\"},\"image\":{\"@id\":\"https:\/\/urbanproof.nl\/de\/product\/urban-proof-recycelte-fahrradtasche-mit-langem-schwanz-60l\/#primaryimage\"},\"thumbnailUrl\":\"https:\/\/urbanproof.nl\/wp-content\/uploads\/2025\/04\/400755UP_1.jpg\",\"datePublished\":\"2025-04-14T13:48:09+00:00\",\"dateModified\":\"2025-12-03T10:41:39+00:00\",\"breadcrumb\":{\"@id\":\"https:\/\/urbanproof.nl\/de\/product\/urban-proof-recycelte-fahrradtasche-mit-langem-schwanz-60l\/#breadcrumb\"},\"inLanguage\":\"de\",\"potentialAction\":[{\"@type\":\"ReadAction\",\"target\":[\"https:\/\/urbanproof.nl\/de\/product\/urban-proof-recycelte-fahrradtasche-mit-langem-schwanz-60l\/\"]}]},{\"@type\":\"ImageObject\",\"inLanguage\":\"de\",\"@id\":\"https:\/\/urbanproof.nl\/de\/product\/urban-proof-recycelte-fahrradtasche-mit-langem-schwanz-60l\/#primaryimage\",\"url\":\"https:\/\/urbanproof.nl\/wp-content\/uploads\/2025\/04\/400755UP_1.jpg\",\"contentUrl\":\"https:\/\/urbanproof.nl\/wp-content\/uploads\/2025\/04\/400755UP_1.jpg\",\"width\":2047,\"height\":2047},{\"@type\":\"BreadcrumbList\",\"@id\":\"https:\/\/urbanproof.nl\/de\/product\/urban-proof-recycelte-fahrradtasche-mit-langem-schwanz-60l\/#breadcrumb\",\"itemListElement\":[{\"@type\":\"ListItem\",\"position\":1,\"name\":\"Startseite\",\"item\":\"https:\/\/urbanproof.nl\/de\/\"},{\"@type\":\"ListItem\",\"position\":2,\"name\":\"Produktpalette\",\"item\":\"https:\/\/urbanproof.nl\/de\/shop\/\"},{\"@type\":\"ListItem\",\"position\":3,\"name\":\"URBAN PROOF Recycelte Fahrradtasche mit langem Schwanz 60L\"}]},{\"@type\":\"WebSite\",\"@id\":\"https:\/\/urbanproof.nl\/de\/#website\",\"url\":\"https:\/\/urbanproof.nl\/de\/\",\"name\":\"Urban Proof\",\"description\":\"Sustainability in Motion\",\"publisher\":{\"@id\":\"https:\/\/urbanproof.nl\/de\/#organization\"},\"potentialAction\":[{\"@type\":\"SearchAction\",\"target\":{\"@type\":\"EntryPoint\",\"urlTemplate\":\"https:\/\/urbanproof.nl\/de\/?s={search_term_string}\"},\"query-input\":{\"@type\":\"PropertyValueSpecification\",\"valueRequired\":true,\"valueName\":\"search_term_string\"}}],\"inLanguage\":\"de\"},{\"@type\":\"Organization\",\"@id\":\"https:\/\/urbanproof.nl\/de\/#organization\",\"name\":\"Urban Proof\",\"url\":\"https:\/\/urbanproof.nl\/de\/\",\"logo\":{\"@type\":\"ImageObject\",\"inLanguage\":\"de\",\"@id\":\"https:\/\/urbanproof.nl\/de\/#\/schema\/logo\/image\/\",\"url\":\"https:\/\/urbanproof.nl\/wp-content\/uploads\/2025\/04\/UBP_Logo_2022_ZWART.svg\",\"contentUrl\":\"https:\/\/urbanproof.nl\/wp-content\/uploads\/2025\/04\/UBP_Logo_2022_ZWART.svg\",\"caption\":\"Urban Proof\"},\"image\":{\"@id\":\"https:\/\/urbanproof.nl\/de\/#\/schema\/logo\/image\/\"},\"sameAs\":[\"https:\/\/www.instagram.com\/urbanproof_sustainable\/\",\"https:\/\/www.linkedin.com\/company\/urban-proof\"]}]}<\/script>\n<!-- \/ Yoast SEO plugin. -->","yoast_head_json":{"title":"URBAN PROOF Recycelte Fahrradtasche mit langem Schwanz 60L - Urban Proof","robots":{"index":"index","follow":"follow","max-snippet":"max-snippet:-1","max-image-preview":"max-image-preview:large","max-video-preview":"max-video-preview:-1"},"canonical":"https:\/\/urbanproof.nl\/de\/product\/urban-proof-recycelte-fahrradtasche-mit-langem-schwanz-60l\/","og_locale":"de_DE","og_type":"article","og_title":"URBAN PROOF Recycelte Fahrradtasche mit langem Schwanz 60L - Urban Proof","og_description":"- Speziell entwickelt f\u00fcr das Longtail-Fahrrad \/ E-Bike - Universelles Gep\u00e4cktr\u00e4ger-Befestigungssystem - Wasserfest - Reflexion an den Seiten - Hergestellt aus 72 recycelten 500ML PET-Flaschen","og_url":"https:\/\/urbanproof.nl\/de\/product\/urban-proof-recycelte-fahrradtasche-mit-langem-schwanz-60l\/","og_site_name":"Urban Proof","article_modified_time":"2025-12-03T10:41:39+00:00","og_image":[{"width":2047,"height":2047,"url":"https:\/\/urbanproof.nl\/wp-content\/uploads\/2025\/04\/400755UP_1.jpg","type":"image\/jpeg"}],"twitter_card":"summary_large_image","schema":{"@context":"https:\/\/schema.org","@graph":[{"@type":"WebPage","@id":"https:\/\/urbanproof.nl\/de\/product\/urban-proof-recycelte-fahrradtasche-mit-langem-schwanz-60l\/","url":"https:\/\/urbanproof.nl\/de\/product\/urban-proof-recycelte-fahrradtasche-mit-langem-schwanz-60l\/","name":"URBAN PROOF Recycelte Fahrradtasche mit langem Schwanz 60L - Urban Proof","isPartOf":{"@id":"https:\/\/urbanproof.nl\/de\/#website"},"primaryImageOfPage":{"@id":"https:\/\/urbanproof.nl\/de\/product\/urban-proof-recycelte-fahrradtasche-mit-langem-schwanz-60l\/#primaryimage"},"image":{"@id":"https:\/\/urbanproof.nl\/de\/product\/urban-proof-recycelte-fahrradtasche-mit-langem-schwanz-60l\/#primaryimage"},"thumbnailUrl":"https:\/\/urbanproof.nl\/wp-content\/uploads\/2025\/04\/400755UP_1.jpg","datePublished":"2025-04-14T13:48:09+00:00","dateModified":"2025-12-03T10:41:39+00:00","breadcrumb":{"@id":"https:\/\/urbanproof.nl\/de\/product\/urban-proof-recycelte-fahrradtasche-mit-langem-schwanz-60l\/#breadcrumb"},"inLanguage":"de","potentialAction":[{"@type":"ReadAction","target":["https:\/\/urbanproof.nl\/de\/product\/urban-proof-recycelte-fahrradtasche-mit-langem-schwanz-60l\/"]}]},{"@type":"ImageObject","inLanguage":"de","@id":"https:\/\/urbanproof.nl\/de\/product\/urban-proof-recycelte-fahrradtasche-mit-langem-schwanz-60l\/#primaryimage","url":"https:\/\/urbanproof.nl\/wp-content\/uploads\/2025\/04\/400755UP_1.jpg","contentUrl":"https:\/\/urbanproof.nl\/wp-content\/uploads\/2025\/04\/400755UP_1.jpg","width":2047,"height":2047},{"@type":"BreadcrumbList","@id":"https:\/\/urbanproof.nl\/de\/product\/urban-proof-recycelte-fahrradtasche-mit-langem-schwanz-60l\/#breadcrumb","itemListElement":[{"@type":"ListItem","position":1,"name":"Startseite","item":"https:\/\/urbanproof.nl\/de\/"},{"@type":"ListItem","position":2,"name":"Produktpalette","item":"https:\/\/urbanproof.nl\/de\/shop\/"},{"@type":"ListItem","position":3,"name":"URBAN PROOF Recycelte Fahrradtasche mit langem Schwanz 60L"}]},{"@type":"WebSite","@id":"https:\/\/urbanproof.nl\/de\/#website","url":"https:\/\/urbanproof.nl\/de\/","name":"Urban Proof","description":"Sustainability in Motion","publisher":{"@id":"https:\/\/urbanproof.nl\/de\/#organization"},"potentialAction":[{"@type":"SearchAction","target":{"@type":"EntryPoint","urlTemplate":"https:\/\/urbanproof.nl\/de\/?s={search_term_string}"},"query-input":{"@type":"PropertyValueSpecification","valueRequired":true,"valueName":"search_term_string"}}],"inLanguage":"de"},{"@type":"Organization","@id":"https:\/\/urbanproof.nl\/de\/#organization","name":"Urban Proof","url":"https:\/\/urbanproof.nl\/de\/","logo":{"@type":"ImageObject","inLanguage":"de","@id":"https:\/\/urbanproof.nl\/de\/#\/schema\/logo\/image\/","url":"https:\/\/urbanproof.nl\/wp-content\/uploads\/2025\/04\/UBP_Logo_2022_ZWART.svg","contentUrl":"https:\/\/urbanproof.nl\/wp-content\/uploads\/2025\/04\/UBP_Logo_2022_ZWART.svg","caption":"Urban Proof"},"image":{"@id":"https:\/\/urbanproof.nl\/de\/#\/schema\/logo\/image\/"},"sameAs":["https:\/\/www.instagram.com\/urbanproof_sustainable\/","https:\/\/www.linkedin.com\/company\/urban-proof"]}]}},"_links":{"self":[{"href":"https:\/\/urbanproof.nl\/de\/wp-json\/wp\/v2\/product\/2978","targetHints":{"allow":["GET"]}}],"collection":[{"href":"https:\/\/urbanproof.nl\/de\/wp-json\/wp\/v2\/product"}],"about":[{"href":"https:\/\/urbanproof.nl\/de\/wp-json\/wp\/v2\/types\/product"}],"version-history":[{"count":1,"href":"https:\/\/urbanproof.nl\/de\/wp-json\/wp\/v2\/product\/2978\/revisions"}],"predecessor-version":[{"id":6949,"href":"https:\/\/urbanproof.nl\/de\/wp-json\/wp\/v2\/product\/2978\/revisions\/6949"}],"wp:featuredmedia":[{"embeddable":true,"href":"https:\/\/urbanproof.nl\/de\/wp-json\/wp\/v2\/media\/4328"}],"wp:attachment":[{"href":"https:\/\/urbanproof.nl\/de\/wp-json\/wp\/v2\/media?parent=2978"}],"wp:term":[{"taxonomy":"product_brand","embeddable":true,"href":"https:\/\/urbanproof.nl\/de\/wp-json\/wp\/v2\/product_brand?post=2978"},{"taxonomy":"product_cat","embeddable":true,"href":"https:\/\/urbanproof.nl\/de\/wp-json\/wp\/v2\/product_cat?post=2978"},{"taxonomy":"product_tag","embeddable":true,"href":"https:\/\/urbanproof.nl\/de\/wp-json\/wp\/v2\/product_tag?post=2978"}],"curies":[{"name":"wp","href":"https:\/\/api.w.org\/{rel}","templated":true}]}}