{"id":2970,"date":"2025-04-14T15:48:09","date_gmt":"2025-04-14T13:48:09","guid":{"rendered":"https:\/\/urbanproof.nl\/assortiment\/unkategorisiert\/urban-proof-kettenschloss-art-2-8mm-x-120cm\/"},"modified":"2025-12-03T12:41:41","modified_gmt":"2025-12-03T10:41:41","slug":"urban-proof-kettenschloss-art-2-8mm-x-120cm","status":"publish","type":"product","link":"https:\/\/urbanproof.nl\/de\/product\/urban-proof-kettenschloss-art-2-8mm-x-120cm\/","title":{"rendered":"URBAN PROOF Kettenschloss ART-2 8mm x 120cm"},"content":{"rendered":"<p>Lernen Sie das neue, extralange ART-2 Sicherheitsschloss von Urban Proof kennen! Erleben Sie den kantigen urbanen Look, den Sie bereits lieben, jetzt in der ART-2 Version. Ein ART-2 Fahrradschloss wird von Fahrradversicherungen verlangt. Dieses extralange Kettenschloss ist 120 cm lang und 8 mm dick, was f\u00fcr Langlebigkeit sorgt. Au\u00dferdem wird jedes Schloss mit einer Urban Proof RPET-H\u00fclle geliefert. Sch\u00fctzen Sie Ihr Fahrrad und beugen Sie Diebst\u00e4hlen mit diesem Schloss vor.       <\/p>\n<p>  &#8211; ART-2 zertifiziert<br \/>\n &#8211; 120cm lang<br \/>\n &#8211; 100% recycelte PET-H\u00fclle<\/p>\n","protected":false},"excerpt":{"rendered":"<p>  &#8211; ART-2 zertifiziert<br \/>\n &#8211; 120cm lang<br \/>\n &#8211; 100% recycelte PET-H\u00fclle<\/p>\n","protected":false},"featured_media":4330,"template":"","meta":[],"product_brand":[],"product_cat":[666,469,467],"product_tag":[667,675],"class_list":{"0":"post-2970","1":"product","2":"type-product","3":"status-publish","4":"has-post-thumbnail","6":"product_cat-art-schlosser","7":"product_cat-fahrradschlosser","8":"product_cat-zubehor-fur-fahrrader","9":"product_tag-art-schlosser","10":"product_tag-neu","11":"pa_afmetinglbh-120cm-x-8mm-de","12":"pa_collectie-schlosser-kollektion","13":"pa_e-bike-ready-ja-de","14":"pa_gewicht-2500-gramm","15":"pa_kleur-schwarz","16":"pa_materiaal-recyceltes-pet-pret","17":"pa_materiaal-stahl","18":"pa_type-product-fahrradschloss","20":"first","21":"instock","22":"taxable","23":"shipping-taxable","24":"purchasable","25":"product-type-simple"},"yoast_head":"<!-- This site is optimized with the Yoast SEO plugin v27.1.1 - https:\/\/yoast.com\/product\/yoast-seo-wordpress\/ -->\n<title>URBAN PROOF Kettenschloss ART-2 8mm x 120cm - Urban Proof<\/title>\n<meta name=\"robots\" content=\"index, follow, max-snippet:-1, max-image-preview:large, max-video-preview:-1\" \/>\n<link rel=\"canonical\" href=\"https:\/\/urbanproof.nl\/de\/product\/urban-proof-kettenschloss-art-2-8mm-x-120cm\/\" \/>\n<meta property=\"og:locale\" content=\"de_DE\" \/>\n<meta property=\"og:type\" content=\"article\" \/>\n<meta property=\"og:title\" content=\"URBAN PROOF Kettenschloss ART-2 8mm x 120cm - Urban Proof\" \/>\n<meta property=\"og:description\" content=\"- ART-2 zertifiziert - 120cm lang - 100% recycelte PET-H\u00fclle\" \/>\n<meta property=\"og:url\" content=\"https:\/\/urbanproof.nl\/de\/product\/urban-proof-kettenschloss-art-2-8mm-x-120cm\/\" \/>\n<meta property=\"og:site_name\" content=\"Urban Proof\" \/>\n<meta property=\"article:modified_time\" content=\"2025-12-03T10:41:41+00:00\" \/>\n<meta property=\"og:image\" content=\"https:\/\/urbanproof.nl\/wp-content\/uploads\/2025\/04\/400753UP_1.jpg\" \/>\n\t<meta property=\"og:image:width\" content=\"2047\" \/>\n\t<meta property=\"og:image:height\" content=\"2047\" \/>\n\t<meta property=\"og:image:type\" content=\"image\/jpeg\" \/>\n<meta name=\"twitter:card\" content=\"summary_large_image\" \/>\n<script type=\"application\/ld+json\" class=\"yoast-schema-graph\">{\"@context\":\"https:\/\/schema.org\",\"@graph\":[{\"@type\":\"WebPage\",\"@id\":\"https:\/\/urbanproof.nl\/de\/product\/urban-proof-kettenschloss-art-2-8mm-x-120cm\/\",\"url\":\"https:\/\/urbanproof.nl\/de\/product\/urban-proof-kettenschloss-art-2-8mm-x-120cm\/\",\"name\":\"URBAN PROOF Kettenschloss ART-2 8mm x 120cm - Urban Proof\",\"isPartOf\":{\"@id\":\"https:\/\/urbanproof.nl\/de\/#website\"},\"primaryImageOfPage\":{\"@id\":\"https:\/\/urbanproof.nl\/de\/product\/urban-proof-kettenschloss-art-2-8mm-x-120cm\/#primaryimage\"},\"image\":{\"@id\":\"https:\/\/urbanproof.nl\/de\/product\/urban-proof-kettenschloss-art-2-8mm-x-120cm\/#primaryimage\"},\"thumbnailUrl\":\"https:\/\/urbanproof.nl\/wp-content\/uploads\/2025\/04\/400753UP_1.jpg\",\"datePublished\":\"2025-04-14T13:48:09+00:00\",\"dateModified\":\"2025-12-03T10:41:41+00:00\",\"breadcrumb\":{\"@id\":\"https:\/\/urbanproof.nl\/de\/product\/urban-proof-kettenschloss-art-2-8mm-x-120cm\/#breadcrumb\"},\"inLanguage\":\"de\",\"potentialAction\":[{\"@type\":\"ReadAction\",\"target\":[\"https:\/\/urbanproof.nl\/de\/product\/urban-proof-kettenschloss-art-2-8mm-x-120cm\/\"]}]},{\"@type\":\"ImageObject\",\"inLanguage\":\"de\",\"@id\":\"https:\/\/urbanproof.nl\/de\/product\/urban-proof-kettenschloss-art-2-8mm-x-120cm\/#primaryimage\",\"url\":\"https:\/\/urbanproof.nl\/wp-content\/uploads\/2025\/04\/400753UP_1.jpg\",\"contentUrl\":\"https:\/\/urbanproof.nl\/wp-content\/uploads\/2025\/04\/400753UP_1.jpg\",\"width\":2047,\"height\":2047},{\"@type\":\"BreadcrumbList\",\"@id\":\"https:\/\/urbanproof.nl\/de\/product\/urban-proof-kettenschloss-art-2-8mm-x-120cm\/#breadcrumb\",\"itemListElement\":[{\"@type\":\"ListItem\",\"position\":1,\"name\":\"Startseite\",\"item\":\"https:\/\/urbanproof.nl\/de\/\"},{\"@type\":\"ListItem\",\"position\":2,\"name\":\"Produktpalette\",\"item\":\"https:\/\/urbanproof.nl\/de\/shop\/\"},{\"@type\":\"ListItem\",\"position\":3,\"name\":\"URBAN PROOF Kettenschloss ART-2 8mm x 120cm\"}]},{\"@type\":\"WebSite\",\"@id\":\"https:\/\/urbanproof.nl\/de\/#website\",\"url\":\"https:\/\/urbanproof.nl\/de\/\",\"name\":\"Urban Proof\",\"description\":\"Sustainability in Motion\",\"publisher\":{\"@id\":\"https:\/\/urbanproof.nl\/de\/#organization\"},\"potentialAction\":[{\"@type\":\"SearchAction\",\"target\":{\"@type\":\"EntryPoint\",\"urlTemplate\":\"https:\/\/urbanproof.nl\/de\/?s={search_term_string}\"},\"query-input\":{\"@type\":\"PropertyValueSpecification\",\"valueRequired\":true,\"valueName\":\"search_term_string\"}}],\"inLanguage\":\"de\"},{\"@type\":\"Organization\",\"@id\":\"https:\/\/urbanproof.nl\/de\/#organization\",\"name\":\"Urban Proof\",\"url\":\"https:\/\/urbanproof.nl\/de\/\",\"logo\":{\"@type\":\"ImageObject\",\"inLanguage\":\"de\",\"@id\":\"https:\/\/urbanproof.nl\/de\/#\/schema\/logo\/image\/\",\"url\":\"https:\/\/urbanproof.nl\/wp-content\/uploads\/2025\/04\/UBP_Logo_2022_ZWART.svg\",\"contentUrl\":\"https:\/\/urbanproof.nl\/wp-content\/uploads\/2025\/04\/UBP_Logo_2022_ZWART.svg\",\"caption\":\"Urban Proof\"},\"image\":{\"@id\":\"https:\/\/urbanproof.nl\/de\/#\/schema\/logo\/image\/\"},\"sameAs\":[\"https:\/\/www.instagram.com\/urbanproof_sustainable\/\",\"https:\/\/www.linkedin.com\/company\/urban-proof\"]}]}<\/script>\n<!-- \/ Yoast SEO plugin. -->","yoast_head_json":{"title":"URBAN PROOF Kettenschloss ART-2 8mm x 120cm - Urban Proof","robots":{"index":"index","follow":"follow","max-snippet":"max-snippet:-1","max-image-preview":"max-image-preview:large","max-video-preview":"max-video-preview:-1"},"canonical":"https:\/\/urbanproof.nl\/de\/product\/urban-proof-kettenschloss-art-2-8mm-x-120cm\/","og_locale":"de_DE","og_type":"article","og_title":"URBAN PROOF Kettenschloss ART-2 8mm x 120cm - Urban Proof","og_description":"- ART-2 zertifiziert - 120cm lang - 100% recycelte PET-H\u00fclle","og_url":"https:\/\/urbanproof.nl\/de\/product\/urban-proof-kettenschloss-art-2-8mm-x-120cm\/","og_site_name":"Urban Proof","article_modified_time":"2025-12-03T10:41:41+00:00","og_image":[{"width":2047,"height":2047,"url":"https:\/\/urbanproof.nl\/wp-content\/uploads\/2025\/04\/400753UP_1.jpg","type":"image\/jpeg"}],"twitter_card":"summary_large_image","schema":{"@context":"https:\/\/schema.org","@graph":[{"@type":"WebPage","@id":"https:\/\/urbanproof.nl\/de\/product\/urban-proof-kettenschloss-art-2-8mm-x-120cm\/","url":"https:\/\/urbanproof.nl\/de\/product\/urban-proof-kettenschloss-art-2-8mm-x-120cm\/","name":"URBAN PROOF Kettenschloss ART-2 8mm x 120cm - Urban Proof","isPartOf":{"@id":"https:\/\/urbanproof.nl\/de\/#website"},"primaryImageOfPage":{"@id":"https:\/\/urbanproof.nl\/de\/product\/urban-proof-kettenschloss-art-2-8mm-x-120cm\/#primaryimage"},"image":{"@id":"https:\/\/urbanproof.nl\/de\/product\/urban-proof-kettenschloss-art-2-8mm-x-120cm\/#primaryimage"},"thumbnailUrl":"https:\/\/urbanproof.nl\/wp-content\/uploads\/2025\/04\/400753UP_1.jpg","datePublished":"2025-04-14T13:48:09+00:00","dateModified":"2025-12-03T10:41:41+00:00","breadcrumb":{"@id":"https:\/\/urbanproof.nl\/de\/product\/urban-proof-kettenschloss-art-2-8mm-x-120cm\/#breadcrumb"},"inLanguage":"de","potentialAction":[{"@type":"ReadAction","target":["https:\/\/urbanproof.nl\/de\/product\/urban-proof-kettenschloss-art-2-8mm-x-120cm\/"]}]},{"@type":"ImageObject","inLanguage":"de","@id":"https:\/\/urbanproof.nl\/de\/product\/urban-proof-kettenschloss-art-2-8mm-x-120cm\/#primaryimage","url":"https:\/\/urbanproof.nl\/wp-content\/uploads\/2025\/04\/400753UP_1.jpg","contentUrl":"https:\/\/urbanproof.nl\/wp-content\/uploads\/2025\/04\/400753UP_1.jpg","width":2047,"height":2047},{"@type":"BreadcrumbList","@id":"https:\/\/urbanproof.nl\/de\/product\/urban-proof-kettenschloss-art-2-8mm-x-120cm\/#breadcrumb","itemListElement":[{"@type":"ListItem","position":1,"name":"Startseite","item":"https:\/\/urbanproof.nl\/de\/"},{"@type":"ListItem","position":2,"name":"Produktpalette","item":"https:\/\/urbanproof.nl\/de\/shop\/"},{"@type":"ListItem","position":3,"name":"URBAN PROOF Kettenschloss ART-2 8mm x 120cm"}]},{"@type":"WebSite","@id":"https:\/\/urbanproof.nl\/de\/#website","url":"https:\/\/urbanproof.nl\/de\/","name":"Urban Proof","description":"Sustainability in Motion","publisher":{"@id":"https:\/\/urbanproof.nl\/de\/#organization"},"potentialAction":[{"@type":"SearchAction","target":{"@type":"EntryPoint","urlTemplate":"https:\/\/urbanproof.nl\/de\/?s={search_term_string}"},"query-input":{"@type":"PropertyValueSpecification","valueRequired":true,"valueName":"search_term_string"}}],"inLanguage":"de"},{"@type":"Organization","@id":"https:\/\/urbanproof.nl\/de\/#organization","name":"Urban Proof","url":"https:\/\/urbanproof.nl\/de\/","logo":{"@type":"ImageObject","inLanguage":"de","@id":"https:\/\/urbanproof.nl\/de\/#\/schema\/logo\/image\/","url":"https:\/\/urbanproof.nl\/wp-content\/uploads\/2025\/04\/UBP_Logo_2022_ZWART.svg","contentUrl":"https:\/\/urbanproof.nl\/wp-content\/uploads\/2025\/04\/UBP_Logo_2022_ZWART.svg","caption":"Urban Proof"},"image":{"@id":"https:\/\/urbanproof.nl\/de\/#\/schema\/logo\/image\/"},"sameAs":["https:\/\/www.instagram.com\/urbanproof_sustainable\/","https:\/\/www.linkedin.com\/company\/urban-proof"]}]}},"_links":{"self":[{"href":"https:\/\/urbanproof.nl\/de\/wp-json\/wp\/v2\/product\/2970","targetHints":{"allow":["GET"]}}],"collection":[{"href":"https:\/\/urbanproof.nl\/de\/wp-json\/wp\/v2\/product"}],"about":[{"href":"https:\/\/urbanproof.nl\/de\/wp-json\/wp\/v2\/types\/product"}],"version-history":[{"count":1,"href":"https:\/\/urbanproof.nl\/de\/wp-json\/wp\/v2\/product\/2970\/revisions"}],"predecessor-version":[{"id":6956,"href":"https:\/\/urbanproof.nl\/de\/wp-json\/wp\/v2\/product\/2970\/revisions\/6956"}],"wp:featuredmedia":[{"embeddable":true,"href":"https:\/\/urbanproof.nl\/de\/wp-json\/wp\/v2\/media\/4330"}],"wp:attachment":[{"href":"https:\/\/urbanproof.nl\/de\/wp-json\/wp\/v2\/media?parent=2970"}],"wp:term":[{"taxonomy":"product_brand","embeddable":true,"href":"https:\/\/urbanproof.nl\/de\/wp-json\/wp\/v2\/product_brand?post=2970"},{"taxonomy":"product_cat","embeddable":true,"href":"https:\/\/urbanproof.nl\/de\/wp-json\/wp\/v2\/product_cat?post=2970"},{"taxonomy":"product_tag","embeddable":true,"href":"https:\/\/urbanproof.nl\/de\/wp-json\/wp\/v2\/product_tag?post=2970"}],"curies":[{"name":"wp","href":"https:\/\/api.w.org\/{rel}","templated":true}]}}