{"id":2923,"date":"2025-04-14T15:48:42","date_gmt":"2025-04-14T13:48:42","guid":{"rendered":"https:\/\/urbanproof.nl\/assortiment\/unkategorisiert\/urban-proof-recycelter-aussenschlauch-1mm-reifendicke-47-622-30-tpi\/"},"modified":"2025-12-03T12:42:35","modified_gmt":"2025-12-03T10:42:35","slug":"urban-proof-recycelter-aussenschlauch-1mm-reifendicke-47-622-30-tpi","status":"publish","type":"product","link":"https:\/\/urbanproof.nl\/de\/product\/urban-proof-recycelter-aussenschlauch-1mm-reifendicke-47-622-30-tpi\/","title":{"rendered":"URBAN PROOF Recycelter Au\u00dfenschlauch 1mm Reifendicke 47-622 30 TPI"},"content":{"rendered":"<p>Fahren Sie smart, sicher und nachhaltig mit dem Urban Proof Recycled Au\u00dfenreifen 1MM CORE 47-622 30 TPI. Dieser hochwertige Fahrradreifen wurde speziell f\u00fcr den modernen Radfahrer entwickelt, der sowohl Leistung als auch Haltbarkeit sch\u00e4tzt. Dank innovativer Technologien und recycelter Materialien bietet dieser Reifen nicht nur ein hervorragendes Fahrgef\u00fchl, sondern tr\u00e4gt auch zu einer nachhaltigeren Zukunft bei.    <\/p>\n","protected":false},"excerpt":{"rendered":"<p>  &#8211; Langlebig produziert<br \/>\n &#8211; Eine optimierte Lauffl\u00e4che<br \/>\n &#8211; Reflexionen nach E4-Standard<br \/>\n &#8211; Einfache Montage<br \/>\n &#8211; Geringer Rollwiderstand<br \/>\n &#8211; 1mm No Puncture Kernspur, Recycelt<\/p>\n","protected":false},"featured_media":5762,"template":"","meta":[],"product_brand":[],"product_cat":[478,477],"product_tag":[732],"class_list":{"0":"post-2923","1":"product","2":"type-product","3":"status-publish","4":"has-post-thumbnail","6":"product_cat-ausere-rohre","7":"product_cat-fahrradreifen","8":"product_tag-ausere-rohre-1mm","9":"pa_afmetinglbh-28-x-175-zoll","10":"pa_collectie-reifenkollektion","11":"pa_gewicht-520-gramm","12":"pa_inch-28-de","13":"pa_kleur-schwarz","14":"pa_lekbescherming-hoch","15":"pa_reflectie-ja-de","16":"pa_type-product-auserer-reifen-fahrrad","18":"first","19":"instock","20":"taxable","21":"shipping-taxable","22":"purchasable","23":"product-type-simple"},"yoast_head":"<!-- This site is optimized with the Yoast SEO plugin v27.1.1 - https:\/\/yoast.com\/product\/yoast-seo-wordpress\/ -->\n<title>URBAN PROOF Recycelter Au\u00dfenschlauch 1mm Reifendicke 47-622 30 TPI - Urban Proof<\/title>\n<meta name=\"robots\" content=\"index, follow, max-snippet:-1, max-image-preview:large, max-video-preview:-1\" \/>\n<link rel=\"canonical\" href=\"https:\/\/urbanproof.nl\/de\/product\/urban-proof-recycelter-aussenschlauch-1mm-reifendicke-47-622-30-tpi\/\" \/>\n<meta property=\"og:locale\" content=\"de_DE\" \/>\n<meta property=\"og:type\" content=\"article\" \/>\n<meta property=\"og:title\" content=\"URBAN PROOF Recycelter Au\u00dfenschlauch 1mm Reifendicke 47-622 30 TPI - Urban Proof\" \/>\n<meta property=\"og:description\" content=\"- Langlebig produziert  - Eine optimierte Lauffl\u00e4che - Reflexionen nach E4-Standard - Einfache Montage - Geringer Rollwiderstand  - 1mm No Puncture Kernspur, Recycelt\" \/>\n<meta property=\"og:url\" content=\"https:\/\/urbanproof.nl\/de\/product\/urban-proof-recycelter-aussenschlauch-1mm-reifendicke-47-622-30-tpi\/\" \/>\n<meta property=\"og:site_name\" content=\"Urban Proof\" \/>\n<meta property=\"article:modified_time\" content=\"2025-12-03T10:42:35+00:00\" \/>\n<meta property=\"og:image\" content=\"https:\/\/urbanproof.nl\/wp-content\/uploads\/2025\/04\/440009JB_1.jpg\" \/>\n\t<meta property=\"og:image:width\" content=\"2047\" \/>\n\t<meta property=\"og:image:height\" content=\"2047\" \/>\n\t<meta property=\"og:image:type\" content=\"image\/jpeg\" \/>\n<meta name=\"twitter:card\" content=\"summary_large_image\" \/>\n<script type=\"application\/ld+json\" class=\"yoast-schema-graph\">{\"@context\":\"https:\/\/schema.org\",\"@graph\":[{\"@type\":\"WebPage\",\"@id\":\"https:\/\/urbanproof.nl\/de\/product\/urban-proof-recycelter-aussenschlauch-1mm-reifendicke-47-622-30-tpi\/\",\"url\":\"https:\/\/urbanproof.nl\/de\/product\/urban-proof-recycelter-aussenschlauch-1mm-reifendicke-47-622-30-tpi\/\",\"name\":\"URBAN PROOF Recycelter Au\u00dfenschlauch 1mm Reifendicke 47-622 30 TPI - Urban Proof\",\"isPartOf\":{\"@id\":\"https:\/\/urbanproof.nl\/de\/#website\"},\"primaryImageOfPage\":{\"@id\":\"https:\/\/urbanproof.nl\/de\/product\/urban-proof-recycelter-aussenschlauch-1mm-reifendicke-47-622-30-tpi\/#primaryimage\"},\"image\":{\"@id\":\"https:\/\/urbanproof.nl\/de\/product\/urban-proof-recycelter-aussenschlauch-1mm-reifendicke-47-622-30-tpi\/#primaryimage\"},\"thumbnailUrl\":\"https:\/\/urbanproof.nl\/wp-content\/uploads\/2025\/04\/440009JB_1.jpg\",\"datePublished\":\"2025-04-14T13:48:42+00:00\",\"dateModified\":\"2025-12-03T10:42:35+00:00\",\"breadcrumb\":{\"@id\":\"https:\/\/urbanproof.nl\/de\/product\/urban-proof-recycelter-aussenschlauch-1mm-reifendicke-47-622-30-tpi\/#breadcrumb\"},\"inLanguage\":\"de\",\"potentialAction\":[{\"@type\":\"ReadAction\",\"target\":[\"https:\/\/urbanproof.nl\/de\/product\/urban-proof-recycelter-aussenschlauch-1mm-reifendicke-47-622-30-tpi\/\"]}]},{\"@type\":\"ImageObject\",\"inLanguage\":\"de\",\"@id\":\"https:\/\/urbanproof.nl\/de\/product\/urban-proof-recycelter-aussenschlauch-1mm-reifendicke-47-622-30-tpi\/#primaryimage\",\"url\":\"https:\/\/urbanproof.nl\/wp-content\/uploads\/2025\/04\/440009JB_1.jpg\",\"contentUrl\":\"https:\/\/urbanproof.nl\/wp-content\/uploads\/2025\/04\/440009JB_1.jpg\",\"width\":2047,\"height\":2047},{\"@type\":\"BreadcrumbList\",\"@id\":\"https:\/\/urbanproof.nl\/de\/product\/urban-proof-recycelter-aussenschlauch-1mm-reifendicke-47-622-30-tpi\/#breadcrumb\",\"itemListElement\":[{\"@type\":\"ListItem\",\"position\":1,\"name\":\"Startseite\",\"item\":\"https:\/\/urbanproof.nl\/de\/\"},{\"@type\":\"ListItem\",\"position\":2,\"name\":\"Produktpalette\",\"item\":\"https:\/\/urbanproof.nl\/de\/shop\/\"},{\"@type\":\"ListItem\",\"position\":3,\"name\":\"URBAN PROOF Recycelter Au\u00dfenschlauch 1mm Reifendicke 47-622 30 TPI\"}]},{\"@type\":\"WebSite\",\"@id\":\"https:\/\/urbanproof.nl\/de\/#website\",\"url\":\"https:\/\/urbanproof.nl\/de\/\",\"name\":\"Urban Proof\",\"description\":\"Sustainability in Motion\",\"publisher\":{\"@id\":\"https:\/\/urbanproof.nl\/de\/#organization\"},\"potentialAction\":[{\"@type\":\"SearchAction\",\"target\":{\"@type\":\"EntryPoint\",\"urlTemplate\":\"https:\/\/urbanproof.nl\/de\/?s={search_term_string}\"},\"query-input\":{\"@type\":\"PropertyValueSpecification\",\"valueRequired\":true,\"valueName\":\"search_term_string\"}}],\"inLanguage\":\"de\"},{\"@type\":\"Organization\",\"@id\":\"https:\/\/urbanproof.nl\/de\/#organization\",\"name\":\"Urban Proof\",\"url\":\"https:\/\/urbanproof.nl\/de\/\",\"logo\":{\"@type\":\"ImageObject\",\"inLanguage\":\"de\",\"@id\":\"https:\/\/urbanproof.nl\/de\/#\/schema\/logo\/image\/\",\"url\":\"https:\/\/urbanproof.nl\/wp-content\/uploads\/2025\/04\/UBP_Logo_2022_ZWART.svg\",\"contentUrl\":\"https:\/\/urbanproof.nl\/wp-content\/uploads\/2025\/04\/UBP_Logo_2022_ZWART.svg\",\"caption\":\"Urban Proof\"},\"image\":{\"@id\":\"https:\/\/urbanproof.nl\/de\/#\/schema\/logo\/image\/\"},\"sameAs\":[\"https:\/\/www.instagram.com\/urbanproof_sustainable\/\",\"https:\/\/www.linkedin.com\/company\/urban-proof\"]}]}<\/script>\n<!-- \/ Yoast SEO plugin. -->","yoast_head_json":{"title":"URBAN PROOF Recycelter Au\u00dfenschlauch 1mm Reifendicke 47-622 30 TPI - Urban Proof","robots":{"index":"index","follow":"follow","max-snippet":"max-snippet:-1","max-image-preview":"max-image-preview:large","max-video-preview":"max-video-preview:-1"},"canonical":"https:\/\/urbanproof.nl\/de\/product\/urban-proof-recycelter-aussenschlauch-1mm-reifendicke-47-622-30-tpi\/","og_locale":"de_DE","og_type":"article","og_title":"URBAN PROOF Recycelter Au\u00dfenschlauch 1mm Reifendicke 47-622 30 TPI - Urban Proof","og_description":"- Langlebig produziert  - Eine optimierte Lauffl\u00e4che - Reflexionen nach E4-Standard - Einfache Montage - Geringer Rollwiderstand  - 1mm No Puncture Kernspur, Recycelt","og_url":"https:\/\/urbanproof.nl\/de\/product\/urban-proof-recycelter-aussenschlauch-1mm-reifendicke-47-622-30-tpi\/","og_site_name":"Urban Proof","article_modified_time":"2025-12-03T10:42:35+00:00","og_image":[{"width":2047,"height":2047,"url":"https:\/\/urbanproof.nl\/wp-content\/uploads\/2025\/04\/440009JB_1.jpg","type":"image\/jpeg"}],"twitter_card":"summary_large_image","schema":{"@context":"https:\/\/schema.org","@graph":[{"@type":"WebPage","@id":"https:\/\/urbanproof.nl\/de\/product\/urban-proof-recycelter-aussenschlauch-1mm-reifendicke-47-622-30-tpi\/","url":"https:\/\/urbanproof.nl\/de\/product\/urban-proof-recycelter-aussenschlauch-1mm-reifendicke-47-622-30-tpi\/","name":"URBAN PROOF Recycelter Au\u00dfenschlauch 1mm Reifendicke 47-622 30 TPI - Urban Proof","isPartOf":{"@id":"https:\/\/urbanproof.nl\/de\/#website"},"primaryImageOfPage":{"@id":"https:\/\/urbanproof.nl\/de\/product\/urban-proof-recycelter-aussenschlauch-1mm-reifendicke-47-622-30-tpi\/#primaryimage"},"image":{"@id":"https:\/\/urbanproof.nl\/de\/product\/urban-proof-recycelter-aussenschlauch-1mm-reifendicke-47-622-30-tpi\/#primaryimage"},"thumbnailUrl":"https:\/\/urbanproof.nl\/wp-content\/uploads\/2025\/04\/440009JB_1.jpg","datePublished":"2025-04-14T13:48:42+00:00","dateModified":"2025-12-03T10:42:35+00:00","breadcrumb":{"@id":"https:\/\/urbanproof.nl\/de\/product\/urban-proof-recycelter-aussenschlauch-1mm-reifendicke-47-622-30-tpi\/#breadcrumb"},"inLanguage":"de","potentialAction":[{"@type":"ReadAction","target":["https:\/\/urbanproof.nl\/de\/product\/urban-proof-recycelter-aussenschlauch-1mm-reifendicke-47-622-30-tpi\/"]}]},{"@type":"ImageObject","inLanguage":"de","@id":"https:\/\/urbanproof.nl\/de\/product\/urban-proof-recycelter-aussenschlauch-1mm-reifendicke-47-622-30-tpi\/#primaryimage","url":"https:\/\/urbanproof.nl\/wp-content\/uploads\/2025\/04\/440009JB_1.jpg","contentUrl":"https:\/\/urbanproof.nl\/wp-content\/uploads\/2025\/04\/440009JB_1.jpg","width":2047,"height":2047},{"@type":"BreadcrumbList","@id":"https:\/\/urbanproof.nl\/de\/product\/urban-proof-recycelter-aussenschlauch-1mm-reifendicke-47-622-30-tpi\/#breadcrumb","itemListElement":[{"@type":"ListItem","position":1,"name":"Startseite","item":"https:\/\/urbanproof.nl\/de\/"},{"@type":"ListItem","position":2,"name":"Produktpalette","item":"https:\/\/urbanproof.nl\/de\/shop\/"},{"@type":"ListItem","position":3,"name":"URBAN PROOF Recycelter Au\u00dfenschlauch 1mm Reifendicke 47-622 30 TPI"}]},{"@type":"WebSite","@id":"https:\/\/urbanproof.nl\/de\/#website","url":"https:\/\/urbanproof.nl\/de\/","name":"Urban Proof","description":"Sustainability in Motion","publisher":{"@id":"https:\/\/urbanproof.nl\/de\/#organization"},"potentialAction":[{"@type":"SearchAction","target":{"@type":"EntryPoint","urlTemplate":"https:\/\/urbanproof.nl\/de\/?s={search_term_string}"},"query-input":{"@type":"PropertyValueSpecification","valueRequired":true,"valueName":"search_term_string"}}],"inLanguage":"de"},{"@type":"Organization","@id":"https:\/\/urbanproof.nl\/de\/#organization","name":"Urban Proof","url":"https:\/\/urbanproof.nl\/de\/","logo":{"@type":"ImageObject","inLanguage":"de","@id":"https:\/\/urbanproof.nl\/de\/#\/schema\/logo\/image\/","url":"https:\/\/urbanproof.nl\/wp-content\/uploads\/2025\/04\/UBP_Logo_2022_ZWART.svg","contentUrl":"https:\/\/urbanproof.nl\/wp-content\/uploads\/2025\/04\/UBP_Logo_2022_ZWART.svg","caption":"Urban Proof"},"image":{"@id":"https:\/\/urbanproof.nl\/de\/#\/schema\/logo\/image\/"},"sameAs":["https:\/\/www.instagram.com\/urbanproof_sustainable\/","https:\/\/www.linkedin.com\/company\/urban-proof"]}]}},"_links":{"self":[{"href":"https:\/\/urbanproof.nl\/de\/wp-json\/wp\/v2\/product\/2923","targetHints":{"allow":["GET"]}}],"collection":[{"href":"https:\/\/urbanproof.nl\/de\/wp-json\/wp\/v2\/product"}],"about":[{"href":"https:\/\/urbanproof.nl\/de\/wp-json\/wp\/v2\/types\/product"}],"version-history":[{"count":1,"href":"https:\/\/urbanproof.nl\/de\/wp-json\/wp\/v2\/product\/2923\/revisions"}],"predecessor-version":[{"id":7031,"href":"https:\/\/urbanproof.nl\/de\/wp-json\/wp\/v2\/product\/2923\/revisions\/7031"}],"wp:featuredmedia":[{"embeddable":true,"href":"https:\/\/urbanproof.nl\/de\/wp-json\/wp\/v2\/media\/5762"}],"wp:attachment":[{"href":"https:\/\/urbanproof.nl\/de\/wp-json\/wp\/v2\/media?parent=2923"}],"wp:term":[{"taxonomy":"product_brand","embeddable":true,"href":"https:\/\/urbanproof.nl\/de\/wp-json\/wp\/v2\/product_brand?post=2923"},{"taxonomy":"product_cat","embeddable":true,"href":"https:\/\/urbanproof.nl\/de\/wp-json\/wp\/v2\/product_cat?post=2923"},{"taxonomy":"product_tag","embeddable":true,"href":"https:\/\/urbanproof.nl\/de\/wp-json\/wp\/v2\/product_tag?post=2923"}],"curies":[{"name":"wp","href":"https:\/\/api.w.org\/{rel}","templated":true}]}}