{"id":2914,"date":"2025-04-14T15:48:39","date_gmt":"2025-04-14T13:48:39","guid":{"rendered":"https:\/\/urbanproof.nl\/assortiment\/unkategorisiert\/urban-proof-fat-bike-aussenreifen-razor-normal-20-x-4-00-30-tpi\/"},"modified":"2025-12-03T12:42:30","modified_gmt":"2025-12-03T10:42:30","slug":"urban-proof-fat-bike-aussenreifen-razor-normal-20-x-4-00-30-tpi","status":"publish","type":"product","link":"https:\/\/urbanproof.nl\/de\/product\/urban-proof-fat-bike-aussenreifen-razor-normal-20-x-4-00-30-tpi\/","title":{"rendered":"URBAN PROOF Fat Bike Au\u00dfenreifen Razor normal 20 x 4.00 30 TPI"},"content":{"rendered":"<p>Der Urban Proof Fat Bike Razor NORMAL Au\u00dfenreifen 20 x 4.00 Zoll 30 TPI ist ideal f\u00fcr st\u00e4dtische Umgebungen. Mit seinem geringen Rollwiderstand und dem Streetwise-Profil bietet der Reifen exzellenten Grip und eine ruhige Fahrt auf einer Vielzahl von Oberfl\u00e4chen. Die einfache Passform macht die Montage schnell und einfach. Au\u00dferdem wird dieser Reifen in einer nachhaltigen Fabrik hergestellt, so dass Sie die Stadt mit einem guten Gef\u00fchl erkunden k\u00f6nnen. Perfekt f\u00fcr Ihr Fatbike!    <\/p>\n","protected":false},"excerpt":{"rendered":"<p>  &#8211; Geringer Widerstand<br \/>\n&#8211; Einfache Montage<br \/>\n&#8211; Stra\u00dfengerechtes Profil<br \/>\n&#8211; Perfekt f\u00fcr st\u00e4dtische Umgebungen<br \/>\n&#8211; Hergestellt in einer nachhaltigen Fabrik<\/p>\n","protected":false},"featured_media":3877,"template":"","meta":[],"product_brand":[],"product_cat":[478,477],"product_tag":[734],"class_list":{"0":"post-2914","1":"product","2":"type-product","3":"status-publish","4":"has-post-thumbnail","6":"product_cat-ausere-rohre","7":"product_cat-fahrradreifen","8":"product_tag-fatbike-ausenschlauche","9":"pa_afmetinglbh-20-x-4-00-de","10":"pa_collectie-reifenkollektion","11":"pa_gewicht-570-gramm","12":"pa_inch-20-de","13":"pa_kleur-schwarz","14":"pa_lekbescherming-hoch","15":"pa_reflectie-nein","16":"pa_type-product-auserer-reifen-fahrrad","18":"first","19":"instock","20":"taxable","21":"shipping-taxable","22":"purchasable","23":"product-type-simple"},"yoast_head":"<!-- This site is optimized with the Yoast SEO plugin v27.1.1 - https:\/\/yoast.com\/product\/yoast-seo-wordpress\/ -->\n<title>URBAN PROOF Fat Bike Au\u00dfenreifen Razor normal 20 x 4.00 30 TPI - Urban Proof<\/title>\n<meta name=\"robots\" content=\"index, follow, max-snippet:-1, max-image-preview:large, max-video-preview:-1\" \/>\n<link rel=\"canonical\" href=\"https:\/\/urbanproof.nl\/de\/product\/urban-proof-fat-bike-aussenreifen-razor-normal-20-x-4-00-30-tpi\/\" \/>\n<meta property=\"og:locale\" content=\"de_DE\" \/>\n<meta property=\"og:type\" content=\"article\" \/>\n<meta property=\"og:title\" content=\"URBAN PROOF Fat Bike Au\u00dfenreifen Razor normal 20 x 4.00 30 TPI - Urban Proof\" \/>\n<meta property=\"og:description\" content=\"- Geringer Widerstand - Einfache Montage - Stra\u00dfengerechtes Profil - Perfekt f\u00fcr st\u00e4dtische Umgebungen - Hergestellt in einer nachhaltigen Fabrik\" \/>\n<meta property=\"og:url\" content=\"https:\/\/urbanproof.nl\/de\/product\/urban-proof-fat-bike-aussenreifen-razor-normal-20-x-4-00-30-tpi\/\" \/>\n<meta property=\"og:site_name\" content=\"Urban Proof\" \/>\n<meta property=\"article:modified_time\" content=\"2025-12-03T10:42:30+00:00\" \/>\n<meta property=\"og:image\" content=\"https:\/\/urbanproof.nl\/wp-content\/uploads\/2025\/04\/440004JB_1.jpg\" \/>\n\t<meta property=\"og:image:width\" content=\"2047\" \/>\n\t<meta property=\"og:image:height\" content=\"2047\" \/>\n\t<meta property=\"og:image:type\" content=\"image\/jpeg\" \/>\n<meta name=\"twitter:card\" content=\"summary_large_image\" \/>\n<script type=\"application\/ld+json\" class=\"yoast-schema-graph\">{\"@context\":\"https:\/\/schema.org\",\"@graph\":[{\"@type\":\"WebPage\",\"@id\":\"https:\/\/urbanproof.nl\/de\/product\/urban-proof-fat-bike-aussenreifen-razor-normal-20-x-4-00-30-tpi\/\",\"url\":\"https:\/\/urbanproof.nl\/de\/product\/urban-proof-fat-bike-aussenreifen-razor-normal-20-x-4-00-30-tpi\/\",\"name\":\"URBAN PROOF Fat Bike Au\u00dfenreifen Razor normal 20 x 4.00 30 TPI - Urban Proof\",\"isPartOf\":{\"@id\":\"https:\/\/urbanproof.nl\/de\/#website\"},\"primaryImageOfPage\":{\"@id\":\"https:\/\/urbanproof.nl\/de\/product\/urban-proof-fat-bike-aussenreifen-razor-normal-20-x-4-00-30-tpi\/#primaryimage\"},\"image\":{\"@id\":\"https:\/\/urbanproof.nl\/de\/product\/urban-proof-fat-bike-aussenreifen-razor-normal-20-x-4-00-30-tpi\/#primaryimage\"},\"thumbnailUrl\":\"https:\/\/urbanproof.nl\/wp-content\/uploads\/2025\/04\/440004JB_1.jpg\",\"datePublished\":\"2025-04-14T13:48:39+00:00\",\"dateModified\":\"2025-12-03T10:42:30+00:00\",\"breadcrumb\":{\"@id\":\"https:\/\/urbanproof.nl\/de\/product\/urban-proof-fat-bike-aussenreifen-razor-normal-20-x-4-00-30-tpi\/#breadcrumb\"},\"inLanguage\":\"de\",\"potentialAction\":[{\"@type\":\"ReadAction\",\"target\":[\"https:\/\/urbanproof.nl\/de\/product\/urban-proof-fat-bike-aussenreifen-razor-normal-20-x-4-00-30-tpi\/\"]}]},{\"@type\":\"ImageObject\",\"inLanguage\":\"de\",\"@id\":\"https:\/\/urbanproof.nl\/de\/product\/urban-proof-fat-bike-aussenreifen-razor-normal-20-x-4-00-30-tpi\/#primaryimage\",\"url\":\"https:\/\/urbanproof.nl\/wp-content\/uploads\/2025\/04\/440004JB_1.jpg\",\"contentUrl\":\"https:\/\/urbanproof.nl\/wp-content\/uploads\/2025\/04\/440004JB_1.jpg\",\"width\":2047,\"height\":2047},{\"@type\":\"BreadcrumbList\",\"@id\":\"https:\/\/urbanproof.nl\/de\/product\/urban-proof-fat-bike-aussenreifen-razor-normal-20-x-4-00-30-tpi\/#breadcrumb\",\"itemListElement\":[{\"@type\":\"ListItem\",\"position\":1,\"name\":\"Startseite\",\"item\":\"https:\/\/urbanproof.nl\/de\/\"},{\"@type\":\"ListItem\",\"position\":2,\"name\":\"Produktpalette\",\"item\":\"https:\/\/urbanproof.nl\/de\/shop\/\"},{\"@type\":\"ListItem\",\"position\":3,\"name\":\"URBAN PROOF Fat Bike Au\u00dfenreifen Razor normal 20 x 4.00 30 TPI\"}]},{\"@type\":\"WebSite\",\"@id\":\"https:\/\/urbanproof.nl\/de\/#website\",\"url\":\"https:\/\/urbanproof.nl\/de\/\",\"name\":\"Urban Proof\",\"description\":\"Sustainability in Motion\",\"publisher\":{\"@id\":\"https:\/\/urbanproof.nl\/de\/#organization\"},\"potentialAction\":[{\"@type\":\"SearchAction\",\"target\":{\"@type\":\"EntryPoint\",\"urlTemplate\":\"https:\/\/urbanproof.nl\/de\/?s={search_term_string}\"},\"query-input\":{\"@type\":\"PropertyValueSpecification\",\"valueRequired\":true,\"valueName\":\"search_term_string\"}}],\"inLanguage\":\"de\"},{\"@type\":\"Organization\",\"@id\":\"https:\/\/urbanproof.nl\/de\/#organization\",\"name\":\"Urban Proof\",\"url\":\"https:\/\/urbanproof.nl\/de\/\",\"logo\":{\"@type\":\"ImageObject\",\"inLanguage\":\"de\",\"@id\":\"https:\/\/urbanproof.nl\/de\/#\/schema\/logo\/image\/\",\"url\":\"https:\/\/urbanproof.nl\/wp-content\/uploads\/2025\/04\/UBP_Logo_2022_ZWART.svg\",\"contentUrl\":\"https:\/\/urbanproof.nl\/wp-content\/uploads\/2025\/04\/UBP_Logo_2022_ZWART.svg\",\"caption\":\"Urban Proof\"},\"image\":{\"@id\":\"https:\/\/urbanproof.nl\/de\/#\/schema\/logo\/image\/\"},\"sameAs\":[\"https:\/\/www.instagram.com\/urbanproof_sustainable\/\",\"https:\/\/www.linkedin.com\/company\/urban-proof\"]}]}<\/script>\n<!-- \/ Yoast SEO plugin. -->","yoast_head_json":{"title":"URBAN PROOF Fat Bike Au\u00dfenreifen Razor normal 20 x 4.00 30 TPI - Urban Proof","robots":{"index":"index","follow":"follow","max-snippet":"max-snippet:-1","max-image-preview":"max-image-preview:large","max-video-preview":"max-video-preview:-1"},"canonical":"https:\/\/urbanproof.nl\/de\/product\/urban-proof-fat-bike-aussenreifen-razor-normal-20-x-4-00-30-tpi\/","og_locale":"de_DE","og_type":"article","og_title":"URBAN PROOF Fat Bike Au\u00dfenreifen Razor normal 20 x 4.00 30 TPI - Urban Proof","og_description":"- Geringer Widerstand - Einfache Montage - Stra\u00dfengerechtes Profil - Perfekt f\u00fcr st\u00e4dtische Umgebungen - Hergestellt in einer nachhaltigen Fabrik","og_url":"https:\/\/urbanproof.nl\/de\/product\/urban-proof-fat-bike-aussenreifen-razor-normal-20-x-4-00-30-tpi\/","og_site_name":"Urban Proof","article_modified_time":"2025-12-03T10:42:30+00:00","og_image":[{"width":2047,"height":2047,"url":"https:\/\/urbanproof.nl\/wp-content\/uploads\/2025\/04\/440004JB_1.jpg","type":"image\/jpeg"}],"twitter_card":"summary_large_image","schema":{"@context":"https:\/\/schema.org","@graph":[{"@type":"WebPage","@id":"https:\/\/urbanproof.nl\/de\/product\/urban-proof-fat-bike-aussenreifen-razor-normal-20-x-4-00-30-tpi\/","url":"https:\/\/urbanproof.nl\/de\/product\/urban-proof-fat-bike-aussenreifen-razor-normal-20-x-4-00-30-tpi\/","name":"URBAN PROOF Fat Bike Au\u00dfenreifen Razor normal 20 x 4.00 30 TPI - Urban Proof","isPartOf":{"@id":"https:\/\/urbanproof.nl\/de\/#website"},"primaryImageOfPage":{"@id":"https:\/\/urbanproof.nl\/de\/product\/urban-proof-fat-bike-aussenreifen-razor-normal-20-x-4-00-30-tpi\/#primaryimage"},"image":{"@id":"https:\/\/urbanproof.nl\/de\/product\/urban-proof-fat-bike-aussenreifen-razor-normal-20-x-4-00-30-tpi\/#primaryimage"},"thumbnailUrl":"https:\/\/urbanproof.nl\/wp-content\/uploads\/2025\/04\/440004JB_1.jpg","datePublished":"2025-04-14T13:48:39+00:00","dateModified":"2025-12-03T10:42:30+00:00","breadcrumb":{"@id":"https:\/\/urbanproof.nl\/de\/product\/urban-proof-fat-bike-aussenreifen-razor-normal-20-x-4-00-30-tpi\/#breadcrumb"},"inLanguage":"de","potentialAction":[{"@type":"ReadAction","target":["https:\/\/urbanproof.nl\/de\/product\/urban-proof-fat-bike-aussenreifen-razor-normal-20-x-4-00-30-tpi\/"]}]},{"@type":"ImageObject","inLanguage":"de","@id":"https:\/\/urbanproof.nl\/de\/product\/urban-proof-fat-bike-aussenreifen-razor-normal-20-x-4-00-30-tpi\/#primaryimage","url":"https:\/\/urbanproof.nl\/wp-content\/uploads\/2025\/04\/440004JB_1.jpg","contentUrl":"https:\/\/urbanproof.nl\/wp-content\/uploads\/2025\/04\/440004JB_1.jpg","width":2047,"height":2047},{"@type":"BreadcrumbList","@id":"https:\/\/urbanproof.nl\/de\/product\/urban-proof-fat-bike-aussenreifen-razor-normal-20-x-4-00-30-tpi\/#breadcrumb","itemListElement":[{"@type":"ListItem","position":1,"name":"Startseite","item":"https:\/\/urbanproof.nl\/de\/"},{"@type":"ListItem","position":2,"name":"Produktpalette","item":"https:\/\/urbanproof.nl\/de\/shop\/"},{"@type":"ListItem","position":3,"name":"URBAN PROOF Fat Bike Au\u00dfenreifen Razor normal 20 x 4.00 30 TPI"}]},{"@type":"WebSite","@id":"https:\/\/urbanproof.nl\/de\/#website","url":"https:\/\/urbanproof.nl\/de\/","name":"Urban Proof","description":"Sustainability in Motion","publisher":{"@id":"https:\/\/urbanproof.nl\/de\/#organization"},"potentialAction":[{"@type":"SearchAction","target":{"@type":"EntryPoint","urlTemplate":"https:\/\/urbanproof.nl\/de\/?s={search_term_string}"},"query-input":{"@type":"PropertyValueSpecification","valueRequired":true,"valueName":"search_term_string"}}],"inLanguage":"de"},{"@type":"Organization","@id":"https:\/\/urbanproof.nl\/de\/#organization","name":"Urban Proof","url":"https:\/\/urbanproof.nl\/de\/","logo":{"@type":"ImageObject","inLanguage":"de","@id":"https:\/\/urbanproof.nl\/de\/#\/schema\/logo\/image\/","url":"https:\/\/urbanproof.nl\/wp-content\/uploads\/2025\/04\/UBP_Logo_2022_ZWART.svg","contentUrl":"https:\/\/urbanproof.nl\/wp-content\/uploads\/2025\/04\/UBP_Logo_2022_ZWART.svg","caption":"Urban Proof"},"image":{"@id":"https:\/\/urbanproof.nl\/de\/#\/schema\/logo\/image\/"},"sameAs":["https:\/\/www.instagram.com\/urbanproof_sustainable\/","https:\/\/www.linkedin.com\/company\/urban-proof"]}]}},"_links":{"self":[{"href":"https:\/\/urbanproof.nl\/de\/wp-json\/wp\/v2\/product\/2914","targetHints":{"allow":["GET"]}}],"collection":[{"href":"https:\/\/urbanproof.nl\/de\/wp-json\/wp\/v2\/product"}],"about":[{"href":"https:\/\/urbanproof.nl\/de\/wp-json\/wp\/v2\/types\/product"}],"version-history":[{"count":1,"href":"https:\/\/urbanproof.nl\/de\/wp-json\/wp\/v2\/product\/2914\/revisions"}],"predecessor-version":[{"id":7023,"href":"https:\/\/urbanproof.nl\/de\/wp-json\/wp\/v2\/product\/2914\/revisions\/7023"}],"wp:featuredmedia":[{"embeddable":true,"href":"https:\/\/urbanproof.nl\/de\/wp-json\/wp\/v2\/media\/3877"}],"wp:attachment":[{"href":"https:\/\/urbanproof.nl\/de\/wp-json\/wp\/v2\/media?parent=2914"}],"wp:term":[{"taxonomy":"product_brand","embeddable":true,"href":"https:\/\/urbanproof.nl\/de\/wp-json\/wp\/v2\/product_brand?post=2914"},{"taxonomy":"product_cat","embeddable":true,"href":"https:\/\/urbanproof.nl\/de\/wp-json\/wp\/v2\/product_cat?post=2914"},{"taxonomy":"product_tag","embeddable":true,"href":"https:\/\/urbanproof.nl\/de\/wp-json\/wp\/v2\/product_tag?post=2914"}],"curies":[{"name":"wp","href":"https:\/\/api.w.org\/{rel}","templated":true}]}}