{"id":2993,"date":"2025-04-15T15:23:05","date_gmt":"2025-04-15T13:23:05","guid":{"rendered":"https:\/\/urbanproof.nl\/erklaerung-zum-datenschutz\/"},"modified":"2025-05-14T16:09:37","modified_gmt":"2025-05-14T14:09:37","slug":"erklaerung-zum-datenschutz","status":"publish","type":"page","link":"https:\/\/urbanproof.nl\/de\/erklaerung-zum-datenschutz\/","title":{"rendered":"Erkl\u00e4rung zum Datenschutz"},"content":{"rendered":"\t\t<div data-elementor-type=\"wp-page\" data-elementor-id=\"2993\" class=\"elementor elementor-2993 elementor-915\" data-elementor-post-type=\"page\">\n\t\t\t\t<div class=\"elementor-element elementor-element-498ae9ef e-flex e-con-boxed e-con e-parent\" data-id=\"498ae9ef\" data-element_type=\"container\" data-e-type=\"container\">\n\t\t\t\t\t<div class=\"e-con-inner\">\n\t\t\t\t<div class=\"elementor-element elementor-element-67d2e4b5 elementor-widget elementor-widget-heading\" data-id=\"67d2e4b5\" data-element_type=\"widget\" data-e-type=\"widget\" data-widget_type=\"heading.default\">\n\t\t\t\t<div class=\"elementor-widget-container\">\n\t\t\t\t\t<h2 class=\"elementor-heading-title elementor-size-default\">Erkl\u00e4rung zum Datenschutz  <\/h2>\t\t\t\t<\/div>\n\t\t\t\t<\/div>\n\t\t\t\t<div class=\"elementor-element elementor-element-9561cad elementor-widget elementor-widget-text-editor\" data-id=\"9561cad\" data-element_type=\"widget\" data-e-type=\"widget\" data-widget_type=\"text-editor.default\">\n\t\t\t\t<div class=\"elementor-widget-container\">\n\t\t\t\t\t\t\t\t\t<p>U+ Sustainability B.V. respektiert die Privatsph\u00e4re der Besucher der Website, insbesondere die Rechte der Besucher von<br>im Hinblick auf die automatisierte Verarbeitung personenbezogener Daten. Um unseren Kunden gegen\u00fcber vollst\u00e4ndige Transparenz zu gew\u00e4hrleisten, haben wir daher eine Richtlinie \u00fcber diese Verarbeitungen selbst, ihren Zweck sowie die M\u00f6glichkeiten f\u00fcr die betroffenen Personen, ihre Rechte bestm\u00f6glich auszu\u00fcben, formuliert und umgesetzt. <\/p>\n<p>Alle weiteren Informationen zum Schutz personenbezogener Daten finden Sie auf der Website der Beh\u00f6rde f\u00fcr personenbezogene Daten: <a href=\"https:\/\/autoriteitpersoonsgegevens.nl\/nl\" target=\"_blank\" rel=\"noopener\">https:\/\/autoriteitpersoonsgegevens.nl\/nl.<\/a><br>Solange Sie die Verwendung von Cookies und anderen Tracking-Systemen auf der Website nicht akzeptieren, platzieren wir keine nicht-anonymisierten analytischen Cookies und\/oder Tracking-Cookies auf Ihrem Computer, Mobiltelefon oder Tablet.<\/p>\n<p>Indem Sie die Website weiterhin besuchen, akzeptieren Sie die folgenden Nutzungsbedingungen. Die aktuelle Version der Datenschutzerkl\u00e4rung, die auf der Website verf\u00fcgbar ist, ist die einzige Version, die so lange gilt, wie Sie die Website besuchen, bis eine neue Version die aktuelle Version ersetzt. <\/p>\n<p><strong>Artikel 1 &#8211; Rechtliche Bestimmungen<\/strong><\/p>\n<ol>\n<li>Website (im Folgenden auch \u201cdie Website\u201d): URBAN PROOF<\/li>\n<li>Verantwortlicher f\u00fcr die personenbezogenen Daten (im Folgenden auch \u201cder Verantwortliche\u201d genannt): U+ Sustainability B.V. , mit Sitz in <br>Oudeweg 91-95 Unit K-0.1 , 2031 CC Haarlem, KVK-Nummer: 81324545.<\/li>\n<\/ol>\n<p><strong>Artikel 2 &#8211; Zugang zur Website<\/strong><\/p>\n<p>Der Zugang und die Nutzung der Website ist rein pers\u00f6nlich. Sie d\u00fcrfen diese Website und die auf ihr bereitgestellten Daten und Informationen nicht f\u00fcr kommerzielle, politische oder werbliche Zwecke oder f\u00fcr kommerzielle Angebote und insbesondere nicht f\u00fcr unaufgeforderte elektronische Angebote nutzen. <\/p>\n<p><strong><br>Artikel 3 &#8211; Der Inhalt der Website<\/strong><br>Alle Marken, Bilder, Texte, Kommentare, Illustrationen, (animierte) Bilder, Videobilder, T\u00f6ne sowie alle technischen Anwendungen, die zum Betrieb der Website verwendet werden k\u00f6nnen, und ganz allgemein alle auf dieser Website verwendeten Komponenten sind durch geistige Eigentumsrechte gesch\u00fctzt. Jegliche Vervielf\u00e4ltigung, Wiederholung, Nutzung oder Anpassung, ganz oder teilweise, einschlie\u00dflich der technischen Anwendungen, ist ohne vorherige schriftliche Zustimmung des Verantwortlichen strengstens untersagt. Wenn der Verantwortliche nicht sofort gegen eine Verletzung vorgeht, kann dies nicht als stillschweigende Zustimmung oder Verzicht auf rechtliche Schritte ausgelegt werden.  <\/p>\n<p><strong><br>Artikel 4 &#8211; Verwaltung der Website<\/strong><br>F\u00fcr die ordnungsgem\u00e4\u00dfe Verwaltung der Website kann der Administrator jederzeit:<\/p>\n<ul>\n<li>den Zugang zur gesamten oder zu Teilen der Website auszusetzen, zu unterbrechen oder auf eine bestimmte Kategorie von Besuchern zu beschr\u00e4nken<\/li>\n<li>alle Informationen zu entfernen, die das Funktionieren der Website beeintr\u00e4chtigen oder gegen nationales oder internationales Recht oder die Internet-Etikette versto\u00dfen<\/li>\n<li>die Website vor\u00fcbergehend nicht verf\u00fcgbar zu machen, um Aktualisierungen vorzunehmen<\/li>\n<\/ul>\n<p><strong><br>Artikel 5 &#8211; Verantwortlichkeiten<\/strong><br>Der Administrator haftet unter keinen Umst\u00e4nden f\u00fcr Ausf\u00e4lle, St\u00f6rungen, Schwierigkeiten oder Unterbrechungen in der Funktionsweise der Website, die dazu f\u00fchren, dass Sie nicht auf die Website oder eine ihrer Funktionen zugreifen k\u00f6nnen. Die Art und Weise, in der Sie sich mit der Website verbinden, liegt in Ihrer eigenen Verantwortung. Sie sind daf\u00fcr verantwortlich, alle geeigneten Ma\u00dfnahmen zu ergreifen, um Ihre Ausr\u00fcstung und Ihre Daten unter anderem gegen Virenangriffe im Internet zu sch\u00fctzen. Au\u00dferdem sind Sie f\u00fcr die Websites und Daten, die Sie im Internet konsultieren, verantwortlich. Der Administrator haftet nicht f\u00fcr etwaige rechtliche Schritte, die gegen Sie eingeleitet werden:    <\/p>\n<ul>\n<li>aufgrund der Nutzung der Website oder der \u00fcber das Internet zug\u00e4nglichen Dienste<\/li>\n<li>f\u00fcr die Verletzung der Bedingungen dieser Datenschutzrichtlinie.<\/li>\n<\/ul>\n<p>Der Betreiber ist nicht verantwortlich f\u00fcr Sch\u00e4den, die Ihnen selbst, Dritten oder Ihrer Ausr\u00fcstung durch die Verbindung mit der Website oder deren Nutzung entstehen. Sie werden keine Ma\u00dfnahmen gegen den Betreiber ergreifen, die sich daraus ergeben. <\/p>\n<p>Wenn der Betreiber aufgrund Ihrer Nutzung dieser Website in einen Rechtsstreit verwickelt wird, hat er das Recht, alle Sch\u00e4den, die er erlitten hat und erleiden wird, von Ihnen zur\u00fcckzufordern.<\/p>\n<p><strong><br>Artikel 6 &#8211; Datenerhebung<\/strong><br>Ihre Daten werden von U+ Sustainability B.V. erhoben. Personenbezogene Daten sind alle Informationen, die sich auf eine identifizierte oder identifizierbare nat\u00fcrliche Person beziehen; als identifizierbar wird eine nat\u00fcrliche Person angesehen, die direkt oder indirekt identifiziert werden kann, insbesondere durch Zuordnung zu einer Kennung wie einem Namen, zu einer Kennnummer, zu Standortdaten, zu einer Online-Kennung oder zu einem oder mehreren Elementen, die Ausdruck der physischen, physiologischen, genetischen, psychischen, wirtschaftlichen, kulturellen oder sozialen Identit\u00e4t sind. <\/p>\n<p>Die auf der Website erhobenen personenbezogenen Daten werden vom Betreiber haupts\u00e4chlich zur Pflege der Beziehungen zu Ihnen und ggf. zur Bearbeitung Ihrer Bestellungen verwendet.<\/p>\n<p><strong><br>Artikel 7 &#8211; Ihre Rechte in Bezug auf Ihre Daten<\/strong><br>Gem\u00e4\u00df Artikel 13 Absatz 2 Buchstabe b AVG hat jede Person das Recht auf Zugang zu ihren personenbezogenen Daten und auf deren Berichtigung oder L\u00f6schung oder auf Einschr\u00e4nkung der Verarbeitung, die sie betrifft, sowie das Recht, der Verarbeitung zu widersprechen und das Recht auf Daten\u00fcbertragbarkeit. Sie k\u00f6nnen diese Rechte aus\u00fcben, indem Sie uns unter <a href=\"mailto:miranda@uplusconcepts.nl\">miranda@uplusconcepts.nl kontaktieren .<\/a> <\/p>\n<p>Jedem solchen Antrag sollte die Kopie eines g\u00fcltigen Ausweises beigef\u00fcgt werden, auf dem Sie Ihre Unterschrift angebracht haben und auf dem die Adresse angegeben ist, unter der Sie kontaktiert werden k\u00f6nnen. Innerhalb von 1 Monat nach Einreichung des Antrags erhalten Sie eine Antwort auf Ihren Antrag. Je nach der Komplexit\u00e4t der Antr\u00e4ge und der Anzahl der Antr\u00e4ge kann diese Frist gegebenenfalls um 2 Monate verl\u00e4ngert werden.  <\/p>\n<p><strong><br>Artikel 8 &#8211; Verarbeitung personenbezogener Daten<\/strong><br>Im Falle eines Versto\u00dfes gegen Gesetze oder Vorschriften, dessen der Besucher verd\u00e4chtigt wird und f\u00fcr den die Beh\u00f6rden die vom Administrator gesammelten personenbezogenen Daten ben\u00f6tigen, werden diese auf ausdr\u00fcckliche und begr\u00fcndete Anfrage dieser Beh\u00f6rden zur Verf\u00fcgung gestellt, woraufhin diese personenbezogenen Daten nicht mehr unter den Schutz der Bestimmungen dieser Datenschutzerkl\u00e4rung fallen.<\/p>\n<p>Wenn bestimmte Informationen erforderlich sind, um auf bestimmte Funktionen der Website zuzugreifen, weist die verantwortliche Partei bei der Abfrage der Daten auf den obligatorischen Charakter dieser Informationen hin.<\/p>\n<p><strong><br>Artikel 9 &#8211; Kommerzielle Angebote<\/strong><br>Sie k\u00f6nnen kommerzielle Angebote vom Administrator erhalten. Wenn Sie diese nicht oder nicht mehr erhalten m\u00f6chten, senden Sie bitte eine E-Mail an die folgende Adresse: <a href=\"mailto:miranda@uplusconcepts.nl\">miranda@uplusconcepts.nl.<\/a> Wenn Sie w\u00e4hrend Ihres Besuchs auf der Website auf pers\u00f6nliche Daten sto\u00dfen, m\u00fcssen Sie es unterlassen, diese zu sammeln oder anderweitig unbefugt zu verwenden sowie jede Handlung zu unterlassen, die einen Eingriff in die Privatsph\u00e4re dieser Person(en) darstellt. Unter keinen Umst\u00e4nden ist der Administrator in den oben genannten Situationen verantwortlich.   <\/p>\n<p><b><br>Artikel 10 &#8211; Aufbewahrungsfrist der Daten<br><\/b>Die vom Administrator der Website erhobenen Daten werden f\u00fcr die gesetzlich vorgeschriebene Dauer verwendet und aufbewahrt.<\/p>\n<p><strong><br>Artikel 11 &#8211; Cookies<\/strong><\/p>\n<ol>\n<li>Ein Cookie ist eine kleine Textdatei, die auf der Festplatte Ihres Computers gespeichert wird, wenn Sie unsere Website besuchen. Ein Cookie enth\u00e4lt Daten, damit Sie bei jedem Besuch unserer Website als Besucher erkannt werden k\u00f6nnen. So ist es m\u00f6glich, unsere Website speziell f\u00fcr Sie einzurichten und das Einloggen zu erleichtern.  <\/li>\n<li>Wir verwenden die folgenden Arten von Cookies auf unserer Website:<\/li>\n<li>Im Einzelnen verwenden wir die folgenden Cookies:\n<p>&#8211; Keine anderen Cookies<\/p>\n<\/li>\n<li>\n<p><span style=\"background-color: transparent;\">Wenn Sie unsere Website besuchen, k\u00f6nnen Cookies, die von dem Controller und\/oder Dritten stammen, auf Ihrem Ger\u00e4t installiert werden.<\/span><\/p>\n<\/li>\n<li>\n<p><span style=\"background-color: transparent;\">Weitere Informationen \u00fcber die Verwendung, Verwaltung und L\u00f6schung von Cookies f\u00fcr die einzelnen Betriebssysteme finden Sie unter folgendem Link: <\/span><a href=\"https:\/\/autoriteitpersoonsgegevens.nl\/nl\/onderwerpen\/internet-telefoon-tv-en-post\/cookies#faq\" target=\"_blank\" rel=\"noopener\">https:\/\/autoriteitpersoonsgegevens.nl\/nl\/onderwerpen\/internet-telefoon-tv-en-post\/cookies#faq<\/a><\/p>\n<\/li>\n<li>Artikel 12 &#8211; Bildmaterial und angebotene Produkte<br>Aus dem Bildmaterial, das zu den auf der Website angebotenen Produkten geh\u00f6rt, k\u00f6nnen keine Rechte abgeleitet werden.<\/li>\n<\/ol>\n<p><b><br>Artikel 13 &#8211; Anwendbares Recht<br><\/b>Diese Bedingungen unterliegen dem niederl\u00e4ndischen Recht. Das Gericht am Sitz des Verwalters ist ausschlie\u00dflich zust\u00e4ndig f\u00fcr alle Streitigkeiten im Zusammenhang mit diesen Bedingungen, es sei denn, es gilt eine gesetzliche Ausnahme. <\/p>\n<p><strong><br>Artikel 14 &#8211; Kontakt<\/strong><br>F\u00fcr Fragen, Produktinformationen oder Informationen \u00fcber die Website selbst, wenden Sie sich bitte an: Miranda Timp, <a href=\"mailto:miranda@uplusconcepts.nl\">miranda@uplusconcepts.nl <\/a> <\/p>\n<p><strong><br>Artikel 15 &#8211; Zuordnung<\/strong><br>Dieser Datenschutzhinweis wurde mit Hilfe von Rocket Lawyer<a href=\"https:\/\/www.rocketlawyer.com\/nl\/nl\" target=\"_blank\" rel=\"noopener\">(https:\/\/www.rocketlawyer.com\/nl\/nl)<\/a> erstellt.<br>Dieser Datenschutzhinweis gilt bis auf weiteres.  <\/p>\n<h2 class=\"wp-block-heading\"><\/h2>\t\t\t\t\t\t\t\t<\/div>\n\t\t\t\t<\/div>\n\t\t\t\t\t<\/div>\n\t\t\t\t<\/div>\n\t\t<div class=\"elementor-element elementor-element-8b20e96 e-flex e-con-boxed e-con e-parent\" data-id=\"8b20e96\" data-element_type=\"container\" data-e-type=\"container\">\n\t\t\t\t\t<div class=\"e-con-inner\">\n\t\t\t\t<div class=\"elementor-element elementor-element-4b6c1a4 elementor-widget elementor-widget-spacer\" data-id=\"4b6c1a4\" data-element_type=\"widget\" data-e-type=\"widget\" data-widget_type=\"spacer.default\">\n\t\t\t\t<div class=\"elementor-widget-container\">\n\t\t\t\t\t\t\t<div class=\"elementor-spacer\">\n\t\t\t<div class=\"elementor-spacer-inner\"><\/div>\n\t\t<\/div>\n\t\t\t\t\t\t<\/div>\n\t\t\t\t<\/div>\n\t\t\t\t\t<\/div>\n\t\t\t\t<\/div>\n\t\t\t\t<\/div>\n\t\t","protected":false},"excerpt":{"rendered":"<p>Erkl\u00e4rung zum Datenschutz U+ Sustainability B.V. respektiert die Privatsph\u00e4re der Besucher der Website, insbesondere die Rechte der Besucher vonim Hinblick auf die automatisierte Verarbeitung personenbezogener Daten. Um unseren Kunden gegen\u00fcber vollst\u00e4ndige Transparenz zu gew\u00e4hrleisten, haben wir daher eine Richtlinie \u00fcber diese Verarbeitungen selbst, ihren Zweck sowie die M\u00f6glichkeiten f\u00fcr die betroffenen Personen, ihre Rechte bestm\u00f6glich [&hellip;]<\/p>\n","protected":false},"author":1,"featured_media":0,"parent":0,"menu_order":0,"comment_status":"closed","ping_status":"closed","template":"","meta":{"footnotes":""},"class_list":["post-2993","page","type-page","status-publish","hentry"],"yoast_head":"<!-- This site is optimized with the Yoast SEO plugin v27.1.1 - https:\/\/yoast.com\/product\/yoast-seo-wordpress\/ -->\n<title>Erkl\u00e4rung zum Datenschutz - Urban Proof<\/title>\n<meta name=\"robots\" content=\"index, follow, max-snippet:-1, max-image-preview:large, max-video-preview:-1\" \/>\n<link rel=\"canonical\" href=\"https:\/\/urbanproof.nl\/de\/erklaerung-zum-datenschutz\/\" \/>\n<meta property=\"og:locale\" content=\"de_DE\" \/>\n<meta property=\"og:type\" content=\"article\" \/>\n<meta property=\"og:title\" content=\"Erkl\u00e4rung zum Datenschutz - Urban Proof\" \/>\n<meta property=\"og:description\" content=\"Erkl\u00e4rung zum Datenschutz U+ Sustainability B.V. respektiert die Privatsph\u00e4re der Besucher der Website, insbesondere die Rechte der Besucher vonim Hinblick auf die automatisierte Verarbeitung personenbezogener Daten. Um unseren Kunden gegen\u00fcber vollst\u00e4ndige Transparenz zu gew\u00e4hrleisten, haben wir daher eine Richtlinie \u00fcber diese Verarbeitungen selbst, ihren Zweck sowie die M\u00f6glichkeiten f\u00fcr die betroffenen Personen, ihre Rechte bestm\u00f6glich [&hellip;]\" \/>\n<meta property=\"og:url\" content=\"https:\/\/urbanproof.nl\/de\/erklaerung-zum-datenschutz\/\" \/>\n<meta property=\"og:site_name\" content=\"Urban Proof\" \/>\n<meta property=\"article:modified_time\" content=\"2025-05-14T14:09:37+00:00\" \/>\n<meta name=\"twitter:card\" content=\"summary_large_image\" \/>\n<meta name=\"twitter:label1\" content=\"Gesch\u00e4tzte Lesezeit\" \/>\n\t<meta name=\"twitter:data1\" content=\"7\u00a0Minute\" \/>\n<script type=\"application\/ld+json\" class=\"yoast-schema-graph\">{\"@context\":\"https:\/\/schema.org\",\"@graph\":[{\"@type\":\"WebPage\",\"@id\":\"https:\/\/urbanproof.nl\/de\/erklaerung-zum-datenschutz\/\",\"url\":\"https:\/\/urbanproof.nl\/de\/erklaerung-zum-datenschutz\/\",\"name\":\"Erkl\u00e4rung zum Datenschutz - Urban Proof\",\"isPartOf\":{\"@id\":\"https:\/\/urbanproof.nl\/de\/#website\"},\"datePublished\":\"2025-04-15T13:23:05+00:00\",\"dateModified\":\"2025-05-14T14:09:37+00:00\",\"breadcrumb\":{\"@id\":\"https:\/\/urbanproof.nl\/de\/erklaerung-zum-datenschutz\/#breadcrumb\"},\"inLanguage\":\"de\",\"potentialAction\":[{\"@type\":\"ReadAction\",\"target\":[\"https:\/\/urbanproof.nl\/de\/erklaerung-zum-datenschutz\/\"]}]},{\"@type\":\"BreadcrumbList\",\"@id\":\"https:\/\/urbanproof.nl\/de\/erklaerung-zum-datenschutz\/#breadcrumb\",\"itemListElement\":[{\"@type\":\"ListItem\",\"position\":1,\"name\":\"Startseite\",\"item\":\"https:\/\/urbanproof.nl\/de\/\"},{\"@type\":\"ListItem\",\"position\":2,\"name\":\"Erkl\u00e4rung zum Datenschutz\"}]},{\"@type\":\"WebSite\",\"@id\":\"https:\/\/urbanproof.nl\/de\/#website\",\"url\":\"https:\/\/urbanproof.nl\/de\/\",\"name\":\"Urban Proof\",\"description\":\"Sustainability in Motion\",\"publisher\":{\"@id\":\"https:\/\/urbanproof.nl\/de\/#organization\"},\"potentialAction\":[{\"@type\":\"SearchAction\",\"target\":{\"@type\":\"EntryPoint\",\"urlTemplate\":\"https:\/\/urbanproof.nl\/de\/?s={search_term_string}\"},\"query-input\":{\"@type\":\"PropertyValueSpecification\",\"valueRequired\":true,\"valueName\":\"search_term_string\"}}],\"inLanguage\":\"de\"},{\"@type\":\"Organization\",\"@id\":\"https:\/\/urbanproof.nl\/de\/#organization\",\"name\":\"Urban Proof\",\"url\":\"https:\/\/urbanproof.nl\/de\/\",\"logo\":{\"@type\":\"ImageObject\",\"inLanguage\":\"de\",\"@id\":\"https:\/\/urbanproof.nl\/de\/#\/schema\/logo\/image\/\",\"url\":\"https:\/\/urbanproof.nl\/wp-content\/uploads\/2025\/04\/UBP_Logo_2022_ZWART.svg\",\"contentUrl\":\"https:\/\/urbanproof.nl\/wp-content\/uploads\/2025\/04\/UBP_Logo_2022_ZWART.svg\",\"caption\":\"Urban Proof\"},\"image\":{\"@id\":\"https:\/\/urbanproof.nl\/de\/#\/schema\/logo\/image\/\"},\"sameAs\":[\"https:\/\/www.instagram.com\/urbanproof_sustainable\/\",\"https:\/\/www.linkedin.com\/company\/urban-proof\"]}]}<\/script>\n<!-- \/ Yoast SEO plugin. -->","yoast_head_json":{"title":"Erkl\u00e4rung zum Datenschutz - Urban Proof","robots":{"index":"index","follow":"follow","max-snippet":"max-snippet:-1","max-image-preview":"max-image-preview:large","max-video-preview":"max-video-preview:-1"},"canonical":"https:\/\/urbanproof.nl\/de\/erklaerung-zum-datenschutz\/","og_locale":"de_DE","og_type":"article","og_title":"Erkl\u00e4rung zum Datenschutz - Urban Proof","og_description":"Erkl\u00e4rung zum Datenschutz U+ Sustainability B.V. respektiert die Privatsph\u00e4re der Besucher der Website, insbesondere die Rechte der Besucher vonim Hinblick auf die automatisierte Verarbeitung personenbezogener Daten. Um unseren Kunden gegen\u00fcber vollst\u00e4ndige Transparenz zu gew\u00e4hrleisten, haben wir daher eine Richtlinie \u00fcber diese Verarbeitungen selbst, ihren Zweck sowie die M\u00f6glichkeiten f\u00fcr die betroffenen Personen, ihre Rechte bestm\u00f6glich [&hellip;]","og_url":"https:\/\/urbanproof.nl\/de\/erklaerung-zum-datenschutz\/","og_site_name":"Urban Proof","article_modified_time":"2025-05-14T14:09:37+00:00","twitter_card":"summary_large_image","twitter_misc":{"Gesch\u00e4tzte Lesezeit":"7\u00a0Minute"},"schema":{"@context":"https:\/\/schema.org","@graph":[{"@type":"WebPage","@id":"https:\/\/urbanproof.nl\/de\/erklaerung-zum-datenschutz\/","url":"https:\/\/urbanproof.nl\/de\/erklaerung-zum-datenschutz\/","name":"Erkl\u00e4rung zum Datenschutz - Urban Proof","isPartOf":{"@id":"https:\/\/urbanproof.nl\/de\/#website"},"datePublished":"2025-04-15T13:23:05+00:00","dateModified":"2025-05-14T14:09:37+00:00","breadcrumb":{"@id":"https:\/\/urbanproof.nl\/de\/erklaerung-zum-datenschutz\/#breadcrumb"},"inLanguage":"de","potentialAction":[{"@type":"ReadAction","target":["https:\/\/urbanproof.nl\/de\/erklaerung-zum-datenschutz\/"]}]},{"@type":"BreadcrumbList","@id":"https:\/\/urbanproof.nl\/de\/erklaerung-zum-datenschutz\/#breadcrumb","itemListElement":[{"@type":"ListItem","position":1,"name":"Startseite","item":"https:\/\/urbanproof.nl\/de\/"},{"@type":"ListItem","position":2,"name":"Erkl\u00e4rung zum Datenschutz"}]},{"@type":"WebSite","@id":"https:\/\/urbanproof.nl\/de\/#website","url":"https:\/\/urbanproof.nl\/de\/","name":"Urban Proof","description":"Sustainability in Motion","publisher":{"@id":"https:\/\/urbanproof.nl\/de\/#organization"},"potentialAction":[{"@type":"SearchAction","target":{"@type":"EntryPoint","urlTemplate":"https:\/\/urbanproof.nl\/de\/?s={search_term_string}"},"query-input":{"@type":"PropertyValueSpecification","valueRequired":true,"valueName":"search_term_string"}}],"inLanguage":"de"},{"@type":"Organization","@id":"https:\/\/urbanproof.nl\/de\/#organization","name":"Urban Proof","url":"https:\/\/urbanproof.nl\/de\/","logo":{"@type":"ImageObject","inLanguage":"de","@id":"https:\/\/urbanproof.nl\/de\/#\/schema\/logo\/image\/","url":"https:\/\/urbanproof.nl\/wp-content\/uploads\/2025\/04\/UBP_Logo_2022_ZWART.svg","contentUrl":"https:\/\/urbanproof.nl\/wp-content\/uploads\/2025\/04\/UBP_Logo_2022_ZWART.svg","caption":"Urban Proof"},"image":{"@id":"https:\/\/urbanproof.nl\/de\/#\/schema\/logo\/image\/"},"sameAs":["https:\/\/www.instagram.com\/urbanproof_sustainable\/","https:\/\/www.linkedin.com\/company\/urban-proof"]}]}},"_links":{"self":[{"href":"https:\/\/urbanproof.nl\/de\/wp-json\/wp\/v2\/pages\/2993","targetHints":{"allow":["GET"]}}],"collection":[{"href":"https:\/\/urbanproof.nl\/de\/wp-json\/wp\/v2\/pages"}],"about":[{"href":"https:\/\/urbanproof.nl\/de\/wp-json\/wp\/v2\/types\/page"}],"author":[{"embeddable":true,"href":"https:\/\/urbanproof.nl\/de\/wp-json\/wp\/v2\/users\/1"}],"replies":[{"embeddable":true,"href":"https:\/\/urbanproof.nl\/de\/wp-json\/wp\/v2\/comments?post=2993"}],"version-history":[{"count":4,"href":"https:\/\/urbanproof.nl\/de\/wp-json\/wp\/v2\/pages\/2993\/revisions"}],"predecessor-version":[{"id":3236,"href":"https:\/\/urbanproof.nl\/de\/wp-json\/wp\/v2\/pages\/2993\/revisions\/3236"}],"wp:attachment":[{"href":"https:\/\/urbanproof.nl\/de\/wp-json\/wp\/v2\/media?parent=2993"}],"curies":[{"name":"wp","href":"https:\/\/api.w.org\/{rel}","templated":true}]}}