{"id":2955,"date":"2025-04-08T14:11:57","date_gmt":"2025-04-08T12:11:57","guid":{"rendered":"https:\/\/urbanproof.nl\/b-corp\/"},"modified":"2026-02-26T10:43:36","modified_gmt":"2026-02-26T08:43:36","slug":"b-corp","status":"publish","type":"page","link":"https:\/\/urbanproof.nl\/de\/b-corp\/","title":{"rendered":"B Corp"},"content":{"rendered":"\t\t<div data-elementor-type=\"wp-page\" data-elementor-id=\"2955\" class=\"elementor elementor-2955 elementor-102\" data-elementor-post-type=\"page\">\n\t\t\t\t<div class=\"elementor-element elementor-element-766d758 e-con-full e-flex e-con e-parent\" data-id=\"766d758\" data-element_type=\"container\" data-e-type=\"container\">\n\t\t<div class=\"elementor-element elementor-element-e761592 e-con-full e-flex e-con e-child\" data-id=\"e761592\" data-element_type=\"container\" data-e-type=\"container\">\n\t\t\t\t<div class=\"elementor-element elementor-element-5fd8043 elementor-widget elementor-widget-heading\" data-id=\"5fd8043\" data-element_type=\"widget\" data-e-type=\"widget\" data-widget_type=\"heading.default\">\n\t\t\t\t<div class=\"elementor-widget-container\">\n\t\t\t\t\t<h2 class=\"elementor-heading-title elementor-size-default\">Der Stolz hinter<\/br> Urban Proof!<\/h2>\t\t\t\t<\/div>\n\t\t\t\t<\/div>\n\t\t\t\t<div class=\"elementor-element elementor-element-328d7d3 elementor-widget elementor-widget-text-editor\" data-id=\"328d7d3\" data-element_type=\"widget\" data-e-type=\"widget\" data-widget_type=\"text-editor.default\">\n\t\t\t\t<div class=\"elementor-widget-container\">\n\t\t\t\t\t\t\t\t\t<p>Das Unternehmen hinter unserer Marke Urban Proof ist U+. Als Unternehmen tr\u00e4gt U+ seit Ende 2022 den Titel &#8218;Certified B Corporation\u2122&#8216; (B Corp\u2122). Dies ist eine Zertifizierung f\u00fcr Unternehmen, die sich f\u00fcr eine bessere Welt mit R\u00fccksicht auf Mensch, Umwelt und Gesellschaft einsetzen. Mit der B Corp\u2122-Zertifizierung geh\u00f6rt U+ zu einem globalen Netzwerk von inspirierenden Organisationen, die zu einer nachhaltigen und verantwortungsvollen Gesellschaft beitragen, wie Patagonia, Dopper und Ben &amp; Jerry&#8217;s. Ein wertvolles Kollektiv, das es begr\u00fc\u00dft, selbst Teil des Wandels zu sein.    <\/p>\t\t\t\t\t\t\t\t<\/div>\n\t\t\t\t<\/div>\n\t\t\t\t<\/div>\n\t\t<div class=\"elementor-element elementor-element-9a1108b e-con-full e-flex e-con e-child\" data-id=\"9a1108b\" data-element_type=\"container\" data-e-type=\"container\" data-settings=\"{&quot;background_background&quot;:&quot;classic&quot;}\">\n\t\t\t\t<\/div>\n\t\t\t\t<\/div>\n\t\t<div class=\"elementor-element elementor-element-28a211d e-con-full e-flex e-con e-parent\" data-id=\"28a211d\" data-element_type=\"container\" data-e-type=\"container\">\n\t\t<div class=\"elementor-element elementor-element-32925bc e-con-full e-flex e-con e-child\" data-id=\"32925bc\" data-element_type=\"container\" data-e-type=\"container\">\n\t\t\t\t<div class=\"elementor-element elementor-element-0ed83e2 elementor-widget elementor-widget-heading\" data-id=\"0ed83e2\" data-element_type=\"widget\" data-e-type=\"widget\" data-widget_type=\"heading.default\">\n\t\t\t\t<div class=\"elementor-widget-container\">\n\t\t\t\t\t<h2 class=\"elementor-heading-title elementor-size-default\">U+ Mission<\/h2>\t\t\t\t<\/div>\n\t\t\t\t<\/div>\n\t\t\t\t<div class=\"elementor-element elementor-element-7e5a488 elementor-widget elementor-widget-text-editor\" data-id=\"7e5a488\" data-element_type=\"widget\" data-e-type=\"widget\" data-widget_type=\"text-editor.default\">\n\t\t\t\t<div class=\"elementor-widget-container\">\n\t\t\t\t\t\t\t\t\t<p>Wir bei U+ glauben, dass jeder das Recht hat, nachhaltige Entscheidungen zu treffen. Daher ist es unsere Mission, den Wandel zu inspirieren und nachhaltige(re) Produkte f\u00fcr jeden zug\u00e4nglich zu machen. Wir entwickeln funktionale und erschwingliche Produkte, die Qualit\u00e4t mit Nachhaltigkeit verbinden und jedem die M\u00f6glichkeit geben, einen positiven Einfluss auf unseren Planeten zu nehmen. Indem wir uns st\u00e4ndig bem\u00fchen, unseren eigenen \u00f6kologischen Fu\u00dfabdruck zu verkleinern und unseren Kunden helfen, dasselbe zu tun, arbeiten wir an einer besseren und verantwortungsvollen Zukunft f\u00fcr uns alle. Unsere Mission stimmt gut mit dem \u00fcberein, wof\u00fcr B Corp\u2122 steht: &#8218;Benefit for all&#8216;, eine inklusive, gerechte und regenerative Wirtschaft und Gesellschaft.    <\/p>\t\t\t\t\t\t\t\t<\/div>\n\t\t\t\t<\/div>\n\t\t\t\t<\/div>\n\t\t<div class=\"elementor-element elementor-element-dc55715 e-con-full e-flex e-con e-child\" data-id=\"dc55715\" data-element_type=\"container\" data-e-type=\"container\" data-settings=\"{&quot;background_background&quot;:&quot;classic&quot;}\">\n\t\t\t\t<\/div>\n\t\t\t\t<\/div>\n\t\t<div class=\"elementor-element elementor-element-36bf1bf e-con-full e-flex e-con e-parent\" data-id=\"36bf1bf\" data-element_type=\"container\" data-e-type=\"container\">\n\t\t<div class=\"elementor-element elementor-element-90f6d76 e-con-full e-flex e-con e-child\" data-id=\"90f6d76\" data-element_type=\"container\" data-e-type=\"container\">\n\t\t\t\t<div class=\"elementor-element elementor-element-88e5705 elementor-widget elementor-widget-heading\" data-id=\"88e5705\" data-element_type=\"widget\" data-e-type=\"widget\" data-widget_type=\"heading.default\">\n\t\t\t\t<div class=\"elementor-widget-container\">\n\t\t\t\t\t<h2 class=\"elementor-heading-title elementor-size-default\">Wie wird man eine<\/br>\nB Corp\u2122?<\/h2>\t\t\t\t<\/div>\n\t\t\t\t<\/div>\n\t\t\t\t<div class=\"elementor-element elementor-element-61ccc2f elementor-widget elementor-widget-text-editor\" data-id=\"61ccc2f\" data-element_type=\"widget\" data-e-type=\"widget\" data-widget_type=\"text-editor.default\">\n\t\t\t\t<div class=\"elementor-widget-container\">\n\t\t\t\t\t\t\t\t\t<p>B Corps\u2122 sind Unternehmen, die auf freiwilliger Basis hohe Standards f\u00fcr soziale und \u00f6kologische Leistung, Verantwortung und Transparenz verfolgen. Um dies zu messen, beginnt der Prozess, ein B Corp\u2122 zu werden, mit einer gr\u00fcndlichen Wirkungsmessung des gesamten Unternehmens anhand von mehr als 300 Fragen, die in die f\u00fcnf B Corp\u2122-S\u00e4ulen unterteilt sind: Governance, Umwelt, Mitarbeiter, Kunden und Gemeinschaft. Wenn Sie eine Punktzahl von 80 oder mehr erreichen, wird Ihr Unternehmen als B Corp\u2122 zertifiziert. Alle drei Jahre wird jedes Unternehmen neu bewertet und neu zertifiziert. Dies l\u00e4dt Sie dazu ein, sich kontinuierlich zu verbessern und sich weiterhin ehrgeizige Ziele zu setzen.    <\/p>\t\t\t\t\t\t\t\t<\/div>\n\t\t\t\t<\/div>\n\t\t\t\t<\/div>\n\t\t<div class=\"elementor-element elementor-element-89bc10c e-con-full e-flex e-con e-child\" data-id=\"89bc10c\" data-element_type=\"container\" data-e-type=\"container\" data-settings=\"{&quot;background_background&quot;:&quot;classic&quot;}\">\n\t\t\t\t<\/div>\n\t\t\t\t<\/div>\n\t\t<div class=\"elementor-element elementor-element-63d7251 e-con-full e-flex e-con e-parent\" data-id=\"63d7251\" data-element_type=\"container\" data-e-type=\"container\" data-settings=\"{&quot;background_background&quot;:&quot;classic&quot;}\">\n\t\t<div class=\"elementor-element elementor-element-efab9dd e-con-full e-flex e-con e-child\" data-id=\"efab9dd\" data-element_type=\"container\" data-e-type=\"container\">\n\t\t\t\t<div class=\"elementor-element elementor-element-1290873 elementor-widget elementor-widget-heading\" data-id=\"1290873\" data-element_type=\"widget\" data-e-type=\"widget\" data-widget_type=\"heading.default\">\n\t\t\t\t<div class=\"elementor-widget-container\">\n\t\t\t\t\t<h2 class=\"elementor-heading-title elementor-size-default\">Die Macht der Verbindung<\/h2>\t\t\t\t<\/div>\n\t\t\t\t<\/div>\n\t\t\t\t<div class=\"elementor-element elementor-element-dbebfa4 elementor-widget elementor-widget-text-editor\" data-id=\"dbebfa4\" data-element_type=\"widget\" data-e-type=\"widget\" data-widget_type=\"text-editor.default\">\n\t\t\t\t<div class=\"elementor-widget-container\">\n\t\t\t\t\t\t\t\t\t<p>Mit der Erlangung des B Corp\u2122-Zertifikats zeigen wir unser Engagement f\u00fcr einen positiven, nachhaltigen Einfluss in allen Bereichen. Wir haben dies auch in unserer Satzung verankert, denn wir glauben, dass wir selbst die Ver\u00e4nderung sein m\u00fcssen, die wir in der Welt sehen wollen. Die B Corp\u2122-Zertifizierung ist der Ausgangspunkt daf\u00fcr. Gemeinsam mit den anderen B Corps\u2122 setzen wir uns daf\u00fcr ein, eine bessere und verantwortungsvollere Zukunft f\u00fcr uns alle zu schaffen.   <\/p>\t\t\t\t\t\t\t\t<\/div>\n\t\t\t\t<\/div>\n\t\t\t\t<\/div>\n\t\t<div class=\"elementor-element elementor-element-15967fb e-con-full e-flex e-con e-child\" data-id=\"15967fb\" data-element_type=\"container\" data-e-type=\"container\" data-settings=\"{&quot;background_background&quot;:&quot;classic&quot;}\">\n\t\t\t\t<\/div>\n\t\t\t\t<\/div>\n\t\t<div class=\"elementor-element elementor-element-154d687f e-con-full e-flex e-con e-parent\" data-id=\"154d687f\" data-element_type=\"container\" data-e-type=\"container\" data-settings=\"{&quot;position&quot;:&quot;fixed&quot;,&quot;motion_fx_motion_fx_scrolling&quot;:&quot;yes&quot;,&quot;motion_fx_opacity_effect&quot;:&quot;yes&quot;,&quot;motion_fx_opacity_range&quot;:{&quot;unit&quot;:&quot;%&quot;,&quot;size&quot;:&quot;&quot;,&quot;sizes&quot;:{&quot;start&quot;:55,&quot;end&quot;:55}},&quot;motion_fx_opacity_direction&quot;:&quot;out-in&quot;,&quot;motion_fx_opacity_level&quot;:{&quot;unit&quot;:&quot;px&quot;,&quot;size&quot;:10,&quot;sizes&quot;:[]},&quot;motion_fx_devices&quot;:[&quot;desktop&quot;,&quot;tablet&quot;,&quot;mobile&quot;]}\">\n\t\t\t\t<div class=\"elementor-element elementor-element-4051b5c3 elementor-align-right elementor-widget elementor-widget-button\" data-id=\"4051b5c3\" data-element_type=\"widget\" data-e-type=\"widget\" data-widget_type=\"button.default\">\n\t\t\t\t<div class=\"elementor-widget-container\">\n\t\t\t\t\t\t\t\t\t<div class=\"elementor-button-wrapper\">\n\t\t\t\t\t<a class=\"elementor-button elementor-button-link elementor-size-sm\" href=\"#top\">\n\t\t\t\t\t\t<span class=\"elementor-button-content-wrapper\">\n\t\t\t\t\t\t<span class=\"elementor-button-icon\">\n\t\t\t\t<svg aria-hidden=\"true\" class=\"e-font-icon-svg e-fas-arrow-up\" viewBox=\"0 0 448 512\" xmlns=\"http:\/\/www.w3.org\/2000\/svg\"><path d=\"M34.9 289.5l-22.2-22.2c-9.4-9.4-9.4-24.6 0-33.9L207 39c9.4-9.4 24.6-9.4 33.9 0l194.3 194.3c9.4 9.4 9.4 24.6 0 33.9L413 289.4c-9.5 9.5-25 9.3-34.3-.4L264 168.6V456c0 13.3-10.7 24-24 24h-32c-13.3 0-24-10.7-24-24V168.6L69.2 289.1c-9.3 9.8-24.8 10-34.3.4z\"><\/path><\/svg>\t\t\t<\/span>\n\t\t\t\t\t\t\t\t<\/span>\n\t\t\t\t\t<\/a>\n\t\t\t\t<\/div>\n\t\t\t\t\t\t\t\t<\/div>\n\t\t\t\t<\/div>\n\t\t\t\t<\/div>\n\t\t\t\t<\/div>\n\t\t","protected":false},"excerpt":{"rendered":"<p>Der Stolz hinter Urban Proof! Das Unternehmen hinter unserer Marke Urban Proof ist U+. Als Unternehmen tr\u00e4gt U+ seit Ende 2022 den Titel &#8218;Certified B Corporation\u2122&#8216; (B Corp\u2122). Dies ist eine Zertifizierung f\u00fcr Unternehmen, die sich f\u00fcr eine bessere Welt mit R\u00fccksicht auf Mensch, Umwelt und Gesellschaft einsetzen. Mit der B Corp\u2122-Zertifizierung geh\u00f6rt U+ zu [&hellip;]<\/p>\n","protected":false},"author":1,"featured_media":0,"parent":0,"menu_order":0,"comment_status":"closed","ping_status":"closed","template":"","meta":{"footnotes":""},"class_list":["post-2955","page","type-page","status-publish","hentry"],"yoast_head":"<!-- This site is optimized with the Yoast SEO plugin v27.1.1 - https:\/\/yoast.com\/product\/yoast-seo-wordpress\/ -->\n<title>B Corp - Urban Proof<\/title>\n<meta name=\"robots\" content=\"index, follow, max-snippet:-1, max-image-preview:large, max-video-preview:-1\" \/>\n<link rel=\"canonical\" href=\"https:\/\/urbanproof.nl\/de\/b-corp\/\" \/>\n<meta property=\"og:locale\" content=\"de_DE\" \/>\n<meta property=\"og:type\" content=\"article\" \/>\n<meta property=\"og:title\" content=\"B Corp - Urban Proof\" \/>\n<meta property=\"og:description\" content=\"Der Stolz hinter Urban Proof! Das Unternehmen hinter unserer Marke Urban Proof ist U+. Als Unternehmen tr\u00e4gt U+ seit Ende 2022 den Titel &#8218;Certified B Corporation\u2122&#8216; (B Corp\u2122). Dies ist eine Zertifizierung f\u00fcr Unternehmen, die sich f\u00fcr eine bessere Welt mit R\u00fccksicht auf Mensch, Umwelt und Gesellschaft einsetzen. Mit der B Corp\u2122-Zertifizierung geh\u00f6rt U+ zu [&hellip;]\" \/>\n<meta property=\"og:url\" content=\"https:\/\/urbanproof.nl\/de\/b-corp\/\" \/>\n<meta property=\"og:site_name\" content=\"Urban Proof\" \/>\n<meta property=\"article:modified_time\" content=\"2026-02-26T08:43:36+00:00\" \/>\n<meta name=\"twitter:card\" content=\"summary_large_image\" \/>\n<meta name=\"twitter:label1\" content=\"Gesch\u00e4tzte Lesezeit\" \/>\n\t<meta name=\"twitter:data1\" content=\"2\u00a0Minute\" \/>\n<script type=\"application\/ld+json\" class=\"yoast-schema-graph\">{\"@context\":\"https:\/\/schema.org\",\"@graph\":[{\"@type\":\"WebPage\",\"@id\":\"https:\/\/urbanproof.nl\/de\/b-corp\/\",\"url\":\"https:\/\/urbanproof.nl\/de\/b-corp\/\",\"name\":\"B Corp - Urban Proof\",\"isPartOf\":{\"@id\":\"https:\/\/urbanproof.nl\/de\/#website\"},\"datePublished\":\"2025-04-08T12:11:57+00:00\",\"dateModified\":\"2026-02-26T08:43:36+00:00\",\"breadcrumb\":{\"@id\":\"https:\/\/urbanproof.nl\/de\/b-corp\/#breadcrumb\"},\"inLanguage\":\"de\",\"potentialAction\":[{\"@type\":\"ReadAction\",\"target\":[\"https:\/\/urbanproof.nl\/de\/b-corp\/\"]}]},{\"@type\":\"BreadcrumbList\",\"@id\":\"https:\/\/urbanproof.nl\/de\/b-corp\/#breadcrumb\",\"itemListElement\":[{\"@type\":\"ListItem\",\"position\":1,\"name\":\"Startseite\",\"item\":\"https:\/\/urbanproof.nl\/de\/\"},{\"@type\":\"ListItem\",\"position\":2,\"name\":\"B Corp\"}]},{\"@type\":\"WebSite\",\"@id\":\"https:\/\/urbanproof.nl\/de\/#website\",\"url\":\"https:\/\/urbanproof.nl\/de\/\",\"name\":\"Urban Proof\",\"description\":\"Sustainability in Motion\",\"publisher\":{\"@id\":\"https:\/\/urbanproof.nl\/de\/#organization\"},\"potentialAction\":[{\"@type\":\"SearchAction\",\"target\":{\"@type\":\"EntryPoint\",\"urlTemplate\":\"https:\/\/urbanproof.nl\/de\/?s={search_term_string}\"},\"query-input\":{\"@type\":\"PropertyValueSpecification\",\"valueRequired\":true,\"valueName\":\"search_term_string\"}}],\"inLanguage\":\"de\"},{\"@type\":\"Organization\",\"@id\":\"https:\/\/urbanproof.nl\/de\/#organization\",\"name\":\"Urban Proof\",\"url\":\"https:\/\/urbanproof.nl\/de\/\",\"logo\":{\"@type\":\"ImageObject\",\"inLanguage\":\"de\",\"@id\":\"https:\/\/urbanproof.nl\/de\/#\/schema\/logo\/image\/\",\"url\":\"https:\/\/urbanproof.nl\/wp-content\/uploads\/2025\/04\/UBP_Logo_2022_ZWART.svg\",\"contentUrl\":\"https:\/\/urbanproof.nl\/wp-content\/uploads\/2025\/04\/UBP_Logo_2022_ZWART.svg\",\"caption\":\"Urban Proof\"},\"image\":{\"@id\":\"https:\/\/urbanproof.nl\/de\/#\/schema\/logo\/image\/\"},\"sameAs\":[\"https:\/\/www.instagram.com\/urbanproof_sustainable\/\",\"https:\/\/www.linkedin.com\/company\/urban-proof\"]}]}<\/script>\n<!-- \/ Yoast SEO plugin. -->","yoast_head_json":{"title":"B Corp - Urban Proof","robots":{"index":"index","follow":"follow","max-snippet":"max-snippet:-1","max-image-preview":"max-image-preview:large","max-video-preview":"max-video-preview:-1"},"canonical":"https:\/\/urbanproof.nl\/de\/b-corp\/","og_locale":"de_DE","og_type":"article","og_title":"B Corp - Urban Proof","og_description":"Der Stolz hinter Urban Proof! Das Unternehmen hinter unserer Marke Urban Proof ist U+. Als Unternehmen tr\u00e4gt U+ seit Ende 2022 den Titel &#8218;Certified B Corporation\u2122&#8216; (B Corp\u2122). Dies ist eine Zertifizierung f\u00fcr Unternehmen, die sich f\u00fcr eine bessere Welt mit R\u00fccksicht auf Mensch, Umwelt und Gesellschaft einsetzen. Mit der B Corp\u2122-Zertifizierung geh\u00f6rt U+ zu [&hellip;]","og_url":"https:\/\/urbanproof.nl\/de\/b-corp\/","og_site_name":"Urban Proof","article_modified_time":"2026-02-26T08:43:36+00:00","twitter_card":"summary_large_image","twitter_misc":{"Gesch\u00e4tzte Lesezeit":"2\u00a0Minute"},"schema":{"@context":"https:\/\/schema.org","@graph":[{"@type":"WebPage","@id":"https:\/\/urbanproof.nl\/de\/b-corp\/","url":"https:\/\/urbanproof.nl\/de\/b-corp\/","name":"B Corp - Urban Proof","isPartOf":{"@id":"https:\/\/urbanproof.nl\/de\/#website"},"datePublished":"2025-04-08T12:11:57+00:00","dateModified":"2026-02-26T08:43:36+00:00","breadcrumb":{"@id":"https:\/\/urbanproof.nl\/de\/b-corp\/#breadcrumb"},"inLanguage":"de","potentialAction":[{"@type":"ReadAction","target":["https:\/\/urbanproof.nl\/de\/b-corp\/"]}]},{"@type":"BreadcrumbList","@id":"https:\/\/urbanproof.nl\/de\/b-corp\/#breadcrumb","itemListElement":[{"@type":"ListItem","position":1,"name":"Startseite","item":"https:\/\/urbanproof.nl\/de\/"},{"@type":"ListItem","position":2,"name":"B Corp"}]},{"@type":"WebSite","@id":"https:\/\/urbanproof.nl\/de\/#website","url":"https:\/\/urbanproof.nl\/de\/","name":"Urban Proof","description":"Sustainability in Motion","publisher":{"@id":"https:\/\/urbanproof.nl\/de\/#organization"},"potentialAction":[{"@type":"SearchAction","target":{"@type":"EntryPoint","urlTemplate":"https:\/\/urbanproof.nl\/de\/?s={search_term_string}"},"query-input":{"@type":"PropertyValueSpecification","valueRequired":true,"valueName":"search_term_string"}}],"inLanguage":"de"},{"@type":"Organization","@id":"https:\/\/urbanproof.nl\/de\/#organization","name":"Urban Proof","url":"https:\/\/urbanproof.nl\/de\/","logo":{"@type":"ImageObject","inLanguage":"de","@id":"https:\/\/urbanproof.nl\/de\/#\/schema\/logo\/image\/","url":"https:\/\/urbanproof.nl\/wp-content\/uploads\/2025\/04\/UBP_Logo_2022_ZWART.svg","contentUrl":"https:\/\/urbanproof.nl\/wp-content\/uploads\/2025\/04\/UBP_Logo_2022_ZWART.svg","caption":"Urban Proof"},"image":{"@id":"https:\/\/urbanproof.nl\/de\/#\/schema\/logo\/image\/"},"sameAs":["https:\/\/www.instagram.com\/urbanproof_sustainable\/","https:\/\/www.linkedin.com\/company\/urban-proof"]}]}},"_links":{"self":[{"href":"https:\/\/urbanproof.nl\/de\/wp-json\/wp\/v2\/pages\/2955","targetHints":{"allow":["GET"]}}],"collection":[{"href":"https:\/\/urbanproof.nl\/de\/wp-json\/wp\/v2\/pages"}],"about":[{"href":"https:\/\/urbanproof.nl\/de\/wp-json\/wp\/v2\/types\/page"}],"author":[{"embeddable":true,"href":"https:\/\/urbanproof.nl\/de\/wp-json\/wp\/v2\/users\/1"}],"replies":[{"embeddable":true,"href":"https:\/\/urbanproof.nl\/de\/wp-json\/wp\/v2\/comments?post=2955"}],"version-history":[{"count":2,"href":"https:\/\/urbanproof.nl\/de\/wp-json\/wp\/v2\/pages\/2955\/revisions"}],"predecessor-version":[{"id":7694,"href":"https:\/\/urbanproof.nl\/de\/wp-json\/wp\/v2\/pages\/2955\/revisions\/7694"}],"wp:attachment":[{"href":"https:\/\/urbanproof.nl\/de\/wp-json\/wp\/v2\/media?parent=2955"}],"curies":[{"name":"wp","href":"https:\/\/api.w.org\/{rel}","templated":true}]}}