{"id":2946,"date":"2025-04-08T14:03:23","date_gmt":"2025-04-08T13:03:23","guid":{"rendered":"https:\/\/urbanproof.nl\/nachhaltigkeit\/"},"modified":"2026-03-11T16:03:35","modified_gmt":"2026-03-11T15:03:35","slug":"nachhaltigkeit","status":"publish","type":"page","link":"https:\/\/urbanproof.nl\/de\/nachhaltigkeit\/","title":{"rendered":"Nachhaltigkeit"},"content":{"rendered":"\t\t<div data-elementor-type=\"wp-page\" data-elementor-id=\"2946\" class=\"elementor elementor-2946 elementor-80\" data-elementor-post-type=\"page\">\n\t\t\t\t<div class=\"elementor-element elementor-element-f685f6a e-con-full e-flex e-con e-parent\" data-id=\"f685f6a\" data-element_type=\"container\" data-e-type=\"container\" data-settings=\"{&quot;background_background&quot;:&quot;classic&quot;}\">\n\t\t\t\t<div class=\"elementor-element elementor-element-dc4d9b0 elementor-widget elementor-widget-heading\" data-id=\"dc4d9b0\" data-element_type=\"widget\" data-e-type=\"widget\" data-widget_type=\"heading.default\">\n\t\t\t\t<div class=\"elementor-widget-container\">\n\t\t\t\t\t<h2 class=\"elementor-heading-title elementor-size-default\">\" PROGRESSION IST TEIL DES PROZESSES.\"<\/h2>\t\t\t\t<\/div>\n\t\t\t\t<\/div>\n\t\t\t\t<\/div>\n\t\t<div class=\"elementor-element elementor-element-23c25c4 e-con-full e-flex e-con e-parent\" data-id=\"23c25c4\" data-element_type=\"container\" data-e-type=\"container\">\n\t\t<div class=\"elementor-element elementor-element-39479cf e-con-full e-flex e-con e-child\" data-id=\"39479cf\" data-element_type=\"container\" data-e-type=\"container\">\n\t\t\t\t<div class=\"elementor-element elementor-element-bff81f8 elementor-widget elementor-widget-heading\" data-id=\"bff81f8\" data-element_type=\"widget\" data-e-type=\"widget\" data-widget_type=\"heading.default\">\n\t\t\t\t<div class=\"elementor-widget-container\">\n\t\t\t\t\t<h2 class=\"elementor-heading-title elementor-size-default\">NACHHALTIGKEIT IN BEWEGUNG<\/h2>\t\t\t\t<\/div>\n\t\t\t\t<\/div>\n\t\t\t\t<\/div>\n\t\t<div class=\"elementor-element elementor-element-4260855 e-con-full e-flex e-con e-child\" data-id=\"4260855\" data-element_type=\"container\" data-e-type=\"container\">\n\t\t<div class=\"elementor-element elementor-element-f9ec872 e-con-full e-flex e-con e-child\" data-id=\"f9ec872\" data-element_type=\"container\" data-e-type=\"container\">\n\t\t\t\t<div class=\"elementor-element elementor-element-ba148b0 elementor-widget elementor-widget-text-editor\" data-id=\"ba148b0\" data-element_type=\"widget\" data-e-type=\"widget\" data-widget_type=\"text-editor.default\">\n\t\t\t\t<div class=\"elementor-widget-container\">\n\t\t\t\t\t\t\t\t\t<p>Fahren Sie mit Stil Fahrrad, ohne Kompromisse bei Qualit\u00e4t und Haltbarkeit einzugehen! Verbessern Sie Ihren Fahrradstil mit unserem Angebot an modernem und langlebigem Fahrradzubeh\u00f6r. Urban Proof bietet Top-Qualit\u00e4t und Stil, damit Sie gut aussehen, egal ob Sie durch die Stadt fahren, zur Arbeit pendeln oder die Natur erkunden. Geben Sie sich nicht mit Langeweile zufrieden, wenn Sie mit Haltung fahren k\u00f6nnen. R\u00fcsten Sie jetzt auf!    <\/p>\t\t\t\t\t\t\t\t<\/div>\n\t\t\t\t<\/div>\n\t\t\t\t<\/div>\n\t\t<div class=\"elementor-element elementor-element-149607c e-con-full e-flex e-con e-child\" data-id=\"149607c\" data-element_type=\"container\" data-e-type=\"container\">\n\t\t\t\t<div class=\"elementor-element elementor-element-d6527e2 elementor-widget elementor-widget-text-editor\" data-id=\"d6527e2\" data-element_type=\"widget\" data-e-type=\"widget\" data-widget_type=\"text-editor.default\">\n\t\t\t\t<div class=\"elementor-widget-container\">\n\t\t\t\t\t\t\t\t\t<p>Wir m\u00f6chten andere inspirieren, indem wir uns nicht nur auf Nachhaltigkeit konzentrieren, sondern auch etwas zur\u00fcckgeben. Wir tun dies, indem wir B Corp\u2122-zertifiziert* sind, recycelte Materialien in unseren Produkten verwenden und nachhaltige Waren herstellen. Schlie\u00dfen Sie sich unserer Mission an, etwas zu bewirken und dabei auch noch gut auszusehen.  <\/p>\t\t\t\t\t\t\t\t<\/div>\n\t\t\t\t<\/div>\n\t\t\t\t<\/div>\n\t\t\t\t<\/div>\n\t\t\t\t<\/div>\n\t\t<div class=\"elementor-element elementor-element-4f3e3b90 e-con-full e-flex e-con e-parent\" data-id=\"4f3e3b90\" data-element_type=\"container\" data-e-type=\"container\" data-settings=\"{&quot;background_background&quot;:&quot;classic&quot;}\">\n\t\t\t\t<div class=\"elementor-element elementor-element-74695975 elementor-widget elementor-widget-heading\" data-id=\"74695975\" data-element_type=\"widget\" data-e-type=\"widget\" data-widget_type=\"heading.default\">\n\t\t\t\t<div class=\"elementor-widget-container\">\n\t\t\t\t\t<h2 class=\"elementor-heading-title elementor-size-default\">626.240 RECYCELTE FLASCHEN DURCH \n<\/br>UNSERE SAMMLUNG RECYCELTER T\u00dcTEN<\/h2>\t\t\t\t<\/div>\n\t\t\t\t<\/div>\n\t\t\t\t<\/div>\n\t\t<div class=\"elementor-element elementor-element-4a725e2c e-con-full e-flex e-con e-parent\" data-id=\"4a725e2c\" data-element_type=\"container\" data-e-type=\"container\" data-settings=\"{&quot;background_background&quot;:&quot;classic&quot;}\">\n\t\t\t\t<div class=\"elementor-element elementor-element-2ac04057 elementor-widget elementor-widget-heading\" data-id=\"2ac04057\" data-element_type=\"widget\" data-e-type=\"widget\" data-widget_type=\"heading.default\">\n\t\t\t\t<div class=\"elementor-widget-container\">\n\t\t\t\t\t<h2 class=\"elementor-heading-title elementor-size-default\">15 AUFR\u00c4UMAKTIONEN, 400 FREIWILLIGE,<\/br> 600 KG M\u00dcLL GESAMMELT!<\/h2>\t\t\t\t<\/div>\n\t\t\t\t<\/div>\n\t\t\t\t<\/div>\n\t\t<div class=\"elementor-element elementor-element-473a5c7 e-flex e-con-boxed e-con e-parent\" data-id=\"473a5c7\" data-element_type=\"container\" data-e-type=\"container\">\n\t\t\t\t\t<div class=\"e-con-inner\">\n\t\t<div class=\"elementor-element elementor-element-85d9649 e-con-full e-flex e-con e-child\" data-id=\"85d9649\" data-element_type=\"container\" data-e-type=\"container\">\n\t\t\t\t<div class=\"elementor-element elementor-element-5b3c0e8 elementor-widget elementor-widget-heading\" data-id=\"5b3c0e8\" data-element_type=\"widget\" data-e-type=\"widget\" data-widget_type=\"heading.default\">\n\t\t\t\t<div class=\"elementor-widget-container\">\n\t\t\t\t\t<h2 class=\"elementor-heading-title elementor-size-default\">aufr\u00e4umen und recyceln<\/h2>\t\t\t\t<\/div>\n\t\t\t\t<\/div>\n\t\t\t\t<\/div>\n\t\t<div class=\"elementor-element elementor-element-a1aea91 e-con-full e-flex e-con e-child\" data-id=\"a1aea91\" data-element_type=\"container\" data-e-type=\"container\">\n\t\t<div class=\"elementor-element elementor-element-5e60aac e-con-full e-flex e-con e-child\" data-id=\"5e60aac\" data-element_type=\"container\" data-e-type=\"container\">\n\t\t\t\t<div class=\"elementor-element elementor-element-a4752a2 elementor-widget elementor-widget-heading\" data-id=\"a4752a2\" data-element_type=\"widget\" data-e-type=\"widget\" data-widget_type=\"heading.default\">\n\t\t\t\t<div class=\"elementor-widget-container\">\n\t\t\t\t\t<h2 class=\"elementor-heading-title elementor-size-default\">UNTERST\u00dcTZUNG BEI DER BEREINIGUNG<\/h2>\t\t\t\t<\/div>\n\t\t\t\t<\/div>\n\t\t\t\t<div class=\"elementor-element elementor-element-a07937c elementor-widget elementor-widget-text-editor\" data-id=\"a07937c\" data-element_type=\"widget\" data-e-type=\"widget\" data-widget_type=\"text-editor.default\">\n\t\t\t\t<div class=\"elementor-widget-container\">\n\t\t\t\t\t\t\t\t\t<p>Machen Sie sich die H\u00e4nde schmutzig und unterst\u00fctzen Sie die gute Sache! Lassen Sie uns gemeinsam mehr tun, als nur nachhaltige Materialien auszuw\u00e4hlen. Lassen Sie uns handeln und das Chaos aufr\u00e4umen, das wir angerichtet haben. Machen Sie einen Unterschied und helfen Sie, den Planeten zu retten, ein St\u00fcck Abfall nach dem anderen.   <\/p>\t\t\t\t\t\t\t\t<\/div>\n\t\t\t\t<\/div>\n\t\t\t\t<\/div>\n\t\t<div class=\"elementor-element elementor-element-6791a80 e-con-full e-flex e-con e-child\" data-id=\"6791a80\" data-element_type=\"container\" data-e-type=\"container\">\n\t\t\t\t<div class=\"elementor-element elementor-element-fb609ef elementor-widget elementor-widget-heading\" data-id=\"fb609ef\" data-element_type=\"widget\" data-e-type=\"widget\" data-widget_type=\"heading.default\">\n\t\t\t\t<div class=\"elementor-widget-container\">\n\t\t\t\t\t<h2 class=\"elementor-heading-title elementor-size-default\">RECYCELTE MATERIALIEN<\/h2>\t\t\t\t<\/div>\n\t\t\t\t<\/div>\n\t\t\t\t<div class=\"elementor-element elementor-element-e9c046c elementor-widget elementor-widget-text-editor\" data-id=\"e9c046c\" data-element_type=\"widget\" data-e-type=\"widget\" data-widget_type=\"text-editor.default\">\n\t\t\t\t<div class=\"elementor-widget-container\">\n\t\t\t\t\t\t\t\t\t<p>F\u00fcr uns geht es darum, ein mutiges Statement abzugeben und gleichzeitig etwas an den Planeten zur\u00fcckzugeben. Unsere Taschen sind nicht nur stilvoll und praktisch, sondern auch aus recycelten Plastikflaschen und Baumwollgewebe hergestellt. Unser Ziel ist es, Transportabf\u00e4lle durch innovatives Design zu reduzieren, damit Sie ein gutes Gef\u00fchl dabei haben, Ihre Auswirkungen auf die Umwelt zu minimieren. Begleiten Sie uns auf dieser nachhaltigen Reise.  <\/p>\t\t\t\t\t\t\t\t<\/div>\n\t\t\t\t<\/div>\n\t\t\t\t<\/div>\n\t\t<div class=\"elementor-element elementor-element-0f40dd2 e-con-full e-flex e-con e-child\" data-id=\"0f40dd2\" data-element_type=\"container\" data-e-type=\"container\">\n\t\t\t\t<div class=\"elementor-element elementor-element-6baf0e6 elementor-widget elementor-widget-heading\" data-id=\"6baf0e6\" data-element_type=\"widget\" data-e-type=\"widget\" data-widget_type=\"heading.default\">\n\t\t\t\t<div class=\"elementor-widget-container\">\n\t\t\t\t\t<h2 class=\"elementor-heading-title elementor-size-default\">NACHHALTIGE PRODUKTE<\/h2>\t\t\t\t<\/div>\n\t\t\t\t<\/div>\n\t\t\t\t<div class=\"elementor-element elementor-element-21d588d elementor-widget elementor-widget-text-editor\" data-id=\"21d588d\" data-element_type=\"widget\" data-e-type=\"widget\" data-widget_type=\"text-editor.default\">\n\t\t\t\t<div class=\"elementor-widget-container\">\n\t\t\t\t\t\t\t\t\t<p>Sie suchen nach cooler Ausr\u00fcstung, die nicht teuer ist? Dann ist unsere neueste Produktlinie genau das Richtige f\u00fcr Sie. Sie wurde mit Blick auf Haltbarkeit und Erschwinglichkeit entwickelt. Unsere Kollektion h\u00e4lt jedem Sturm stand &#8211; von heftigen Regeng\u00fcssen bis hin zu b\u00f6igen Winden &#8211; ohne Abstriche bei Stil oder Qualit\u00e4t zu machen. Ziehen Sie Ihre Ausr\u00fcstung an und trotzen Sie den Elementen mit Stil.   <\/p>\t\t\t\t\t\t\t\t<\/div>\n\t\t\t\t<\/div>\n\t\t\t\t<\/div>\n\t\t\t\t<\/div>\n\t\t\t\t\t<\/div>\n\t\t\t\t<\/div>\n\t\t<div class=\"elementor-element elementor-element-6126fe60 e-con-full e-flex e-con e-parent\" data-id=\"6126fe60\" data-element_type=\"container\" data-e-type=\"container\" data-settings=\"{&quot;background_background&quot;:&quot;classic&quot;}\">\n\t\t\t\t<div class=\"elementor-element elementor-element-6c3fb2f elementor-widget elementor-widget-heading\" data-id=\"6c3fb2f\" data-element_type=\"widget\" data-e-type=\"widget\" data-widget_type=\"heading.default\">\n\t\t\t\t<div class=\"elementor-widget-container\">\n\t\t\t\t\t<h2 class=\"elementor-heading-title elementor-size-default\">B CORP SCORE 86.1<\/h2>\t\t\t\t<\/div>\n\t\t\t\t<\/div>\n\t\t\t\t<div class=\"elementor-element elementor-element-6683b05 elementor-widget elementor-widget-text-editor\" data-id=\"6683b05\" data-element_type=\"widget\" data-e-type=\"widget\" data-widget_type=\"text-editor.default\">\n\t\t\t\t<div class=\"elementor-widget-container\">\n\t\t\t\t\t\t\t\t\t<p><em><strong>URBAN PROOF<\/strong> ist eine Marke von<strong> U+<br><\/strong><\/em><em>Eine zertifizierte B Corporation\u2122.<\/em><\/p>\t\t\t\t\t\t\t\t<\/div>\n\t\t\t\t<\/div>\n\t\t\t\t<\/div>\n\t\t<div class=\"elementor-element elementor-element-bdf34db e-flex e-con-boxed e-con e-parent\" data-id=\"bdf34db\" data-element_type=\"container\" data-e-type=\"container\">\n\t\t\t\t\t<div class=\"e-con-inner\">\n\t\t<div class=\"elementor-element elementor-element-3f310fb e-con-full e-flex e-con e-child\" data-id=\"3f310fb\" data-element_type=\"container\" data-e-type=\"container\">\n\t\t\t\t<div class=\"elementor-element elementor-element-92e2b59 elementor-widget elementor-widget-image\" data-id=\"92e2b59\" data-element_type=\"widget\" data-e-type=\"widget\" data-widget_type=\"image.default\">\n\t\t\t\t<div class=\"elementor-widget-container\">\n\t\t\t\t\t\t\t\t\t\t\t\t\t\t\t<img fetchpriority=\"high\" decoding=\"async\" width=\"1060\" height=\"360\" src=\"https:\/\/urbanproof.nl\/wp-content\/uploads\/2025\/04\/UBP_Web_B-Corp-Elementen-NL.png\" class=\"attachment-full size-full wp-image-2951\" alt=\"\" srcset=\"https:\/\/urbanproof.nl\/wp-content\/uploads\/2025\/04\/UBP_Web_B-Corp-Elementen-NL.png 1060w, https:\/\/urbanproof.nl\/wp-content\/uploads\/2025\/04\/UBP_Web_B-Corp-Elementen-NL-300x102.png 300w, https:\/\/urbanproof.nl\/wp-content\/uploads\/2025\/04\/UBP_Web_B-Corp-Elementen-NL-1024x348.png 1024w, https:\/\/urbanproof.nl\/wp-content\/uploads\/2025\/04\/UBP_Web_B-Corp-Elementen-NL-768x261.png 768w, https:\/\/urbanproof.nl\/wp-content\/uploads\/2025\/04\/UBP_Web_B-Corp-Elementen-NL-600x204.png 600w\" sizes=\"(max-width: 1060px) 100vw, 1060px\" \/>\t\t\t\t\t\t\t\t\t\t\t\t\t\t\t<\/div>\n\t\t\t\t<\/div>\n\t\t\t\t<\/div>\n\t\t<div class=\"elementor-element elementor-element-21a5888 e-con-full e-flex e-con e-child\" data-id=\"21a5888\" data-element_type=\"container\" data-e-type=\"container\">\n\t\t\t\t<div class=\"elementor-element elementor-element-c38fbda elementor-widget elementor-widget-text-editor\" data-id=\"c38fbda\" data-element_type=\"widget\" data-e-type=\"widget\" data-widget_type=\"text-editor.default\">\n\t\t\t\t<div class=\"elementor-widget-container\">\n\t\t\t\t\t\t\t\t\t<p><em><strong>SIND SIE BEREIT, SICH DER REVOLUTION ANZUSCHLIESSEN?  <br><\/strong><\/em>Wir sind stolz darauf, Teil einer Bewegung zu sein, die Erfolg als mehr als nur Profit definiert. Das Unternehmen hinter Urban Proof ist U+. Als Unternehmen ist U+ seit 2022 eine &#8218;Certified B Corporation\u2122&#8216;. Unser Ziel ist es, die Welt zu einem besseren Ort zu machen. B Corp\u2122 ist eine Bewegung, die sich f\u00fcr h\u00f6here Sozial- und Umweltstandards, Transparenz und Verantwortlichkeit in allen Aspekten unseres Gesch\u00e4fts einsetzt. Lassen Sie uns gemeinsam einen Unterschied machen     <\/p>\t\t\t\t\t\t\t\t<\/div>\n\t\t\t\t<\/div>\n\t\t\t\t<\/div>\n\t\t\t\t\t<\/div>\n\t\t\t\t<\/div>\n\t\t<div class=\"elementor-element elementor-element-12f73359 e-con-full e-flex e-con e-parent\" data-id=\"12f73359\" data-element_type=\"container\" data-e-type=\"container\" data-settings=\"{&quot;background_background&quot;:&quot;classic&quot;}\">\n\t\t\t\t<div class=\"elementor-element elementor-element-161aac6f elementor-widget elementor-widget-heading\" data-id=\"161aac6f\" data-element_type=\"widget\" data-e-type=\"widget\" data-widget_type=\"heading.default\">\n\t\t\t\t<div class=\"elementor-widget-container\">\n\t\t\t\t\t<h2 class=\"elementor-heading-title elementor-size-default\">\" FAHREN SIE MIT UNS MIT UND BEWIRKEN SIE ETWAS MIT UNS\n<\/br>. \"<\/h2>\t\t\t\t<\/div>\n\t\t\t\t<\/div>\n\t\t\t\t<\/div>\n\t\t<div class=\"elementor-element elementor-element-32a0900c e-con-full e-flex e-con e-parent\" data-id=\"32a0900c\" data-element_type=\"container\" data-e-type=\"container\" data-settings=\"{&quot;position&quot;:&quot;fixed&quot;,&quot;motion_fx_motion_fx_scrolling&quot;:&quot;yes&quot;,&quot;motion_fx_opacity_effect&quot;:&quot;yes&quot;,&quot;motion_fx_opacity_range&quot;:{&quot;unit&quot;:&quot;%&quot;,&quot;size&quot;:&quot;&quot;,&quot;sizes&quot;:{&quot;start&quot;:27,&quot;end&quot;:31}},&quot;motion_fx_opacity_direction&quot;:&quot;out-in&quot;,&quot;motion_fx_opacity_level&quot;:{&quot;unit&quot;:&quot;px&quot;,&quot;size&quot;:10,&quot;sizes&quot;:[]},&quot;motion_fx_devices&quot;:[&quot;desktop&quot;,&quot;tablet&quot;,&quot;mobile&quot;]}\">\n\t\t\t\t<div class=\"elementor-element elementor-element-4f9df552 elementor-align-right elementor-widget elementor-widget-button\" data-id=\"4f9df552\" data-element_type=\"widget\" data-e-type=\"widget\" data-widget_type=\"button.default\">\n\t\t\t\t<div class=\"elementor-widget-container\">\n\t\t\t\t\t\t\t\t\t<div class=\"elementor-button-wrapper\">\n\t\t\t\t\t<a class=\"elementor-button elementor-button-link elementor-size-sm\" href=\"#top\">\n\t\t\t\t\t\t<span class=\"elementor-button-content-wrapper\">\n\t\t\t\t\t\t<span class=\"elementor-button-icon\">\n\t\t\t\t<svg aria-hidden=\"true\" class=\"e-font-icon-svg e-fas-arrow-up\" viewBox=\"0 0 448 512\" xmlns=\"http:\/\/www.w3.org\/2000\/svg\"><path d=\"M34.9 289.5l-22.2-22.2c-9.4-9.4-9.4-24.6 0-33.9L207 39c9.4-9.4 24.6-9.4 33.9 0l194.3 194.3c9.4 9.4 9.4 24.6 0 33.9L413 289.4c-9.5 9.5-25 9.3-34.3-.4L264 168.6V456c0 13.3-10.7 24-24 24h-32c-13.3 0-24-10.7-24-24V168.6L69.2 289.1c-9.3 9.8-24.8 10-34.3.4z\"><\/path><\/svg>\t\t\t<\/span>\n\t\t\t\t\t\t\t\t<\/span>\n\t\t\t\t\t<\/a>\n\t\t\t\t<\/div>\n\t\t\t\t\t\t\t\t<\/div>\n\t\t\t\t<\/div>\n\t\t\t\t<\/div>\n\t\t\t\t<\/div>\n\t\t","protected":false},"excerpt":{"rendered":"<p>\u201d PROGRESSION IST TEIL DES PROZESSES.\u201d NACHHALTIGKEIT IN BEWEGUNG Fahren Sie mit Stil Fahrrad, ohne Kompromisse bei Qualit\u00e4t und Haltbarkeit einzugehen! Verbessern Sie Ihren Fahrradstil mit unserem Angebot an modernem und langlebigem Fahrradzubeh\u00f6r. Urban Proof bietet Top-Qualit\u00e4t und Stil, damit Sie gut aussehen, egal ob Sie durch die Stadt fahren, zur Arbeit pendeln oder die [&hellip;]<\/p>\n","protected":false},"author":1,"featured_media":0,"parent":0,"menu_order":0,"comment_status":"closed","ping_status":"closed","template":"","meta":{"footnotes":""},"class_list":["post-2946","page","type-page","status-publish","hentry"],"yoast_head":"<!-- This site is optimized with the Yoast SEO plugin v27.1.1 - https:\/\/yoast.com\/product\/yoast-seo-wordpress\/ -->\n<title>Nachhaltigkeit - Urban Proof<\/title>\n<meta name=\"robots\" content=\"index, follow, max-snippet:-1, max-image-preview:large, max-video-preview:-1\" \/>\n<link rel=\"canonical\" href=\"https:\/\/urbanproof.nl\/de\/nachhaltigkeit\/\" \/>\n<meta property=\"og:locale\" content=\"de_DE\" \/>\n<meta property=\"og:type\" content=\"article\" \/>\n<meta property=\"og:title\" content=\"Nachhaltigkeit - Urban Proof\" \/>\n<meta property=\"og:description\" content=\"\u201d PROGRESSION IST TEIL DES PROZESSES.\u201d NACHHALTIGKEIT IN BEWEGUNG Fahren Sie mit Stil Fahrrad, ohne Kompromisse bei Qualit\u00e4t und Haltbarkeit einzugehen! Verbessern Sie Ihren Fahrradstil mit unserem Angebot an modernem und langlebigem Fahrradzubeh\u00f6r. Urban Proof bietet Top-Qualit\u00e4t und Stil, damit Sie gut aussehen, egal ob Sie durch die Stadt fahren, zur Arbeit pendeln oder die [&hellip;]\" \/>\n<meta property=\"og:url\" content=\"https:\/\/urbanproof.nl\/de\/nachhaltigkeit\/\" \/>\n<meta property=\"og:site_name\" content=\"Urban Proof\" \/>\n<meta property=\"article:modified_time\" content=\"2026-03-11T15:03:35+00:00\" \/>\n<meta property=\"og:image\" content=\"https:\/\/urbanproof.nl\/wp-content\/uploads\/2025\/04\/UBP_Web_B-Corp-Elementen-NL.png\" \/>\n<meta name=\"twitter:card\" content=\"summary_large_image\" \/>\n<meta name=\"twitter:label1\" content=\"Gesch\u00e4tzte Lesezeit\" \/>\n\t<meta name=\"twitter:data1\" content=\"2\u00a0Minute\" \/>\n<script type=\"application\/ld+json\" class=\"yoast-schema-graph\">{\"@context\":\"https:\/\/schema.org\",\"@graph\":[{\"@type\":\"WebPage\",\"@id\":\"https:\/\/urbanproof.nl\/de\/nachhaltigkeit\/\",\"url\":\"https:\/\/urbanproof.nl\/de\/nachhaltigkeit\/\",\"name\":\"Nachhaltigkeit - Urban Proof\",\"isPartOf\":{\"@id\":\"https:\/\/urbanproof.nl\/de\/#website\"},\"primaryImageOfPage\":{\"@id\":\"https:\/\/urbanproof.nl\/de\/nachhaltigkeit\/#primaryimage\"},\"image\":{\"@id\":\"https:\/\/urbanproof.nl\/de\/nachhaltigkeit\/#primaryimage\"},\"thumbnailUrl\":\"https:\/\/urbanproof.nl\/wp-content\/uploads\/2025\/04\/UBP_Web_B-Corp-Elementen-NL.png\",\"datePublished\":\"2025-04-08T13:03:23+00:00\",\"dateModified\":\"2026-03-11T15:03:35+00:00\",\"breadcrumb\":{\"@id\":\"https:\/\/urbanproof.nl\/de\/nachhaltigkeit\/#breadcrumb\"},\"inLanguage\":\"de\",\"potentialAction\":[{\"@type\":\"ReadAction\",\"target\":[\"https:\/\/urbanproof.nl\/de\/nachhaltigkeit\/\"]}]},{\"@type\":\"ImageObject\",\"inLanguage\":\"de\",\"@id\":\"https:\/\/urbanproof.nl\/de\/nachhaltigkeit\/#primaryimage\",\"url\":\"https:\/\/urbanproof.nl\/wp-content\/uploads\/2025\/04\/UBP_Web_B-Corp-Elementen-NL.png\",\"contentUrl\":\"https:\/\/urbanproof.nl\/wp-content\/uploads\/2025\/04\/UBP_Web_B-Corp-Elementen-NL.png\"},{\"@type\":\"BreadcrumbList\",\"@id\":\"https:\/\/urbanproof.nl\/de\/nachhaltigkeit\/#breadcrumb\",\"itemListElement\":[{\"@type\":\"ListItem\",\"position\":1,\"name\":\"Startseite\",\"item\":\"https:\/\/urbanproof.nl\/de\/\"},{\"@type\":\"ListItem\",\"position\":2,\"name\":\"Nachhaltigkeit\"}]},{\"@type\":\"WebSite\",\"@id\":\"https:\/\/urbanproof.nl\/de\/#website\",\"url\":\"https:\/\/urbanproof.nl\/de\/\",\"name\":\"Urban Proof\",\"description\":\"Sustainability in Motion\",\"publisher\":{\"@id\":\"https:\/\/urbanproof.nl\/de\/#organization\"},\"potentialAction\":[{\"@type\":\"SearchAction\",\"target\":{\"@type\":\"EntryPoint\",\"urlTemplate\":\"https:\/\/urbanproof.nl\/de\/?s={search_term_string}\"},\"query-input\":{\"@type\":\"PropertyValueSpecification\",\"valueRequired\":true,\"valueName\":\"search_term_string\"}}],\"inLanguage\":\"de\"},{\"@type\":\"Organization\",\"@id\":\"https:\/\/urbanproof.nl\/de\/#organization\",\"name\":\"Urban Proof\",\"url\":\"https:\/\/urbanproof.nl\/de\/\",\"logo\":{\"@type\":\"ImageObject\",\"inLanguage\":\"de\",\"@id\":\"https:\/\/urbanproof.nl\/de\/#\/schema\/logo\/image\/\",\"url\":\"https:\/\/urbanproof.nl\/wp-content\/uploads\/2025\/04\/UBP_Logo_2022_ZWART.svg\",\"contentUrl\":\"https:\/\/urbanproof.nl\/wp-content\/uploads\/2025\/04\/UBP_Logo_2022_ZWART.svg\",\"caption\":\"Urban Proof\"},\"image\":{\"@id\":\"https:\/\/urbanproof.nl\/de\/#\/schema\/logo\/image\/\"},\"sameAs\":[\"https:\/\/www.instagram.com\/urbanproof_sustainable\/\",\"https:\/\/www.linkedin.com\/company\/urban-proof\"]}]}<\/script>\n<!-- \/ Yoast SEO plugin. -->","yoast_head_json":{"title":"Nachhaltigkeit - Urban Proof","robots":{"index":"index","follow":"follow","max-snippet":"max-snippet:-1","max-image-preview":"max-image-preview:large","max-video-preview":"max-video-preview:-1"},"canonical":"https:\/\/urbanproof.nl\/de\/nachhaltigkeit\/","og_locale":"de_DE","og_type":"article","og_title":"Nachhaltigkeit - Urban Proof","og_description":"\u201d PROGRESSION IST TEIL DES PROZESSES.\u201d NACHHALTIGKEIT IN BEWEGUNG Fahren Sie mit Stil Fahrrad, ohne Kompromisse bei Qualit\u00e4t und Haltbarkeit einzugehen! Verbessern Sie Ihren Fahrradstil mit unserem Angebot an modernem und langlebigem Fahrradzubeh\u00f6r. Urban Proof bietet Top-Qualit\u00e4t und Stil, damit Sie gut aussehen, egal ob Sie durch die Stadt fahren, zur Arbeit pendeln oder die [&hellip;]","og_url":"https:\/\/urbanproof.nl\/de\/nachhaltigkeit\/","og_site_name":"Urban Proof","article_modified_time":"2026-03-11T15:03:35+00:00","og_image":[{"url":"https:\/\/urbanproof.nl\/wp-content\/uploads\/2025\/04\/UBP_Web_B-Corp-Elementen-NL.png","type":"","width":"","height":""}],"twitter_card":"summary_large_image","twitter_misc":{"Gesch\u00e4tzte Lesezeit":"2\u00a0Minute"},"schema":{"@context":"https:\/\/schema.org","@graph":[{"@type":"WebPage","@id":"https:\/\/urbanproof.nl\/de\/nachhaltigkeit\/","url":"https:\/\/urbanproof.nl\/de\/nachhaltigkeit\/","name":"Nachhaltigkeit - Urban Proof","isPartOf":{"@id":"https:\/\/urbanproof.nl\/de\/#website"},"primaryImageOfPage":{"@id":"https:\/\/urbanproof.nl\/de\/nachhaltigkeit\/#primaryimage"},"image":{"@id":"https:\/\/urbanproof.nl\/de\/nachhaltigkeit\/#primaryimage"},"thumbnailUrl":"https:\/\/urbanproof.nl\/wp-content\/uploads\/2025\/04\/UBP_Web_B-Corp-Elementen-NL.png","datePublished":"2025-04-08T13:03:23+00:00","dateModified":"2026-03-11T15:03:35+00:00","breadcrumb":{"@id":"https:\/\/urbanproof.nl\/de\/nachhaltigkeit\/#breadcrumb"},"inLanguage":"de","potentialAction":[{"@type":"ReadAction","target":["https:\/\/urbanproof.nl\/de\/nachhaltigkeit\/"]}]},{"@type":"ImageObject","inLanguage":"de","@id":"https:\/\/urbanproof.nl\/de\/nachhaltigkeit\/#primaryimage","url":"https:\/\/urbanproof.nl\/wp-content\/uploads\/2025\/04\/UBP_Web_B-Corp-Elementen-NL.png","contentUrl":"https:\/\/urbanproof.nl\/wp-content\/uploads\/2025\/04\/UBP_Web_B-Corp-Elementen-NL.png"},{"@type":"BreadcrumbList","@id":"https:\/\/urbanproof.nl\/de\/nachhaltigkeit\/#breadcrumb","itemListElement":[{"@type":"ListItem","position":1,"name":"Startseite","item":"https:\/\/urbanproof.nl\/de\/"},{"@type":"ListItem","position":2,"name":"Nachhaltigkeit"}]},{"@type":"WebSite","@id":"https:\/\/urbanproof.nl\/de\/#website","url":"https:\/\/urbanproof.nl\/de\/","name":"Urban Proof","description":"Sustainability in Motion","publisher":{"@id":"https:\/\/urbanproof.nl\/de\/#organization"},"potentialAction":[{"@type":"SearchAction","target":{"@type":"EntryPoint","urlTemplate":"https:\/\/urbanproof.nl\/de\/?s={search_term_string}"},"query-input":{"@type":"PropertyValueSpecification","valueRequired":true,"valueName":"search_term_string"}}],"inLanguage":"de"},{"@type":"Organization","@id":"https:\/\/urbanproof.nl\/de\/#organization","name":"Urban Proof","url":"https:\/\/urbanproof.nl\/de\/","logo":{"@type":"ImageObject","inLanguage":"de","@id":"https:\/\/urbanproof.nl\/de\/#\/schema\/logo\/image\/","url":"https:\/\/urbanproof.nl\/wp-content\/uploads\/2025\/04\/UBP_Logo_2022_ZWART.svg","contentUrl":"https:\/\/urbanproof.nl\/wp-content\/uploads\/2025\/04\/UBP_Logo_2022_ZWART.svg","caption":"Urban Proof"},"image":{"@id":"https:\/\/urbanproof.nl\/de\/#\/schema\/logo\/image\/"},"sameAs":["https:\/\/www.instagram.com\/urbanproof_sustainable\/","https:\/\/www.linkedin.com\/company\/urban-proof"]}]}},"_links":{"self":[{"href":"https:\/\/urbanproof.nl\/de\/wp-json\/wp\/v2\/pages\/2946","targetHints":{"allow":["GET"]}}],"collection":[{"href":"https:\/\/urbanproof.nl\/de\/wp-json\/wp\/v2\/pages"}],"about":[{"href":"https:\/\/urbanproof.nl\/de\/wp-json\/wp\/v2\/types\/page"}],"author":[{"embeddable":true,"href":"https:\/\/urbanproof.nl\/de\/wp-json\/wp\/v2\/users\/1"}],"replies":[{"embeddable":true,"href":"https:\/\/urbanproof.nl\/de\/wp-json\/wp\/v2\/comments?post=2946"}],"version-history":[{"count":4,"href":"https:\/\/urbanproof.nl\/de\/wp-json\/wp\/v2\/pages\/2946\/revisions"}],"predecessor-version":[{"id":8619,"href":"https:\/\/urbanproof.nl\/de\/wp-json\/wp\/v2\/pages\/2946\/revisions\/8619"}],"wp:attachment":[{"href":"https:\/\/urbanproof.nl\/de\/wp-json\/wp\/v2\/media?parent=2946"}],"curies":[{"name":"wp","href":"https:\/\/api.w.org\/{rel}","templated":true}]}}